{"id":1430,"date":"2025-07-14T21:53:07","date_gmt":"2025-07-14T19:53:07","guid":{"rendered":"https:\/\/penzkultura.eletbiztositasicsucstalalkozo.hu\/?page_id=1430"},"modified":"2025-10-14T15:38:35","modified_gmt":"2025-10-14T13:38:35","slug":"jim-ruta","status":"publish","type":"page","link":"https:\/\/penzkultura.eletbiztositasicsucstalalkozo.hu\/en\/jim-ruta\/","title":{"rendered":"Jim Ruta"},"content":{"rendered":"<div data-elementor-type=\"wp-page\" data-elementor-id=\"1430\" class=\"elementor elementor-1430\" data-elementor-post-type=\"page\">\n\t\t\t\t<div class=\"elementor-element elementor-element-5b2e6a5 e-flex e-con-boxed e-con e-parent\" data-id=\"5b2e6a5\" data-element_type=\"container\">\n\t\t\t\t\t<div class=\"e-con-inner\">\n\t\t<div class=\"elementor-element elementor-element-09e7292 e-con-full e-flex e-con e-child\" data-id=\"09e7292\" data-element_type=\"container\" data-settings=\"{&quot;background_background&quot;:&quot;classic&quot;}\">\n\t\t\t\t<div class=\"elementor-element elementor-element-d1bb150 elementor-widget elementor-widget-image\" data-id=\"d1bb150\" data-element_type=\"widget\" data-widget_type=\"image.default\">\n\t\t\t\t<div class=\"elementor-widget-container\">\n\t\t\t\t\t\t\t\t\t\t\t\t\t\t\t<img fetchpriority=\"high\" decoding=\"async\" width=\"480\" height=\"580\" src=\"https:\/\/penzkultura.eletbiztositasicsucstalalkozo.hu\/wp-content\/uploads\/2025\/10\/Jim-Ruta-1.png\" class=\"attachment-large size-large wp-image-4589\" alt=\"\" srcset=\"https:\/\/penzkultura.eletbiztositasicsucstalalkozo.hu\/wp-content\/uploads\/2025\/10\/Jim-Ruta-1.png 480w, https:\/\/penzkultura.eletbiztositasicsucstalalkozo.hu\/wp-content\/uploads\/2025\/10\/Jim-Ruta-1-10x12.png 10w\" sizes=\"(max-width: 480px) 100vw, 480px\" \/>\t\t\t\t\t\t\t\t\t\t\t\t\t\t\t<\/div>\n\t\t\t\t<\/div>\n\t\t<div class=\"elementor-element elementor-element-369ccdd e-con-full e-flex e-con e-child\" data-id=\"369ccdd\" data-element_type=\"container\">\n\t\t\t\t<div class=\"elementor-element elementor-element-95d1afc elementor-widget elementor-widget-heading\" data-id=\"95d1afc\" data-element_type=\"widget\" data-widget_type=\"heading.default\">\n\t\t\t\t<div class=\"elementor-widget-container\">\n\t\t\t\t\t<h2 class=\"elementor-heading-title elementor-size-default\">Jim Ruta <\/h2>\t\t\t\t<\/div>\n\t\t\t\t<\/div>\n\t\t\t\t<div class=\"elementor-element elementor-element-e742c66 elementor-widget elementor-widget-text-editor\" data-id=\"e742c66\" data-element_type=\"widget\" data-widget_type=\"text-editor.default\">\n\t\t\t\t<div class=\"elementor-widget-container\">\n\t\t\t\t\t\t\t\t\t<p>Jim Ruta is a prominent leader in the life insurance sector, recognized for his consistent commitment to advancing the profession. Having worked for Canada's largest life insurance agencies as an agent and later as a senior manager, he has unparalleled experience both inside and outside the industry.<br \/>He is an MDRT Partner and a sought-after speaker. Jim is the author of four books and a recognized publicist within the life insurance community. He has provided strategies and coaching to some of the world\u2019s most accomplished advisors, including Van Mueller, George Sigurdson, Mark Halpern, and Marc Silverman. Additionally, Jim is actively involved with the MDRT Academy and the Field Leadership Center.<\/p><p>He is the founder of the virtual Life Insurance Selling School, where he brings together the experiences and best practices of globally recognized life insurance and financial advisors to make the tools needed for excellence available to both emerging and experienced professionals.<\/p><p><strong>Further background<\/strong><br \/>Qualified private pilot, most proficient in flying Cessna 152 and 172 aircraft<br \/>\uf0b7 Classically trained violinist, former concertmaster of the Greater Winnipeg Schools Senior Symphony Orchestra, and member of the Royal Conservatory of Music<br \/>\uf0b7 Competitive water skier, proficient in slalom, trick and jumping events<br \/>\uf0b7 Former high school track and field athlete, specializing in the 400-yard dash and pole vault<br \/>\uf0b7 Sold over 100 life insurance policies in its first year<br \/>\uf0b7 Creator and host of \u201cRuta\u2019s Rules,\u201d one of the most popular shows on Canada\u2019s IE-TV online television service, Jim Ruta is a professional who strives for excellence in all areas, and his impressive career has left a lasting impact on lives both in the industry and beyond.<\/p><p>Jim is clearly the \u201cheart\u201d among the grandmasters! He sees with his heart and speaks with his heart (or at least from his heart). Among other things, he teaches you how to love your customer well so that the sales process goes smoothly! Jim is the co-founder of the Canada Sales Congress, the patron, supporter and co-producer of the Budapest Life Insurance Summit, and the creator of the collaboration between these two prestigious event series. He has one of the largest individual sales achievements in Canada in recent decades. He is a recognized consultant in his home country, a speaker celebrated with standing ovations on world stages, a motivator, mentor and coach.<br \/>It was first heard in Hungary in April this year, when, within the framework of a highly successful exclusive workshop organized by the Money Culture Foundation, it officially announced the anniversary date of the 7th Budapest Life Insurance Summit in October.<br \/>Jim is one of the keynote speakers at the Congress, and in his workshop the next day he will expand on the topic of so-called multi-line selling, benefiting those colleagues who also count on composite cross-selling opportunities in their life insurance sales strategy!\u00a0<\/p><p>Jim's highly successful book, \"The Congress\", will be published in Hungarian, and the author will sign it on site. \u2013 the first Hungarian edition is only available to Congress participants \u2013<\/p>\t\t\t\t\t\t\t\t<\/div>\n\t\t\t\t<\/div>\n\t\t\t\t<\/div>\n\t\t\t\t<\/div>\n\t\t\t\t\t<\/div>\n\t\t\t\t<\/div>\n\t\t<div class=\"elementor-element elementor-element-37b9652 e-flex e-con-boxed e-con e-parent\" data-id=\"37b9652\" data-element_type=\"container\">\n\t\t\t\t\t<div class=\"e-con-inner\">\n\t\t\t\t<div class=\"elementor-element elementor-element-3db1cfc elementor-widget elementor-widget-video\" data-id=\"3db1cfc\" data-element_type=\"widget\" data-settings=\"{&quot;youtube_url&quot;:&quot;https:\\\/\\\/youtu.be\\\/RBZpt0X7mBc&quot;,&quot;autoplay&quot;:&quot;yes&quot;,&quot;play_on_mobile&quot;:&quot;yes&quot;,&quot;loop&quot;:&quot;yes&quot;,&quot;video_type&quot;:&quot;youtube&quot;,&quot;controls&quot;:&quot;yes&quot;}\" data-widget_type=\"video.default\">\n\t\t\t\t<div class=\"elementor-widget-container\">\n\t\t\t\t\t\t\t<div class=\"elementor-wrapper elementor-open-inline\">\n\t\t\t<div class=\"elementor-video\"><\/div>\t\t<\/div>\n\t\t\t\t\t\t<\/div>\n\t\t\t\t<\/div>\n\t\t\t\t\t<\/div>\n\t\t\t\t<\/div>\n\t\t\t\t<\/div>","protected":false},"excerpt":{"rendered":"<p>Jim Ruta Jim Ruta a life insurance szektor kiemelked\u0151 vezet\u0151je, akit elismernek a szakma el\u0151mozd\u00edt\u00e1s\u00e1\u00e9rt v\u00e9gzett k\u00f6vetkezetes elk\u00f6telezetts\u00e9ge miatt. Kanada legnagyobb \u00e9letbiztos\u00edt\u00f3 \u00fcgyn\u00f6ks\u00e9geinek dolgozott \u00fcgyn\u00f6kk\u00e9nt k\u00e9s\u0151bb vezet\u0151 menedzserk\u00e9nt, \u00edgy p\u00e1ratlan tapasztalattal rendelkezik az ipar\u00e1gon bel\u00fcl \u00e9s k\u00edv\u00fcl egyar\u00e1nt.Az MDRT partnere, \u00e9s keresett el\u0151ad\u00f3ja. Jim n\u00e9gy k\u00f6nyv szerz\u0151je \u00e9s elismert publicista az \u00e9letbiztos\u00edt\u00e1si k\u00f6z\u00f6ss\u00e9gen bel\u00fcl. Strat\u00e9gi\u00e1kat [&hellip;]<\/p>","protected":false},"author":1,"featured_media":0,"parent":0,"menu_order":0,"comment_status":"closed","ping_status":"closed","template":"elementor_canvas","meta":{"footnotes":""},"class_list":["post-1430","page","type-page","status-publish","hentry"],"yoast_head":"<!-- This site is optimized with the Yoast SEO plugin v25.7 - https:\/\/yoast.com\/wordpress\/plugins\/seo\/ -->\n<title>Jim Ruta - P\u00e9nzKult\u00fara Alap\u00edtv\u00e1ny Budapesti \u00c9letbiztos\u00edt\u00e1si Cs\u00facstal\u00e1lkoz\u00f3<\/title>\n<meta name=\"robots\" content=\"index, follow, max-snippet:-1, max-image-preview:large, max-video-preview:-1\" \/>\n<link rel=\"canonical\" href=\"https:\/\/penzkultura.eletbiztositasicsucstalalkozo.hu\/en\/jim-ruta\/\" \/>\n<meta property=\"og:locale\" content=\"en_GB\" \/>\n<meta property=\"og:type\" content=\"article\" \/>\n<meta property=\"og:title\" content=\"Jim Ruta - P\u00e9nzKult\u00fara Alap\u00edtv\u00e1ny Budapesti \u00c9letbiztos\u00edt\u00e1si Cs\u00facstal\u00e1lkoz\u00f3\" \/>\n<meta property=\"og:description\" content=\"Jim Ruta Jim Ruta a life insurance szektor kiemelked\u0151 vezet\u0151je, akit elismernek a szakma el\u0151mozd\u00edt\u00e1s\u00e1\u00e9rt v\u00e9gzett k\u00f6vetkezetes elk\u00f6telezetts\u00e9ge miatt. Kanada legnagyobb \u00e9letbiztos\u00edt\u00f3 \u00fcgyn\u00f6ks\u00e9geinek dolgozott \u00fcgyn\u00f6kk\u00e9nt k\u00e9s\u0151bb vezet\u0151 menedzserk\u00e9nt, \u00edgy p\u00e1ratlan tapasztalattal rendelkezik az ipar\u00e1gon bel\u00fcl \u00e9s k\u00edv\u00fcl egyar\u00e1nt.Az MDRT partnere, \u00e9s keresett el\u0151ad\u00f3ja. Jim n\u00e9gy k\u00f6nyv szerz\u0151je \u00e9s elismert publicista az \u00e9letbiztos\u00edt\u00e1si k\u00f6z\u00f6ss\u00e9gen bel\u00fcl. Strat\u00e9gi\u00e1kat [&hellip;]\" \/>\n<meta property=\"og:url\" content=\"https:\/\/penzkultura.eletbiztositasicsucstalalkozo.hu\/en\/jim-ruta\/\" \/>\n<meta property=\"og:site_name\" content=\"P\u00e9nzKult\u00fara Alap\u00edtv\u00e1ny Budapesti \u00c9letbiztos\u00edt\u00e1si Cs\u00facstal\u00e1lkoz\u00f3\" \/>\n<meta property=\"article:modified_time\" content=\"2025-10-14T13:38:35+00:00\" \/>\n<meta property=\"og:image\" content=\"https:\/\/penzkultura.eletbiztositasicsucstalalkozo.hu\/wp-content\/uploads\/2025\/10\/Jim-Ruta-1.png\" \/>\n<meta name=\"twitter:card\" content=\"summary_large_image\" \/>\n<meta name=\"twitter:label1\" content=\"Estimated reading time\" \/>\n\t<meta name=\"twitter:data1\" content=\"3 minutes\" \/>\n<script type=\"application\/ld+json\" class=\"yoast-schema-graph\">{\"@context\":\"https:\/\/schema.org\",\"@graph\":[{\"@type\":\"WebPage\",\"@id\":\"https:\/\/penzkultura.eletbiztositasicsucstalalkozo.hu\/jim-ruta\/\",\"url\":\"https:\/\/penzkultura.eletbiztositasicsucstalalkozo.hu\/jim-ruta\/\",\"name\":\"Jim Ruta - P\u00e9nzKult\u00fara Alap\u00edtv\u00e1ny Budapesti \u00c9letbiztos\u00edt\u00e1si Cs\u00facstal\u00e1lkoz\u00f3\",\"isPartOf\":{\"@id\":\"https:\/\/penzkultura.eletbiztositasicsucstalalkozo.hu\/#website\"},\"primaryImageOfPage\":{\"@id\":\"https:\/\/penzkultura.eletbiztositasicsucstalalkozo.hu\/jim-ruta\/#primaryimage\"},\"image\":{\"@id\":\"https:\/\/penzkultura.eletbiztositasicsucstalalkozo.hu\/jim-ruta\/#primaryimage\"},\"thumbnailUrl\":\"https:\/\/penzkultura.eletbiztositasicsucstalalkozo.hu\/wp-content\/uploads\/2025\/10\/Jim-Ruta-1.png\",\"datePublished\":\"2025-07-14T19:53:07+00:00\",\"dateModified\":\"2025-10-14T13:38:35+00:00\",\"breadcrumb\":{\"@id\":\"https:\/\/penzkultura.eletbiztositasicsucstalalkozo.hu\/jim-ruta\/#breadcrumb\"},\"inLanguage\":\"en-GB\",\"potentialAction\":[{\"@type\":\"ReadAction\",\"target\":[\"https:\/\/penzkultura.eletbiztositasicsucstalalkozo.hu\/jim-ruta\/\"]}]},{\"@type\":\"ImageObject\",\"inLanguage\":\"en-GB\",\"@id\":\"https:\/\/penzkultura.eletbiztositasicsucstalalkozo.hu\/jim-ruta\/#primaryimage\",\"url\":\"https:\/\/penzkultura.eletbiztositasicsucstalalkozo.hu\/wp-content\/uploads\/2025\/10\/Jim-Ruta-1.png\",\"contentUrl\":\"https:\/\/penzkultura.eletbiztositasicsucstalalkozo.hu\/wp-content\/uploads\/2025\/10\/Jim-Ruta-1.png\"},{\"@type\":\"BreadcrumbList\",\"@id\":\"https:\/\/penzkultura.eletbiztositasicsucstalalkozo.hu\/jim-ruta\/#breadcrumb\",\"itemListElement\":[{\"@type\":\"ListItem\",\"position\":1,\"name\":\"Kezd\u0151lap\",\"item\":\"https:\/\/penzkultura.eletbiztositasicsucstalalkozo.hu\/\"},{\"@type\":\"ListItem\",\"position\":2,\"name\":\"Jim Ruta\"}]},{\"@type\":\"WebSite\",\"@id\":\"https:\/\/penzkultura.eletbiztositasicsucstalalkozo.hu\/#website\",\"url\":\"https:\/\/penzkultura.eletbiztositasicsucstalalkozo.hu\/\",\"name\":\"P\u00e9nzKult\u00fara Alap\u00edtv\u00e1ny Budapesti \u00c9letbiztos\u00edt\u00e1si Cs\u00facstal\u00e1lkoz\u00f3\",\"description\":\"VII. Budapesti \u00c9letbiztos\u00edt\u00e1si Cs\u00facstal\u00e1lkoz\u00f3 - Balatonf\u00fcred\",\"publisher\":{\"@id\":\"https:\/\/penzkultura.eletbiztositasicsucstalalkozo.hu\/#organization\"},\"potentialAction\":[{\"@type\":\"SearchAction\",\"target\":{\"@type\":\"EntryPoint\",\"urlTemplate\":\"https:\/\/penzkultura.eletbiztositasicsucstalalkozo.hu\/?s={search_term_string}\"},\"query-input\":{\"@type\":\"PropertyValueSpecification\",\"valueRequired\":true,\"valueName\":\"search_term_string\"}}],\"inLanguage\":\"en-GB\"},{\"@type\":\"Organization\",\"@id\":\"https:\/\/penzkultura.eletbiztositasicsucstalalkozo.hu\/#organization\",\"name\":\"P\u00e9nzKult\u00fara Alap\u00edtv\u00e1ny Budapesti \u00c9letbiztos\u00edt\u00e1si Cs\u00facstal\u00e1lkoz\u00f3\",\"url\":\"https:\/\/penzkultura.eletbiztositasicsucstalalkozo.hu\/\",\"logo\":{\"@type\":\"ImageObject\",\"inLanguage\":\"en-GB\",\"@id\":\"https:\/\/penzkultura.eletbiztositasicsucstalalkozo.hu\/#\/schema\/logo\/image\/\",\"url\":\"https:\/\/penzkultura.eletbiztositasicsucstalalkozo.hu\/wp-content\/uploads\/2025\/07\/BECs.png\",\"contentUrl\":\"https:\/\/penzkultura.eletbiztositasicsucstalalkozo.hu\/wp-content\/uploads\/2025\/07\/BECs.png\",\"width\":1406,\"height\":656,\"caption\":\"P\u00e9nzKult\u00fara Alap\u00edtv\u00e1ny Budapesti \u00c9letbiztos\u00edt\u00e1si Cs\u00facstal\u00e1lkoz\u00f3\"},\"image\":{\"@id\":\"https:\/\/penzkultura.eletbiztositasicsucstalalkozo.hu\/#\/schema\/logo\/image\/\"}}]}<\/script>\n<!-- \/ Yoast SEO plugin. -->","yoast_head_json":{"title":"Jim Ruta - P\u00e9nzKult\u00fara Alap\u00edtv\u00e1ny Budapesti \u00c9letbiztos\u00edt\u00e1si Cs\u00facstal\u00e1lkoz\u00f3","robots":{"index":"index","follow":"follow","max-snippet":"max-snippet:-1","max-image-preview":"max-image-preview:large","max-video-preview":"max-video-preview:-1"},"canonical":"https:\/\/penzkultura.eletbiztositasicsucstalalkozo.hu\/en\/jim-ruta\/","og_locale":"en_GB","og_type":"article","og_title":"Jim Ruta - P\u00e9nzKult\u00fara Alap\u00edtv\u00e1ny Budapesti \u00c9letbiztos\u00edt\u00e1si Cs\u00facstal\u00e1lkoz\u00f3","og_description":"Jim Ruta Jim Ruta a life insurance szektor kiemelked\u0151 vezet\u0151je, akit elismernek a szakma el\u0151mozd\u00edt\u00e1s\u00e1\u00e9rt v\u00e9gzett k\u00f6vetkezetes elk\u00f6telezetts\u00e9ge miatt. Kanada legnagyobb \u00e9letbiztos\u00edt\u00f3 \u00fcgyn\u00f6ks\u00e9geinek dolgozott \u00fcgyn\u00f6kk\u00e9nt k\u00e9s\u0151bb vezet\u0151 menedzserk\u00e9nt, \u00edgy p\u00e1ratlan tapasztalattal rendelkezik az ipar\u00e1gon bel\u00fcl \u00e9s k\u00edv\u00fcl egyar\u00e1nt.Az MDRT partnere, \u00e9s keresett el\u0151ad\u00f3ja. Jim n\u00e9gy k\u00f6nyv szerz\u0151je \u00e9s elismert publicista az \u00e9letbiztos\u00edt\u00e1si k\u00f6z\u00f6ss\u00e9gen bel\u00fcl. Strat\u00e9gi\u00e1kat [&hellip;]","og_url":"https:\/\/penzkultura.eletbiztositasicsucstalalkozo.hu\/en\/jim-ruta\/","og_site_name":"P\u00e9nzKult\u00fara Alap\u00edtv\u00e1ny Budapesti \u00c9letbiztos\u00edt\u00e1si Cs\u00facstal\u00e1lkoz\u00f3","article_modified_time":"2025-10-14T13:38:35+00:00","og_image":[{"url":"https:\/\/penzkultura.eletbiztositasicsucstalalkozo.hu\/wp-content\/uploads\/2025\/10\/Jim-Ruta-1.png","type":"","width":"","height":""}],"twitter_card":"summary_large_image","twitter_misc":{"Estimated reading time":"3 minutes"},"schema":{"@context":"https:\/\/schema.org","@graph":[{"@type":"WebPage","@id":"https:\/\/penzkultura.eletbiztositasicsucstalalkozo.hu\/jim-ruta\/","url":"https:\/\/penzkultura.eletbiztositasicsucstalalkozo.hu\/jim-ruta\/","name":"Jim Ruta - P\u00e9nzKult\u00fara Alap\u00edtv\u00e1ny Budapesti \u00c9letbiztos\u00edt\u00e1si Cs\u00facstal\u00e1lkoz\u00f3","isPartOf":{"@id":"https:\/\/penzkultura.eletbiztositasicsucstalalkozo.hu\/#website"},"primaryImageOfPage":{"@id":"https:\/\/penzkultura.eletbiztositasicsucstalalkozo.hu\/jim-ruta\/#primaryimage"},"image":{"@id":"https:\/\/penzkultura.eletbiztositasicsucstalalkozo.hu\/jim-ruta\/#primaryimage"},"thumbnailUrl":"https:\/\/penzkultura.eletbiztositasicsucstalalkozo.hu\/wp-content\/uploads\/2025\/10\/Jim-Ruta-1.png","datePublished":"2025-07-14T19:53:07+00:00","dateModified":"2025-10-14T13:38:35+00:00","breadcrumb":{"@id":"https:\/\/penzkultura.eletbiztositasicsucstalalkozo.hu\/jim-ruta\/#breadcrumb"},"inLanguage":"en-GB","potentialAction":[{"@type":"ReadAction","target":["https:\/\/penzkultura.eletbiztositasicsucstalalkozo.hu\/jim-ruta\/"]}]},{"@type":"ImageObject","inLanguage":"en-GB","@id":"https:\/\/penzkultura.eletbiztositasicsucstalalkozo.hu\/jim-ruta\/#primaryimage","url":"https:\/\/penzkultura.eletbiztositasicsucstalalkozo.hu\/wp-content\/uploads\/2025\/10\/Jim-Ruta-1.png","contentUrl":"https:\/\/penzkultura.eletbiztositasicsucstalalkozo.hu\/wp-content\/uploads\/2025\/10\/Jim-Ruta-1.png"},{"@type":"BreadcrumbList","@id":"https:\/\/penzkultura.eletbiztositasicsucstalalkozo.hu\/jim-ruta\/#breadcrumb","itemListElement":[{"@type":"ListItem","position":1,"name":"Kezd\u0151lap","item":"https:\/\/penzkultura.eletbiztositasicsucstalalkozo.hu\/"},{"@type":"ListItem","position":2,"name":"Jim Ruta"}]},{"@type":"WebSite","@id":"https:\/\/penzkultura.eletbiztositasicsucstalalkozo.hu\/#website","url":"https:\/\/penzkultura.eletbiztositasicsucstalalkozo.hu\/","name":"P\u00e9nzKult\u00fara Alap\u00edtv\u00e1ny Budapesti \u00c9letbiztos\u00edt\u00e1si Cs\u00facstal\u00e1lkoz\u00f3","description":"VII. Budapesti \u00c9letbiztos\u00edt\u00e1si Cs\u00facstal\u00e1lkoz\u00f3 - Balatonf\u00fcred","publisher":{"@id":"https:\/\/penzkultura.eletbiztositasicsucstalalkozo.hu\/#organization"},"potentialAction":[{"@type":"SearchAction","target":{"@type":"EntryPoint","urlTemplate":"https:\/\/penzkultura.eletbiztositasicsucstalalkozo.hu\/?s={search_term_string}"},"query-input":{"@type":"PropertyValueSpecification","valueRequired":true,"valueName":"search_term_string"}}],"inLanguage":"en-GB"},{"@type":"Organization","@id":"https:\/\/penzkultura.eletbiztositasicsucstalalkozo.hu\/#organization","name":"P\u00e9nzKult\u00fara Alap\u00edtv\u00e1ny Budapesti \u00c9letbiztos\u00edt\u00e1si Cs\u00facstal\u00e1lkoz\u00f3","url":"https:\/\/penzkultura.eletbiztositasicsucstalalkozo.hu\/","logo":{"@type":"ImageObject","inLanguage":"en-GB","@id":"https:\/\/penzkultura.eletbiztositasicsucstalalkozo.hu\/#\/schema\/logo\/image\/","url":"https:\/\/penzkultura.eletbiztositasicsucstalalkozo.hu\/wp-content\/uploads\/2025\/07\/BECs.png","contentUrl":"https:\/\/penzkultura.eletbiztositasicsucstalalkozo.hu\/wp-content\/uploads\/2025\/07\/BECs.png","width":1406,"height":656,"caption":"P\u00e9nzKult\u00fara Alap\u00edtv\u00e1ny Budapesti \u00c9letbiztos\u00edt\u00e1si Cs\u00facstal\u00e1lkoz\u00f3"},"image":{"@id":"https:\/\/penzkultura.eletbiztositasicsucstalalkozo.hu\/#\/schema\/logo\/image\/"}}]}},"_links":{"self":[{"href":"https:\/\/penzkultura.eletbiztositasicsucstalalkozo.hu\/en\/wp-json\/wp\/v2\/pages\/1430","targetHints":{"allow":["GET"]}}],"collection":[{"href":"https:\/\/penzkultura.eletbiztositasicsucstalalkozo.hu\/en\/wp-json\/wp\/v2\/pages"}],"about":[{"href":"https:\/\/penzkultura.eletbiztositasicsucstalalkozo.hu\/en\/wp-json\/wp\/v2\/types\/page"}],"author":[{"embeddable":true,"href":"https:\/\/penzkultura.eletbiztositasicsucstalalkozo.hu\/en\/wp-json\/wp\/v2\/users\/1"}],"replies":[{"embeddable":true,"href":"https:\/\/penzkultura.eletbiztositasicsucstalalkozo.hu\/en\/wp-json\/wp\/v2\/comments?post=1430"}],"version-history":[{"count":31,"href":"https:\/\/penzkultura.eletbiztositasicsucstalalkozo.hu\/en\/wp-json\/wp\/v2\/pages\/1430\/revisions"}],"predecessor-version":[{"id":4595,"href":"https:\/\/penzkultura.eletbiztositasicsucstalalkozo.hu\/en\/wp-json\/wp\/v2\/pages\/1430\/revisions\/4595"}],"wp:attachment":[{"href":"https:\/\/penzkultura.eletbiztositasicsucstalalkozo.hu\/en\/wp-json\/wp\/v2\/media?parent=1430"}],"curies":[{"name":"wp","href":"https:\/\/api.w.org\/{rel}","templated":true}]}}