{"id":1553,"date":"2025-07-15T09:25:48","date_gmt":"2025-07-15T07:25:48","guid":{"rendered":"https:\/\/penzkultura.eletbiztositasicsucstalalkozo.hu\/?page_id=1553"},"modified":"2025-08-27T11:43:21","modified_gmt":"2025-08-27T09:43:21","slug":"svetlana-plitin","status":"publish","type":"page","link":"https:\/\/penzkultura.eletbiztositasicsucstalalkozo.hu\/en\/svetlana-plitin\/","title":{"rendered":"Svetlana Plitin"},"content":{"rendered":"<div data-elementor-type=\"wp-page\" data-elementor-id=\"1553\" class=\"elementor elementor-1553\" data-elementor-post-type=\"page\">\n\t\t\t\t<div class=\"elementor-element elementor-element-337825d e-flex e-con-boxed e-con e-parent\" data-id=\"337825d\" data-element_type=\"container\">\n\t\t\t\t\t<div class=\"e-con-inner\">\n\t\t<div class=\"elementor-element elementor-element-f34176b e-con-full e-flex e-con e-child\" data-id=\"f34176b\" data-element_type=\"container\" data-settings=\"{&quot;background_background&quot;:&quot;classic&quot;}\">\n\t\t\t\t<div class=\"elementor-element elementor-element-ddca883 elementor-widget elementor-widget-image\" data-id=\"ddca883\" data-element_type=\"widget\" data-widget_type=\"image.default\">\n\t\t\t\t<div class=\"elementor-widget-container\">\n\t\t\t\t\t\t\t\t\t\t\t\t\t\t\t<img fetchpriority=\"high\" decoding=\"async\" width=\"480\" height=\"580\" src=\"https:\/\/penzkultura.eletbiztositasicsucstalalkozo.hu\/wp-content\/uploads\/2025\/07\/Svetlana-Plitin-1.jpg\" class=\"attachment-large size-large wp-image-906\" alt=\"\" \/>\t\t\t\t\t\t\t\t\t\t\t\t\t\t\t<\/div>\n\t\t\t\t<\/div>\n\t\t<div class=\"elementor-element elementor-element-52ac82f e-con-full e-flex e-con e-child\" data-id=\"52ac82f\" data-element_type=\"container\">\n\t\t\t\t<div class=\"elementor-element elementor-element-a960144 elementor-widget elementor-widget-heading\" data-id=\"a960144\" data-element_type=\"widget\" data-widget_type=\"heading.default\">\n\t\t\t\t<div class=\"elementor-widget-container\">\n\t\t\t\t\t<h2 class=\"elementor-heading-title elementor-size-default\">Svetlana Plitin<\/h2>\t\t\t\t<\/div>\n\t\t\t\t<\/div>\n\t\t\t\t<div class=\"elementor-element elementor-element-1cba05c elementor-widget elementor-widget-text-editor\" data-id=\"1cba05c\" data-element_type=\"widget\" data-widget_type=\"text-editor.default\">\n\t\t\t\t<div class=\"elementor-widget-container\">\n\t\t\t\t\t\t\t\t\t<p>An exceptionally talented young colleague discovered in recent years. Her pragmatic, reasonable, logical deductions have also earned Tony Gordon's recognition. Svetlana is passionate about her profession. Three weeks after the birth of her little girl, she was already on stage and obtained her latest TOT certification. She focuses her attention on the most successful MDRT colleagues, synthesizes their experiences with excellent talent, and is able to pass them on in a simple, immediately understandable and memorable form, in an impressively elegant presentation style, with significant content added value. Example: \"Among the most successful consultants, those remain successful who do not stop their new client prospecting activity even when they feel at the top!\"<br \/>Svetlana a Kongresszus els\u0151 napj\u00e1n el\u0151ad\u00e1s\u00e1val, m\u00e1snap pedig gyakorlati workshopj\u00e1val v\u00e1rja a r\u00e9sztvev\u0151ket!<\/p><p>Since 2014, as she joined the life insurance business, Svetlana has\nconsistently achieved outstanding results in the field, successfully\nbalancing the roles of wife, mother, and businesswoman. Every year\nsince the very beginning, she qualifies for the prestigious global\nMDRT organization, that brings together the top finance advisors\nfrom around the world.<\/p><p>SVETLANA PLITIN-TAMAVI\u010cIEN\u0116<\/p><p>Svetlana a p\u00e9nz\u00fcgyi tan\u00e1csad\u00e1si ipar\u00e1gban a szakmai hozz\u00e1\u00e9rt\u00e9s, az etika \u00e9s az \u00fcgyf\u00e9lkiszolg\u00e1l\u00e1s legmagasabb sz\u00ednvonal\u00e1nak el\u00e9r\u00e9s\u00e9\u00e9rt ismert. \u0150 az els\u0151 \u00e9s egyetlen MDRT TOT (Top of the Table) tag Litv\u00e1ni\u00e1ban, a legmagasabb szint\u0171 szakmai k\u00e9pes\u00edt\u00e9st k\u00e9pviselve. M\u00e1s vezet\u0151 p\u00e9nz\u00fcgyi tan\u00e1csad\u00f3khoz hasonl\u00f3an Svetlana nemcsak kiv\u00e9teles \u00e9rt\u00e9kes\u00edt\u00e9si teljes\u00edtm\u00e9nyt mutat, hanem akt\u00edv szerepet j\u00e1tszik a szak\u00e9rtelem egoszt\u00e1s\u00e1ban, a koll\u00e9g\u00e1k mentor\u00e1l\u00e1s\u00e1ban \u00e9s az \u00e9letbiztos\u00edt\u00e1s j\u00f6v\u0151j\u00e9nek alak\u00edt\u00e1s\u00e1ban, mind helyben, mind vil\u00e1gszerte. Svetlana az Allianz Litv\u00e1nia vezet\u0151 p\u00e9nz\u00fcgyi tan\u00e1csad\u00f3ja \u00e9s szak\u00e9rt\u0151je, aki \u00e9vek \u00f3ta folyamatosan az els\u0151 helyen \u00e1ll a v\u00e1llalat p\u00e9nz\u00fcgyi tan\u00e1csad\u00f3i rangsor\u00e1ban.<br \/>She collaborates successfully with business owners, building long-term financial partnerships based on her impeccable reputation, professionalism, reliability, genuine care for clients, and strategic  pproach.<br \/>She is one of the founding members of the BNI business referral chapter in the region - BNI \u0160vyturys - and currently serves as its Director Consultant, representing the interests of more than 40 diverse businesses, ranging from small enterprises to rapidly\ngrowing companies.<br \/>As an international speaker, Svetlana shares her professional experience at conferences and events across the globe. Her insights and practical guidance inspire financial advisors, regardless of market  onditions or personal challenges. She firmly believes that the key to success lies in universal principles\u2014maintaining a positive mindset, consistency, and disciplined action.<\/p><h3><strong>Az \u00c9rt\u00e9kes\u00edt\u00e9s M\u0171v\u00e9szete \u2014 Aj\u00e1nl\u00e1si Strat\u00e9gia \u00e9s Prec\u00edz Kommunik\u00e1ci\u00f3<\/strong><\/h3><p style=\"font-weight: 400;\">Egy olyan vil\u00e1gban, ahol a szavaknak s\u00falya van, \u00e9s az aj\u00e1nl\u00e1sok nyitj\u00e1k meg az ajt\u00f3kat, csak kevesen uralj\u00e1k igaz\u00e1n a mesters\u00e9get. Ez a workshop megmutatja azokat a bev\u00e1lt technik\u00e1kat, amelyek elv\u00e1lasztj\u00e1k a j\u00f3kat a kiv\u00e1l\u00f3kt\u00f3l.<\/p><h4><strong>Aj\u00e1nl\u00e1si Strat\u00e9gia \u2013 A Referral Blueprint<\/strong><\/h4><p style=\"font-weight: 400;\">Az aj\u00e1nl\u00e1sok nem csup\u00e1n hasznosak \u2014 \u0151k jelentik a gyorsforgalmi s\u00e1vot az \u00e9rt\u00e9kes\u00edt\u00e9si siker fel\u00e9. M\u00e9gis, a tan\u00e1csad\u00f3k mind\u00f6ssze 3%-a tudja,\u00a0<strong>hogyan<\/strong>\u00a0\u00e9s\u00a0<strong>mikor<\/strong>\u00a0k\u00e9rje \u0151ket j\u00f3l. Ebben a szekci\u00f3ban egy bizony\u00edtott, gyakorlati keretrendszert kapsz: hogyan k\u00e9rj aj\u00e1nl\u00e1st term\u00e9szetesen, magabiztosan \u2014 \u00e9s \u00fagy, hogy ne sz\u00fclessenek kifog\u00e1sok.<\/p><h4><strong>Az Eredm\u00e9nyes Kommunik\u00e1ci\u00f3 Nyelve<\/strong><\/h4><p style=\"font-weight: 400;\">Mi\u00e9rt z\u00e1rnak le egyes tan\u00e1csad\u00f3k t\u00f6bb \u00fczletet ugyanazzal a term\u00e9kkel, ugyanabban a piacon? Nem a szerencse miatt \u2014 hanem a kommunik\u00e1ci\u00f3juk miatt.<br \/>Ebben a r\u00e9szben megtanulod:<\/p><ul style=\"font-weight: 400;\"><li>Hogyan v\u00e1laszd meg a szavaidat a legjobb pillanatban<\/li><li>Hogyan ker\u00fcld el, hogy \u00e9les helyzetben r\u00f6gt\u00f6n\u00f6zn\u00f6d kelljen<\/li><li>Hogyan alkalmazz hat\u00e1sos kifejez\u00e9seket val\u00f3di szitu\u00e1ci\u00f3kban<\/li><\/ul><p style=\"font-weight: 400;\">Mert a legrosszabb id\u0151pont kital\u00e1lni, mit mondj \u2014 az,\u00a0<strong>amikor m\u00e1r mondanod kell<\/strong>.<\/p><p style=\"font-weight: 400;\">Ak\u00e1r most kezded a p\u00e1ly\u00e1t, ak\u00e1r tapasztalt profik\u00e9nt dolgozol, ez a workshop lehet\u0151s\u00e9get ad arra, hogy ki\u00e9lezd az eszk\u00f6zeidet, hat\u00e1sosabban kommunik\u00e1lj \u2014 \u00e9s a besz\u00e9lget\u00e9seket val\u00f3di eredm\u00e9nyekk\u00e9 alak\u00edtsd.<\/p>\t\t\t\t\t\t\t\t<\/div>\n\t\t\t\t<\/div>\n\t\t\t\t<\/div>\n\t\t\t\t<\/div>\n\t\t\t\t\t<\/div>\n\t\t\t\t<\/div>\n\t\t<div class=\"elementor-element elementor-element-27d70c2 e-flex e-con-boxed e-con e-parent\" data-id=\"27d70c2\" data-element_type=\"container\">\n\t\t\t\t\t<div class=\"e-con-inner\">\n\t\t\t\t<div class=\"elementor-element elementor-element-4f083be elementor-widget elementor-widget-video\" data-id=\"4f083be\" data-element_type=\"widget\" data-settings=\"{&quot;youtube_url&quot;:&quot;https:\\\/\\\/youtu.be\\\/Qkqu-GLGZIs&quot;,&quot;autoplay&quot;:&quot;yes&quot;,&quot;play_on_mobile&quot;:&quot;yes&quot;,&quot;loop&quot;:&quot;yes&quot;,&quot;video_type&quot;:&quot;youtube&quot;,&quot;controls&quot;:&quot;yes&quot;}\" data-widget_type=\"video.default\">\n\t\t\t\t<div class=\"elementor-widget-container\">\n\t\t\t\t\t\t\t<div class=\"elementor-wrapper elementor-open-inline\">\n\t\t\t<div class=\"elementor-video\"><\/div>\t\t<\/div>\n\t\t\t\t\t\t<\/div>\n\t\t\t\t<\/div>\n\t\t\t\t\t<\/div>\n\t\t\t\t<\/div>\n\t\t\t\t<\/div>","protected":false},"excerpt":{"rendered":"<p>Svetlana Plitin Az ut\u00f3bbi \u00e9vekben felfedezett rendk\u00edv\u00fcli tehets\u00e9g\u0171 fiatal koll\u00e9gan\u0151. Pragmatikus, \u00e9sszer\u0171, logikus levezet\u00e9sei Tony Gordon elismer\u00e9s\u00e9t is kiv\u00edvt\u00e1k. Svetlana szenved\u00e9lyesen szereti a hivat\u00e1s\u00e1t. Kisl\u00e1nya sz\u00fclet\u00e9s\u00e9t k\u00f6vet\u0151en h\u00e1rom h\u00e9ttel m\u00e1r sz\u00ednpadon \u00e1llt, \u00e9s leg\u00fajabb TOT min\u0151s\u00edt\u00e9s\u00e9t szerezte meg. Figyelm\u00e9t a legsikeresebb MDRT koll\u00e9g\u00e1kra ir\u00e1ny\u00edtja, tapasztalataikat kiv\u00e1l\u00f3 tehets\u00e9ggel szintetiz\u00e1lja, \u00e9s egyszer\u0171, azonnal \u00e9rthet\u0151 \u00e9s j\u00f3 megjegyezhet\u0151 [&hellip;]<\/p>","protected":false},"author":1,"featured_media":0,"parent":0,"menu_order":0,"comment_status":"closed","ping_status":"closed","template":"elementor_canvas","meta":{"footnotes":""},"class_list":["post-1553","page","type-page","status-publish","hentry"],"yoast_head":"<!-- This site is optimized with the Yoast SEO plugin v25.7 - https:\/\/yoast.com\/wordpress\/plugins\/seo\/ -->\n<title>Svetlana Plitin - P\u00e9nzKult\u00fara Alap\u00edtv\u00e1ny Budapesti \u00c9letbiztos\u00edt\u00e1si Cs\u00facstal\u00e1lkoz\u00f3<\/title>\n<meta name=\"description\" content=\"Az ut\u00f3bbi \u00e9vekben felfedezett rendk\u00edv\u00fcli tehets\u00e9g\u0171 fiatal koll\u00e9gan\u0151. Pragmatikus, \u00e9sszer\u0171,logikus levezet\u00e9sei Tony Gordon elismer\u00e9s\u00e9t is kiv\u00edvt\u00e1k.\" \/>\n<meta name=\"robots\" content=\"index, follow, max-snippet:-1, max-image-preview:large, max-video-preview:-1\" \/>\n<link rel=\"canonical\" href=\"https:\/\/penzkultura.eletbiztositasicsucstalalkozo.hu\/en\/svetlana-plitin\/\" \/>\n<meta property=\"og:locale\" content=\"en_GB\" \/>\n<meta property=\"og:type\" content=\"article\" \/>\n<meta property=\"og:title\" content=\"Svetlana Plitin - P\u00e9nzKult\u00fara Alap\u00edtv\u00e1ny Budapesti \u00c9letbiztos\u00edt\u00e1si Cs\u00facstal\u00e1lkoz\u00f3\" \/>\n<meta property=\"og:description\" content=\"Az ut\u00f3bbi \u00e9vekben felfedezett rendk\u00edv\u00fcli tehets\u00e9g\u0171 fiatal koll\u00e9gan\u0151. Pragmatikus, \u00e9sszer\u0171,logikus levezet\u00e9sei Tony Gordon elismer\u00e9s\u00e9t is kiv\u00edvt\u00e1k.\" \/>\n<meta property=\"og:url\" content=\"https:\/\/penzkultura.eletbiztositasicsucstalalkozo.hu\/en\/svetlana-plitin\/\" \/>\n<meta property=\"og:site_name\" content=\"P\u00e9nzKult\u00fara Alap\u00edtv\u00e1ny Budapesti \u00c9letbiztos\u00edt\u00e1si Cs\u00facstal\u00e1lkoz\u00f3\" \/>\n<meta property=\"article:modified_time\" content=\"2025-08-27T09:43:21+00:00\" \/>\n<meta property=\"og:image\" content=\"https:\/\/penzkultura.eletbiztositasicsucstalalkozo.hu\/wp-content\/uploads\/2025\/07\/Svetlana-Plitin-1.jpg\" \/>\n\t<meta property=\"og:image:width\" content=\"480\" \/>\n\t<meta property=\"og:image:height\" content=\"580\" \/>\n\t<meta property=\"og:image:type\" content=\"image\/jpeg\" \/>\n<meta name=\"twitter:card\" content=\"summary_large_image\" \/>\n<meta name=\"twitter:label1\" content=\"Estimated reading time\" \/>\n\t<meta name=\"twitter:data1\" content=\"4 minutes\" \/>\n<script type=\"application\/ld+json\" class=\"yoast-schema-graph\">{\"@context\":\"https:\/\/schema.org\",\"@graph\":[{\"@type\":\"WebPage\",\"@id\":\"https:\/\/penzkultura.eletbiztositasicsucstalalkozo.hu\/svetlana-plitin\/\",\"url\":\"https:\/\/penzkultura.eletbiztositasicsucstalalkozo.hu\/svetlana-plitin\/\",\"name\":\"Svetlana Plitin - P\u00e9nzKult\u00fara Alap\u00edtv\u00e1ny Budapesti \u00c9letbiztos\u00edt\u00e1si Cs\u00facstal\u00e1lkoz\u00f3\",\"isPartOf\":{\"@id\":\"https:\/\/penzkultura.eletbiztositasicsucstalalkozo.hu\/#website\"},\"primaryImageOfPage\":{\"@id\":\"https:\/\/penzkultura.eletbiztositasicsucstalalkozo.hu\/svetlana-plitin\/#primaryimage\"},\"image\":{\"@id\":\"https:\/\/penzkultura.eletbiztositasicsucstalalkozo.hu\/svetlana-plitin\/#primaryimage\"},\"thumbnailUrl\":\"https:\/\/penzkultura.eletbiztositasicsucstalalkozo.hu\/wp-content\/uploads\/2025\/07\/Svetlana-Plitin-1.jpg\",\"datePublished\":\"2025-07-15T07:25:48+00:00\",\"dateModified\":\"2025-08-27T09:43:21+00:00\",\"description\":\"Az ut\u00f3bbi \u00e9vekben felfedezett rendk\u00edv\u00fcli tehets\u00e9g\u0171 fiatal koll\u00e9gan\u0151. Pragmatikus, \u00e9sszer\u0171,logikus levezet\u00e9sei Tony Gordon elismer\u00e9s\u00e9t is kiv\u00edvt\u00e1k.\",\"breadcrumb\":{\"@id\":\"https:\/\/penzkultura.eletbiztositasicsucstalalkozo.hu\/svetlana-plitin\/#breadcrumb\"},\"inLanguage\":\"en-GB\",\"potentialAction\":[{\"@type\":\"ReadAction\",\"target\":[\"https:\/\/penzkultura.eletbiztositasicsucstalalkozo.hu\/svetlana-plitin\/\"]}]},{\"@type\":\"ImageObject\",\"inLanguage\":\"en-GB\",\"@id\":\"https:\/\/penzkultura.eletbiztositasicsucstalalkozo.hu\/svetlana-plitin\/#primaryimage\",\"url\":\"https:\/\/penzkultura.eletbiztositasicsucstalalkozo.hu\/wp-content\/uploads\/2025\/07\/Svetlana-Plitin-1.jpg\",\"contentUrl\":\"https:\/\/penzkultura.eletbiztositasicsucstalalkozo.hu\/wp-content\/uploads\/2025\/07\/Svetlana-Plitin-1.jpg\"},{\"@type\":\"BreadcrumbList\",\"@id\":\"https:\/\/penzkultura.eletbiztositasicsucstalalkozo.hu\/svetlana-plitin\/#breadcrumb\",\"itemListElement\":[{\"@type\":\"ListItem\",\"position\":1,\"name\":\"Kezd\u0151lap\",\"item\":\"https:\/\/penzkultura.eletbiztositasicsucstalalkozo.hu\/\"},{\"@type\":\"ListItem\",\"position\":2,\"name\":\"Svetlana Plitin\"}]},{\"@type\":\"WebSite\",\"@id\":\"https:\/\/penzkultura.eletbiztositasicsucstalalkozo.hu\/#website\",\"url\":\"https:\/\/penzkultura.eletbiztositasicsucstalalkozo.hu\/\",\"name\":\"P\u00e9nzKult\u00fara Alap\u00edtv\u00e1ny Budapesti \u00c9letbiztos\u00edt\u00e1si Cs\u00facstal\u00e1lkoz\u00f3\",\"description\":\"VII. Budapesti \u00c9letbiztos\u00edt\u00e1si Cs\u00facstal\u00e1lkoz\u00f3 - Balatonf\u00fcred\",\"publisher\":{\"@id\":\"https:\/\/penzkultura.eletbiztositasicsucstalalkozo.hu\/#organization\"},\"potentialAction\":[{\"@type\":\"SearchAction\",\"target\":{\"@type\":\"EntryPoint\",\"urlTemplate\":\"https:\/\/penzkultura.eletbiztositasicsucstalalkozo.hu\/?s={search_term_string}\"},\"query-input\":{\"@type\":\"PropertyValueSpecification\",\"valueRequired\":true,\"valueName\":\"search_term_string\"}}],\"inLanguage\":\"en-GB\"},{\"@type\":\"Organization\",\"@id\":\"https:\/\/penzkultura.eletbiztositasicsucstalalkozo.hu\/#organization\",\"name\":\"P\u00e9nzKult\u00fara Alap\u00edtv\u00e1ny Budapesti \u00c9letbiztos\u00edt\u00e1si Cs\u00facstal\u00e1lkoz\u00f3\",\"url\":\"https:\/\/penzkultura.eletbiztositasicsucstalalkozo.hu\/\",\"logo\":{\"@type\":\"ImageObject\",\"inLanguage\":\"en-GB\",\"@id\":\"https:\/\/penzkultura.eletbiztositasicsucstalalkozo.hu\/#\/schema\/logo\/image\/\",\"url\":\"https:\/\/penzkultura.eletbiztositasicsucstalalkozo.hu\/wp-content\/uploads\/2025\/07\/BECs.png\",\"contentUrl\":\"https:\/\/penzkultura.eletbiztositasicsucstalalkozo.hu\/wp-content\/uploads\/2025\/07\/BECs.png\",\"width\":1406,\"height\":656,\"caption\":\"P\u00e9nzKult\u00fara Alap\u00edtv\u00e1ny Budapesti \u00c9letbiztos\u00edt\u00e1si Cs\u00facstal\u00e1lkoz\u00f3\"},\"image\":{\"@id\":\"https:\/\/penzkultura.eletbiztositasicsucstalalkozo.hu\/#\/schema\/logo\/image\/\"}}]}<\/script>\n<!-- \/ Yoast SEO plugin. -->","yoast_head_json":{"title":"Svetlana Plitin - P\u00e9nzKult\u00fara Alap\u00edtv\u00e1ny Budapesti \u00c9letbiztos\u00edt\u00e1si Cs\u00facstal\u00e1lkoz\u00f3","description":"Az ut\u00f3bbi \u00e9vekben felfedezett rendk\u00edv\u00fcli tehets\u00e9g\u0171 fiatal koll\u00e9gan\u0151. Pragmatikus, \u00e9sszer\u0171,logikus levezet\u00e9sei Tony Gordon elismer\u00e9s\u00e9t is kiv\u00edvt\u00e1k.","robots":{"index":"index","follow":"follow","max-snippet":"max-snippet:-1","max-image-preview":"max-image-preview:large","max-video-preview":"max-video-preview:-1"},"canonical":"https:\/\/penzkultura.eletbiztositasicsucstalalkozo.hu\/en\/svetlana-plitin\/","og_locale":"en_GB","og_type":"article","og_title":"Svetlana Plitin - P\u00e9nzKult\u00fara Alap\u00edtv\u00e1ny Budapesti \u00c9letbiztos\u00edt\u00e1si Cs\u00facstal\u00e1lkoz\u00f3","og_description":"Az ut\u00f3bbi \u00e9vekben felfedezett rendk\u00edv\u00fcli tehets\u00e9g\u0171 fiatal koll\u00e9gan\u0151. Pragmatikus, \u00e9sszer\u0171,logikus levezet\u00e9sei Tony Gordon elismer\u00e9s\u00e9t is kiv\u00edvt\u00e1k.","og_url":"https:\/\/penzkultura.eletbiztositasicsucstalalkozo.hu\/en\/svetlana-plitin\/","og_site_name":"P\u00e9nzKult\u00fara Alap\u00edtv\u00e1ny Budapesti \u00c9letbiztos\u00edt\u00e1si Cs\u00facstal\u00e1lkoz\u00f3","article_modified_time":"2025-08-27T09:43:21+00:00","og_image":[{"width":480,"height":580,"url":"https:\/\/penzkultura.eletbiztositasicsucstalalkozo.hu\/wp-content\/uploads\/2025\/07\/Svetlana-Plitin-1.jpg","type":"image\/jpeg"}],"twitter_card":"summary_large_image","twitter_misc":{"Estimated reading time":"4 minutes"},"schema":{"@context":"https:\/\/schema.org","@graph":[{"@type":"WebPage","@id":"https:\/\/penzkultura.eletbiztositasicsucstalalkozo.hu\/svetlana-plitin\/","url":"https:\/\/penzkultura.eletbiztositasicsucstalalkozo.hu\/svetlana-plitin\/","name":"Svetlana Plitin - P\u00e9nzKult\u00fara Alap\u00edtv\u00e1ny Budapesti \u00c9letbiztos\u00edt\u00e1si Cs\u00facstal\u00e1lkoz\u00f3","isPartOf":{"@id":"https:\/\/penzkultura.eletbiztositasicsucstalalkozo.hu\/#website"},"primaryImageOfPage":{"@id":"https:\/\/penzkultura.eletbiztositasicsucstalalkozo.hu\/svetlana-plitin\/#primaryimage"},"image":{"@id":"https:\/\/penzkultura.eletbiztositasicsucstalalkozo.hu\/svetlana-plitin\/#primaryimage"},"thumbnailUrl":"https:\/\/penzkultura.eletbiztositasicsucstalalkozo.hu\/wp-content\/uploads\/2025\/07\/Svetlana-Plitin-1.jpg","datePublished":"2025-07-15T07:25:48+00:00","dateModified":"2025-08-27T09:43:21+00:00","description":"Az ut\u00f3bbi \u00e9vekben felfedezett rendk\u00edv\u00fcli tehets\u00e9g\u0171 fiatal koll\u00e9gan\u0151. Pragmatikus, \u00e9sszer\u0171,logikus levezet\u00e9sei Tony Gordon elismer\u00e9s\u00e9t is kiv\u00edvt\u00e1k.","breadcrumb":{"@id":"https:\/\/penzkultura.eletbiztositasicsucstalalkozo.hu\/svetlana-plitin\/#breadcrumb"},"inLanguage":"en-GB","potentialAction":[{"@type":"ReadAction","target":["https:\/\/penzkultura.eletbiztositasicsucstalalkozo.hu\/svetlana-plitin\/"]}]},{"@type":"ImageObject","inLanguage":"en-GB","@id":"https:\/\/penzkultura.eletbiztositasicsucstalalkozo.hu\/svetlana-plitin\/#primaryimage","url":"https:\/\/penzkultura.eletbiztositasicsucstalalkozo.hu\/wp-content\/uploads\/2025\/07\/Svetlana-Plitin-1.jpg","contentUrl":"https:\/\/penzkultura.eletbiztositasicsucstalalkozo.hu\/wp-content\/uploads\/2025\/07\/Svetlana-Plitin-1.jpg"},{"@type":"BreadcrumbList","@id":"https:\/\/penzkultura.eletbiztositasicsucstalalkozo.hu\/svetlana-plitin\/#breadcrumb","itemListElement":[{"@type":"ListItem","position":1,"name":"Kezd\u0151lap","item":"https:\/\/penzkultura.eletbiztositasicsucstalalkozo.hu\/"},{"@type":"ListItem","position":2,"name":"Svetlana Plitin"}]},{"@type":"WebSite","@id":"https:\/\/penzkultura.eletbiztositasicsucstalalkozo.hu\/#website","url":"https:\/\/penzkultura.eletbiztositasicsucstalalkozo.hu\/","name":"P\u00e9nzKult\u00fara Alap\u00edtv\u00e1ny Budapesti \u00c9letbiztos\u00edt\u00e1si Cs\u00facstal\u00e1lkoz\u00f3","description":"VII. Budapesti \u00c9letbiztos\u00edt\u00e1si Cs\u00facstal\u00e1lkoz\u00f3 - Balatonf\u00fcred","publisher":{"@id":"https:\/\/penzkultura.eletbiztositasicsucstalalkozo.hu\/#organization"},"potentialAction":[{"@type":"SearchAction","target":{"@type":"EntryPoint","urlTemplate":"https:\/\/penzkultura.eletbiztositasicsucstalalkozo.hu\/?s={search_term_string}"},"query-input":{"@type":"PropertyValueSpecification","valueRequired":true,"valueName":"search_term_string"}}],"inLanguage":"en-GB"},{"@type":"Organization","@id":"https:\/\/penzkultura.eletbiztositasicsucstalalkozo.hu\/#organization","name":"P\u00e9nzKult\u00fara Alap\u00edtv\u00e1ny Budapesti \u00c9letbiztos\u00edt\u00e1si Cs\u00facstal\u00e1lkoz\u00f3","url":"https:\/\/penzkultura.eletbiztositasicsucstalalkozo.hu\/","logo":{"@type":"ImageObject","inLanguage":"en-GB","@id":"https:\/\/penzkultura.eletbiztositasicsucstalalkozo.hu\/#\/schema\/logo\/image\/","url":"https:\/\/penzkultura.eletbiztositasicsucstalalkozo.hu\/wp-content\/uploads\/2025\/07\/BECs.png","contentUrl":"https:\/\/penzkultura.eletbiztositasicsucstalalkozo.hu\/wp-content\/uploads\/2025\/07\/BECs.png","width":1406,"height":656,"caption":"P\u00e9nzKult\u00fara Alap\u00edtv\u00e1ny Budapesti \u00c9letbiztos\u00edt\u00e1si Cs\u00facstal\u00e1lkoz\u00f3"},"image":{"@id":"https:\/\/penzkultura.eletbiztositasicsucstalalkozo.hu\/#\/schema\/logo\/image\/"}}]}},"_links":{"self":[{"href":"https:\/\/penzkultura.eletbiztositasicsucstalalkozo.hu\/en\/wp-json\/wp\/v2\/pages\/1553","targetHints":{"allow":["GET"]}}],"collection":[{"href":"https:\/\/penzkultura.eletbiztositasicsucstalalkozo.hu\/en\/wp-json\/wp\/v2\/pages"}],"about":[{"href":"https:\/\/penzkultura.eletbiztositasicsucstalalkozo.hu\/en\/wp-json\/wp\/v2\/types\/page"}],"author":[{"embeddable":true,"href":"https:\/\/penzkultura.eletbiztositasicsucstalalkozo.hu\/en\/wp-json\/wp\/v2\/users\/1"}],"replies":[{"embeddable":true,"href":"https:\/\/penzkultura.eletbiztositasicsucstalalkozo.hu\/en\/wp-json\/wp\/v2\/comments?post=1553"}],"version-history":[{"count":34,"href":"https:\/\/penzkultura.eletbiztositasicsucstalalkozo.hu\/en\/wp-json\/wp\/v2\/pages\/1553\/revisions"}],"predecessor-version":[{"id":4223,"href":"https:\/\/penzkultura.eletbiztositasicsucstalalkozo.hu\/en\/wp-json\/wp\/v2\/pages\/1553\/revisions\/4223"}],"wp:attachment":[{"href":"https:\/\/penzkultura.eletbiztositasicsucstalalkozo.hu\/en\/wp-json\/wp\/v2\/media?parent=1553"}],"curies":[{"name":"wp","href":"https:\/\/api.w.org\/{rel}","templated":true}]}}