{"id":1561,"date":"2025-07-15T09:30:53","date_gmt":"2025-07-15T07:30:53","guid":{"rendered":"https:\/\/penzkultura.eletbiztositasicsucstalalkozo.hu\/?page_id=1561"},"modified":"2025-07-25T16:23:29","modified_gmt":"2025-07-25T14:23:29","slug":"ian-green","status":"publish","type":"page","link":"https:\/\/penzkultura.eletbiztositasicsucstalalkozo.hu\/en\/ian-green\/","title":{"rendered":"Ian Green"},"content":{"rendered":"<div data-elementor-type=\"wp-page\" data-elementor-id=\"1561\" class=\"elementor elementor-1561\" data-elementor-post-type=\"page\">\n\t\t\t\t<div class=\"elementor-element elementor-element-8b83506 e-flex e-con-boxed e-con e-parent\" data-id=\"8b83506\" data-element_type=\"container\">\n\t\t\t\t\t<div class=\"e-con-inner\">\n\t\t<div class=\"elementor-element elementor-element-ab23828 e-con-full e-flex e-con e-child\" data-id=\"ab23828\" data-element_type=\"container\" data-settings=\"{&quot;background_background&quot;:&quot;classic&quot;}\">\n\t\t\t\t<div class=\"elementor-element elementor-element-3929223 elementor-widget elementor-widget-image\" data-id=\"3929223\" data-element_type=\"widget\" data-widget_type=\"image.default\">\n\t\t\t\t<div class=\"elementor-widget-container\">\n\t\t\t\t\t\t\t\t\t\t\t\t\t\t\t<img fetchpriority=\"high\" decoding=\"async\" width=\"480\" height=\"580\" src=\"https:\/\/penzkultura.eletbiztositasicsucstalalkozo.hu\/wp-content\/uploads\/2025\/07\/Ian-Green.jpg\" class=\"attachment-large size-large wp-image-880\" alt=\"\" \/>\t\t\t\t\t\t\t\t\t\t\t\t\t\t\t<\/div>\n\t\t\t\t<\/div>\n\t\t<div class=\"elementor-element elementor-element-09b20b3 e-con-full e-flex e-con e-child\" data-id=\"09b20b3\" data-element_type=\"container\">\n\t\t\t\t<div class=\"elementor-element elementor-element-421fe0e elementor-widget elementor-widget-heading\" data-id=\"421fe0e\" data-element_type=\"widget\" data-widget_type=\"heading.default\">\n\t\t\t\t<div class=\"elementor-widget-container\">\n\t\t\t\t\t<h2 class=\"elementor-heading-title elementor-size-default\">Ian Green<\/h2>\t\t\t\t<\/div>\n\t\t\t\t<\/div>\n\t\t\t\t<div class=\"elementor-element elementor-element-5ac7c42 elementor-widget elementor-widget-text-editor\" data-id=\"5ac7c42\" data-element_type=\"widget\" data-widget_type=\"text-editor.default\">\n\t\t\t\t<div class=\"elementor-widget-container\">\n\t\t\t\t\t\t\t\t\t<p>Ian Green is a renowned financial professional who has been a member of the Million Dollar Round Table (MDRT) for over 27 years, reaching the highest level, Top of the Table, 19 times.<br \/>In 2021, he served as MDRT\u2019s 95th president \u2013 uniquely, he served in this role entirely during the pandemic, making him the only president in the organization\u2019s history to not meet with any other members in person during his term and to lead the organization from home.<br \/>Ian has been a UK Chartered Accountant since 1995 and is the founder of Green Financial, a family-owned financial planning firm based in South West London. He is a committed believer in the MDRT Whole Person approach and has been a long-standing supporter of the MDRT Foundation. He is also active internationally, regularly speaking at conferences around the world. He was appointed as Chair of the MDRT Top of the Table Committee in 2017. He was previously a member of the Board of Directors of the Life Insurance Association and a Trustee of the Personal Finance Society Charitable Foundation.<\/p><p>Ian will be presenting to the participants on the first day of the Congress. His workshop will take place at a special time (and for the first time) - in December 2025, which we are preparing for with the Hungarian edition of his highly successful book on financial planning! -Only participants of the October Congress can register for the workshop.<\/p>\t\t\t\t\t\t\t\t<\/div>\n\t\t\t\t<\/div>\n\t\t\t\t<\/div>\n\t\t\t\t<\/div>\n\t\t\t\t\t<\/div>\n\t\t\t\t<\/div>\n\t\t\t\t<\/div>","protected":false},"excerpt":{"rendered":"<p>Ian Green Ian Green elismert p\u00e9nz\u00fcgyi szakember, aki t\u00f6bb mint 27 \u00e9ve tagja a\u00a0Million Dollar Round Table-nek (MDRT), ebb\u0151l 19 alkalommal \u00e9rte el a legmagasabb,\u00a0Top of the Table\u00a0szintet.2021-ben \u0151 volt az MDRT 95. eln\u00f6ke \u2013 egyed\u00fcl\u00e1ll\u00f3 m\u00f3don teljes eg\u00e9sz\u00e9ben a vil\u00e1gj\u00e1rv\u00e1ny idej\u00e9n t\u00f6lt\u00f6tte be ezt a szerepet, \u00edgy \u0151 az egyetlen eln\u00f6k a szervezet t\u00f6rt\u00e9net\u00e9ben, [&hellip;]<\/p>","protected":false},"author":1,"featured_media":880,"parent":0,"menu_order":0,"comment_status":"closed","ping_status":"closed","template":"elementor_canvas","meta":{"footnotes":""},"class_list":["post-1561","page","type-page","status-publish","has-post-thumbnail","hentry"],"yoast_head":"<!-- This site is optimized with the Yoast SEO plugin v25.7 - https:\/\/yoast.com\/wordpress\/plugins\/seo\/ -->\n<title>Ian Green - P\u00e9nzKult\u00fara Alap\u00edtv\u00e1ny Budapesti \u00c9letbiztos\u00edt\u00e1si Cs\u00facstal\u00e1lkoz\u00f3<\/title>\n<meta name=\"description\" content=\"Ian Green elismert p\u00e9nz\u00fcgyi szakember, aki t\u00f6bb mint 27 \u00e9ve tagja a\u00a0Million Dollar RoundTable-nek (MDRT), ebb\u0151l 19 alkalommal \u00e9rte el a legmagasabb,\u00a0Top of the Table\u00a0szintet.2021-ben \u0151 volt az MDRT\u00a095. eln\u00f6ke\u00a0\u2013 egyed\u00fcl\u00e1ll\u00f3 m\u00f3don teljes eg\u00e9sz\u00e9ben a vil\u00e1gj\u00e1rv\u00e1nyidej\u00e9n t\u00f6lt\u00f6tte be ezt a szerepet, \u00edgy \u0151 az egyetlen eln\u00f6k a szervezet t\u00f6rt\u00e9net\u00e9ben, akimand\u00e1tuma alatt\u00a0egyetlen m\u00e1sik taggal sem tal\u00e1lkozott szem\u00e9lyesen,\u00e9s\u00a0otthon\u00e1b\u00f3l\u00a0ir\u00e1ny\u00edtotta a szervezetet.\" \/>\n<meta name=\"robots\" content=\"index, follow, max-snippet:-1, max-image-preview:large, max-video-preview:-1\" \/>\n<link rel=\"canonical\" href=\"https:\/\/penzkultura.eletbiztositasicsucstalalkozo.hu\/en\/ian-green\/\" \/>\n<meta property=\"og:locale\" content=\"en_GB\" \/>\n<meta property=\"og:type\" content=\"article\" \/>\n<meta property=\"og:title\" content=\"Ian Green - P\u00e9nzKult\u00fara Alap\u00edtv\u00e1ny Budapesti \u00c9letbiztos\u00edt\u00e1si Cs\u00facstal\u00e1lkoz\u00f3\" \/>\n<meta property=\"og:description\" content=\"Ian Green elismert p\u00e9nz\u00fcgyi szakember, aki t\u00f6bb mint 27 \u00e9ve tagja a\u00a0Million Dollar RoundTable-nek (MDRT), ebb\u0151l 19 alkalommal \u00e9rte el a legmagasabb,\u00a0Top of the Table\u00a0szintet.2021-ben \u0151 volt az MDRT\u00a095. eln\u00f6ke\u00a0\u2013 egyed\u00fcl\u00e1ll\u00f3 m\u00f3don teljes eg\u00e9sz\u00e9ben a vil\u00e1gj\u00e1rv\u00e1nyidej\u00e9n t\u00f6lt\u00f6tte be ezt a szerepet, \u00edgy \u0151 az egyetlen eln\u00f6k a szervezet t\u00f6rt\u00e9net\u00e9ben, akimand\u00e1tuma alatt\u00a0egyetlen m\u00e1sik taggal sem tal\u00e1lkozott szem\u00e9lyesen,\u00e9s\u00a0otthon\u00e1b\u00f3l\u00a0ir\u00e1ny\u00edtotta a szervezetet.\" \/>\n<meta property=\"og:url\" content=\"https:\/\/penzkultura.eletbiztositasicsucstalalkozo.hu\/en\/ian-green\/\" \/>\n<meta property=\"og:site_name\" content=\"P\u00e9nzKult\u00fara Alap\u00edtv\u00e1ny Budapesti \u00c9letbiztos\u00edt\u00e1si Cs\u00facstal\u00e1lkoz\u00f3\" \/>\n<meta property=\"article:modified_time\" content=\"2025-07-25T14:23:29+00:00\" \/>\n<meta property=\"og:image\" content=\"https:\/\/penzkultura.eletbiztositasicsucstalalkozo.hu\/wp-content\/uploads\/2025\/07\/Ian-Green.jpg\" \/>\n\t<meta property=\"og:image:width\" content=\"480\" \/>\n\t<meta property=\"og:image:height\" content=\"580\" \/>\n\t<meta property=\"og:image:type\" content=\"image\/jpeg\" \/>\n<meta name=\"twitter:card\" content=\"summary_large_image\" \/>\n<meta name=\"twitter:label1\" content=\"Estimated reading time\" \/>\n\t<meta name=\"twitter:data1\" content=\"2 minutes\" \/>\n<script type=\"application\/ld+json\" class=\"yoast-schema-graph\">{\"@context\":\"https:\/\/schema.org\",\"@graph\":[{\"@type\":\"WebPage\",\"@id\":\"https:\/\/penzkultura.eletbiztositasicsucstalalkozo.hu\/ian-green\/\",\"url\":\"https:\/\/penzkultura.eletbiztositasicsucstalalkozo.hu\/ian-green\/\",\"name\":\"Ian Green - P\u00e9nzKult\u00fara Alap\u00edtv\u00e1ny Budapesti \u00c9letbiztos\u00edt\u00e1si Cs\u00facstal\u00e1lkoz\u00f3\",\"isPartOf\":{\"@id\":\"https:\/\/penzkultura.eletbiztositasicsucstalalkozo.hu\/#website\"},\"primaryImageOfPage\":{\"@id\":\"https:\/\/penzkultura.eletbiztositasicsucstalalkozo.hu\/ian-green\/#primaryimage\"},\"image\":{\"@id\":\"https:\/\/penzkultura.eletbiztositasicsucstalalkozo.hu\/ian-green\/#primaryimage\"},\"thumbnailUrl\":\"https:\/\/penzkultura.eletbiztositasicsucstalalkozo.hu\/wp-content\/uploads\/2025\/07\/Ian-Green.jpg\",\"datePublished\":\"2025-07-15T07:30:53+00:00\",\"dateModified\":\"2025-07-25T14:23:29+00:00\",\"description\":\"Ian Green elismert p\u00e9nz\u00fcgyi szakember, aki t\u00f6bb mint 27 \u00e9ve tagja a\u00a0Million Dollar RoundTable-nek (MDRT), ebb\u0151l 19 alkalommal \u00e9rte el a legmagasabb,\u00a0Top of the Table\u00a0szintet.2021-ben \u0151 volt az MDRT\u00a095. eln\u00f6ke\u00a0\u2013 egyed\u00fcl\u00e1ll\u00f3 m\u00f3don teljes eg\u00e9sz\u00e9ben a vil\u00e1gj\u00e1rv\u00e1nyidej\u00e9n t\u00f6lt\u00f6tte be ezt a szerepet, \u00edgy \u0151 az egyetlen eln\u00f6k a szervezet t\u00f6rt\u00e9net\u00e9ben, akimand\u00e1tuma alatt\u00a0egyetlen m\u00e1sik taggal sem tal\u00e1lkozott szem\u00e9lyesen,\u00e9s\u00a0otthon\u00e1b\u00f3l\u00a0ir\u00e1ny\u00edtotta a szervezetet.\",\"breadcrumb\":{\"@id\":\"https:\/\/penzkultura.eletbiztositasicsucstalalkozo.hu\/ian-green\/#breadcrumb\"},\"inLanguage\":\"en-GB\",\"potentialAction\":[{\"@type\":\"ReadAction\",\"target\":[\"https:\/\/penzkultura.eletbiztositasicsucstalalkozo.hu\/ian-green\/\"]}]},{\"@type\":\"ImageObject\",\"inLanguage\":\"en-GB\",\"@id\":\"https:\/\/penzkultura.eletbiztositasicsucstalalkozo.hu\/ian-green\/#primaryimage\",\"url\":\"https:\/\/penzkultura.eletbiztositasicsucstalalkozo.hu\/wp-content\/uploads\/2025\/07\/Ian-Green.jpg\",\"contentUrl\":\"https:\/\/penzkultura.eletbiztositasicsucstalalkozo.hu\/wp-content\/uploads\/2025\/07\/Ian-Green.jpg\",\"width\":480,\"height\":580},{\"@type\":\"BreadcrumbList\",\"@id\":\"https:\/\/penzkultura.eletbiztositasicsucstalalkozo.hu\/ian-green\/#breadcrumb\",\"itemListElement\":[{\"@type\":\"ListItem\",\"position\":1,\"name\":\"Kezd\u0151lap\",\"item\":\"https:\/\/penzkultura.eletbiztositasicsucstalalkozo.hu\/\"},{\"@type\":\"ListItem\",\"position\":2,\"name\":\"Ian Green\"}]},{\"@type\":\"WebSite\",\"@id\":\"https:\/\/penzkultura.eletbiztositasicsucstalalkozo.hu\/#website\",\"url\":\"https:\/\/penzkultura.eletbiztositasicsucstalalkozo.hu\/\",\"name\":\"P\u00e9nzKult\u00fara Alap\u00edtv\u00e1ny Budapesti \u00c9letbiztos\u00edt\u00e1si Cs\u00facstal\u00e1lkoz\u00f3\",\"description\":\"VII. Budapesti \u00c9letbiztos\u00edt\u00e1si Cs\u00facstal\u00e1lkoz\u00f3 - Balatonf\u00fcred\",\"publisher\":{\"@id\":\"https:\/\/penzkultura.eletbiztositasicsucstalalkozo.hu\/#organization\"},\"potentialAction\":[{\"@type\":\"SearchAction\",\"target\":{\"@type\":\"EntryPoint\",\"urlTemplate\":\"https:\/\/penzkultura.eletbiztositasicsucstalalkozo.hu\/?s={search_term_string}\"},\"query-input\":{\"@type\":\"PropertyValueSpecification\",\"valueRequired\":true,\"valueName\":\"search_term_string\"}}],\"inLanguage\":\"en-GB\"},{\"@type\":\"Organization\",\"@id\":\"https:\/\/penzkultura.eletbiztositasicsucstalalkozo.hu\/#organization\",\"name\":\"P\u00e9nzKult\u00fara Alap\u00edtv\u00e1ny Budapesti \u00c9letbiztos\u00edt\u00e1si Cs\u00facstal\u00e1lkoz\u00f3\",\"url\":\"https:\/\/penzkultura.eletbiztositasicsucstalalkozo.hu\/\",\"logo\":{\"@type\":\"ImageObject\",\"inLanguage\":\"en-GB\",\"@id\":\"https:\/\/penzkultura.eletbiztositasicsucstalalkozo.hu\/#\/schema\/logo\/image\/\",\"url\":\"https:\/\/penzkultura.eletbiztositasicsucstalalkozo.hu\/wp-content\/uploads\/2025\/07\/BECs.png\",\"contentUrl\":\"https:\/\/penzkultura.eletbiztositasicsucstalalkozo.hu\/wp-content\/uploads\/2025\/07\/BECs.png\",\"width\":1406,\"height\":656,\"caption\":\"P\u00e9nzKult\u00fara Alap\u00edtv\u00e1ny Budapesti \u00c9letbiztos\u00edt\u00e1si Cs\u00facstal\u00e1lkoz\u00f3\"},\"image\":{\"@id\":\"https:\/\/penzkultura.eletbiztositasicsucstalalkozo.hu\/#\/schema\/logo\/image\/\"}}]}<\/script>\n<!-- \/ Yoast SEO plugin. -->","yoast_head_json":{"title":"Ian Green - P\u00e9nzKult\u00fara Alap\u00edtv\u00e1ny Budapesti \u00c9letbiztos\u00edt\u00e1si Cs\u00facstal\u00e1lkoz\u00f3","description":"Ian Green elismert p\u00e9nz\u00fcgyi szakember, aki t\u00f6bb mint 27 \u00e9ve tagja a\u00a0Million Dollar RoundTable-nek (MDRT), ebb\u0151l 19 alkalommal \u00e9rte el a legmagasabb,\u00a0Top of the Table\u00a0szintet.2021-ben \u0151 volt az MDRT\u00a095. eln\u00f6ke\u00a0\u2013 egyed\u00fcl\u00e1ll\u00f3 m\u00f3don teljes eg\u00e9sz\u00e9ben a vil\u00e1gj\u00e1rv\u00e1nyidej\u00e9n t\u00f6lt\u00f6tte be ezt a szerepet, \u00edgy \u0151 az egyetlen eln\u00f6k a szervezet t\u00f6rt\u00e9net\u00e9ben, akimand\u00e1tuma alatt\u00a0egyetlen m\u00e1sik taggal sem tal\u00e1lkozott szem\u00e9lyesen,\u00e9s\u00a0otthon\u00e1b\u00f3l\u00a0ir\u00e1ny\u00edtotta a szervezetet.","robots":{"index":"index","follow":"follow","max-snippet":"max-snippet:-1","max-image-preview":"max-image-preview:large","max-video-preview":"max-video-preview:-1"},"canonical":"https:\/\/penzkultura.eletbiztositasicsucstalalkozo.hu\/en\/ian-green\/","og_locale":"en_GB","og_type":"article","og_title":"Ian Green - P\u00e9nzKult\u00fara Alap\u00edtv\u00e1ny Budapesti \u00c9letbiztos\u00edt\u00e1si Cs\u00facstal\u00e1lkoz\u00f3","og_description":"Ian Green elismert p\u00e9nz\u00fcgyi szakember, aki t\u00f6bb mint 27 \u00e9ve tagja a\u00a0Million Dollar RoundTable-nek (MDRT), ebb\u0151l 19 alkalommal \u00e9rte el a legmagasabb,\u00a0Top of the Table\u00a0szintet.2021-ben \u0151 volt az MDRT\u00a095. eln\u00f6ke\u00a0\u2013 egyed\u00fcl\u00e1ll\u00f3 m\u00f3don teljes eg\u00e9sz\u00e9ben a vil\u00e1gj\u00e1rv\u00e1nyidej\u00e9n t\u00f6lt\u00f6tte be ezt a szerepet, \u00edgy \u0151 az egyetlen eln\u00f6k a szervezet t\u00f6rt\u00e9net\u00e9ben, akimand\u00e1tuma alatt\u00a0egyetlen m\u00e1sik taggal sem tal\u00e1lkozott szem\u00e9lyesen,\u00e9s\u00a0otthon\u00e1b\u00f3l\u00a0ir\u00e1ny\u00edtotta a szervezetet.","og_url":"https:\/\/penzkultura.eletbiztositasicsucstalalkozo.hu\/en\/ian-green\/","og_site_name":"P\u00e9nzKult\u00fara Alap\u00edtv\u00e1ny Budapesti \u00c9letbiztos\u00edt\u00e1si Cs\u00facstal\u00e1lkoz\u00f3","article_modified_time":"2025-07-25T14:23:29+00:00","og_image":[{"width":480,"height":580,"url":"https:\/\/penzkultura.eletbiztositasicsucstalalkozo.hu\/wp-content\/uploads\/2025\/07\/Ian-Green.jpg","type":"image\/jpeg"}],"twitter_card":"summary_large_image","twitter_misc":{"Estimated reading time":"2 minutes"},"schema":{"@context":"https:\/\/schema.org","@graph":[{"@type":"WebPage","@id":"https:\/\/penzkultura.eletbiztositasicsucstalalkozo.hu\/ian-green\/","url":"https:\/\/penzkultura.eletbiztositasicsucstalalkozo.hu\/ian-green\/","name":"Ian Green - P\u00e9nzKult\u00fara Alap\u00edtv\u00e1ny Budapesti \u00c9letbiztos\u00edt\u00e1si Cs\u00facstal\u00e1lkoz\u00f3","isPartOf":{"@id":"https:\/\/penzkultura.eletbiztositasicsucstalalkozo.hu\/#website"},"primaryImageOfPage":{"@id":"https:\/\/penzkultura.eletbiztositasicsucstalalkozo.hu\/ian-green\/#primaryimage"},"image":{"@id":"https:\/\/penzkultura.eletbiztositasicsucstalalkozo.hu\/ian-green\/#primaryimage"},"thumbnailUrl":"https:\/\/penzkultura.eletbiztositasicsucstalalkozo.hu\/wp-content\/uploads\/2025\/07\/Ian-Green.jpg","datePublished":"2025-07-15T07:30:53+00:00","dateModified":"2025-07-25T14:23:29+00:00","description":"Ian Green elismert p\u00e9nz\u00fcgyi szakember, aki t\u00f6bb mint 27 \u00e9ve tagja a\u00a0Million Dollar RoundTable-nek (MDRT), ebb\u0151l 19 alkalommal \u00e9rte el a legmagasabb,\u00a0Top of the Table\u00a0szintet.2021-ben \u0151 volt az MDRT\u00a095. eln\u00f6ke\u00a0\u2013 egyed\u00fcl\u00e1ll\u00f3 m\u00f3don teljes eg\u00e9sz\u00e9ben a vil\u00e1gj\u00e1rv\u00e1nyidej\u00e9n t\u00f6lt\u00f6tte be ezt a szerepet, \u00edgy \u0151 az egyetlen eln\u00f6k a szervezet t\u00f6rt\u00e9net\u00e9ben, akimand\u00e1tuma alatt\u00a0egyetlen m\u00e1sik taggal sem tal\u00e1lkozott szem\u00e9lyesen,\u00e9s\u00a0otthon\u00e1b\u00f3l\u00a0ir\u00e1ny\u00edtotta a szervezetet.","breadcrumb":{"@id":"https:\/\/penzkultura.eletbiztositasicsucstalalkozo.hu\/ian-green\/#breadcrumb"},"inLanguage":"en-GB","potentialAction":[{"@type":"ReadAction","target":["https:\/\/penzkultura.eletbiztositasicsucstalalkozo.hu\/ian-green\/"]}]},{"@type":"ImageObject","inLanguage":"en-GB","@id":"https:\/\/penzkultura.eletbiztositasicsucstalalkozo.hu\/ian-green\/#primaryimage","url":"https:\/\/penzkultura.eletbiztositasicsucstalalkozo.hu\/wp-content\/uploads\/2025\/07\/Ian-Green.jpg","contentUrl":"https:\/\/penzkultura.eletbiztositasicsucstalalkozo.hu\/wp-content\/uploads\/2025\/07\/Ian-Green.jpg","width":480,"height":580},{"@type":"BreadcrumbList","@id":"https:\/\/penzkultura.eletbiztositasicsucstalalkozo.hu\/ian-green\/#breadcrumb","itemListElement":[{"@type":"ListItem","position":1,"name":"Kezd\u0151lap","item":"https:\/\/penzkultura.eletbiztositasicsucstalalkozo.hu\/"},{"@type":"ListItem","position":2,"name":"Ian Green"}]},{"@type":"WebSite","@id":"https:\/\/penzkultura.eletbiztositasicsucstalalkozo.hu\/#website","url":"https:\/\/penzkultura.eletbiztositasicsucstalalkozo.hu\/","name":"P\u00e9nzKult\u00fara Alap\u00edtv\u00e1ny Budapesti \u00c9letbiztos\u00edt\u00e1si Cs\u00facstal\u00e1lkoz\u00f3","description":"VII. Budapesti \u00c9letbiztos\u00edt\u00e1si Cs\u00facstal\u00e1lkoz\u00f3 - Balatonf\u00fcred","publisher":{"@id":"https:\/\/penzkultura.eletbiztositasicsucstalalkozo.hu\/#organization"},"potentialAction":[{"@type":"SearchAction","target":{"@type":"EntryPoint","urlTemplate":"https:\/\/penzkultura.eletbiztositasicsucstalalkozo.hu\/?s={search_term_string}"},"query-input":{"@type":"PropertyValueSpecification","valueRequired":true,"valueName":"search_term_string"}}],"inLanguage":"en-GB"},{"@type":"Organization","@id":"https:\/\/penzkultura.eletbiztositasicsucstalalkozo.hu\/#organization","name":"P\u00e9nzKult\u00fara Alap\u00edtv\u00e1ny Budapesti \u00c9letbiztos\u00edt\u00e1si Cs\u00facstal\u00e1lkoz\u00f3","url":"https:\/\/penzkultura.eletbiztositasicsucstalalkozo.hu\/","logo":{"@type":"ImageObject","inLanguage":"en-GB","@id":"https:\/\/penzkultura.eletbiztositasicsucstalalkozo.hu\/#\/schema\/logo\/image\/","url":"https:\/\/penzkultura.eletbiztositasicsucstalalkozo.hu\/wp-content\/uploads\/2025\/07\/BECs.png","contentUrl":"https:\/\/penzkultura.eletbiztositasicsucstalalkozo.hu\/wp-content\/uploads\/2025\/07\/BECs.png","width":1406,"height":656,"caption":"P\u00e9nzKult\u00fara Alap\u00edtv\u00e1ny Budapesti \u00c9letbiztos\u00edt\u00e1si Cs\u00facstal\u00e1lkoz\u00f3"},"image":{"@id":"https:\/\/penzkultura.eletbiztositasicsucstalalkozo.hu\/#\/schema\/logo\/image\/"}}]}},"_links":{"self":[{"href":"https:\/\/penzkultura.eletbiztositasicsucstalalkozo.hu\/en\/wp-json\/wp\/v2\/pages\/1561","targetHints":{"allow":["GET"]}}],"collection":[{"href":"https:\/\/penzkultura.eletbiztositasicsucstalalkozo.hu\/en\/wp-json\/wp\/v2\/pages"}],"about":[{"href":"https:\/\/penzkultura.eletbiztositasicsucstalalkozo.hu\/en\/wp-json\/wp\/v2\/types\/page"}],"author":[{"embeddable":true,"href":"https:\/\/penzkultura.eletbiztositasicsucstalalkozo.hu\/en\/wp-json\/wp\/v2\/users\/1"}],"replies":[{"embeddable":true,"href":"https:\/\/penzkultura.eletbiztositasicsucstalalkozo.hu\/en\/wp-json\/wp\/v2\/comments?post=1561"}],"version-history":[{"count":7,"href":"https:\/\/penzkultura.eletbiztositasicsucstalalkozo.hu\/en\/wp-json\/wp\/v2\/pages\/1561\/revisions"}],"predecessor-version":[{"id":2750,"href":"https:\/\/penzkultura.eletbiztositasicsucstalalkozo.hu\/en\/wp-json\/wp\/v2\/pages\/1561\/revisions\/2750"}],"wp:featuredmedia":[{"embeddable":true,"href":"https:\/\/penzkultura.eletbiztositasicsucstalalkozo.hu\/en\/wp-json\/wp\/v2\/media\/880"}],"wp:attachment":[{"href":"https:\/\/penzkultura.eletbiztositasicsucstalalkozo.hu\/en\/wp-json\/wp\/v2\/media?parent=1561"}],"curies":[{"name":"wp","href":"https:\/\/api.w.org\/{rel}","templated":true}]}}