{"id":1566,"date":"2025-07-15T09:37:17","date_gmt":"2025-07-15T07:37:17","guid":{"rendered":"https:\/\/penzkultura.eletbiztositasicsucstalalkozo.hu\/?page_id=1566"},"modified":"2025-09-22T11:15:57","modified_gmt":"2025-09-22T09:15:57","slug":"andy-kovacs","status":"publish","type":"page","link":"https:\/\/penzkultura.eletbiztositasicsucstalalkozo.hu\/en\/andy-kovacs\/","title":{"rendered":"Andy Kovacs"},"content":{"rendered":"<div data-elementor-type=\"wp-page\" data-elementor-id=\"1566\" class=\"elementor elementor-1566\" data-elementor-post-type=\"page\">\n\t\t\t\t<div class=\"elementor-element elementor-element-054a705 e-flex e-con-boxed e-con e-parent\" data-id=\"054a705\" data-element_type=\"container\">\n\t\t\t\t\t<div class=\"e-con-inner\">\n\t\t<div class=\"elementor-element elementor-element-23460c4 e-con-full e-flex e-con e-child\" data-id=\"23460c4\" data-element_type=\"container\" data-settings=\"{&quot;background_background&quot;:&quot;classic&quot;}\">\n\t\t\t\t<div class=\"elementor-element elementor-element-d740cbe elementor-widget elementor-widget-image\" data-id=\"d740cbe\" data-element_type=\"widget\" data-widget_type=\"image.default\">\n\t\t\t\t<div class=\"elementor-widget-container\">\n\t\t\t\t\t\t\t\t\t\t\t\t\t\t\t<img fetchpriority=\"high\" decoding=\"async\" width=\"480\" height=\"580\" src=\"https:\/\/penzkultura.eletbiztositasicsucstalalkozo.hu\/wp-content\/uploads\/2025\/07\/Andy-Kovacs-CFP.jpg\" class=\"attachment-large size-large wp-image-1103\" alt=\"\" \/>\t\t\t\t\t\t\t\t\t\t\t\t\t\t\t<\/div>\n\t\t\t\t<\/div>\n\t\t<div class=\"elementor-element elementor-element-a8f1c2b e-con-full e-flex e-con e-child\" data-id=\"a8f1c2b\" data-element_type=\"container\">\n\t\t\t\t<div class=\"elementor-element elementor-element-d291bf5 elementor-widget elementor-widget-heading\" data-id=\"d291bf5\" data-element_type=\"widget\" data-widget_type=\"heading.default\">\n\t\t\t\t<div class=\"elementor-widget-container\">\n\t\t\t\t\t<h2 class=\"elementor-heading-title elementor-size-default\">Introducing Andy Kovacs\u2026<\/h2>\t\t\t\t<\/div>\n\t\t\t\t<\/div>\n\t\t\t\t<div class=\"elementor-element elementor-element-72f7b81 elementor-widget elementor-widget-text-editor\" data-id=\"72f7b81\" data-element_type=\"widget\" data-widget_type=\"text-editor.default\">\n\t\t\t\t<div class=\"elementor-widget-container\">\n\t\t\t\t\t\t\t\t\t<p>T\u00f6bb mint 20 \u00e9ve Andy Kov\u00e1cs seg\u00edti \u00fcgyfeleit alapvet\u0151 p\u00e9nz\u00fcgyi biztons\u00e1guk megteremt\u00e9s\u00e9ben. Mindig is v\u00e1llalkoz\u00f3k\u00e9nt mind\u00f6ssze 10 \u00e9vesen egy apr\u00f3 ablaktiszt\u00edt\u00f3 v\u00e1llalkoz\u00e1sb\u00f3l indult, \u00e9s d\u00edjnyertes v\u00e1llalkoz\u00e1st \u00e9p\u00edtett a Sun Life-n\u00e1l. Teljes k\u00f6r\u0171en min\u0151s\u00edtett p\u00e9nz\u00fcgyi tervez\u0151k\u00e9nt szak\u00e9rtelm\u00e9t \u00e9s tapasztalat\u00e1t arra \u00f6sszpontos\u00edtja, hogy a kisv\u00e1llalkoz\u00f3k \u00e9s csal\u00e1djaik biztons\u00e1gban \u00e9s el\u00e9gedetten \u00e9rezz\u00e9k magukat, amikor fontos p\u00e9nz\u00fcgyi d\u00f6nt\u00e9seket kell meghozniuk. Andy nem mindenkinek mindent jelent, hanem alapvet\u0151 p\u00e9nz\u00fcgyi biztons\u00e1got ny\u00fajt, hogy \u00fcgyfelei biztosak lehessenek abban, hogy b\u00e1rmilyen p\u00e9nz\u00fcgyi \u00e9s eg\u00e9szs\u00e9g\u00fcgyi vesz\u00e9ly is \u00e9rje \u0151ket. 2020 \u00f3ta \u00fajra\u00e9rtelmezte megk\u00f6zel\u00edt\u00e9s\u00e9t, hogy k\u00f6nnyebben \u00e9s sikeresebben kapcsolatba l\u00e9phessen a potenci\u00e1lis \u00fcgyfelekkel, megsokszorozza j\u00f6vedelm\u00e9t \u00e9s n\u00f6velje szem\u00e9lyes el\u00e9gedetts\u00e9g\u00e9t. Ez seg\u00edt neki tov\u00e1bbra is \u00e1tt\u00f6rni az \u00e1tlagot. Rendszeresen szerepel kanadai \u00fajs\u00e1gokban, r\u00e1di\u00f3ban, telev\u00edzi\u00f3ban \u00e9s magazinokban. Szem\u00e9ly szerint Andynek \u00e9s feles\u00e9g\u00e9nek k\u00e9t gyermeke van, \u00e9s Markham Ontari\u00f3ban \u00e9lnek, Toront\u00f3t\u00f3l \u00e9szakra, Kanad\u00e1ban. Szabadidej\u00e9ben Kanada egyik legkevesebb hatodik fokozat\u00fa fekete \u00f6ves karat\u00e9ja \u00e9s lelkes ker\u00e9kp\u00e1ros.<\/p><p>\u201cBreaking Through Average \u2013 5 key changes you can make to make it to the TOP!\u201d<\/p><p>Ha lenne m\u00f3d arra, hogy megv\u00e1ltoztasd a gondolkod\u00e1sodat \u00e9s finom\u00edtsd a megk\u00f6zel\u00edt\u00e9sedet, hogy az \u00fczletel\u00e9s k\u00f6nnyebb legyen, \u00e9s egy\u00fattal hat\u00e9konyabb \u00e9s j\u00f6vedelmez\u0151bb is legy\u00e9l, szeretn\u00e9d tudni, hogyan kell csin\u00e1lni? Szerencs\u00e9d van! Andy Kovacs felfedezte a m\u00f3dszert, \u00e9s felfedi azt az 5 v\u00e1ltoztat\u00e1st, amellyel \u00e1tt\u00f6rheted az \u00e1tlagot \u00e9s el\u00e9rheted a legmagasabb potenci\u00e1lodat. Ezek a v\u00e1ltoz\u00e1sok a jobb f\u00f3kuszb\u00f3l, az egyedi megk\u00f6zel\u00edt\u00e9sb\u0151l, a fejlett folyamatb\u00f3l, a c\u00e9lzott marketingb\u0151l \u00e9s a jobb \u00fcgyf\u00e9l\u00e9lm\u00e9nyb\u0151l fakadnak. Andy elmagyar\u00e1zza, mit jelent mindez, \u00e9s hogyan tudod be\u00e9p\u00edteni a v\u00e1llalkoz\u00e1sodba. A j\u00f3 h\u00edr az, hogy nem kell azt tenned, amit Andy tesz, hogy profit\u00e1lj abb\u00f3l, amit tesz. Az \u0151 egyedi strat\u00e9gi\u00e1ja neked is m\u0171k\u00f6dni fog, f\u00fcggetlen\u00fcl att\u00f3l, hogy hol dolgozol vagy mit csin\u00e1lsz. Nem kell 20 \u00e9vnyi pr\u00f3b\u00e1lkoz\u00e1sra \u00e9s hib\u00e1z\u00e1sra t\u00f6rekedned, hogy el\u00e9rd a c\u00e9ljaidat. Mind\u00f6ssze 20 perc alatt megteheted \u2013 ha megfogadod Andy tan\u00e1cs\u00e1t, \u00e9s megv\u00e1ltoztatod a gondolkod\u00e1sm\u00f3dodat \u00e9s a v\u00e1llalkoz\u00e1sodhoz val\u00f3 hozz\u00e1\u00e1ll\u00e1sodat!<\/p>\t\t\t\t\t\t\t\t<\/div>\n\t\t\t\t<\/div>\n\t\t\t\t<\/div>\n\t\t\t\t<\/div>\n\t\t\t\t\t<\/div>\n\t\t\t\t<\/div>\n\t\t<div class=\"elementor-element elementor-element-ca48cd5 e-flex e-con-boxed e-con e-parent\" data-id=\"ca48cd5\" data-element_type=\"container\">\n\t\t\t\t\t<div class=\"e-con-inner\">\n\t\t\t\t<div class=\"elementor-element elementor-element-0cc72c7 elementor-widget elementor-widget-video\" data-id=\"0cc72c7\" data-element_type=\"widget\" data-settings=\"{&quot;youtube_url&quot;:&quot;https:\\\/\\\/youtube.com\\\/shorts\\\/F0Mg3tBBr-c&quot;,&quot;autoplay&quot;:&quot;yes&quot;,&quot;play_on_mobile&quot;:&quot;yes&quot;,&quot;loop&quot;:&quot;yes&quot;,&quot;video_type&quot;:&quot;youtube&quot;,&quot;controls&quot;:&quot;yes&quot;}\" data-widget_type=\"video.default\">\n\t\t\t\t<div class=\"elementor-widget-container\">\n\t\t\t\t\t\t\t<div class=\"elementor-wrapper elementor-open-inline\">\n\t\t\t<div class=\"elementor-video\"><\/div>\t\t<\/div>\n\t\t\t\t\t\t<\/div>\n\t\t\t\t<\/div>\n\t\t\t\t\t<\/div>\n\t\t\t\t<\/div>\n\t\t\t\t<\/div>","protected":false},"excerpt":{"rendered":"<p>Bemutatkozik Andy Kovacs T\u00f6bb mint 20 \u00e9ve Andy Kov\u00e1cs seg\u00edti \u00fcgyfeleit alapvet\u0151 p\u00e9nz\u00fcgyi biztons\u00e1guk megteremt\u00e9s\u00e9ben. Mindig is v\u00e1llalkoz\u00f3k\u00e9nt mind\u00f6ssze 10 \u00e9vesen egy apr\u00f3 ablaktiszt\u00edt\u00f3 v\u00e1llalkoz\u00e1sb\u00f3l indult, \u00e9s d\u00edjnyertes v\u00e1llalkoz\u00e1st \u00e9p\u00edtett a Sun Life-n\u00e1l. Teljes k\u00f6r\u0171en min\u0151s\u00edtett p\u00e9nz\u00fcgyi tervez\u0151k\u00e9nt szak\u00e9rtelm\u00e9t \u00e9s tapasztalat\u00e1t arra \u00f6sszpontos\u00edtja, hogy a kisv\u00e1llalkoz\u00f3k \u00e9s csal\u00e1djaik biztons\u00e1gban \u00e9s el\u00e9gedetten \u00e9rezz\u00e9k magukat, amikor fontos [&hellip;]<\/p>","protected":false},"author":1,"featured_media":0,"parent":0,"menu_order":0,"comment_status":"closed","ping_status":"closed","template":"elementor_canvas","meta":{"footnotes":""},"class_list":["post-1566","page","type-page","status-publish","hentry"],"yoast_head":"<!-- This site is optimized with the Yoast SEO plugin v25.7 - https:\/\/yoast.com\/wordpress\/plugins\/seo\/ -->\n<title>Andy Kovacs - P\u00e9nzKult\u00fara Alap\u00edtv\u00e1ny Budapesti \u00c9letbiztos\u00edt\u00e1si Cs\u00facstal\u00e1lkoz\u00f3<\/title>\n<meta name=\"description\" content=\"A kanadai Andy Kovacs t\u00f6bb, mint 20 \u00e9ve seg\u00edti \u00fcgyfeleit abban, hogy megteremts\u00e9kalapvet\u0151 p\u00e9nz\u00fcgyi biztons\u00e1gukat. Mindig is v\u00e1llalkoz\u00f3 szellem\u0171 volt: tizen\u00e9vesen ablakmos\u00f3v\u00e1llalkoz\u00e1st ind\u00edtott, m\u00e1ra pedig d\u00edjnyertes \u00fczletet \u00e9p\u00edtett fel a\u00a0Sun Life\u00a0k\u00f6tel\u00e9k\u00e9ben.\" \/>\n<meta name=\"robots\" content=\"index, follow, max-snippet:-1, max-image-preview:large, max-video-preview:-1\" \/>\n<link rel=\"canonical\" href=\"https:\/\/penzkultura.eletbiztositasicsucstalalkozo.hu\/en\/andy-kovacs\/\" \/>\n<meta property=\"og:locale\" content=\"en_GB\" \/>\n<meta property=\"og:type\" content=\"article\" \/>\n<meta property=\"og:title\" content=\"Andy Kovacs - P\u00e9nzKult\u00fara Alap\u00edtv\u00e1ny Budapesti \u00c9letbiztos\u00edt\u00e1si Cs\u00facstal\u00e1lkoz\u00f3\" \/>\n<meta property=\"og:description\" content=\"A kanadai Andy Kovacs t\u00f6bb, mint 20 \u00e9ve seg\u00edti \u00fcgyfeleit abban, hogy megteremts\u00e9kalapvet\u0151 p\u00e9nz\u00fcgyi biztons\u00e1gukat. Mindig is v\u00e1llalkoz\u00f3 szellem\u0171 volt: tizen\u00e9vesen ablakmos\u00f3v\u00e1llalkoz\u00e1st ind\u00edtott, m\u00e1ra pedig d\u00edjnyertes \u00fczletet \u00e9p\u00edtett fel a\u00a0Sun Life\u00a0k\u00f6tel\u00e9k\u00e9ben.\" \/>\n<meta property=\"og:url\" content=\"https:\/\/penzkultura.eletbiztositasicsucstalalkozo.hu\/en\/andy-kovacs\/\" \/>\n<meta property=\"og:site_name\" content=\"P\u00e9nzKult\u00fara Alap\u00edtv\u00e1ny Budapesti \u00c9letbiztos\u00edt\u00e1si Cs\u00facstal\u00e1lkoz\u00f3\" \/>\n<meta property=\"article:modified_time\" content=\"2025-09-22T09:15:57+00:00\" \/>\n<meta property=\"og:image\" content=\"https:\/\/penzkultura.eletbiztositasicsucstalalkozo.hu\/wp-content\/uploads\/2025\/07\/Andy-Kovacs-CFP.jpg\" \/>\n\t<meta property=\"og:image:width\" content=\"480\" \/>\n\t<meta property=\"og:image:height\" content=\"580\" \/>\n\t<meta property=\"og:image:type\" content=\"image\/jpeg\" \/>\n<meta name=\"twitter:card\" content=\"summary_large_image\" \/>\n<meta name=\"twitter:label1\" content=\"Estimated reading time\" \/>\n\t<meta name=\"twitter:data1\" content=\"2 minutes\" \/>\n<script type=\"application\/ld+json\" class=\"yoast-schema-graph\">{\"@context\":\"https:\/\/schema.org\",\"@graph\":[{\"@type\":\"WebPage\",\"@id\":\"https:\/\/penzkultura.eletbiztositasicsucstalalkozo.hu\/andy-kovacs\/\",\"url\":\"https:\/\/penzkultura.eletbiztositasicsucstalalkozo.hu\/andy-kovacs\/\",\"name\":\"Andy Kovacs - P\u00e9nzKult\u00fara Alap\u00edtv\u00e1ny Budapesti \u00c9letbiztos\u00edt\u00e1si Cs\u00facstal\u00e1lkoz\u00f3\",\"isPartOf\":{\"@id\":\"https:\/\/penzkultura.eletbiztositasicsucstalalkozo.hu\/#website\"},\"primaryImageOfPage\":{\"@id\":\"https:\/\/penzkultura.eletbiztositasicsucstalalkozo.hu\/andy-kovacs\/#primaryimage\"},\"image\":{\"@id\":\"https:\/\/penzkultura.eletbiztositasicsucstalalkozo.hu\/andy-kovacs\/#primaryimage\"},\"thumbnailUrl\":\"https:\/\/penzkultura.eletbiztositasicsucstalalkozo.hu\/wp-content\/uploads\/2025\/07\/Andy-Kovacs-CFP.jpg\",\"datePublished\":\"2025-07-15T07:37:17+00:00\",\"dateModified\":\"2025-09-22T09:15:57+00:00\",\"description\":\"A kanadai Andy Kovacs t\u00f6bb, mint 20 \u00e9ve seg\u00edti \u00fcgyfeleit abban, hogy megteremts\u00e9kalapvet\u0151 p\u00e9nz\u00fcgyi biztons\u00e1gukat. Mindig is v\u00e1llalkoz\u00f3 szellem\u0171 volt: tizen\u00e9vesen ablakmos\u00f3v\u00e1llalkoz\u00e1st ind\u00edtott, m\u00e1ra pedig d\u00edjnyertes \u00fczletet \u00e9p\u00edtett fel a\u00a0Sun Life\u00a0k\u00f6tel\u00e9k\u00e9ben.\",\"breadcrumb\":{\"@id\":\"https:\/\/penzkultura.eletbiztositasicsucstalalkozo.hu\/andy-kovacs\/#breadcrumb\"},\"inLanguage\":\"en-GB\",\"potentialAction\":[{\"@type\":\"ReadAction\",\"target\":[\"https:\/\/penzkultura.eletbiztositasicsucstalalkozo.hu\/andy-kovacs\/\"]}]},{\"@type\":\"ImageObject\",\"inLanguage\":\"en-GB\",\"@id\":\"https:\/\/penzkultura.eletbiztositasicsucstalalkozo.hu\/andy-kovacs\/#primaryimage\",\"url\":\"https:\/\/penzkultura.eletbiztositasicsucstalalkozo.hu\/wp-content\/uploads\/2025\/07\/Andy-Kovacs-CFP.jpg\",\"contentUrl\":\"https:\/\/penzkultura.eletbiztositasicsucstalalkozo.hu\/wp-content\/uploads\/2025\/07\/Andy-Kovacs-CFP.jpg\"},{\"@type\":\"BreadcrumbList\",\"@id\":\"https:\/\/penzkultura.eletbiztositasicsucstalalkozo.hu\/andy-kovacs\/#breadcrumb\",\"itemListElement\":[{\"@type\":\"ListItem\",\"position\":1,\"name\":\"Kezd\u0151lap\",\"item\":\"https:\/\/penzkultura.eletbiztositasicsucstalalkozo.hu\/\"},{\"@type\":\"ListItem\",\"position\":2,\"name\":\"Andy Kovacs\"}]},{\"@type\":\"WebSite\",\"@id\":\"https:\/\/penzkultura.eletbiztositasicsucstalalkozo.hu\/#website\",\"url\":\"https:\/\/penzkultura.eletbiztositasicsucstalalkozo.hu\/\",\"name\":\"P\u00e9nzKult\u00fara Alap\u00edtv\u00e1ny Budapesti \u00c9letbiztos\u00edt\u00e1si Cs\u00facstal\u00e1lkoz\u00f3\",\"description\":\"VII. Budapesti \u00c9letbiztos\u00edt\u00e1si Cs\u00facstal\u00e1lkoz\u00f3 - Balatonf\u00fcred\",\"publisher\":{\"@id\":\"https:\/\/penzkultura.eletbiztositasicsucstalalkozo.hu\/#organization\"},\"potentialAction\":[{\"@type\":\"SearchAction\",\"target\":{\"@type\":\"EntryPoint\",\"urlTemplate\":\"https:\/\/penzkultura.eletbiztositasicsucstalalkozo.hu\/?s={search_term_string}\"},\"query-input\":{\"@type\":\"PropertyValueSpecification\",\"valueRequired\":true,\"valueName\":\"search_term_string\"}}],\"inLanguage\":\"en-GB\"},{\"@type\":\"Organization\",\"@id\":\"https:\/\/penzkultura.eletbiztositasicsucstalalkozo.hu\/#organization\",\"name\":\"P\u00e9nzKult\u00fara Alap\u00edtv\u00e1ny Budapesti \u00c9letbiztos\u00edt\u00e1si Cs\u00facstal\u00e1lkoz\u00f3\",\"url\":\"https:\/\/penzkultura.eletbiztositasicsucstalalkozo.hu\/\",\"logo\":{\"@type\":\"ImageObject\",\"inLanguage\":\"en-GB\",\"@id\":\"https:\/\/penzkultura.eletbiztositasicsucstalalkozo.hu\/#\/schema\/logo\/image\/\",\"url\":\"https:\/\/penzkultura.eletbiztositasicsucstalalkozo.hu\/wp-content\/uploads\/2025\/07\/BECs.png\",\"contentUrl\":\"https:\/\/penzkultura.eletbiztositasicsucstalalkozo.hu\/wp-content\/uploads\/2025\/07\/BECs.png\",\"width\":1406,\"height\":656,\"caption\":\"P\u00e9nzKult\u00fara Alap\u00edtv\u00e1ny Budapesti \u00c9letbiztos\u00edt\u00e1si Cs\u00facstal\u00e1lkoz\u00f3\"},\"image\":{\"@id\":\"https:\/\/penzkultura.eletbiztositasicsucstalalkozo.hu\/#\/schema\/logo\/image\/\"}}]}<\/script>\n<!-- \/ Yoast SEO plugin. -->","yoast_head_json":{"title":"Andy Kovacs - P\u00e9nzKult\u00fara Alap\u00edtv\u00e1ny Budapesti \u00c9letbiztos\u00edt\u00e1si Cs\u00facstal\u00e1lkoz\u00f3","description":"A kanadai Andy Kovacs t\u00f6bb, mint 20 \u00e9ve seg\u00edti \u00fcgyfeleit abban, hogy megteremts\u00e9kalapvet\u0151 p\u00e9nz\u00fcgyi biztons\u00e1gukat. Mindig is v\u00e1llalkoz\u00f3 szellem\u0171 volt: tizen\u00e9vesen ablakmos\u00f3v\u00e1llalkoz\u00e1st ind\u00edtott, m\u00e1ra pedig d\u00edjnyertes \u00fczletet \u00e9p\u00edtett fel a\u00a0Sun Life\u00a0k\u00f6tel\u00e9k\u00e9ben.","robots":{"index":"index","follow":"follow","max-snippet":"max-snippet:-1","max-image-preview":"max-image-preview:large","max-video-preview":"max-video-preview:-1"},"canonical":"https:\/\/penzkultura.eletbiztositasicsucstalalkozo.hu\/en\/andy-kovacs\/","og_locale":"en_GB","og_type":"article","og_title":"Andy Kovacs - P\u00e9nzKult\u00fara Alap\u00edtv\u00e1ny Budapesti \u00c9letbiztos\u00edt\u00e1si Cs\u00facstal\u00e1lkoz\u00f3","og_description":"A kanadai Andy Kovacs t\u00f6bb, mint 20 \u00e9ve seg\u00edti \u00fcgyfeleit abban, hogy megteremts\u00e9kalapvet\u0151 p\u00e9nz\u00fcgyi biztons\u00e1gukat. Mindig is v\u00e1llalkoz\u00f3 szellem\u0171 volt: tizen\u00e9vesen ablakmos\u00f3v\u00e1llalkoz\u00e1st ind\u00edtott, m\u00e1ra pedig d\u00edjnyertes \u00fczletet \u00e9p\u00edtett fel a\u00a0Sun Life\u00a0k\u00f6tel\u00e9k\u00e9ben.","og_url":"https:\/\/penzkultura.eletbiztositasicsucstalalkozo.hu\/en\/andy-kovacs\/","og_site_name":"P\u00e9nzKult\u00fara Alap\u00edtv\u00e1ny Budapesti \u00c9letbiztos\u00edt\u00e1si Cs\u00facstal\u00e1lkoz\u00f3","article_modified_time":"2025-09-22T09:15:57+00:00","og_image":[{"width":480,"height":580,"url":"https:\/\/penzkultura.eletbiztositasicsucstalalkozo.hu\/wp-content\/uploads\/2025\/07\/Andy-Kovacs-CFP.jpg","type":"image\/jpeg"}],"twitter_card":"summary_large_image","twitter_misc":{"Estimated reading time":"2 minutes"},"schema":{"@context":"https:\/\/schema.org","@graph":[{"@type":"WebPage","@id":"https:\/\/penzkultura.eletbiztositasicsucstalalkozo.hu\/andy-kovacs\/","url":"https:\/\/penzkultura.eletbiztositasicsucstalalkozo.hu\/andy-kovacs\/","name":"Andy Kovacs - P\u00e9nzKult\u00fara Alap\u00edtv\u00e1ny Budapesti \u00c9letbiztos\u00edt\u00e1si Cs\u00facstal\u00e1lkoz\u00f3","isPartOf":{"@id":"https:\/\/penzkultura.eletbiztositasicsucstalalkozo.hu\/#website"},"primaryImageOfPage":{"@id":"https:\/\/penzkultura.eletbiztositasicsucstalalkozo.hu\/andy-kovacs\/#primaryimage"},"image":{"@id":"https:\/\/penzkultura.eletbiztositasicsucstalalkozo.hu\/andy-kovacs\/#primaryimage"},"thumbnailUrl":"https:\/\/penzkultura.eletbiztositasicsucstalalkozo.hu\/wp-content\/uploads\/2025\/07\/Andy-Kovacs-CFP.jpg","datePublished":"2025-07-15T07:37:17+00:00","dateModified":"2025-09-22T09:15:57+00:00","description":"A kanadai Andy Kovacs t\u00f6bb, mint 20 \u00e9ve seg\u00edti \u00fcgyfeleit abban, hogy megteremts\u00e9kalapvet\u0151 p\u00e9nz\u00fcgyi biztons\u00e1gukat. Mindig is v\u00e1llalkoz\u00f3 szellem\u0171 volt: tizen\u00e9vesen ablakmos\u00f3v\u00e1llalkoz\u00e1st ind\u00edtott, m\u00e1ra pedig d\u00edjnyertes \u00fczletet \u00e9p\u00edtett fel a\u00a0Sun Life\u00a0k\u00f6tel\u00e9k\u00e9ben.","breadcrumb":{"@id":"https:\/\/penzkultura.eletbiztositasicsucstalalkozo.hu\/andy-kovacs\/#breadcrumb"},"inLanguage":"en-GB","potentialAction":[{"@type":"ReadAction","target":["https:\/\/penzkultura.eletbiztositasicsucstalalkozo.hu\/andy-kovacs\/"]}]},{"@type":"ImageObject","inLanguage":"en-GB","@id":"https:\/\/penzkultura.eletbiztositasicsucstalalkozo.hu\/andy-kovacs\/#primaryimage","url":"https:\/\/penzkultura.eletbiztositasicsucstalalkozo.hu\/wp-content\/uploads\/2025\/07\/Andy-Kovacs-CFP.jpg","contentUrl":"https:\/\/penzkultura.eletbiztositasicsucstalalkozo.hu\/wp-content\/uploads\/2025\/07\/Andy-Kovacs-CFP.jpg"},{"@type":"BreadcrumbList","@id":"https:\/\/penzkultura.eletbiztositasicsucstalalkozo.hu\/andy-kovacs\/#breadcrumb","itemListElement":[{"@type":"ListItem","position":1,"name":"Kezd\u0151lap","item":"https:\/\/penzkultura.eletbiztositasicsucstalalkozo.hu\/"},{"@type":"ListItem","position":2,"name":"Andy Kovacs"}]},{"@type":"WebSite","@id":"https:\/\/penzkultura.eletbiztositasicsucstalalkozo.hu\/#website","url":"https:\/\/penzkultura.eletbiztositasicsucstalalkozo.hu\/","name":"P\u00e9nzKult\u00fara Alap\u00edtv\u00e1ny Budapesti \u00c9letbiztos\u00edt\u00e1si Cs\u00facstal\u00e1lkoz\u00f3","description":"VII. Budapesti \u00c9letbiztos\u00edt\u00e1si Cs\u00facstal\u00e1lkoz\u00f3 - Balatonf\u00fcred","publisher":{"@id":"https:\/\/penzkultura.eletbiztositasicsucstalalkozo.hu\/#organization"},"potentialAction":[{"@type":"SearchAction","target":{"@type":"EntryPoint","urlTemplate":"https:\/\/penzkultura.eletbiztositasicsucstalalkozo.hu\/?s={search_term_string}"},"query-input":{"@type":"PropertyValueSpecification","valueRequired":true,"valueName":"search_term_string"}}],"inLanguage":"en-GB"},{"@type":"Organization","@id":"https:\/\/penzkultura.eletbiztositasicsucstalalkozo.hu\/#organization","name":"P\u00e9nzKult\u00fara Alap\u00edtv\u00e1ny Budapesti \u00c9letbiztos\u00edt\u00e1si Cs\u00facstal\u00e1lkoz\u00f3","url":"https:\/\/penzkultura.eletbiztositasicsucstalalkozo.hu\/","logo":{"@type":"ImageObject","inLanguage":"en-GB","@id":"https:\/\/penzkultura.eletbiztositasicsucstalalkozo.hu\/#\/schema\/logo\/image\/","url":"https:\/\/penzkultura.eletbiztositasicsucstalalkozo.hu\/wp-content\/uploads\/2025\/07\/BECs.png","contentUrl":"https:\/\/penzkultura.eletbiztositasicsucstalalkozo.hu\/wp-content\/uploads\/2025\/07\/BECs.png","width":1406,"height":656,"caption":"P\u00e9nzKult\u00fara Alap\u00edtv\u00e1ny Budapesti \u00c9letbiztos\u00edt\u00e1si Cs\u00facstal\u00e1lkoz\u00f3"},"image":{"@id":"https:\/\/penzkultura.eletbiztositasicsucstalalkozo.hu\/#\/schema\/logo\/image\/"}}]}},"_links":{"self":[{"href":"https:\/\/penzkultura.eletbiztositasicsucstalalkozo.hu\/en\/wp-json\/wp\/v2\/pages\/1566","targetHints":{"allow":["GET"]}}],"collection":[{"href":"https:\/\/penzkultura.eletbiztositasicsucstalalkozo.hu\/en\/wp-json\/wp\/v2\/pages"}],"about":[{"href":"https:\/\/penzkultura.eletbiztositasicsucstalalkozo.hu\/en\/wp-json\/wp\/v2\/types\/page"}],"author":[{"embeddable":true,"href":"https:\/\/penzkultura.eletbiztositasicsucstalalkozo.hu\/en\/wp-json\/wp\/v2\/users\/1"}],"replies":[{"embeddable":true,"href":"https:\/\/penzkultura.eletbiztositasicsucstalalkozo.hu\/en\/wp-json\/wp\/v2\/comments?post=1566"}],"version-history":[{"count":58,"href":"https:\/\/penzkultura.eletbiztositasicsucstalalkozo.hu\/en\/wp-json\/wp\/v2\/pages\/1566\/revisions"}],"predecessor-version":[{"id":4356,"href":"https:\/\/penzkultura.eletbiztositasicsucstalalkozo.hu\/en\/wp-json\/wp\/v2\/pages\/1566\/revisions\/4356"}],"wp:attachment":[{"href":"https:\/\/penzkultura.eletbiztositasicsucstalalkozo.hu\/en\/wp-json\/wp\/v2\/media?parent=1566"}],"curies":[{"name":"wp","href":"https:\/\/api.w.org\/{rel}","templated":true}]}}