{"id":1664,"date":"2025-07-15T11:10:34","date_gmt":"2025-07-15T09:10:34","guid":{"rendered":"https:\/\/penzkultura.eletbiztositasicsucstalalkozo.hu\/?page_id=1664"},"modified":"2025-08-27T11:13:54","modified_gmt":"2025-08-27T09:13:54","slug":"adrian-baker","status":"publish","type":"page","link":"https:\/\/penzkultura.eletbiztositasicsucstalalkozo.hu\/en\/adrian-baker\/","title":{"rendered":"Adrian Baker"},"content":{"rendered":"<div data-elementor-type=\"wp-page\" data-elementor-id=\"1664\" class=\"elementor elementor-1664\" data-elementor-post-type=\"page\">\n\t\t\t\t<div class=\"elementor-element elementor-element-d5417c6 e-flex e-con-boxed e-con e-parent\" data-id=\"d5417c6\" data-element_type=\"container\">\n\t\t\t\t\t<div class=\"e-con-inner\">\n\t\t<div class=\"elementor-element elementor-element-e680c1b e-con-full e-flex e-con e-child\" data-id=\"e680c1b\" data-element_type=\"container\" data-settings=\"{&quot;background_background&quot;:&quot;classic&quot;}\">\n\t\t\t\t<div class=\"elementor-element elementor-element-0a13747 elementor-widget elementor-widget-image\" data-id=\"0a13747\" data-element_type=\"widget\" data-widget_type=\"image.default\">\n\t\t\t\t<div class=\"elementor-widget-container\">\n\t\t\t\t\t\t\t\t\t\t\t\t\t\t\t<img fetchpriority=\"high\" decoding=\"async\" width=\"480\" height=\"580\" src=\"https:\/\/penzkultura.eletbiztositasicsucstalalkozo.hu\/wp-content\/uploads\/2025\/08\/Adrian-Baker-4.jpg\" class=\"attachment-large size-large wp-image-4194\" alt=\"\" srcset=\"https:\/\/penzkultura.eletbiztositasicsucstalalkozo.hu\/wp-content\/uploads\/2025\/08\/Adrian-Baker-4.jpg 480w, https:\/\/penzkultura.eletbiztositasicsucstalalkozo.hu\/wp-content\/uploads\/2025\/08\/Adrian-Baker-4-10x12.jpg 10w\" sizes=\"(max-width: 480px) 100vw, 480px\" \/>\t\t\t\t\t\t\t\t\t\t\t\t\t\t\t<\/div>\n\t\t\t\t<\/div>\n\t\t<div class=\"elementor-element elementor-element-c840ee4 e-con-full e-flex e-con e-child\" data-id=\"c840ee4\" data-element_type=\"container\">\n\t\t\t\t<div class=\"elementor-element elementor-element-519ed32 elementor-widget elementor-widget-heading\" data-id=\"519ed32\" data-element_type=\"widget\" data-widget_type=\"heading.default\">\n\t\t\t\t<div class=\"elementor-widget-container\">\n\t\t\t\t\t<h2 class=\"elementor-heading-title elementor-size-default\">Adrian Baker<\/h2>\t\t\t\t<\/div>\n\t\t\t\t<\/div>\n\t\t\t\t<div class=\"elementor-element elementor-element-2c78cb6 elementor-widget elementor-widget-text-editor\" data-id=\"2c78cb6\" data-element_type=\"widget\" data-widget_type=\"text-editor.default\">\n\t\t\t\t<div class=\"elementor-widget-container\">\n\t\t\t\t\t\t\t\t\t<p>MDRT Foundation past president, UK Excellence, one of the MDRT Foundation's most significant patrons. Known for his high-net-worth clientele and intensive philanthropic activities.<\/p>\n<p>Gloucestershire-born Adrian Baker brings a deeply holistic and community-driven approach to all aspects of his life and work. With a long career in financial services, Adrian has been a member of the Million Dollar Round Table (MDRT) for 42 years, a global organisation that recognises professional excellence and a commitment to ethical service.<br \/>He has also served as a Board Member and President of the MDRT Foundation. At the heart of Adrian\u2019s approach is the belief that truly understanding each person as an individual is key to providing meaningful support \u2013 whether it\u2019s through finances, community service, or personal mentoring.<br \/>This approach also underpins many of his community contributions. He is the co-founder of Baby Check Bath, a community benefit company that provides free osteopathic care to babies whose families would otherwise not have access to it. He is also the co-founder and trustee of Wotton Animal Rescue, a charity that rehomes cats and dogs. In addition to his professional and charitable work, Adrian is a 5th dan black belt martial artist who has been training and teaching for many years. His daily martial arts practice is more than a profession \u2013 it is a lifestyle that influences his values, focus and connection to energy. He also enjoys horse riding and dressage, which he sees as a natural extension of his martial arts journey, deepening his awareness of balance, presence and harmony with nature.<br \/>Adrian's work \u2013 whether with clients, animals or the wider community \u2013 is rooted in presence, connection and a desire to make a meaningful contribution.<\/p>\t\t\t\t\t\t\t\t<\/div>\n\t\t\t\t<\/div>\n\t\t\t\t<\/div>\n\t\t\t\t<\/div>\n\t\t\t\t\t<\/div>\n\t\t\t\t<\/div>\n\t\t\t\t<\/div>","protected":false},"excerpt":{"rendered":"<p>Adrian Baker Az MDRT Foundation past president, A Egyes\u00fclt Kir\u00e1lys\u00e1g kiv\u00e1l\u00f3s\u00e1ga, az MDRT Alap\u00edtv\u00e1ny\u00e1nak egyik legjelent\u0151sebb mec\u00e9n\u00e1sa. Magas j\u00f6vedelm\u0171 \u00fcgyf\u00e9lk\u00f6r\u00e9r\u0151l \u00e9s intenz\u00edv j\u00f3t\u00e9konys\u00e1gi tev\u00e9kenys\u00e9g\u00e9r\u0151l ismert. A Gloucestershire-ben sz\u00fcletett Adrian Baker m\u00e9lyen holisztikus \u00e9s k\u00f6z\u00f6ss\u00e9gvez\u00e9relt szeml\u00e9letet visz \u00e9lete \u00e9s munk\u00e1ja minden ter\u00fclet\u00e9re. Hossz\u00fa p\u00e9nz\u00fcgyi szolg\u00e1ltat\u00e1si karrierj\u00e9vel Adrian 42 \u00e9ve tagja a Million Dollar Round Table-nek (MDRT), [&hellip;]<\/p>","protected":false},"author":1,"featured_media":931,"parent":0,"menu_order":0,"comment_status":"closed","ping_status":"closed","template":"elementor_canvas","meta":{"footnotes":""},"class_list":["post-1664","page","type-page","status-publish","has-post-thumbnail","hentry"],"yoast_head":"<!-- This site is optimized with the Yoast SEO plugin v25.7 - https:\/\/yoast.com\/wordpress\/plugins\/seo\/ -->\n<title>Adrian Baker - P\u00e9nzKult\u00fara Alap\u00edtv\u00e1ny Budapesti \u00c9letbiztos\u00edt\u00e1si Cs\u00facstal\u00e1lkoz\u00f3<\/title>\n<meta name=\"description\" content=\"Az MDRT Foundation past president, A Egyes\u00fclt Kir\u00e1lys\u00e1g kiv\u00e1l\u00f3s\u00e1ga, az MDRT Alap\u00edtv\u00e1ny\u00e1nak egyik legjelent\u0151sebb mec\u00e9n\u00e1sa.\" \/>\n<meta name=\"robots\" content=\"index, follow, max-snippet:-1, max-image-preview:large, max-video-preview:-1\" \/>\n<link rel=\"canonical\" href=\"https:\/\/penzkultura.eletbiztositasicsucstalalkozo.hu\/en\/adrian-baker\/\" \/>\n<meta property=\"og:locale\" content=\"en_GB\" \/>\n<meta property=\"og:type\" content=\"article\" \/>\n<meta property=\"og:title\" content=\"Adrian Baker - P\u00e9nzKult\u00fara Alap\u00edtv\u00e1ny Budapesti \u00c9letbiztos\u00edt\u00e1si Cs\u00facstal\u00e1lkoz\u00f3\" \/>\n<meta property=\"og:description\" content=\"Az MDRT Foundation past president, A Egyes\u00fclt Kir\u00e1lys\u00e1g kiv\u00e1l\u00f3s\u00e1ga, az MDRT Alap\u00edtv\u00e1ny\u00e1nak egyik legjelent\u0151sebb mec\u00e9n\u00e1sa.\" \/>\n<meta property=\"og:url\" content=\"https:\/\/penzkultura.eletbiztositasicsucstalalkozo.hu\/en\/adrian-baker\/\" \/>\n<meta property=\"og:site_name\" content=\"P\u00e9nzKult\u00fara Alap\u00edtv\u00e1ny Budapesti \u00c9letbiztos\u00edt\u00e1si Cs\u00facstal\u00e1lkoz\u00f3\" \/>\n<meta property=\"article:modified_time\" content=\"2025-08-27T09:13:54+00:00\" \/>\n<meta property=\"og:image\" content=\"https:\/\/penzkultura.eletbiztositasicsucstalalkozo.hu\/wp-content\/uploads\/2025\/07\/Adrian-Baker.jpg\" \/>\n\t<meta property=\"og:image:width\" content=\"480\" \/>\n\t<meta property=\"og:image:height\" content=\"580\" \/>\n\t<meta property=\"og:image:type\" content=\"image\/jpeg\" \/>\n<meta name=\"twitter:card\" content=\"summary_large_image\" \/>\n<meta name=\"twitter:label1\" content=\"Estimated reading time\" \/>\n\t<meta name=\"twitter:data1\" content=\"2 minutes\" \/>\n<script type=\"application\/ld+json\" class=\"yoast-schema-graph\">{\"@context\":\"https:\/\/schema.org\",\"@graph\":[{\"@type\":\"WebPage\",\"@id\":\"https:\/\/penzkultura.eletbiztositasicsucstalalkozo.hu\/adrian-baker\/\",\"url\":\"https:\/\/penzkultura.eletbiztositasicsucstalalkozo.hu\/adrian-baker\/\",\"name\":\"Adrian Baker - P\u00e9nzKult\u00fara Alap\u00edtv\u00e1ny Budapesti \u00c9letbiztos\u00edt\u00e1si Cs\u00facstal\u00e1lkoz\u00f3\",\"isPartOf\":{\"@id\":\"https:\/\/penzkultura.eletbiztositasicsucstalalkozo.hu\/#website\"},\"primaryImageOfPage\":{\"@id\":\"https:\/\/penzkultura.eletbiztositasicsucstalalkozo.hu\/adrian-baker\/#primaryimage\"},\"image\":{\"@id\":\"https:\/\/penzkultura.eletbiztositasicsucstalalkozo.hu\/adrian-baker\/#primaryimage\"},\"thumbnailUrl\":\"https:\/\/penzkultura.eletbiztositasicsucstalalkozo.hu\/wp-content\/uploads\/2025\/07\/Adrian-Baker.jpg\",\"datePublished\":\"2025-07-15T09:10:34+00:00\",\"dateModified\":\"2025-08-27T09:13:54+00:00\",\"description\":\"Az MDRT Foundation past president, A Egyes\u00fclt Kir\u00e1lys\u00e1g kiv\u00e1l\u00f3s\u00e1ga, az MDRT Alap\u00edtv\u00e1ny\u00e1nak egyik legjelent\u0151sebb mec\u00e9n\u00e1sa.\",\"breadcrumb\":{\"@id\":\"https:\/\/penzkultura.eletbiztositasicsucstalalkozo.hu\/adrian-baker\/#breadcrumb\"},\"inLanguage\":\"en-GB\",\"potentialAction\":[{\"@type\":\"ReadAction\",\"target\":[\"https:\/\/penzkultura.eletbiztositasicsucstalalkozo.hu\/adrian-baker\/\"]}]},{\"@type\":\"ImageObject\",\"inLanguage\":\"en-GB\",\"@id\":\"https:\/\/penzkultura.eletbiztositasicsucstalalkozo.hu\/adrian-baker\/#primaryimage\",\"url\":\"https:\/\/penzkultura.eletbiztositasicsucstalalkozo.hu\/wp-content\/uploads\/2025\/07\/Adrian-Baker.jpg\",\"contentUrl\":\"https:\/\/penzkultura.eletbiztositasicsucstalalkozo.hu\/wp-content\/uploads\/2025\/07\/Adrian-Baker.jpg\",\"width\":480,\"height\":580},{\"@type\":\"BreadcrumbList\",\"@id\":\"https:\/\/penzkultura.eletbiztositasicsucstalalkozo.hu\/adrian-baker\/#breadcrumb\",\"itemListElement\":[{\"@type\":\"ListItem\",\"position\":1,\"name\":\"Kezd\u0151lap\",\"item\":\"https:\/\/penzkultura.eletbiztositasicsucstalalkozo.hu\/\"},{\"@type\":\"ListItem\",\"position\":2,\"name\":\"Adrian Baker\"}]},{\"@type\":\"WebSite\",\"@id\":\"https:\/\/penzkultura.eletbiztositasicsucstalalkozo.hu\/#website\",\"url\":\"https:\/\/penzkultura.eletbiztositasicsucstalalkozo.hu\/\",\"name\":\"P\u00e9nzKult\u00fara Alap\u00edtv\u00e1ny Budapesti \u00c9letbiztos\u00edt\u00e1si Cs\u00facstal\u00e1lkoz\u00f3\",\"description\":\"VII. Budapesti \u00c9letbiztos\u00edt\u00e1si Cs\u00facstal\u00e1lkoz\u00f3 - Balatonf\u00fcred\",\"publisher\":{\"@id\":\"https:\/\/penzkultura.eletbiztositasicsucstalalkozo.hu\/#organization\"},\"potentialAction\":[{\"@type\":\"SearchAction\",\"target\":{\"@type\":\"EntryPoint\",\"urlTemplate\":\"https:\/\/penzkultura.eletbiztositasicsucstalalkozo.hu\/?s={search_term_string}\"},\"query-input\":{\"@type\":\"PropertyValueSpecification\",\"valueRequired\":true,\"valueName\":\"search_term_string\"}}],\"inLanguage\":\"en-GB\"},{\"@type\":\"Organization\",\"@id\":\"https:\/\/penzkultura.eletbiztositasicsucstalalkozo.hu\/#organization\",\"name\":\"P\u00e9nzKult\u00fara Alap\u00edtv\u00e1ny Budapesti \u00c9letbiztos\u00edt\u00e1si Cs\u00facstal\u00e1lkoz\u00f3\",\"url\":\"https:\/\/penzkultura.eletbiztositasicsucstalalkozo.hu\/\",\"logo\":{\"@type\":\"ImageObject\",\"inLanguage\":\"en-GB\",\"@id\":\"https:\/\/penzkultura.eletbiztositasicsucstalalkozo.hu\/#\/schema\/logo\/image\/\",\"url\":\"https:\/\/penzkultura.eletbiztositasicsucstalalkozo.hu\/wp-content\/uploads\/2025\/07\/BECs.png\",\"contentUrl\":\"https:\/\/penzkultura.eletbiztositasicsucstalalkozo.hu\/wp-content\/uploads\/2025\/07\/BECs.png\",\"width\":1406,\"height\":656,\"caption\":\"P\u00e9nzKult\u00fara Alap\u00edtv\u00e1ny Budapesti \u00c9letbiztos\u00edt\u00e1si Cs\u00facstal\u00e1lkoz\u00f3\"},\"image\":{\"@id\":\"https:\/\/penzkultura.eletbiztositasicsucstalalkozo.hu\/#\/schema\/logo\/image\/\"}}]}<\/script>\n<!-- \/ Yoast SEO plugin. -->","yoast_head_json":{"title":"Adrian Baker - P\u00e9nzKult\u00fara Alap\u00edtv\u00e1ny Budapesti \u00c9letbiztos\u00edt\u00e1si Cs\u00facstal\u00e1lkoz\u00f3","description":"Az MDRT Foundation past president, A Egyes\u00fclt Kir\u00e1lys\u00e1g kiv\u00e1l\u00f3s\u00e1ga, az MDRT Alap\u00edtv\u00e1ny\u00e1nak egyik legjelent\u0151sebb mec\u00e9n\u00e1sa.","robots":{"index":"index","follow":"follow","max-snippet":"max-snippet:-1","max-image-preview":"max-image-preview:large","max-video-preview":"max-video-preview:-1"},"canonical":"https:\/\/penzkultura.eletbiztositasicsucstalalkozo.hu\/en\/adrian-baker\/","og_locale":"en_GB","og_type":"article","og_title":"Adrian Baker - P\u00e9nzKult\u00fara Alap\u00edtv\u00e1ny Budapesti \u00c9letbiztos\u00edt\u00e1si Cs\u00facstal\u00e1lkoz\u00f3","og_description":"Az MDRT Foundation past president, A Egyes\u00fclt Kir\u00e1lys\u00e1g kiv\u00e1l\u00f3s\u00e1ga, az MDRT Alap\u00edtv\u00e1ny\u00e1nak egyik legjelent\u0151sebb mec\u00e9n\u00e1sa.","og_url":"https:\/\/penzkultura.eletbiztositasicsucstalalkozo.hu\/en\/adrian-baker\/","og_site_name":"P\u00e9nzKult\u00fara Alap\u00edtv\u00e1ny Budapesti \u00c9letbiztos\u00edt\u00e1si Cs\u00facstal\u00e1lkoz\u00f3","article_modified_time":"2025-08-27T09:13:54+00:00","og_image":[{"width":480,"height":580,"url":"https:\/\/penzkultura.eletbiztositasicsucstalalkozo.hu\/wp-content\/uploads\/2025\/07\/Adrian-Baker.jpg","type":"image\/jpeg"}],"twitter_card":"summary_large_image","twitter_misc":{"Estimated reading time":"2 minutes"},"schema":{"@context":"https:\/\/schema.org","@graph":[{"@type":"WebPage","@id":"https:\/\/penzkultura.eletbiztositasicsucstalalkozo.hu\/adrian-baker\/","url":"https:\/\/penzkultura.eletbiztositasicsucstalalkozo.hu\/adrian-baker\/","name":"Adrian Baker - P\u00e9nzKult\u00fara Alap\u00edtv\u00e1ny Budapesti \u00c9letbiztos\u00edt\u00e1si Cs\u00facstal\u00e1lkoz\u00f3","isPartOf":{"@id":"https:\/\/penzkultura.eletbiztositasicsucstalalkozo.hu\/#website"},"primaryImageOfPage":{"@id":"https:\/\/penzkultura.eletbiztositasicsucstalalkozo.hu\/adrian-baker\/#primaryimage"},"image":{"@id":"https:\/\/penzkultura.eletbiztositasicsucstalalkozo.hu\/adrian-baker\/#primaryimage"},"thumbnailUrl":"https:\/\/penzkultura.eletbiztositasicsucstalalkozo.hu\/wp-content\/uploads\/2025\/07\/Adrian-Baker.jpg","datePublished":"2025-07-15T09:10:34+00:00","dateModified":"2025-08-27T09:13:54+00:00","description":"Az MDRT Foundation past president, A Egyes\u00fclt Kir\u00e1lys\u00e1g kiv\u00e1l\u00f3s\u00e1ga, az MDRT Alap\u00edtv\u00e1ny\u00e1nak egyik legjelent\u0151sebb mec\u00e9n\u00e1sa.","breadcrumb":{"@id":"https:\/\/penzkultura.eletbiztositasicsucstalalkozo.hu\/adrian-baker\/#breadcrumb"},"inLanguage":"en-GB","potentialAction":[{"@type":"ReadAction","target":["https:\/\/penzkultura.eletbiztositasicsucstalalkozo.hu\/adrian-baker\/"]}]},{"@type":"ImageObject","inLanguage":"en-GB","@id":"https:\/\/penzkultura.eletbiztositasicsucstalalkozo.hu\/adrian-baker\/#primaryimage","url":"https:\/\/penzkultura.eletbiztositasicsucstalalkozo.hu\/wp-content\/uploads\/2025\/07\/Adrian-Baker.jpg","contentUrl":"https:\/\/penzkultura.eletbiztositasicsucstalalkozo.hu\/wp-content\/uploads\/2025\/07\/Adrian-Baker.jpg","width":480,"height":580},{"@type":"BreadcrumbList","@id":"https:\/\/penzkultura.eletbiztositasicsucstalalkozo.hu\/adrian-baker\/#breadcrumb","itemListElement":[{"@type":"ListItem","position":1,"name":"Kezd\u0151lap","item":"https:\/\/penzkultura.eletbiztositasicsucstalalkozo.hu\/"},{"@type":"ListItem","position":2,"name":"Adrian Baker"}]},{"@type":"WebSite","@id":"https:\/\/penzkultura.eletbiztositasicsucstalalkozo.hu\/#website","url":"https:\/\/penzkultura.eletbiztositasicsucstalalkozo.hu\/","name":"P\u00e9nzKult\u00fara Alap\u00edtv\u00e1ny Budapesti \u00c9letbiztos\u00edt\u00e1si Cs\u00facstal\u00e1lkoz\u00f3","description":"VII. Budapesti \u00c9letbiztos\u00edt\u00e1si Cs\u00facstal\u00e1lkoz\u00f3 - Balatonf\u00fcred","publisher":{"@id":"https:\/\/penzkultura.eletbiztositasicsucstalalkozo.hu\/#organization"},"potentialAction":[{"@type":"SearchAction","target":{"@type":"EntryPoint","urlTemplate":"https:\/\/penzkultura.eletbiztositasicsucstalalkozo.hu\/?s={search_term_string}"},"query-input":{"@type":"PropertyValueSpecification","valueRequired":true,"valueName":"search_term_string"}}],"inLanguage":"en-GB"},{"@type":"Organization","@id":"https:\/\/penzkultura.eletbiztositasicsucstalalkozo.hu\/#organization","name":"P\u00e9nzKult\u00fara Alap\u00edtv\u00e1ny Budapesti \u00c9letbiztos\u00edt\u00e1si Cs\u00facstal\u00e1lkoz\u00f3","url":"https:\/\/penzkultura.eletbiztositasicsucstalalkozo.hu\/","logo":{"@type":"ImageObject","inLanguage":"en-GB","@id":"https:\/\/penzkultura.eletbiztositasicsucstalalkozo.hu\/#\/schema\/logo\/image\/","url":"https:\/\/penzkultura.eletbiztositasicsucstalalkozo.hu\/wp-content\/uploads\/2025\/07\/BECs.png","contentUrl":"https:\/\/penzkultura.eletbiztositasicsucstalalkozo.hu\/wp-content\/uploads\/2025\/07\/BECs.png","width":1406,"height":656,"caption":"P\u00e9nzKult\u00fara Alap\u00edtv\u00e1ny Budapesti \u00c9letbiztos\u00edt\u00e1si Cs\u00facstal\u00e1lkoz\u00f3"},"image":{"@id":"https:\/\/penzkultura.eletbiztositasicsucstalalkozo.hu\/#\/schema\/logo\/image\/"}}]}},"_links":{"self":[{"href":"https:\/\/penzkultura.eletbiztositasicsucstalalkozo.hu\/en\/wp-json\/wp\/v2\/pages\/1664","targetHints":{"allow":["GET"]}}],"collection":[{"href":"https:\/\/penzkultura.eletbiztositasicsucstalalkozo.hu\/en\/wp-json\/wp\/v2\/pages"}],"about":[{"href":"https:\/\/penzkultura.eletbiztositasicsucstalalkozo.hu\/en\/wp-json\/wp\/v2\/types\/page"}],"author":[{"embeddable":true,"href":"https:\/\/penzkultura.eletbiztositasicsucstalalkozo.hu\/en\/wp-json\/wp\/v2\/users\/1"}],"replies":[{"embeddable":true,"href":"https:\/\/penzkultura.eletbiztositasicsucstalalkozo.hu\/en\/wp-json\/wp\/v2\/comments?post=1664"}],"version-history":[{"count":17,"href":"https:\/\/penzkultura.eletbiztositasicsucstalalkozo.hu\/en\/wp-json\/wp\/v2\/pages\/1664\/revisions"}],"predecessor-version":[{"id":4197,"href":"https:\/\/penzkultura.eletbiztositasicsucstalalkozo.hu\/en\/wp-json\/wp\/v2\/pages\/1664\/revisions\/4197"}],"wp:featuredmedia":[{"embeddable":true,"href":"https:\/\/penzkultura.eletbiztositasicsucstalalkozo.hu\/en\/wp-json\/wp\/v2\/media\/931"}],"wp:attachment":[{"href":"https:\/\/penzkultura.eletbiztositasicsucstalalkozo.hu\/en\/wp-json\/wp\/v2\/media?parent=1664"}],"curies":[{"name":"wp","href":"https:\/\/api.w.org\/{rel}","templated":true}]}}