{"id":1672,"date":"2025-07-15T11:14:17","date_gmt":"2025-07-15T09:14:17","guid":{"rendered":"https:\/\/penzkultura.eletbiztositasicsucstalalkozo.hu\/?page_id=1672"},"modified":"2025-10-10T11:28:08","modified_gmt":"2025-10-10T09:28:08","slug":"solymar-attila","status":"publish","type":"page","link":"https:\/\/penzkultura.eletbiztositasicsucstalalkozo.hu\/en\/solymar-attila\/","title":{"rendered":"Attila Solym\u00e1r"},"content":{"rendered":"<div data-elementor-type=\"wp-page\" data-elementor-id=\"1672\" class=\"elementor elementor-1672\" data-elementor-post-type=\"page\">\n\t\t\t\t<div class=\"elementor-element elementor-element-990b023 e-flex e-con-boxed e-con e-parent\" data-id=\"990b023\" data-element_type=\"container\">\n\t\t\t\t\t<div class=\"e-con-inner\">\n\t\t<div class=\"elementor-element elementor-element-b75c67a e-con-full e-flex e-con e-child\" data-id=\"b75c67a\" data-element_type=\"container\" data-settings=\"{&quot;background_background&quot;:&quot;classic&quot;}\">\n\t\t\t\t<div class=\"elementor-element elementor-element-0f25fa4 elementor-widget elementor-widget-image\" data-id=\"0f25fa4\" data-element_type=\"widget\" data-widget_type=\"image.default\">\n\t\t\t\t<div class=\"elementor-widget-container\">\n\t\t\t\t\t\t\t\t\t\t\t\t\t\t\t<img fetchpriority=\"high\" decoding=\"async\" width=\"480\" height=\"580\" src=\"https:\/\/penzkultura.eletbiztositasicsucstalalkozo.hu\/wp-content\/uploads\/2025\/10\/Solymar-Attila-3.jpg\" class=\"attachment-large size-large wp-image-4426\" alt=\"\" srcset=\"https:\/\/penzkultura.eletbiztositasicsucstalalkozo.hu\/wp-content\/uploads\/2025\/10\/Solymar-Attila-3.jpg 480w, https:\/\/penzkultura.eletbiztositasicsucstalalkozo.hu\/wp-content\/uploads\/2025\/10\/Solymar-Attila-3-10x12.jpg 10w\" sizes=\"(max-width: 480px) 100vw, 480px\" \/>\t\t\t\t\t\t\t\t\t\t\t\t\t\t\t<\/div>\n\t\t\t\t<\/div>\n\t\t<div class=\"elementor-element elementor-element-9855c84 e-con-full e-flex e-con e-child\" data-id=\"9855c84\" data-element_type=\"container\">\n\t\t\t\t<div class=\"elementor-element elementor-element-ea0ca6f elementor-widget elementor-widget-heading\" data-id=\"ea0ca6f\" data-element_type=\"widget\" data-widget_type=\"heading.default\">\n\t\t\t\t<div class=\"elementor-widget-container\">\n\t\t\t\t\t<h2 class=\"elementor-heading-title elementor-size-default\">Attila Solym\u00e1r<\/h2>\t\t\t\t<\/div>\n\t\t\t\t<\/div>\n\t\t\t\t<div class=\"elementor-element elementor-element-213afea elementor-widget elementor-widget-text-editor\" data-id=\"213afea\" data-element_type=\"widget\" data-widget_type=\"text-editor.default\">\n\t\t\t\t<div class=\"elementor-widget-container\">\n\t\t\t\t\t\t\t\t\t<div class=\"tVu25\"><div class=\"nH\"><div class=\"nH\"><div class=\"nH aqk aql bkL\"><div class=\"nH bkK\"><div class=\"nH\"><div class=\"nH ar4 z\"><div class=\"aeI\"><div class=\"AO\"><div id=\":3\" class=\"Tm aeJ\"><div id=\":1\" class=\"aeF\"><div class=\"nH\"><div class=\"nH\" role=\"main\"><div class=\"nH g\"><div class=\"nH a98 iY\"><div class=\"nH\"><div class=\"aHU hx\"><div role=\"list\"><div class=\"h7 bg ie\" tabindex=\"-1\" role=\"listitem\" aria-expanded=\"true\"><div class=\"Bk\"><div class=\"G3 G2 afm\"><div><div id=\":1ls\"><div class=\"adn ads\" data-message-id=\"#msg-f:1837710282827379746\" data-legacy-message-id=\"1980dbc400023422\"><div class=\"gs\"><div class=\"\"><div id=\":1lu\" class=\"ii gt\"><div id=\":1lt\" class=\"a3s aiL\"><div><div class=\"adL\"><div><blockquote><div class=\"adL\"><div class=\"im\"><div><div><div><h4>A recognized figure in the international life insurance profession<\/h4><p>Attila is a prominent and recognized figure in the international life insurance industry, committed to raising the professional standards of life insurance in Hungary. He is the founder and professional creator of the Budapest Life Insurance Summit, and the initiator, organizer and director of the wide-ranging domestic introduction of MDRT (Million Dollar Round Table).<\/p><p>He learned his professional skills from the world's most renowned masters, including Tony Gordon, Jim Ruta, Norm Trainor and Van Miller, who were his constant personal mentors. He began his career in 1999 as an insurance consultant, and in 2001 he founded his own consulting firm, which he has personally managed ever since.<\/p><p>Based on the available data, it built the largest individual life insurance client base in Hungary in the following two decades, with 24 MDRT, 18 COT and 9 TOT certifications, and as a result, MDRT (Million Dollar Round Table) lifetime membership.<\/p><p>Between 2008 and 2013, he was one of the largest shareholders and then a member of the supervisory board of CIG Pann\u00f3nia \u2013 the only Hungarian-owned insurance company founded in Hungary. From 2010, he was the official representative of MDRT in Hungary for three years, and later became its international ambassador.\u00a0<\/p><p><strong>Social responsibility and charity<\/strong><\/p><p>He is the founder, curator and patron of the Money &amp; Culture Foundation, which supports needy families with children who have lost their breadwinner without insurance coverage. The organization's charitable activities are joined by numerous Hungarian insurance companies and world-renowned international life insurance speakers every year, especially in the framework of the Budapest Life Insurance Summit.<\/p><p>Ez a rangos nemzetk\u00f6zi esem\u00e9ny 2014 \u00e9s 2019 k\u00f6z\u00f6tt \u00e9vente megrendezett konferenciasorozatk\u00e9nt m\u0171k\u00f6d\u00f6tt Budapesten, \u00e9s n\u00e9gy \u00e9v sz\u00fcnet ut\u00e1n 2025-t\u0151l \u00fajraindul, ez\u00fattal Balatonf\u00fcreden, \u00c9ves Rendszeres Kongresszusk\u00e9nt. A rendezv\u00e9ny c\u00e9lja nem csup\u00e1n a szakmai fejl\u0151d\u00e9s el\u0151seg\u00edt\u00e9se, hanem az \u00e9letbiztos\u00edt\u00e1si ipar\u00e1g sztenderdjeinek emel\u00e9se is.<\/p><p>Since 2014, more than 3,000 life insurance advisors have attended the Budapest Life Insurance Summit, where they learned from 30 globally recognized experts.<\/p><h4>International presence<\/h4><p>The Money &amp; Culture Foundation was also active on a global level between 2017 and 2019: it supported the promotion of the importance of life insurance and organized and supported nonprofit events not only in Hungary, but also in Eastern and Southern Europe and the Middle East.<\/p><p>Attila has been invited as a professional speaker on several occasions to the following countries: Poland, Cyprus, Hong Kong, Malaysia, Macau, United Arab Emirates (Dubai), China, Taiwan and Lebanon.<\/p><p>The Congress will hold a workshop on the second day, for which you can register in advance.<\/p><\/div><\/div><\/div><\/div><\/div><\/blockquote><\/div><div class=\"adL\">\u00a0<\/div><\/div><\/div><\/div><\/div><\/div><\/div><\/div><\/div><\/div><\/div><\/div><\/div><\/div><\/div><\/div><\/div><\/div><\/div><\/div><\/div><\/div><\/div><\/div><\/div><\/div><\/div><\/div><\/div><\/div><\/div>\t\t\t\t\t\t\t\t<\/div>\n\t\t\t\t<\/div>\n\t\t\t\t<\/div>\n\t\t\t\t<\/div>\n\t\t\t\t\t<\/div>\n\t\t\t\t<\/div>\n\t\t\t\t<\/div>","protected":false},"excerpt":{"rendered":"<p>Solym\u00e1r Attila A nemzetk\u00f6zi \u00e9letbiztos\u00edt\u00e1si hivat\u00e1s elismert alakja Attila a nemzetk\u00f6zi \u00e9letbiztos\u00edt\u00e1si szakma meghat\u00e1roz\u00f3, elismert szerepl\u0151je, aki elk\u00f6telezetten dolgozik a magyarorsz\u00e1gi \u00e9letbiztos\u00edt\u00e1si szakmai sztenderdek emel\u00e9s\u00e9\u00e9rt. \u0150 a Budapesti \u00c9letbiztos\u00edt\u00e1si Cs\u00facstal\u00e1lkoz\u00f3 (Budapest Life Insurance Summit) alap\u00edt\u00f3ja \u00e9s szakmai megalkot\u00f3ja, valamint az MDRT\u00a0(Million Dollar Round Table) sz\u00e9les k\u00f6r\u0171 hazai megismertet\u00e9s\u00e9nek kezdem\u00e9nyez\u0151je, szervez\u0151je \u00e9s rendez\u0151je. Szakmai tud\u00e1s\u00e1t a [&hellip;]<\/p>","protected":false},"author":1,"featured_media":0,"parent":0,"menu_order":0,"comment_status":"closed","ping_status":"closed","template":"elementor_canvas","meta":{"footnotes":""},"class_list":["post-1672","page","type-page","status-publish","hentry"],"yoast_head":"<!-- This site is optimized with the Yoast SEO plugin v25.7 - https:\/\/yoast.com\/wordpress\/plugins\/seo\/ -->\n<title>Solym\u00e1r Attila - P\u00e9nzKult\u00fara Alap\u00edtv\u00e1ny Budapesti \u00c9letbiztos\u00edt\u00e1si Cs\u00facstal\u00e1lkoz\u00f3<\/title>\n<meta name=\"description\" content=\"Attila a nemzetk\u00f6zi \u00e9letbiztos\u00edt\u00e1si szakma meghat\u00e1roz\u00f3, elismert szerepl\u0151je, aki elk\u00f6telezetten dolgozik a magyarorsz\u00e1gi \u00e9letbiztos\u00edt\u00e1si szakmai sztenderdek emel\u00e9s\u00e9\u00e9rt.\" \/>\n<meta name=\"robots\" content=\"index, follow, max-snippet:-1, max-image-preview:large, max-video-preview:-1\" \/>\n<link rel=\"canonical\" href=\"https:\/\/penzkultura.eletbiztositasicsucstalalkozo.hu\/en\/solymar-attila\/\" \/>\n<meta property=\"og:locale\" content=\"en_GB\" \/>\n<meta property=\"og:type\" content=\"article\" \/>\n<meta property=\"og:title\" content=\"Solym\u00e1r Attila - P\u00e9nzKult\u00fara Alap\u00edtv\u00e1ny Budapesti \u00c9letbiztos\u00edt\u00e1si Cs\u00facstal\u00e1lkoz\u00f3\" \/>\n<meta property=\"og:description\" content=\"Attila a nemzetk\u00f6zi \u00e9letbiztos\u00edt\u00e1si szakma meghat\u00e1roz\u00f3, elismert szerepl\u0151je, aki elk\u00f6telezetten dolgozik a magyarorsz\u00e1gi \u00e9letbiztos\u00edt\u00e1si szakmai sztenderdek emel\u00e9s\u00e9\u00e9rt.\" \/>\n<meta property=\"og:url\" content=\"https:\/\/penzkultura.eletbiztositasicsucstalalkozo.hu\/en\/solymar-attila\/\" \/>\n<meta property=\"og:site_name\" content=\"P\u00e9nzKult\u00fara Alap\u00edtv\u00e1ny Budapesti \u00c9letbiztos\u00edt\u00e1si Cs\u00facstal\u00e1lkoz\u00f3\" \/>\n<meta property=\"article:modified_time\" content=\"2025-10-10T09:28:08+00:00\" \/>\n<meta property=\"og:image\" content=\"https:\/\/penzkultura.eletbiztositasicsucstalalkozo.hu\/wp-content\/uploads\/2025\/07\/Solymar-Attila-1.png\" \/>\n\t<meta property=\"og:image:width\" content=\"480\" \/>\n\t<meta property=\"og:image:height\" content=\"580\" \/>\n\t<meta property=\"og:image:type\" content=\"image\/png\" \/>\n<meta name=\"twitter:card\" content=\"summary_large_image\" \/>\n<meta name=\"twitter:label1\" content=\"Estimated reading time\" \/>\n\t<meta name=\"twitter:data1\" content=\"1 minute\" \/>\n<script type=\"application\/ld+json\" class=\"yoast-schema-graph\">{\"@context\":\"https:\/\/schema.org\",\"@graph\":[{\"@type\":\"WebPage\",\"@id\":\"https:\/\/penzkultura.eletbiztositasicsucstalalkozo.hu\/solymar-attila\/\",\"url\":\"https:\/\/penzkultura.eletbiztositasicsucstalalkozo.hu\/solymar-attila\/\",\"name\":\"Solym\u00e1r Attila - P\u00e9nzKult\u00fara Alap\u00edtv\u00e1ny Budapesti \u00c9letbiztos\u00edt\u00e1si Cs\u00facstal\u00e1lkoz\u00f3\",\"isPartOf\":{\"@id\":\"https:\/\/penzkultura.eletbiztositasicsucstalalkozo.hu\/#website\"},\"primaryImageOfPage\":{\"@id\":\"https:\/\/penzkultura.eletbiztositasicsucstalalkozo.hu\/solymar-attila\/#primaryimage\"},\"image\":{\"@id\":\"https:\/\/penzkultura.eletbiztositasicsucstalalkozo.hu\/solymar-attila\/#primaryimage\"},\"thumbnailUrl\":\"https:\/\/penzkultura.eletbiztositasicsucstalalkozo.hu\/wp-content\/uploads\/2025\/10\/Solymar-Attila-3.jpg\",\"datePublished\":\"2025-07-15T09:14:17+00:00\",\"dateModified\":\"2025-10-10T09:28:08+00:00\",\"description\":\"Attila a nemzetk\u00f6zi \u00e9letbiztos\u00edt\u00e1si szakma meghat\u00e1roz\u00f3, elismert szerepl\u0151je, aki elk\u00f6telezetten dolgozik a magyarorsz\u00e1gi \u00e9letbiztos\u00edt\u00e1si szakmai sztenderdek emel\u00e9s\u00e9\u00e9rt.\",\"breadcrumb\":{\"@id\":\"https:\/\/penzkultura.eletbiztositasicsucstalalkozo.hu\/solymar-attila\/#breadcrumb\"},\"inLanguage\":\"en-GB\",\"potentialAction\":[{\"@type\":\"ReadAction\",\"target\":[\"https:\/\/penzkultura.eletbiztositasicsucstalalkozo.hu\/solymar-attila\/\"]}]},{\"@type\":\"ImageObject\",\"inLanguage\":\"en-GB\",\"@id\":\"https:\/\/penzkultura.eletbiztositasicsucstalalkozo.hu\/solymar-attila\/#primaryimage\",\"url\":\"https:\/\/penzkultura.eletbiztositasicsucstalalkozo.hu\/wp-content\/uploads\/2025\/10\/Solymar-Attila-3.jpg\",\"contentUrl\":\"https:\/\/penzkultura.eletbiztositasicsucstalalkozo.hu\/wp-content\/uploads\/2025\/10\/Solymar-Attila-3.jpg\"},{\"@type\":\"BreadcrumbList\",\"@id\":\"https:\/\/penzkultura.eletbiztositasicsucstalalkozo.hu\/solymar-attila\/#breadcrumb\",\"itemListElement\":[{\"@type\":\"ListItem\",\"position\":1,\"name\":\"Kezd\u0151lap\",\"item\":\"https:\/\/penzkultura.eletbiztositasicsucstalalkozo.hu\/\"},{\"@type\":\"ListItem\",\"position\":2,\"name\":\"Solym\u00e1r Attila\"}]},{\"@type\":\"WebSite\",\"@id\":\"https:\/\/penzkultura.eletbiztositasicsucstalalkozo.hu\/#website\",\"url\":\"https:\/\/penzkultura.eletbiztositasicsucstalalkozo.hu\/\",\"name\":\"P\u00e9nzKult\u00fara Alap\u00edtv\u00e1ny Budapesti \u00c9letbiztos\u00edt\u00e1si Cs\u00facstal\u00e1lkoz\u00f3\",\"description\":\"VII. Budapesti \u00c9letbiztos\u00edt\u00e1si Cs\u00facstal\u00e1lkoz\u00f3 - Balatonf\u00fcred\",\"publisher\":{\"@id\":\"https:\/\/penzkultura.eletbiztositasicsucstalalkozo.hu\/#organization\"},\"potentialAction\":[{\"@type\":\"SearchAction\",\"target\":{\"@type\":\"EntryPoint\",\"urlTemplate\":\"https:\/\/penzkultura.eletbiztositasicsucstalalkozo.hu\/?s={search_term_string}\"},\"query-input\":{\"@type\":\"PropertyValueSpecification\",\"valueRequired\":true,\"valueName\":\"search_term_string\"}}],\"inLanguage\":\"en-GB\"},{\"@type\":\"Organization\",\"@id\":\"https:\/\/penzkultura.eletbiztositasicsucstalalkozo.hu\/#organization\",\"name\":\"P\u00e9nzKult\u00fara Alap\u00edtv\u00e1ny Budapesti \u00c9letbiztos\u00edt\u00e1si Cs\u00facstal\u00e1lkoz\u00f3\",\"url\":\"https:\/\/penzkultura.eletbiztositasicsucstalalkozo.hu\/\",\"logo\":{\"@type\":\"ImageObject\",\"inLanguage\":\"en-GB\",\"@id\":\"https:\/\/penzkultura.eletbiztositasicsucstalalkozo.hu\/#\/schema\/logo\/image\/\",\"url\":\"https:\/\/penzkultura.eletbiztositasicsucstalalkozo.hu\/wp-content\/uploads\/2025\/07\/BECs.png\",\"contentUrl\":\"https:\/\/penzkultura.eletbiztositasicsucstalalkozo.hu\/wp-content\/uploads\/2025\/07\/BECs.png\",\"width\":1406,\"height\":656,\"caption\":\"P\u00e9nzKult\u00fara Alap\u00edtv\u00e1ny Budapesti \u00c9letbiztos\u00edt\u00e1si Cs\u00facstal\u00e1lkoz\u00f3\"},\"image\":{\"@id\":\"https:\/\/penzkultura.eletbiztositasicsucstalalkozo.hu\/#\/schema\/logo\/image\/\"}}]}<\/script>\n<!-- \/ Yoast SEO plugin. -->","yoast_head_json":{"title":"Solym\u00e1r Attila - P\u00e9nzKult\u00fara Alap\u00edtv\u00e1ny Budapesti \u00c9letbiztos\u00edt\u00e1si Cs\u00facstal\u00e1lkoz\u00f3","description":"Attila a nemzetk\u00f6zi \u00e9letbiztos\u00edt\u00e1si szakma meghat\u00e1roz\u00f3, elismert szerepl\u0151je, aki elk\u00f6telezetten dolgozik a magyarorsz\u00e1gi \u00e9letbiztos\u00edt\u00e1si szakmai sztenderdek emel\u00e9s\u00e9\u00e9rt.","robots":{"index":"index","follow":"follow","max-snippet":"max-snippet:-1","max-image-preview":"max-image-preview:large","max-video-preview":"max-video-preview:-1"},"canonical":"https:\/\/penzkultura.eletbiztositasicsucstalalkozo.hu\/en\/solymar-attila\/","og_locale":"en_GB","og_type":"article","og_title":"Solym\u00e1r Attila - P\u00e9nzKult\u00fara Alap\u00edtv\u00e1ny Budapesti \u00c9letbiztos\u00edt\u00e1si Cs\u00facstal\u00e1lkoz\u00f3","og_description":"Attila a nemzetk\u00f6zi \u00e9letbiztos\u00edt\u00e1si szakma meghat\u00e1roz\u00f3, elismert szerepl\u0151je, aki elk\u00f6telezetten dolgozik a magyarorsz\u00e1gi \u00e9letbiztos\u00edt\u00e1si szakmai sztenderdek emel\u00e9s\u00e9\u00e9rt.","og_url":"https:\/\/penzkultura.eletbiztositasicsucstalalkozo.hu\/en\/solymar-attila\/","og_site_name":"P\u00e9nzKult\u00fara Alap\u00edtv\u00e1ny Budapesti \u00c9letbiztos\u00edt\u00e1si Cs\u00facstal\u00e1lkoz\u00f3","article_modified_time":"2025-10-10T09:28:08+00:00","og_image":[{"width":480,"height":580,"url":"https:\/\/penzkultura.eletbiztositasicsucstalalkozo.hu\/wp-content\/uploads\/2025\/07\/Solymar-Attila-1.png","type":"image\/png"}],"twitter_card":"summary_large_image","twitter_misc":{"Estimated reading time":"1 minute"},"schema":{"@context":"https:\/\/schema.org","@graph":[{"@type":"WebPage","@id":"https:\/\/penzkultura.eletbiztositasicsucstalalkozo.hu\/solymar-attila\/","url":"https:\/\/penzkultura.eletbiztositasicsucstalalkozo.hu\/solymar-attila\/","name":"Solym\u00e1r Attila - P\u00e9nzKult\u00fara Alap\u00edtv\u00e1ny Budapesti \u00c9letbiztos\u00edt\u00e1si Cs\u00facstal\u00e1lkoz\u00f3","isPartOf":{"@id":"https:\/\/penzkultura.eletbiztositasicsucstalalkozo.hu\/#website"},"primaryImageOfPage":{"@id":"https:\/\/penzkultura.eletbiztositasicsucstalalkozo.hu\/solymar-attila\/#primaryimage"},"image":{"@id":"https:\/\/penzkultura.eletbiztositasicsucstalalkozo.hu\/solymar-attila\/#primaryimage"},"thumbnailUrl":"https:\/\/penzkultura.eletbiztositasicsucstalalkozo.hu\/wp-content\/uploads\/2025\/10\/Solymar-Attila-3.jpg","datePublished":"2025-07-15T09:14:17+00:00","dateModified":"2025-10-10T09:28:08+00:00","description":"Attila a nemzetk\u00f6zi \u00e9letbiztos\u00edt\u00e1si szakma meghat\u00e1roz\u00f3, elismert szerepl\u0151je, aki elk\u00f6telezetten dolgozik a magyarorsz\u00e1gi \u00e9letbiztos\u00edt\u00e1si szakmai sztenderdek emel\u00e9s\u00e9\u00e9rt.","breadcrumb":{"@id":"https:\/\/penzkultura.eletbiztositasicsucstalalkozo.hu\/solymar-attila\/#breadcrumb"},"inLanguage":"en-GB","potentialAction":[{"@type":"ReadAction","target":["https:\/\/penzkultura.eletbiztositasicsucstalalkozo.hu\/solymar-attila\/"]}]},{"@type":"ImageObject","inLanguage":"en-GB","@id":"https:\/\/penzkultura.eletbiztositasicsucstalalkozo.hu\/solymar-attila\/#primaryimage","url":"https:\/\/penzkultura.eletbiztositasicsucstalalkozo.hu\/wp-content\/uploads\/2025\/10\/Solymar-Attila-3.jpg","contentUrl":"https:\/\/penzkultura.eletbiztositasicsucstalalkozo.hu\/wp-content\/uploads\/2025\/10\/Solymar-Attila-3.jpg"},{"@type":"BreadcrumbList","@id":"https:\/\/penzkultura.eletbiztositasicsucstalalkozo.hu\/solymar-attila\/#breadcrumb","itemListElement":[{"@type":"ListItem","position":1,"name":"Kezd\u0151lap","item":"https:\/\/penzkultura.eletbiztositasicsucstalalkozo.hu\/"},{"@type":"ListItem","position":2,"name":"Solym\u00e1r Attila"}]},{"@type":"WebSite","@id":"https:\/\/penzkultura.eletbiztositasicsucstalalkozo.hu\/#website","url":"https:\/\/penzkultura.eletbiztositasicsucstalalkozo.hu\/","name":"P\u00e9nzKult\u00fara Alap\u00edtv\u00e1ny Budapesti \u00c9letbiztos\u00edt\u00e1si Cs\u00facstal\u00e1lkoz\u00f3","description":"VII. Budapesti \u00c9letbiztos\u00edt\u00e1si Cs\u00facstal\u00e1lkoz\u00f3 - Balatonf\u00fcred","publisher":{"@id":"https:\/\/penzkultura.eletbiztositasicsucstalalkozo.hu\/#organization"},"potentialAction":[{"@type":"SearchAction","target":{"@type":"EntryPoint","urlTemplate":"https:\/\/penzkultura.eletbiztositasicsucstalalkozo.hu\/?s={search_term_string}"},"query-input":{"@type":"PropertyValueSpecification","valueRequired":true,"valueName":"search_term_string"}}],"inLanguage":"en-GB"},{"@type":"Organization","@id":"https:\/\/penzkultura.eletbiztositasicsucstalalkozo.hu\/#organization","name":"P\u00e9nzKult\u00fara Alap\u00edtv\u00e1ny Budapesti \u00c9letbiztos\u00edt\u00e1si Cs\u00facstal\u00e1lkoz\u00f3","url":"https:\/\/penzkultura.eletbiztositasicsucstalalkozo.hu\/","logo":{"@type":"ImageObject","inLanguage":"en-GB","@id":"https:\/\/penzkultura.eletbiztositasicsucstalalkozo.hu\/#\/schema\/logo\/image\/","url":"https:\/\/penzkultura.eletbiztositasicsucstalalkozo.hu\/wp-content\/uploads\/2025\/07\/BECs.png","contentUrl":"https:\/\/penzkultura.eletbiztositasicsucstalalkozo.hu\/wp-content\/uploads\/2025\/07\/BECs.png","width":1406,"height":656,"caption":"P\u00e9nzKult\u00fara Alap\u00edtv\u00e1ny Budapesti \u00c9letbiztos\u00edt\u00e1si Cs\u00facstal\u00e1lkoz\u00f3"},"image":{"@id":"https:\/\/penzkultura.eletbiztositasicsucstalalkozo.hu\/#\/schema\/logo\/image\/"}}]}},"_links":{"self":[{"href":"https:\/\/penzkultura.eletbiztositasicsucstalalkozo.hu\/en\/wp-json\/wp\/v2\/pages\/1672","targetHints":{"allow":["GET"]}}],"collection":[{"href":"https:\/\/penzkultura.eletbiztositasicsucstalalkozo.hu\/en\/wp-json\/wp\/v2\/pages"}],"about":[{"href":"https:\/\/penzkultura.eletbiztositasicsucstalalkozo.hu\/en\/wp-json\/wp\/v2\/types\/page"}],"author":[{"embeddable":true,"href":"https:\/\/penzkultura.eletbiztositasicsucstalalkozo.hu\/en\/wp-json\/wp\/v2\/users\/1"}],"replies":[{"embeddable":true,"href":"https:\/\/penzkultura.eletbiztositasicsucstalalkozo.hu\/en\/wp-json\/wp\/v2\/comments?post=1672"}],"version-history":[{"count":34,"href":"https:\/\/penzkultura.eletbiztositasicsucstalalkozo.hu\/en\/wp-json\/wp\/v2\/pages\/1672\/revisions"}],"predecessor-version":[{"id":4476,"href":"https:\/\/penzkultura.eletbiztositasicsucstalalkozo.hu\/en\/wp-json\/wp\/v2\/pages\/1672\/revisions\/4476"}],"wp:attachment":[{"href":"https:\/\/penzkultura.eletbiztositasicsucstalalkozo.hu\/en\/wp-json\/wp\/v2\/media?parent=1672"}],"curies":[{"name":"wp","href":"https:\/\/api.w.org\/{rel}","templated":true}]}}