{"id":2033,"date":"2025-07-16T11:36:43","date_gmt":"2025-07-16T09:36:43","guid":{"rendered":"https:\/\/penzkultura.eletbiztositasicsucstalalkozo.hu\/?page_id=2033"},"modified":"2025-10-14T15:45:58","modified_gmt":"2025-10-14T13:45:58","slug":"penzkulturaeletbiztositasicsucstalalkozo","status":"publish","type":"page","link":"https:\/\/penzkultura.eletbiztositasicsucstalalkozo.hu\/en\/","title":{"rendered":"penzkulturaeletbiztositasicsucstalalkozo"},"content":{"rendered":"","protected":true},"excerpt":{"rendered":"","protected":true},"author":1,"featured_media":4529,"parent":0,"menu_order":0,"comment_status":"closed","ping_status":"closed","template":"elementor_canvas","meta":{"footnotes":""},"class_list":["post-2033","page","type-page","status-publish","post-password-required","hentry"],"yoast_head":"<!-- This site is optimized with the Yoast SEO plugin v25.7 - https:\/\/yoast.com\/wordpress\/plugins\/seo\/ -->\n<title>penzkulturaeletbiztositasicsucstalalkozo - P\u00e9nzKult\u00fara Alap\u00edtv\u00e1ny Budapesti \u00c9letbiztos\u00edt\u00e1si Cs\u00facstal\u00e1lkoz\u00f3<\/title>\n<meta name=\"robots\" content=\"index, follow, max-snippet:-1, max-image-preview:large, max-video-preview:-1\" \/>\n<link rel=\"canonical\" href=\"https:\/\/penzkultura.eletbiztositasicsucstalalkozo.hu\/en\/\" \/>\n<meta property=\"og:locale\" content=\"en_GB\" \/>\n<meta property=\"og:type\" content=\"article\" \/>\n<meta property=\"og:title\" content=\"penzkulturaeletbiztositasicsucstalalkozo - P\u00e9nzKult\u00fara Alap\u00edtv\u00e1ny Budapesti \u00c9letbiztos\u00edt\u00e1si Cs\u00facstal\u00e1lkoz\u00f3\" \/>\n<meta property=\"og:description\" content=\"There is no excerpt because this is a protected post.\" \/>\n<meta property=\"og:url\" content=\"https:\/\/penzkultura.eletbiztositasicsucstalalkozo.hu\/en\/\" \/>\n<meta property=\"og:site_name\" content=\"P\u00e9nzKult\u00fara Alap\u00edtv\u00e1ny Budapesti \u00c9letbiztos\u00edt\u00e1si Cs\u00facstal\u00e1lkoz\u00f3\" \/>\n<meta property=\"article:modified_time\" content=\"2025-10-14T13:45:58+00:00\" \/>\n<meta name=\"twitter:card\" content=\"summary_large_image\" \/>\n<meta name=\"twitter:label1\" content=\"Estimated reading time\" \/>\n\t<meta name=\"twitter:data1\" content=\"16 minutes\" \/>\n<script type=\"application\/ld+json\" class=\"yoast-schema-graph\">{\"@context\":\"https:\/\/schema.org\",\"@graph\":[{\"@type\":\"WebPage\",\"@id\":\"https:\/\/penzkultura.eletbiztositasicsucstalalkozo.hu\/\",\"url\":\"https:\/\/penzkultura.eletbiztositasicsucstalalkozo.hu\/\",\"name\":\"penzkulturaeletbiztositasicsucstalalkozo - P\u00e9nzKult\u00fara Alap\u00edtv\u00e1ny Budapesti \u00c9letbiztos\u00edt\u00e1si Cs\u00facstal\u00e1lkoz\u00f3\",\"isPartOf\":{\"@id\":\"https:\/\/penzkultura.eletbiztositasicsucstalalkozo.hu\/#website\"},\"datePublished\":\"2025-07-16T09:36:43+00:00\",\"dateModified\":\"2025-10-14T13:45:58+00:00\",\"breadcrumb\":{\"@id\":\"https:\/\/penzkultura.eletbiztositasicsucstalalkozo.hu\/#breadcrumb\"},\"inLanguage\":\"en-GB\"},{\"@type\":\"WebSite\",\"@id\":\"https:\/\/penzkultura.eletbiztositasicsucstalalkozo.hu\/#website\",\"url\":\"https:\/\/penzkultura.eletbiztositasicsucstalalkozo.hu\/\",\"name\":\"P\u00e9nzKult\u00fara Alap\u00edtv\u00e1ny Budapesti \u00c9letbiztos\u00edt\u00e1si Cs\u00facstal\u00e1lkoz\u00f3\",\"description\":\"VII. Budapesti \u00c9letbiztos\u00edt\u00e1si Cs\u00facstal\u00e1lkoz\u00f3 - Balatonf\u00fcred\",\"publisher\":{\"@id\":\"https:\/\/penzkultura.eletbiztositasicsucstalalkozo.hu\/#organization\"},\"potentialAction\":[{\"@type\":\"SearchAction\",\"target\":{\"@type\":\"EntryPoint\",\"urlTemplate\":\"https:\/\/penzkultura.eletbiztositasicsucstalalkozo.hu\/?s={search_term_string}\"},\"query-input\":{\"@type\":\"PropertyValueSpecification\",\"valueRequired\":true,\"valueName\":\"search_term_string\"}}],\"inLanguage\":\"en-GB\"},{\"@type\":\"Organization\",\"@id\":\"https:\/\/penzkultura.eletbiztositasicsucstalalkozo.hu\/#organization\",\"name\":\"P\u00e9nzKult\u00fara Alap\u00edtv\u00e1ny Budapesti \u00c9letbiztos\u00edt\u00e1si Cs\u00facstal\u00e1lkoz\u00f3\",\"url\":\"https:\/\/penzkultura.eletbiztositasicsucstalalkozo.hu\/\",\"logo\":{\"@type\":\"ImageObject\",\"inLanguage\":\"en-GB\",\"@id\":\"https:\/\/penzkultura.eletbiztositasicsucstalalkozo.hu\/#\/schema\/logo\/image\/\",\"url\":\"https:\/\/penzkultura.eletbiztositasicsucstalalkozo.hu\/wp-content\/uploads\/2025\/07\/BECs.png\",\"contentUrl\":\"https:\/\/penzkultura.eletbiztositasicsucstalalkozo.hu\/wp-content\/uploads\/2025\/07\/BECs.png\",\"width\":1406,\"height\":656,\"caption\":\"P\u00e9nzKult\u00fara Alap\u00edtv\u00e1ny Budapesti \u00c9letbiztos\u00edt\u00e1si Cs\u00facstal\u00e1lkoz\u00f3\"},\"image\":{\"@id\":\"https:\/\/penzkultura.eletbiztositasicsucstalalkozo.hu\/#\/schema\/logo\/image\/\"}}]}<\/script>\n<!-- \/ Yoast SEO plugin. -->","yoast_head_json":{"title":"penzkulturaeletbiztositasicsucstalalkozo - P\u00e9nzKult\u00fara Alap\u00edtv\u00e1ny Budapesti \u00c9letbiztos\u00edt\u00e1si Cs\u00facstal\u00e1lkoz\u00f3","robots":{"index":"index","follow":"follow","max-snippet":"max-snippet:-1","max-image-preview":"max-image-preview:large","max-video-preview":"max-video-preview:-1"},"canonical":"https:\/\/penzkultura.eletbiztositasicsucstalalkozo.hu\/en\/","og_locale":"en_GB","og_type":"article","og_title":"penzkulturaeletbiztositasicsucstalalkozo - P\u00e9nzKult\u00fara Alap\u00edtv\u00e1ny Budapesti \u00c9letbiztos\u00edt\u00e1si Cs\u00facstal\u00e1lkoz\u00f3","og_description":"There is no excerpt because this is a protected post.","og_url":"https:\/\/penzkultura.eletbiztositasicsucstalalkozo.hu\/en\/","og_site_name":"P\u00e9nzKult\u00fara Alap\u00edtv\u00e1ny Budapesti \u00c9letbiztos\u00edt\u00e1si Cs\u00facstal\u00e1lkoz\u00f3","article_modified_time":"2025-10-14T13:45:58+00:00","twitter_card":"summary_large_image","twitter_misc":{"Estimated reading time":"16 minutes"},"schema":{"@context":"https:\/\/schema.org","@graph":[{"@type":"WebPage","@id":"https:\/\/penzkultura.eletbiztositasicsucstalalkozo.hu\/","url":"https:\/\/penzkultura.eletbiztositasicsucstalalkozo.hu\/","name":"penzkulturaeletbiztositasicsucstalalkozo - P\u00e9nzKult\u00fara Alap\u00edtv\u00e1ny Budapesti \u00c9letbiztos\u00edt\u00e1si Cs\u00facstal\u00e1lkoz\u00f3","isPartOf":{"@id":"https:\/\/penzkultura.eletbiztositasicsucstalalkozo.hu\/#website"},"datePublished":"2025-07-16T09:36:43+00:00","dateModified":"2025-10-14T13:45:58+00:00","breadcrumb":{"@id":"https:\/\/penzkultura.eletbiztositasicsucstalalkozo.hu\/#breadcrumb"},"inLanguage":"en-GB"},{"@type":"WebSite","@id":"https:\/\/penzkultura.eletbiztositasicsucstalalkozo.hu\/#website","url":"https:\/\/penzkultura.eletbiztositasicsucstalalkozo.hu\/","name":"P\u00e9nzKult\u00fara Alap\u00edtv\u00e1ny Budapesti \u00c9letbiztos\u00edt\u00e1si Cs\u00facstal\u00e1lkoz\u00f3","description":"VII. Budapesti \u00c9letbiztos\u00edt\u00e1si Cs\u00facstal\u00e1lkoz\u00f3 - Balatonf\u00fcred","publisher":{"@id":"https:\/\/penzkultura.eletbiztositasicsucstalalkozo.hu\/#organization"},"potentialAction":[{"@type":"SearchAction","target":{"@type":"EntryPoint","urlTemplate":"https:\/\/penzkultura.eletbiztositasicsucstalalkozo.hu\/?s={search_term_string}"},"query-input":{"@type":"PropertyValueSpecification","valueRequired":true,"valueName":"search_term_string"}}],"inLanguage":"en-GB"},{"@type":"Organization","@id":"https:\/\/penzkultura.eletbiztositasicsucstalalkozo.hu\/#organization","name":"P\u00e9nzKult\u00fara Alap\u00edtv\u00e1ny Budapesti \u00c9letbiztos\u00edt\u00e1si Cs\u00facstal\u00e1lkoz\u00f3","url":"https:\/\/penzkultura.eletbiztositasicsucstalalkozo.hu\/","logo":{"@type":"ImageObject","inLanguage":"en-GB","@id":"https:\/\/penzkultura.eletbiztositasicsucstalalkozo.hu\/#\/schema\/logo\/image\/","url":"https:\/\/penzkultura.eletbiztositasicsucstalalkozo.hu\/wp-content\/uploads\/2025\/07\/BECs.png","contentUrl":"https:\/\/penzkultura.eletbiztositasicsucstalalkozo.hu\/wp-content\/uploads\/2025\/07\/BECs.png","width":1406,"height":656,"caption":"P\u00e9nzKult\u00fara Alap\u00edtv\u00e1ny Budapesti \u00c9letbiztos\u00edt\u00e1si Cs\u00facstal\u00e1lkoz\u00f3"},"image":{"@id":"https:\/\/penzkultura.eletbiztositasicsucstalalkozo.hu\/#\/schema\/logo\/image\/"}}]}},"_links":{"self":[{"href":"https:\/\/penzkultura.eletbiztositasicsucstalalkozo.hu\/en\/wp-json\/wp\/v2\/pages\/2033","targetHints":{"allow":["GET"]}}],"collection":[{"href":"https:\/\/penzkultura.eletbiztositasicsucstalalkozo.hu\/en\/wp-json\/wp\/v2\/pages"}],"about":[{"href":"https:\/\/penzkultura.eletbiztositasicsucstalalkozo.hu\/en\/wp-json\/wp\/v2\/types\/page"}],"author":[{"embeddable":true,"href":"https:\/\/penzkultura.eletbiztositasicsucstalalkozo.hu\/en\/wp-json\/wp\/v2\/users\/1"}],"replies":[{"embeddable":true,"href":"https:\/\/penzkultura.eletbiztositasicsucstalalkozo.hu\/en\/wp-json\/wp\/v2\/comments?post=2033"}],"version-history":[{"count":623,"href":"https:\/\/penzkultura.eletbiztositasicsucstalalkozo.hu\/en\/wp-json\/wp\/v2\/pages\/2033\/revisions"}],"predecessor-version":[{"id":4598,"href":"https:\/\/penzkultura.eletbiztositasicsucstalalkozo.hu\/en\/wp-json\/wp\/v2\/pages\/2033\/revisions\/4598"}],"wp:featuredmedia":[{"embeddable":true,"href":"https:\/\/penzkultura.eletbiztositasicsucstalalkozo.hu\/en\/wp-json\/wp\/v2\/media\/4529"}],"wp:attachment":[{"href":"https:\/\/penzkultura.eletbiztositasicsucstalalkozo.hu\/en\/wp-json\/wp\/v2\/media?parent=2033"}],"curies":[{"name":"wp","href":"https:\/\/api.w.org\/{rel}","templated":true}]}}