{"id":3061,"date":"2025-07-30T12:56:11","date_gmt":"2025-07-30T10:56:11","guid":{"rendered":"https:\/\/penzkultura.eletbiztositasicsucstalalkozo.hu\/?page_id=3061"},"modified":"2025-08-14T12:02:50","modified_gmt":"2025-08-14T10:02:50","slug":"kapcsolat","status":"publish","type":"page","link":"https:\/\/penzkultura.eletbiztositasicsucstalalkozo.hu\/en\/kapcsolat\/","title":{"rendered":"Kapcsolat"},"content":{"rendered":"<div data-elementor-type=\"wp-page\" data-elementor-id=\"3061\" class=\"elementor elementor-3061\" data-elementor-post-type=\"page\">\n\t\t\t\t<div class=\"elementor-element elementor-element-2990ce5 e-flex e-con-boxed e-con e-parent\" data-id=\"2990ce5\" data-element_type=\"container\" data-settings=\"{&quot;background_background&quot;:&quot;classic&quot;}\">\n\t\t\t\t\t<div class=\"e-con-inner\">\n\t\t\t\t<div class=\"elementor-element elementor-element-7547731 elementor-widget__width-initial elementor-widget elementor-widget-heading\" data-id=\"7547731\" data-element_type=\"widget\" data-widget_type=\"heading.default\">\n\t\t\t\t<div class=\"elementor-widget-container\">\n\t\t\t\t\t<h2 class=\"elementor-heading-title elementor-size-default\">kapcsolat<\/h2>\t\t\t\t<\/div>\n\t\t\t\t<\/div>\n\t\t<div class=\"elementor-element elementor-element-edad8d6 e-con-full e-flex e-con e-child\" data-id=\"edad8d6\" data-element_type=\"container\">\n\t\t<div class=\"elementor-element elementor-element-535f0f9 e-con-full e-flex e-con e-child\" data-id=\"535f0f9\" data-element_type=\"container\">\n\t\t\t\t<div class=\"elementor-element elementor-element-7494799 elementor-widget-tablet__width-inherit elementor-button-align-stretch elementor-widget elementor-widget-form\" data-id=\"7494799\" data-element_type=\"widget\" data-settings=\"{&quot;step_next_label&quot;:&quot;K\\u00f6vetkez\\u0151&quot;,&quot;step_previous_label&quot;:&quot;El\\u0151z\\u0151&quot;,&quot;step_type&quot;:&quot;number_text&quot;,&quot;step_icon_shape&quot;:&quot;circle&quot;}\" data-widget_type=\"form.default\">\n\t\t\t\t<div class=\"elementor-widget-container\">\n\t\t\t\t\t\t\t<form class=\"elementor-form\" method=\"post\" name=\"\u00daj \u0171rlap\" aria-label=\"\u00daj \u0171rlap\" action=\"\">\n\t\t\t<input type=\"hidden\" name=\"post_id\" value=\"3061\"\/>\n\t\t\t<input type=\"hidden\" name=\"form_id\" value=\"7494799\"\/>\n\t\t\t<input type=\"hidden\" name=\"referer_title\" value=\"Kapcsolat - P\u00e9nzKult\u00fara Alap\u00edtv\u00e1ny Budapesti \u00c9letbiztos\u00edt\u00e1si Cs\u00facstal\u00e1lkoz\u00f3\" \/>\n\n\t\t\t\t\t\t\t<input type=\"hidden\" name=\"queried_id\" value=\"3061\"\/>\n\t\t\t\n\t\t\t<div class=\"elementor-form-fields-wrapper elementor-labels-above\">\n\t\t\t\t\t\t\t\t<div class=\"elementor-field-type-text elementor-field-group elementor-column elementor-field-group-field_866aa75 elementor-col-100 elementor-field-required\">\n\t\t\t\t\t\t\t\t\t\t\t\t<label for=\"form-field-field_866aa75\" class=\"elementor-field-label\">\n\t\t\t\t\t\t\t\tFull name\t\t\t\t\t\t\t<\/label>\n\t\t\t\t\t\t\t\t\t\t\t\t\t\t<input size=\"1\" type=\"text\" name=\"form_fields[field_866aa75]\" id=\"form-field-field_866aa75\" class=\"elementor-field elementor-size-sm  elementor-field-textual\" placeholder=\"Full name\" required=\"required\">\n\t\t\t\t\t\t\t\t\t\t\t<\/div>\n\t\t\t\t\t\t\t\t<div class=\"elementor-field-type-email elementor-field-group elementor-column elementor-field-group-email elementor-col-100 elementor-field-required\">\n\t\t\t\t\t\t\t\t\t\t\t\t<label for=\"form-field-email\" class=\"elementor-field-label\">\n\t\t\t\t\t\t\t\tEmail address\t\t\t\t\t\t\t<\/label>\n\t\t\t\t\t\t\t\t\t\t\t\t\t\t<input size=\"1\" type=\"email\" name=\"form_fields[email]\" id=\"form-field-email\" class=\"elementor-field elementor-size-sm  elementor-field-textual\" placeholder=\"Email address\" required=\"required\">\n\t\t\t\t\t\t\t\t\t\t\t<\/div>\n\t\t\t\t\t\t\t\t<div class=\"elementor-field-type-textarea elementor-field-group elementor-column elementor-field-group-field_827935b elementor-col-100\">\n\t\t\t\t\t\t\t\t\t\t\t\t<label for=\"form-field-field_827935b\" class=\"elementor-field-label\">\n\t\t\t\t\t\t\t\tMessage\t\t\t\t\t\t\t<\/label>\n\t\t\t\t\t\t<textarea class=\"elementor-field-textual elementor-field  elementor-size-sm\" name=\"form_fields[field_827935b]\" id=\"form-field-field_827935b\" rows=\"4\" placeholder=\"Message\"><\/textarea>\t\t\t\t<\/div>\n\t\t\t\t\t\t\t\t<div class=\"elementor-field-type-acceptance elementor-field-group elementor-column elementor-field-group-field_b073c3f elementor-col-100 elementor-field-required\">\n\t\t\t\t\t\t\t<div class=\"elementor-field-subgroup\">\n\t\t\t<span class=\"elementor-field-option\">\n\t\t\t\t<input type=\"checkbox\" name=\"form_fields[field_b073c3f]\" id=\"form-field-field_b073c3f\" class=\"elementor-field elementor-size-sm  elementor-acceptance-field\" required=\"required\">\n\t\t\t\t<label for=\"form-field-field_b073c3f\">Elolvastam \u00e9s elfogadom az <a href=\"\/en\/adatkezelesi-tajekoztato\/\"target=\"_blank\">adatkezel\u00e9si t\u00e1j\u00e9koztat\u00f3t.<\/a><\/label>\t\t\t<\/span>\n\t\t<\/div>\n\t\t\t\t\t\t<\/div>\n\t\t\t\t\t\t\t\t<div class=\"elementor-field-group elementor-column elementor-field-type-submit elementor-col-100 e-form__buttons\">\n\t\t\t\t\t<button class=\"elementor-button elementor-size-sm\" type=\"submit\">\n\t\t\t\t\t\t<span class=\"elementor-button-content-wrapper\">\n\t\t\t\t\t\t\t\t\t\t\t\t\t\t\t\t\t\t\t\t\t\t<span class=\"elementor-button-text\">K\u00fcld\u00e9s<\/span>\n\t\t\t\t\t\t\t\t\t\t\t\t\t<\/span>\n\t\t\t\t\t<\/button>\n\t\t\t\t<\/div>\n\t\t\t<\/div>\n\t\t<input type=\"hidden\" name=\"trp-form-language\" value=\"en\"\/><\/form>\n\t\t\t\t\t\t<\/div>\n\t\t\t\t<\/div>\n\t\t\t\t<\/div>\n\t\t<div class=\"elementor-element elementor-element-f2bd8da e-con-full e-flex e-con e-child\" data-id=\"f2bd8da\" data-element_type=\"container\">\n\t\t\t\t<div class=\"elementor-element elementor-element-33b8cf6 elementor-widget elementor-widget-google_maps\" data-id=\"33b8cf6\" data-element_type=\"widget\" data-widget_type=\"google_maps.default\">\n\t\t\t\t<div class=\"elementor-widget-container\">\n\t\t\t\t\t\t\t<div class=\"elementor-custom-embed\">\n\t\t\t<iframe loading=\"lazy\"\n\t\t\t\t\tsrc=\"https:\/\/maps.google.com\/maps?q=Balatonf%C3%BCred%2C%20Balatonf%C3%BCredi%20Kongresszusi%20K%C3%B6zpont&#038;t=m&#038;z=15&#038;output=embed&#038;iwloc=near\"\n\t\t\t\t\ttitle=\"Balatonf\u00fcred, Balatonf\u00fcredi Kongresszusi K\u00f6zpont\"\n\t\t\t\t\taria-label=\"Balatonf\u00fcred, Balatonf\u00fcredi Kongresszusi K\u00f6zpont\"\n\t\t\t><\/iframe>\n\t\t<\/div>\n\t\t\t\t\t\t<\/div>\n\t\t\t\t<\/div>\n\t\t\t\t<\/div>\n\t\t\t\t<\/div>\n\t\t\t\t\t<\/div>\n\t\t\t\t<\/div>\n\t\t\t\t<\/div>","protected":false},"excerpt":{"rendered":"<p>kapcsolat<\/p>","protected":false},"author":1,"featured_media":0,"parent":0,"menu_order":0,"comment_status":"closed","ping_status":"closed","template":"","meta":{"footnotes":""},"class_list":["post-3061","page","type-page","status-publish","hentry"],"yoast_head":"<!-- This site is optimized with the Yoast SEO plugin v25.7 - https:\/\/yoast.com\/wordpress\/plugins\/seo\/ -->\n<title>Kapcsolat - P\u00e9nzKult\u00fara Alap\u00edtv\u00e1ny Budapesti \u00c9letbiztos\u00edt\u00e1si Cs\u00facstal\u00e1lkoz\u00f3<\/title>\n<meta name=\"robots\" content=\"index, follow, max-snippet:-1, max-image-preview:large, max-video-preview:-1\" \/>\n<link rel=\"canonical\" href=\"https:\/\/penzkultura.eletbiztositasicsucstalalkozo.hu\/en\/kapcsolat\/\" \/>\n<meta property=\"og:locale\" content=\"en_GB\" \/>\n<meta property=\"og:type\" content=\"article\" \/>\n<meta property=\"og:title\" content=\"Kapcsolat - P\u00e9nzKult\u00fara Alap\u00edtv\u00e1ny Budapesti \u00c9letbiztos\u00edt\u00e1si Cs\u00facstal\u00e1lkoz\u00f3\" \/>\n<meta property=\"og:description\" content=\"kapcsolat\" \/>\n<meta property=\"og:url\" content=\"https:\/\/penzkultura.eletbiztositasicsucstalalkozo.hu\/en\/kapcsolat\/\" \/>\n<meta property=\"og:site_name\" content=\"P\u00e9nzKult\u00fara Alap\u00edtv\u00e1ny Budapesti \u00c9letbiztos\u00edt\u00e1si Cs\u00facstal\u00e1lkoz\u00f3\" \/>\n<meta property=\"article:modified_time\" content=\"2025-08-14T10:02:50+00:00\" \/>\n<meta name=\"twitter:card\" content=\"summary_large_image\" \/>\n<meta name=\"twitter:label1\" content=\"Estimated reading time\" \/>\n\t<meta name=\"twitter:data1\" content=\"1 minute\" \/>\n<script type=\"application\/ld+json\" class=\"yoast-schema-graph\">{\"@context\":\"https:\/\/schema.org\",\"@graph\":[{\"@type\":\"WebPage\",\"@id\":\"https:\/\/penzkultura.eletbiztositasicsucstalalkozo.hu\/kapcsolat\/\",\"url\":\"https:\/\/penzkultura.eletbiztositasicsucstalalkozo.hu\/kapcsolat\/\",\"name\":\"Kapcsolat - P\u00e9nzKult\u00fara Alap\u00edtv\u00e1ny Budapesti \u00c9letbiztos\u00edt\u00e1si Cs\u00facstal\u00e1lkoz\u00f3\",\"isPartOf\":{\"@id\":\"https:\/\/penzkultura.eletbiztositasicsucstalalkozo.hu\/#website\"},\"datePublished\":\"2025-07-30T10:56:11+00:00\",\"dateModified\":\"2025-08-14T10:02:50+00:00\",\"breadcrumb\":{\"@id\":\"https:\/\/penzkultura.eletbiztositasicsucstalalkozo.hu\/kapcsolat\/#breadcrumb\"},\"inLanguage\":\"en-GB\",\"potentialAction\":[{\"@type\":\"ReadAction\",\"target\":[\"https:\/\/penzkultura.eletbiztositasicsucstalalkozo.hu\/kapcsolat\/\"]}]},{\"@type\":\"BreadcrumbList\",\"@id\":\"https:\/\/penzkultura.eletbiztositasicsucstalalkozo.hu\/kapcsolat\/#breadcrumb\",\"itemListElement\":[{\"@type\":\"ListItem\",\"position\":1,\"name\":\"Kezd\u0151lap\",\"item\":\"https:\/\/penzkultura.eletbiztositasicsucstalalkozo.hu\/\"},{\"@type\":\"ListItem\",\"position\":2,\"name\":\"Kapcsolat\"}]},{\"@type\":\"WebSite\",\"@id\":\"https:\/\/penzkultura.eletbiztositasicsucstalalkozo.hu\/#website\",\"url\":\"https:\/\/penzkultura.eletbiztositasicsucstalalkozo.hu\/\",\"name\":\"P\u00e9nzKult\u00fara Alap\u00edtv\u00e1ny Budapesti \u00c9letbiztos\u00edt\u00e1si Cs\u00facstal\u00e1lkoz\u00f3\",\"description\":\"VII. Budapesti \u00c9letbiztos\u00edt\u00e1si Cs\u00facstal\u00e1lkoz\u00f3 - Balatonf\u00fcred\",\"publisher\":{\"@id\":\"https:\/\/penzkultura.eletbiztositasicsucstalalkozo.hu\/#organization\"},\"potentialAction\":[{\"@type\":\"SearchAction\",\"target\":{\"@type\":\"EntryPoint\",\"urlTemplate\":\"https:\/\/penzkultura.eletbiztositasicsucstalalkozo.hu\/?s={search_term_string}\"},\"query-input\":{\"@type\":\"PropertyValueSpecification\",\"valueRequired\":true,\"valueName\":\"search_term_string\"}}],\"inLanguage\":\"en-GB\"},{\"@type\":\"Organization\",\"@id\":\"https:\/\/penzkultura.eletbiztositasicsucstalalkozo.hu\/#organization\",\"name\":\"P\u00e9nzKult\u00fara Alap\u00edtv\u00e1ny Budapesti \u00c9letbiztos\u00edt\u00e1si Cs\u00facstal\u00e1lkoz\u00f3\",\"url\":\"https:\/\/penzkultura.eletbiztositasicsucstalalkozo.hu\/\",\"logo\":{\"@type\":\"ImageObject\",\"inLanguage\":\"en-GB\",\"@id\":\"https:\/\/penzkultura.eletbiztositasicsucstalalkozo.hu\/#\/schema\/logo\/image\/\",\"url\":\"https:\/\/penzkultura.eletbiztositasicsucstalalkozo.hu\/wp-content\/uploads\/2025\/07\/BECs.png\",\"contentUrl\":\"https:\/\/penzkultura.eletbiztositasicsucstalalkozo.hu\/wp-content\/uploads\/2025\/07\/BECs.png\",\"width\":1406,\"height\":656,\"caption\":\"P\u00e9nzKult\u00fara Alap\u00edtv\u00e1ny Budapesti \u00c9letbiztos\u00edt\u00e1si Cs\u00facstal\u00e1lkoz\u00f3\"},\"image\":{\"@id\":\"https:\/\/penzkultura.eletbiztositasicsucstalalkozo.hu\/#\/schema\/logo\/image\/\"}}]}<\/script>\n<!-- \/ Yoast SEO plugin. -->","yoast_head_json":{"title":"Kapcsolat - P\u00e9nzKult\u00fara Alap\u00edtv\u00e1ny Budapesti \u00c9letbiztos\u00edt\u00e1si Cs\u00facstal\u00e1lkoz\u00f3","robots":{"index":"index","follow":"follow","max-snippet":"max-snippet:-1","max-image-preview":"max-image-preview:large","max-video-preview":"max-video-preview:-1"},"canonical":"https:\/\/penzkultura.eletbiztositasicsucstalalkozo.hu\/en\/kapcsolat\/","og_locale":"en_GB","og_type":"article","og_title":"Kapcsolat - P\u00e9nzKult\u00fara Alap\u00edtv\u00e1ny Budapesti \u00c9letbiztos\u00edt\u00e1si Cs\u00facstal\u00e1lkoz\u00f3","og_description":"kapcsolat","og_url":"https:\/\/penzkultura.eletbiztositasicsucstalalkozo.hu\/en\/kapcsolat\/","og_site_name":"P\u00e9nzKult\u00fara Alap\u00edtv\u00e1ny Budapesti \u00c9letbiztos\u00edt\u00e1si Cs\u00facstal\u00e1lkoz\u00f3","article_modified_time":"2025-08-14T10:02:50+00:00","twitter_card":"summary_large_image","twitter_misc":{"Estimated reading time":"1 minute"},"schema":{"@context":"https:\/\/schema.org","@graph":[{"@type":"WebPage","@id":"https:\/\/penzkultura.eletbiztositasicsucstalalkozo.hu\/kapcsolat\/","url":"https:\/\/penzkultura.eletbiztositasicsucstalalkozo.hu\/kapcsolat\/","name":"Kapcsolat - P\u00e9nzKult\u00fara Alap\u00edtv\u00e1ny Budapesti \u00c9letbiztos\u00edt\u00e1si Cs\u00facstal\u00e1lkoz\u00f3","isPartOf":{"@id":"https:\/\/penzkultura.eletbiztositasicsucstalalkozo.hu\/#website"},"datePublished":"2025-07-30T10:56:11+00:00","dateModified":"2025-08-14T10:02:50+00:00","breadcrumb":{"@id":"https:\/\/penzkultura.eletbiztositasicsucstalalkozo.hu\/kapcsolat\/#breadcrumb"},"inLanguage":"en-GB","potentialAction":[{"@type":"ReadAction","target":["https:\/\/penzkultura.eletbiztositasicsucstalalkozo.hu\/kapcsolat\/"]}]},{"@type":"BreadcrumbList","@id":"https:\/\/penzkultura.eletbiztositasicsucstalalkozo.hu\/kapcsolat\/#breadcrumb","itemListElement":[{"@type":"ListItem","position":1,"name":"Kezd\u0151lap","item":"https:\/\/penzkultura.eletbiztositasicsucstalalkozo.hu\/"},{"@type":"ListItem","position":2,"name":"Kapcsolat"}]},{"@type":"WebSite","@id":"https:\/\/penzkultura.eletbiztositasicsucstalalkozo.hu\/#website","url":"https:\/\/penzkultura.eletbiztositasicsucstalalkozo.hu\/","name":"P\u00e9nzKult\u00fara Alap\u00edtv\u00e1ny Budapesti \u00c9letbiztos\u00edt\u00e1si Cs\u00facstal\u00e1lkoz\u00f3","description":"VII. Budapesti \u00c9letbiztos\u00edt\u00e1si Cs\u00facstal\u00e1lkoz\u00f3 - Balatonf\u00fcred","publisher":{"@id":"https:\/\/penzkultura.eletbiztositasicsucstalalkozo.hu\/#organization"},"potentialAction":[{"@type":"SearchAction","target":{"@type":"EntryPoint","urlTemplate":"https:\/\/penzkultura.eletbiztositasicsucstalalkozo.hu\/?s={search_term_string}"},"query-input":{"@type":"PropertyValueSpecification","valueRequired":true,"valueName":"search_term_string"}}],"inLanguage":"en-GB"},{"@type":"Organization","@id":"https:\/\/penzkultura.eletbiztositasicsucstalalkozo.hu\/#organization","name":"P\u00e9nzKult\u00fara Alap\u00edtv\u00e1ny Budapesti \u00c9letbiztos\u00edt\u00e1si Cs\u00facstal\u00e1lkoz\u00f3","url":"https:\/\/penzkultura.eletbiztositasicsucstalalkozo.hu\/","logo":{"@type":"ImageObject","inLanguage":"en-GB","@id":"https:\/\/penzkultura.eletbiztositasicsucstalalkozo.hu\/#\/schema\/logo\/image\/","url":"https:\/\/penzkultura.eletbiztositasicsucstalalkozo.hu\/wp-content\/uploads\/2025\/07\/BECs.png","contentUrl":"https:\/\/penzkultura.eletbiztositasicsucstalalkozo.hu\/wp-content\/uploads\/2025\/07\/BECs.png","width":1406,"height":656,"caption":"P\u00e9nzKult\u00fara Alap\u00edtv\u00e1ny Budapesti \u00c9letbiztos\u00edt\u00e1si Cs\u00facstal\u00e1lkoz\u00f3"},"image":{"@id":"https:\/\/penzkultura.eletbiztositasicsucstalalkozo.hu\/#\/schema\/logo\/image\/"}}]}},"_links":{"self":[{"href":"https:\/\/penzkultura.eletbiztositasicsucstalalkozo.hu\/en\/wp-json\/wp\/v2\/pages\/3061","targetHints":{"allow":["GET"]}}],"collection":[{"href":"https:\/\/penzkultura.eletbiztositasicsucstalalkozo.hu\/en\/wp-json\/wp\/v2\/pages"}],"about":[{"href":"https:\/\/penzkultura.eletbiztositasicsucstalalkozo.hu\/en\/wp-json\/wp\/v2\/types\/page"}],"author":[{"embeddable":true,"href":"https:\/\/penzkultura.eletbiztositasicsucstalalkozo.hu\/en\/wp-json\/wp\/v2\/users\/1"}],"replies":[{"embeddable":true,"href":"https:\/\/penzkultura.eletbiztositasicsucstalalkozo.hu\/en\/wp-json\/wp\/v2\/comments?post=3061"}],"version-history":[{"count":22,"href":"https:\/\/penzkultura.eletbiztositasicsucstalalkozo.hu\/en\/wp-json\/wp\/v2\/pages\/3061\/revisions"}],"predecessor-version":[{"id":4043,"href":"https:\/\/penzkultura.eletbiztositasicsucstalalkozo.hu\/en\/wp-json\/wp\/v2\/pages\/3061\/revisions\/4043"}],"wp:attachment":[{"href":"https:\/\/penzkultura.eletbiztositasicsucstalalkozo.hu\/en\/wp-json\/wp\/v2\/media?parent=3061"}],"curies":[{"name":"wp","href":"https:\/\/api.w.org\/{rel}","templated":true}]}}