{"id":4451,"date":"2025-10-10T11:09:02","date_gmt":"2025-10-10T09:09:02","guid":{"rendered":"https:\/\/penzkultura.eletbiztositasicsucstalalkozo.hu\/?page_id=4451"},"modified":"2025-10-10T11:17:07","modified_gmt":"2025-10-10T09:17:07","slug":"csatos-erika","status":"publish","type":"page","link":"https:\/\/penzkultura.eletbiztositasicsucstalalkozo.hu\/en\/csatos-erika\/","title":{"rendered":"Csatos Erika\u200b"},"content":{"rendered":"<div data-elementor-type=\"wp-page\" data-elementor-id=\"4451\" class=\"elementor elementor-4451\" data-elementor-post-type=\"page\">\n\t\t\t\t<div class=\"elementor-element elementor-element-1db5586 e-flex e-con-boxed e-con e-parent\" data-id=\"1db5586\" data-element_type=\"container\">\n\t\t\t\t\t<div class=\"e-con-inner\">\n\t\t<div class=\"elementor-element elementor-element-eff810a e-con-full e-flex e-con e-child\" data-id=\"eff810a\" data-element_type=\"container\" data-settings=\"{&quot;background_background&quot;:&quot;classic&quot;}\">\n\t\t\t\t<div class=\"elementor-element elementor-element-dca4d45 elementor-widget elementor-widget-image\" data-id=\"dca4d45\" data-element_type=\"widget\" data-widget_type=\"image.default\">\n\t\t\t\t<div class=\"elementor-widget-container\">\n\t\t\t\t\t\t\t\t\t\t\t\t\t\t\t<img fetchpriority=\"high\" decoding=\"async\" width=\"480\" height=\"580\" src=\"https:\/\/penzkultura.eletbiztositasicsucstalalkozo.hu\/wp-content\/uploads\/2025\/10\/Csatos-Erika.jpg\" class=\"attachment-large size-large wp-image-4439\" alt=\"\" srcset=\"https:\/\/penzkultura.eletbiztositasicsucstalalkozo.hu\/wp-content\/uploads\/2025\/10\/Csatos-Erika.jpg 480w, https:\/\/penzkultura.eletbiztositasicsucstalalkozo.hu\/wp-content\/uploads\/2025\/10\/Csatos-Erika-10x12.jpg 10w\" sizes=\"(max-width: 480px) 100vw, 480px\" \/>\t\t\t\t\t\t\t\t\t\t\t\t\t\t\t<\/div>\n\t\t\t\t<\/div>\n\t\t<div class=\"elementor-element elementor-element-3510ee0 e-con-full e-flex e-con e-child\" data-id=\"3510ee0\" data-element_type=\"container\">\n\t\t\t\t<div class=\"elementor-element elementor-element-fd54a42 elementor-widget elementor-widget-heading\" data-id=\"fd54a42\" data-element_type=\"widget\" data-widget_type=\"heading.default\">\n\t\t\t\t<div class=\"elementor-widget-container\">\n\t\t\t\t\t<h2 class=\"elementor-heading-title elementor-size-default\">Csatos Erika\u200b<\/h2>\t\t\t\t<\/div>\n\t\t\t\t<\/div>\n\t\t\t\t<div class=\"elementor-element elementor-element-74e9ad7 elementor-widget elementor-widget-text-editor\" data-id=\"74e9ad7\" data-element_type=\"widget\" data-widget_type=\"text-editor.default\">\n\t\t\t\t<div class=\"elementor-widget-container\">\n\t\t\t\t\t\t\t\t\t<div class=\"tVu25\"><div class=\"nH\"><div class=\"nH\"><div class=\"nH aqk aql bkL\"><div class=\"nH bkK\"><div class=\"nH\"><div class=\"nH ar4 z\"><div class=\"aeI\"><div class=\"AO\"><div id=\":3\" class=\"Tm aeJ\"><div id=\":1\" class=\"aeF\"><div class=\"nH\"><div class=\"nH\" role=\"main\"><div class=\"nH g\"><div class=\"nH a98 iY\"><div class=\"nH\"><div class=\"aHU hx\"><div role=\"list\"><div class=\"h7 bg ie\" tabindex=\"-1\" role=\"listitem\" aria-expanded=\"true\"><div class=\"Bk\"><div class=\"G3 G2 afm\"><div><div id=\":1ls\"><div class=\"adn ads\" data-message-id=\"#msg-f:1837710282827379746\" data-legacy-message-id=\"1980dbc400023422\"><div class=\"gs\"><div class=\"\"><div id=\":1lu\" class=\"ii gt\"><div id=\":1lt\" class=\"a3s aiL\"><div><div class=\"adL\"><div><blockquote><div class=\"adL\"><div class=\"im\"><div><div><div><h4><!--StartFragment --><\/h4><p>Csatos Erika, az \u00c1lomj\u00f6v\u0151 Tan\u00e1csad\u00f3 Iroda alap\u00edt\u00f3tulajdonosa 27 \u00e9ve dolgozik a p\u00e9nz\u00fcgyi ipar\u00e1gban. A vil\u00e1g legjobb p\u00e9nz\u00fcgyi tan\u00e1csad\u00f3it t\u00f6m\u00f6r\u00edt\u0151 szervezet, az MDRT \u00f6r\u00f6k\u00f6s tagja.<\/p><p>Nagyon b\u00fcszke r\u00e1, hogy 3 MDRT, 13 COT \u00e9s 6 TOT tags\u00e1ggal rendelkezik. Erika a p\u00e9nz\u00fcgyi eduk\u00e1ci\u00f3 elk\u00f6telezett h\u00edvek\u00e9nt gyakran l\u00e1that\u00f3 p\u00e9nz\u00fcgyi tudatoss\u00e1ggal foglalkoz\u00f3 telev\u00edzi\u00f3 \u00e9s r\u00e1di\u00f3m\u0171sorokban. Rendszeresen jelennek meg szakmai cikkei a nyomtatott \u00e9s online m\u00e9di\u00e1ban. Ma m\u00e1r a magyar konferencia \u00e9let n\u00e9pszer\u0171 el\u0151ad\u00f3i k\u00f6z\u00e9 tartozik. Sz\u00edvesen osztja meg legjobb gyakorlati \u00f6tleteit a biztos\u00edt\u00e1si szakma ter\u00fclet\u00e9n bel\u00fcl koll\u00e9g\u00e1ival. M\u00e9lyen hisz abban, hogy akinek lehet\u0151s\u00e9ge van, annak k\u00f6teless\u00e9ge visszaadni a k\u00f6z\u00f6ss\u00e9g\u00e9nek. Sz\u00e1mos j\u00f3t\u00e9kony \u00fcgyet t\u00e1mogat, ak\u00e1r anyagilag, ak\u00e1r a szak\u00e9rtelm\u00e9vel. \u00c9len j\u00e1r a k\u00f6z\u00f6ss\u00e9g\u00e9p\u00edt\u00e9sben is. Az \u00e1ltala meg\u00e1lmodott \u00e9s 2014-ben elind\u00edtott rendezv\u00e9nysorozatot \u2013 <strong>a N\u0151nek lenni j\u00f3! Konferenci\u00e1t<\/strong> \u2013 ma m\u00e1r Magyarorsz\u00e1g legrangosabb n\u0151i esem\u00e9nyei k\u00f6z\u00f6tt tartj\u00e1k sz\u00e1mon. Nagyon b\u00fcszke arra, hogy f\u00e9rj\u00e9vel egy\u00fctt m\u00e1ra fel\u00e9p\u00edtettek egy t\u00f6bbgener\u00e1ci\u00f3s csal\u00e1di v\u00e1llalkoz\u00e1st, hiszen 3 gyermek\u00fck k\u00f6z\u00fcl 2 csatlakozott a k\u00f6z\u00f6s \u00fczlethez.<\/p><p><strong>El\u0151ad\u00e1sa<\/strong><\/p><p>FLOW \u2013 n\u00e9gy l\u00e9p\u00e9s a tan\u00e1csad\u00f3i dimenzi\u00f3v\u00e1lt\u00e1shoz Csatos Erika, az MDRT Top of the Table tan\u00e1csad\u00f3ja bemutatja a FLOW keretrendszert, amely seg\u00edt a p\u00e9nz\u00fcgyi tan\u00e1csad\u00f3knak magasabb szintre emelni a teljes\u00edtm\u00e9ny\u00fcket. <strong>N\u00e9gy, azonnal be\u00e9p\u00edthet\u0151, gyakorlati m\u00f3dszerre sz\u00e1m\u00edthatsz<\/strong> az el\u0151ad\u00f3t\u00f3l, amelyek megsokszorozz\u00e1k a hat\u00e1sodat, n\u00f6velik az \u00fcgyf\u00e9l-el\u00e9gedetts\u00e9get, \u00e9s k\u00f6zelebb visznek ahhoz, hogy te is el\u00e9rhesd az MDRT szintet.<\/p><p><strong>Ha szeretn\u00e9d felturb\u00f3zni a teljes\u00edtm\u00e9nyedet, \u00e9s megtapasztalni, milyen \u00e1tt\u00f6r\u0151 v\u00e1ltoz\u00e1st tud hozni a FLOW rendszer a munk\u00e1dban, ott a helyed ezen az el\u0151ad\u00e1son.<\/strong><\/p><\/div><\/div><\/div><\/div><\/div><\/blockquote><\/div><\/div><\/div><\/div><\/div><\/div><\/div><\/div><\/div><\/div><\/div><\/div><\/div><\/div><\/div><\/div><\/div><\/div><\/div><\/div><\/div><\/div><\/div><\/div><\/div><\/div><\/div><\/div><\/div><\/div><\/div>\t\t\t\t\t\t\t\t<\/div>\n\t\t\t\t<\/div>\n\t\t\t\t<\/div>\n\t\t\t\t<\/div>\n\t\t\t\t\t<\/div>\n\t\t\t\t<\/div>\n\t\t\t\t<\/div>","protected":false},"excerpt":{"rendered":"<p>Csatos Erika\u200b Csatos Erika, az \u00c1lomj\u00f6v\u0151 Tan\u00e1csad\u00f3 Iroda alap\u00edt\u00f3tulajdonosa 27 \u00e9ve dolgozik a p\u00e9nz\u00fcgyi ipar\u00e1gban. A vil\u00e1g legjobb p\u00e9nz\u00fcgyi tan\u00e1csad\u00f3it t\u00f6m\u00f6r\u00edt\u0151 szervezet, az MDRT \u00f6r\u00f6k\u00f6s tagja. Nagyon b\u00fcszke r\u00e1, hogy 3 MDRT, 13 COT \u00e9s 6 TOT tags\u00e1ggal rendelkezik. Erika a p\u00e9nz\u00fcgyi eduk\u00e1ci\u00f3 elk\u00f6telezett h\u00edvek\u00e9nt gyakran l\u00e1that\u00f3 p\u00e9nz\u00fcgyi tudatoss\u00e1ggal foglalkoz\u00f3 telev\u00edzi\u00f3 \u00e9s r\u00e1di\u00f3m\u0171sorokban. Rendszeresen jelennek [&hellip;]<\/p>","protected":false},"author":1,"featured_media":4439,"parent":0,"menu_order":0,"comment_status":"closed","ping_status":"closed","template":"","meta":{"footnotes":""},"class_list":["post-4451","page","type-page","status-publish","has-post-thumbnail","hentry"],"yoast_head":"<!-- This site is optimized with the Yoast SEO plugin v25.7 - https:\/\/yoast.com\/wordpress\/plugins\/seo\/ -->\n<title>Csatos Erika\u200b - P\u00e9nzKult\u00fara Alap\u00edtv\u00e1ny Budapesti \u00c9letbiztos\u00edt\u00e1si Cs\u00facstal\u00e1lkoz\u00f3<\/title>\n<meta name=\"description\" content=\"27 \u00e9ve dolgozik ap\u00e9nz\u00fcgyi ipar\u00e1gban.Az MDRT \u00f6r\u00f6k\u00f6s tagja.Nagyon b\u00fcszke r\u00e1, hogy 3 MDRT, 13 COT \u00e9s 6 TOT tags\u00e1ggal rendelkezik.\" \/>\n<meta name=\"robots\" content=\"index, follow, max-snippet:-1, max-image-preview:large, max-video-preview:-1\" \/>\n<link rel=\"canonical\" href=\"https:\/\/penzkultura.eletbiztositasicsucstalalkozo.hu\/en\/csatos-erika\/\" \/>\n<meta property=\"og:locale\" content=\"en_GB\" \/>\n<meta property=\"og:type\" content=\"article\" \/>\n<meta property=\"og:title\" content=\"Csatos Erika\u200b - P\u00e9nzKult\u00fara Alap\u00edtv\u00e1ny Budapesti \u00c9letbiztos\u00edt\u00e1si Cs\u00facstal\u00e1lkoz\u00f3\" \/>\n<meta property=\"og:description\" content=\"27 \u00e9ve dolgozik ap\u00e9nz\u00fcgyi ipar\u00e1gban.Az MDRT \u00f6r\u00f6k\u00f6s tagja.Nagyon b\u00fcszke r\u00e1, hogy 3 MDRT, 13 COT \u00e9s 6 TOT tags\u00e1ggal rendelkezik.\" \/>\n<meta property=\"og:url\" content=\"https:\/\/penzkultura.eletbiztositasicsucstalalkozo.hu\/en\/csatos-erika\/\" \/>\n<meta property=\"og:site_name\" content=\"P\u00e9nzKult\u00fara Alap\u00edtv\u00e1ny Budapesti \u00c9letbiztos\u00edt\u00e1si Cs\u00facstal\u00e1lkoz\u00f3\" \/>\n<meta property=\"article:modified_time\" content=\"2025-10-10T09:17:07+00:00\" \/>\n<meta property=\"og:image\" content=\"https:\/\/penzkultura.eletbiztositasicsucstalalkozo.hu\/wp-content\/uploads\/2025\/10\/Csatos-Erika.jpg\" \/>\n\t<meta property=\"og:image:width\" content=\"480\" \/>\n\t<meta property=\"og:image:height\" content=\"580\" \/>\n\t<meta property=\"og:image:type\" content=\"image\/jpeg\" \/>\n<meta name=\"twitter:card\" content=\"summary_large_image\" \/>\n<meta name=\"twitter:label1\" content=\"Estimated reading time\" \/>\n\t<meta name=\"twitter:data1\" content=\"1 minute\" \/>\n<script type=\"application\/ld+json\" class=\"yoast-schema-graph\">{\"@context\":\"https:\/\/schema.org\",\"@graph\":[{\"@type\":\"WebPage\",\"@id\":\"https:\/\/penzkultura.eletbiztositasicsucstalalkozo.hu\/csatos-erika\/\",\"url\":\"https:\/\/penzkultura.eletbiztositasicsucstalalkozo.hu\/csatos-erika\/\",\"name\":\"Csatos Erika\u200b - P\u00e9nzKult\u00fara Alap\u00edtv\u00e1ny Budapesti \u00c9letbiztos\u00edt\u00e1si Cs\u00facstal\u00e1lkoz\u00f3\",\"isPartOf\":{\"@id\":\"https:\/\/penzkultura.eletbiztositasicsucstalalkozo.hu\/#website\"},\"primaryImageOfPage\":{\"@id\":\"https:\/\/penzkultura.eletbiztositasicsucstalalkozo.hu\/csatos-erika\/#primaryimage\"},\"image\":{\"@id\":\"https:\/\/penzkultura.eletbiztositasicsucstalalkozo.hu\/csatos-erika\/#primaryimage\"},\"thumbnailUrl\":\"https:\/\/penzkultura.eletbiztositasicsucstalalkozo.hu\/wp-content\/uploads\/2025\/10\/Csatos-Erika.jpg\",\"datePublished\":\"2025-10-10T09:09:02+00:00\",\"dateModified\":\"2025-10-10T09:17:07+00:00\",\"description\":\"27 \u00e9ve dolgozik ap\u00e9nz\u00fcgyi ipar\u00e1gban.Az MDRT \u00f6r\u00f6k\u00f6s tagja.Nagyon b\u00fcszke r\u00e1, hogy 3 MDRT, 13 COT \u00e9s 6 TOT tags\u00e1ggal rendelkezik.\",\"breadcrumb\":{\"@id\":\"https:\/\/penzkultura.eletbiztositasicsucstalalkozo.hu\/csatos-erika\/#breadcrumb\"},\"inLanguage\":\"en-GB\",\"potentialAction\":[{\"@type\":\"ReadAction\",\"target\":[\"https:\/\/penzkultura.eletbiztositasicsucstalalkozo.hu\/csatos-erika\/\"]}]},{\"@type\":\"ImageObject\",\"inLanguage\":\"en-GB\",\"@id\":\"https:\/\/penzkultura.eletbiztositasicsucstalalkozo.hu\/csatos-erika\/#primaryimage\",\"url\":\"https:\/\/penzkultura.eletbiztositasicsucstalalkozo.hu\/wp-content\/uploads\/2025\/10\/Csatos-Erika.jpg\",\"contentUrl\":\"https:\/\/penzkultura.eletbiztositasicsucstalalkozo.hu\/wp-content\/uploads\/2025\/10\/Csatos-Erika.jpg\",\"width\":480,\"height\":580},{\"@type\":\"BreadcrumbList\",\"@id\":\"https:\/\/penzkultura.eletbiztositasicsucstalalkozo.hu\/csatos-erika\/#breadcrumb\",\"itemListElement\":[{\"@type\":\"ListItem\",\"position\":1,\"name\":\"Kezd\u0151lap\",\"item\":\"https:\/\/penzkultura.eletbiztositasicsucstalalkozo.hu\/\"},{\"@type\":\"ListItem\",\"position\":2,\"name\":\"Csatos Erika\u200b\"}]},{\"@type\":\"WebSite\",\"@id\":\"https:\/\/penzkultura.eletbiztositasicsucstalalkozo.hu\/#website\",\"url\":\"https:\/\/penzkultura.eletbiztositasicsucstalalkozo.hu\/\",\"name\":\"P\u00e9nzKult\u00fara Alap\u00edtv\u00e1ny Budapesti \u00c9letbiztos\u00edt\u00e1si Cs\u00facstal\u00e1lkoz\u00f3\",\"description\":\"VII. Budapesti \u00c9letbiztos\u00edt\u00e1si Cs\u00facstal\u00e1lkoz\u00f3 - Balatonf\u00fcred\",\"publisher\":{\"@id\":\"https:\/\/penzkultura.eletbiztositasicsucstalalkozo.hu\/#organization\"},\"potentialAction\":[{\"@type\":\"SearchAction\",\"target\":{\"@type\":\"EntryPoint\",\"urlTemplate\":\"https:\/\/penzkultura.eletbiztositasicsucstalalkozo.hu\/?s={search_term_string}\"},\"query-input\":{\"@type\":\"PropertyValueSpecification\",\"valueRequired\":true,\"valueName\":\"search_term_string\"}}],\"inLanguage\":\"en-GB\"},{\"@type\":\"Organization\",\"@id\":\"https:\/\/penzkultura.eletbiztositasicsucstalalkozo.hu\/#organization\",\"name\":\"P\u00e9nzKult\u00fara Alap\u00edtv\u00e1ny Budapesti \u00c9letbiztos\u00edt\u00e1si Cs\u00facstal\u00e1lkoz\u00f3\",\"url\":\"https:\/\/penzkultura.eletbiztositasicsucstalalkozo.hu\/\",\"logo\":{\"@type\":\"ImageObject\",\"inLanguage\":\"en-GB\",\"@id\":\"https:\/\/penzkultura.eletbiztositasicsucstalalkozo.hu\/#\/schema\/logo\/image\/\",\"url\":\"https:\/\/penzkultura.eletbiztositasicsucstalalkozo.hu\/wp-content\/uploads\/2025\/07\/BECs.png\",\"contentUrl\":\"https:\/\/penzkultura.eletbiztositasicsucstalalkozo.hu\/wp-content\/uploads\/2025\/07\/BECs.png\",\"width\":1406,\"height\":656,\"caption\":\"P\u00e9nzKult\u00fara Alap\u00edtv\u00e1ny Budapesti \u00c9letbiztos\u00edt\u00e1si Cs\u00facstal\u00e1lkoz\u00f3\"},\"image\":{\"@id\":\"https:\/\/penzkultura.eletbiztositasicsucstalalkozo.hu\/#\/schema\/logo\/image\/\"}}]}<\/script>\n<!-- \/ Yoast SEO plugin. -->","yoast_head_json":{"title":"Csatos Erika\u200b - P\u00e9nzKult\u00fara Alap\u00edtv\u00e1ny Budapesti \u00c9letbiztos\u00edt\u00e1si Cs\u00facstal\u00e1lkoz\u00f3","description":"27 \u00e9ve dolgozik ap\u00e9nz\u00fcgyi ipar\u00e1gban.Az MDRT \u00f6r\u00f6k\u00f6s tagja.Nagyon b\u00fcszke r\u00e1, hogy 3 MDRT, 13 COT \u00e9s 6 TOT tags\u00e1ggal rendelkezik.","robots":{"index":"index","follow":"follow","max-snippet":"max-snippet:-1","max-image-preview":"max-image-preview:large","max-video-preview":"max-video-preview:-1"},"canonical":"https:\/\/penzkultura.eletbiztositasicsucstalalkozo.hu\/en\/csatos-erika\/","og_locale":"en_GB","og_type":"article","og_title":"Csatos Erika\u200b - P\u00e9nzKult\u00fara Alap\u00edtv\u00e1ny Budapesti \u00c9letbiztos\u00edt\u00e1si Cs\u00facstal\u00e1lkoz\u00f3","og_description":"27 \u00e9ve dolgozik ap\u00e9nz\u00fcgyi ipar\u00e1gban.Az MDRT \u00f6r\u00f6k\u00f6s tagja.Nagyon b\u00fcszke r\u00e1, hogy 3 MDRT, 13 COT \u00e9s 6 TOT tags\u00e1ggal rendelkezik.","og_url":"https:\/\/penzkultura.eletbiztositasicsucstalalkozo.hu\/en\/csatos-erika\/","og_site_name":"P\u00e9nzKult\u00fara Alap\u00edtv\u00e1ny Budapesti \u00c9letbiztos\u00edt\u00e1si Cs\u00facstal\u00e1lkoz\u00f3","article_modified_time":"2025-10-10T09:17:07+00:00","og_image":[{"width":480,"height":580,"url":"https:\/\/penzkultura.eletbiztositasicsucstalalkozo.hu\/wp-content\/uploads\/2025\/10\/Csatos-Erika.jpg","type":"image\/jpeg"}],"twitter_card":"summary_large_image","twitter_misc":{"Estimated reading time":"1 minute"},"schema":{"@context":"https:\/\/schema.org","@graph":[{"@type":"WebPage","@id":"https:\/\/penzkultura.eletbiztositasicsucstalalkozo.hu\/csatos-erika\/","url":"https:\/\/penzkultura.eletbiztositasicsucstalalkozo.hu\/csatos-erika\/","name":"Csatos Erika\u200b - P\u00e9nzKult\u00fara Alap\u00edtv\u00e1ny Budapesti \u00c9letbiztos\u00edt\u00e1si Cs\u00facstal\u00e1lkoz\u00f3","isPartOf":{"@id":"https:\/\/penzkultura.eletbiztositasicsucstalalkozo.hu\/#website"},"primaryImageOfPage":{"@id":"https:\/\/penzkultura.eletbiztositasicsucstalalkozo.hu\/csatos-erika\/#primaryimage"},"image":{"@id":"https:\/\/penzkultura.eletbiztositasicsucstalalkozo.hu\/csatos-erika\/#primaryimage"},"thumbnailUrl":"https:\/\/penzkultura.eletbiztositasicsucstalalkozo.hu\/wp-content\/uploads\/2025\/10\/Csatos-Erika.jpg","datePublished":"2025-10-10T09:09:02+00:00","dateModified":"2025-10-10T09:17:07+00:00","description":"27 \u00e9ve dolgozik ap\u00e9nz\u00fcgyi ipar\u00e1gban.Az MDRT \u00f6r\u00f6k\u00f6s tagja.Nagyon b\u00fcszke r\u00e1, hogy 3 MDRT, 13 COT \u00e9s 6 TOT tags\u00e1ggal rendelkezik.","breadcrumb":{"@id":"https:\/\/penzkultura.eletbiztositasicsucstalalkozo.hu\/csatos-erika\/#breadcrumb"},"inLanguage":"en-GB","potentialAction":[{"@type":"ReadAction","target":["https:\/\/penzkultura.eletbiztositasicsucstalalkozo.hu\/csatos-erika\/"]}]},{"@type":"ImageObject","inLanguage":"en-GB","@id":"https:\/\/penzkultura.eletbiztositasicsucstalalkozo.hu\/csatos-erika\/#primaryimage","url":"https:\/\/penzkultura.eletbiztositasicsucstalalkozo.hu\/wp-content\/uploads\/2025\/10\/Csatos-Erika.jpg","contentUrl":"https:\/\/penzkultura.eletbiztositasicsucstalalkozo.hu\/wp-content\/uploads\/2025\/10\/Csatos-Erika.jpg","width":480,"height":580},{"@type":"BreadcrumbList","@id":"https:\/\/penzkultura.eletbiztositasicsucstalalkozo.hu\/csatos-erika\/#breadcrumb","itemListElement":[{"@type":"ListItem","position":1,"name":"Kezd\u0151lap","item":"https:\/\/penzkultura.eletbiztositasicsucstalalkozo.hu\/"},{"@type":"ListItem","position":2,"name":"Csatos Erika\u200b"}]},{"@type":"WebSite","@id":"https:\/\/penzkultura.eletbiztositasicsucstalalkozo.hu\/#website","url":"https:\/\/penzkultura.eletbiztositasicsucstalalkozo.hu\/","name":"P\u00e9nzKult\u00fara Alap\u00edtv\u00e1ny Budapesti \u00c9letbiztos\u00edt\u00e1si Cs\u00facstal\u00e1lkoz\u00f3","description":"VII. Budapesti \u00c9letbiztos\u00edt\u00e1si Cs\u00facstal\u00e1lkoz\u00f3 - Balatonf\u00fcred","publisher":{"@id":"https:\/\/penzkultura.eletbiztositasicsucstalalkozo.hu\/#organization"},"potentialAction":[{"@type":"SearchAction","target":{"@type":"EntryPoint","urlTemplate":"https:\/\/penzkultura.eletbiztositasicsucstalalkozo.hu\/?s={search_term_string}"},"query-input":{"@type":"PropertyValueSpecification","valueRequired":true,"valueName":"search_term_string"}}],"inLanguage":"en-GB"},{"@type":"Organization","@id":"https:\/\/penzkultura.eletbiztositasicsucstalalkozo.hu\/#organization","name":"P\u00e9nzKult\u00fara Alap\u00edtv\u00e1ny Budapesti \u00c9letbiztos\u00edt\u00e1si Cs\u00facstal\u00e1lkoz\u00f3","url":"https:\/\/penzkultura.eletbiztositasicsucstalalkozo.hu\/","logo":{"@type":"ImageObject","inLanguage":"en-GB","@id":"https:\/\/penzkultura.eletbiztositasicsucstalalkozo.hu\/#\/schema\/logo\/image\/","url":"https:\/\/penzkultura.eletbiztositasicsucstalalkozo.hu\/wp-content\/uploads\/2025\/07\/BECs.png","contentUrl":"https:\/\/penzkultura.eletbiztositasicsucstalalkozo.hu\/wp-content\/uploads\/2025\/07\/BECs.png","width":1406,"height":656,"caption":"P\u00e9nzKult\u00fara Alap\u00edtv\u00e1ny Budapesti \u00c9letbiztos\u00edt\u00e1si Cs\u00facstal\u00e1lkoz\u00f3"},"image":{"@id":"https:\/\/penzkultura.eletbiztositasicsucstalalkozo.hu\/#\/schema\/logo\/image\/"}}]}},"_links":{"self":[{"href":"https:\/\/penzkultura.eletbiztositasicsucstalalkozo.hu\/en\/wp-json\/wp\/v2\/pages\/4451","targetHints":{"allow":["GET"]}}],"collection":[{"href":"https:\/\/penzkultura.eletbiztositasicsucstalalkozo.hu\/en\/wp-json\/wp\/v2\/pages"}],"about":[{"href":"https:\/\/penzkultura.eletbiztositasicsucstalalkozo.hu\/en\/wp-json\/wp\/v2\/types\/page"}],"author":[{"embeddable":true,"href":"https:\/\/penzkultura.eletbiztositasicsucstalalkozo.hu\/en\/wp-json\/wp\/v2\/users\/1"}],"replies":[{"embeddable":true,"href":"https:\/\/penzkultura.eletbiztositasicsucstalalkozo.hu\/en\/wp-json\/wp\/v2\/comments?post=4451"}],"version-history":[{"count":4,"href":"https:\/\/penzkultura.eletbiztositasicsucstalalkozo.hu\/en\/wp-json\/wp\/v2\/pages\/4451\/revisions"}],"predecessor-version":[{"id":4458,"href":"https:\/\/penzkultura.eletbiztositasicsucstalalkozo.hu\/en\/wp-json\/wp\/v2\/pages\/4451\/revisions\/4458"}],"wp:featuredmedia":[{"embeddable":true,"href":"https:\/\/penzkultura.eletbiztositasicsucstalalkozo.hu\/en\/wp-json\/wp\/v2\/media\/4439"}],"wp:attachment":[{"href":"https:\/\/penzkultura.eletbiztositasicsucstalalkozo.hu\/en\/wp-json\/wp\/v2\/media?parent=4451"}],"curies":[{"name":"wp","href":"https:\/\/api.w.org\/{rel}","templated":true}]}}