{"id":4462,"date":"2025-10-10T11:18:58","date_gmt":"2025-10-10T09:18:58","guid":{"rendered":"https:\/\/penzkultura.eletbiztositasicsucstalalkozo.hu\/?page_id=4462"},"modified":"2025-10-10T11:25:49","modified_gmt":"2025-10-10T09:25:49","slug":"body-istvan","status":"publish","type":"page","link":"https:\/\/penzkultura.eletbiztositasicsucstalalkozo.hu\/en\/body-istvan\/","title":{"rendered":"B\u0151dy Istv\u00e1n\u200b"},"content":{"rendered":"<div data-elementor-type=\"wp-page\" data-elementor-id=\"4462\" class=\"elementor elementor-4462\" data-elementor-post-type=\"page\">\n\t\t\t\t<div class=\"elementor-element elementor-element-0bca140 e-flex e-con-boxed e-con e-parent\" data-id=\"0bca140\" data-element_type=\"container\">\n\t\t\t\t\t<div class=\"e-con-inner\">\n\t\t<div class=\"elementor-element elementor-element-c1ebcfc e-con-full e-flex e-con e-child\" data-id=\"c1ebcfc\" data-element_type=\"container\" data-settings=\"{&quot;background_background&quot;:&quot;classic&quot;}\">\n\t\t\t\t<div class=\"elementor-element elementor-element-a01672d elementor-widget elementor-widget-image\" data-id=\"a01672d\" data-element_type=\"widget\" data-widget_type=\"image.default\">\n\t\t\t\t<div class=\"elementor-widget-container\">\n\t\t\t\t\t\t\t\t\t\t\t\t\t\t\t<img fetchpriority=\"high\" decoding=\"async\" width=\"480\" height=\"580\" src=\"https:\/\/penzkultura.eletbiztositasicsucstalalkozo.hu\/wp-content\/uploads\/2025\/10\/Body-Istvan.jpg\" class=\"attachment-large size-large wp-image-4438\" alt=\"\" srcset=\"https:\/\/penzkultura.eletbiztositasicsucstalalkozo.hu\/wp-content\/uploads\/2025\/10\/Body-Istvan.jpg 480w, https:\/\/penzkultura.eletbiztositasicsucstalalkozo.hu\/wp-content\/uploads\/2025\/10\/Body-Istvan-10x12.jpg 10w\" sizes=\"(max-width: 480px) 100vw, 480px\" \/>\t\t\t\t\t\t\t\t\t\t\t\t\t\t\t<\/div>\n\t\t\t\t<\/div>\n\t\t<div class=\"elementor-element elementor-element-afeec39 e-con-full e-flex e-con e-child\" data-id=\"afeec39\" data-element_type=\"container\">\n\t\t\t\t<div class=\"elementor-element elementor-element-b314cb7 elementor-widget elementor-widget-heading\" data-id=\"b314cb7\" data-element_type=\"widget\" data-widget_type=\"heading.default\">\n\t\t\t\t<div class=\"elementor-widget-container\">\n\t\t\t\t\t<h2 class=\"elementor-heading-title elementor-size-default\">B\u0151dy Istv\u00e1n\u200b<\/h2>\t\t\t\t<\/div>\n\t\t\t\t<\/div>\n\t\t\t\t<div class=\"elementor-element elementor-element-acbb016 elementor-widget elementor-widget-text-editor\" data-id=\"acbb016\" data-element_type=\"widget\" data-widget_type=\"text-editor.default\">\n\t\t\t\t<div class=\"elementor-widget-container\">\n\t\t\t\t\t\t\t\t\t<div class=\"tVu25\"><div class=\"nH\"><div class=\"nH\"><div class=\"nH aqk aql bkL\"><div class=\"nH bkK\"><div class=\"nH\"><div class=\"nH ar4 z\"><div class=\"aeI\"><div class=\"AO\"><div id=\":3\" class=\"Tm aeJ\"><div id=\":1\" class=\"aeF\"><div class=\"nH\"><div class=\"nH\" role=\"main\"><div class=\"nH g\"><div class=\"nH a98 iY\"><div class=\"nH\"><div class=\"aHU hx\"><div role=\"list\"><div class=\"h7 bg ie\" tabindex=\"-1\" role=\"listitem\" aria-expanded=\"true\"><div class=\"Bk\"><div class=\"G3 G2 afm\"><div><div id=\":1ls\"><div class=\"adn ads\" data-message-id=\"#msg-f:1837710282827379746\" data-legacy-message-id=\"1980dbc400023422\"><div class=\"gs\"><div class=\"\"><div id=\":1lu\" class=\"ii gt\"><div id=\":1lt\" class=\"a3s aiL\"><div><div class=\"adL\"><div><blockquote><div class=\"adL\"><div class=\"im\"><div><div><div><p>1999 \u00f3ta dolgozik a biztos\u00edt\u00e1si szakm\u00e1ban. A Million Dollar Round Table hatszoros tagja, az Union Biztos\u00edt\u00f3 VIP tagja.Tan\u00e1csad\u00f3 irod\u00e1ja az al\u00e1bbi ter\u00fcleteken v\u00e9gez kimagasl\u00f3 szakmai sz\u00ednvonal\u00fa munk\u00e1t:<\/p><ul><li>Multinacion\u00e1lis c\u00e9gek k\u00f6z\u00e9p \u00e9s fels\u0151 vezet\u0151i sz\u00e1m\u00e1ra k\u00e9sz\u00edt p\u00e9nz\u00fcgyi tervez\u00e9st, megl\u00e9v\u0151 \u00e1llami -\u00e9s mag\u00e1nbiztos\u00edt\u00e1si portfoli\u00f3juk \u00e1tvil\u00e1g\u00edt\u00e1s\u00e1n kereszt\u00fcl.<\/li><li>Kis \u00e9s k\u00f6z\u00e9p v\u00e1llalkoz\u00e1sokn\u00e1l a tulajdonosi kock\u00e1zatkezel\u00e9sre k\u00e9sz\u00edt megold\u00e1sokat, hogy a c\u00e9g\u00f6r\u00f6kl\u00e9s z\u00f6kken\u0151mentesen menjen a tulajdonost\u00e1rsak \u00e9s az \u00f6r\u00f6k\u00f6s\u00f6k k\u00f6z\u00f6tt.<\/li><li>A munk\u00e1ltat\u00f3k sz\u00e1m\u00e1ra \u00e9p\u00edt egy\u00e9ni eg\u00e9szs\u00e9gbiztos\u00edt\u00e1si portf\u00f3li\u00f3t. Munk\u00e1j\u00e1t az teszi egyediv\u00e9, hogy \u0150 maga is \u00e1tesett rettegett betegs\u00e9geken, \u00edgy szakmai \u00e9szrev\u00e9teleit k\u00fcl\u00f6nlegesen hitelesnek tartj\u00e1k.<\/li><li>Kor\u00e1bbi k\u00e9zilabd\u00e1z\u00f3k\u00e9nt nem szakadt el a sportvil\u00e1g\u00e1t\u00f3l, hanem v\u00e1logatott sportol\u00f3k p\u00e9nz\u00fcgyi mentora. Tan\u00e1csaiban kit\u00fcntetett figyelmet szentel sportp\u00e1lyafut\u00e1s ut\u00e1ni civil \u00e9letre val\u00f3 felk\u00e9sz\u00edt\u00e9snek, \u00e9s a sportp\u00e1lyafut\u00e1s alatt felmer\u00fcl\u0151 v\u00e1ratlan \u00e9lethelyzetek kock\u00e1zatkezel\u00e9s\u00e9nek.<\/li><li>K\u00fcl\u00f6nb\u00f6z\u0151 mentor programok mellett, szakmai konferenci\u00e1kon is rendszeres el\u0151ad\u00f3.<\/li><\/ul><p><strong>Mott\u00f3ja: Nem adhatsz az \u00e9letednek egy \u00f3r\u00e1val sem t\u00f6bbet, de minden \u00f3r\u00e1dnak adhatsz t\u00f6bb \u00e9letet!<\/strong><\/p><p><strong>El\u0151ad\u00e1sa<\/strong> \u00dcgyf\u00e9lszerz\u00e9s &#8211; Legy\u00e9l profi vagy kezd\u0151 tan\u00e1csad\u00f3, a v\u00e1llalkoz\u00e1sod motorja az \u00faj \u00fcgyf\u00e9l!<\/p><p><strong>B\u0151dy Istv\u00e1n, hatszoros MDRT tan\u00e1csad\u00f3, beavat a sikere titk\u00e1ba: <\/strong>megmutatja, hogyan biztos\u00edtja legmegb\u00edzhat\u00f3bb \u00fcgyfelei \u00e1lland\u00f3 aj\u00e1nl\u00e1sait! Istv\u00e1n m\u00f3dszer\u00e9vel soha nem kell leadeket v\u00e1s\u00e1rolnod, \u00e9s nem kell hideg c\u00edmanyagb\u00f3l dolgoznod! Nem ker\u00fclsz kiszolg\u00e1ltatott helyzetbe akkor sem, ha \u00e9pp nem j\u00f6nnek az aj\u00e1nl\u00e1sok a megszokott m\u00f3don. Az el\u0151ad\u00e1s sor\u00e1n egy olyan bizony\u00edtott, k\u00f6nnyen elsaj\u00e1t\u00edthat\u00f3 \u00e9s k\u00f6vethet\u0151 rendszert ismersz meg, amely garant\u00e1lja teljes\u00edtm\u00e9nyed \u00e9s \u00fcgyf\u00e9l\u00e1llom\u00e1nyod n\u00f6veked\u00e9s\u00e9t, \u00e9s megmutatja az utat ahhoz, hogy te is MDRT tagg\u00e1 v\u00e1lj -vagy MDRT szintet l\u00e9pj!<\/p><ul><li>Szeretn\u00e9l egy olyan m\u00f3dszert megismerni, amellyel havonta ak\u00e1r 20\u201330 \u00faj \u00fcgyf\u00e9ljel\u00f6lt is t\u00e9ged v\u00e1laszthat tan\u00e1csad\u00f3j\u00e1nak?<\/li><li>Szeretn\u00e9d mindezt hat\u00e9konyan, professzion\u00e1lisan \u00e9s stabilan m\u0171k\u00f6dtetni?<\/li><li>Ha igen, akkor ott a helyed B\u0151dy Istv\u00e1n el\u0151ad\u00e1s\u00e1n!<\/li><\/ul><p><strong>T\u00f6ltsd fel a v\u00e1llalkoz\u00e1sod energi\u00e1val, inspir\u00e1ci\u00f3val \u00e9s rengeteg \u00faj \u00fcgyf\u00e9ljel\u00f6lttel!<\/strong><\/p><\/div><\/div><\/div><\/div><\/div><\/blockquote><\/div><\/div><\/div><\/div><\/div><\/div><\/div><\/div><\/div><\/div><\/div><\/div><\/div><\/div><\/div><\/div><\/div><\/div><\/div><\/div><\/div><\/div><\/div><\/div><\/div><\/div><\/div><\/div><\/div><\/div><\/div>\t\t\t\t\t\t\t\t<\/div>\n\t\t\t\t<\/div>\n\t\t\t\t<\/div>\n\t\t\t\t<\/div>\n\t\t\t\t\t<\/div>\n\t\t\t\t<\/div>\n\t\t\t\t<\/div>","protected":false},"excerpt":{"rendered":"<p>B\u0151dy Istv\u00e1n\u200b 1999 \u00f3ta dolgozik a biztos\u00edt\u00e1si szakm\u00e1ban. A Million Dollar Round Table hatszoros tagja, az Union Biztos\u00edt\u00f3 VIP tagja.Tan\u00e1csad\u00f3 irod\u00e1ja az al\u00e1bbi ter\u00fcleteken v\u00e9gez kimagasl\u00f3 szakmai sz\u00ednvonal\u00fa munk\u00e1t: Multinacion\u00e1lis c\u00e9gek k\u00f6z\u00e9p \u00e9s fels\u0151 vezet\u0151i sz\u00e1m\u00e1ra k\u00e9sz\u00edt p\u00e9nz\u00fcgyi tervez\u00e9st, megl\u00e9v\u0151 \u00e1llami -\u00e9s mag\u00e1nbiztos\u00edt\u00e1si portfoli\u00f3juk \u00e1tvil\u00e1g\u00edt\u00e1s\u00e1n kereszt\u00fcl. Kis \u00e9s k\u00f6z\u00e9p v\u00e1llalkoz\u00e1sokn\u00e1l a tulajdonosi kock\u00e1zatkezel\u00e9sre k\u00e9sz\u00edt megold\u00e1sokat, [&hellip;]<\/p>","protected":false},"author":1,"featured_media":4438,"parent":0,"menu_order":0,"comment_status":"closed","ping_status":"closed","template":"","meta":{"footnotes":""},"class_list":["post-4462","page","type-page","status-publish","has-post-thumbnail","hentry"],"yoast_head":"<!-- This site is optimized with the Yoast SEO plugin v25.7 - https:\/\/yoast.com\/wordpress\/plugins\/seo\/ -->\n<title>B\u0151dy Istv\u00e1n\u200b - P\u00e9nzKult\u00fara Alap\u00edtv\u00e1ny Budapesti \u00c9letbiztos\u00edt\u00e1si Cs\u00facstal\u00e1lkoz\u00f3<\/title>\n<meta name=\"description\" content=\"1999 \u00f3ta dolgozik a biztos\u00edt\u00e1si szakm\u00e1ban. A Million Dollar Round Table hatszoros tagja, az Union Biztos\u00edt\u00f3 VIP tagja.\" \/>\n<meta name=\"robots\" content=\"index, follow, max-snippet:-1, max-image-preview:large, max-video-preview:-1\" \/>\n<link rel=\"canonical\" href=\"https:\/\/penzkultura.eletbiztositasicsucstalalkozo.hu\/en\/body-istvan\/\" \/>\n<meta property=\"og:locale\" content=\"en_GB\" \/>\n<meta property=\"og:type\" content=\"article\" \/>\n<meta property=\"og:title\" content=\"B\u0151dy Istv\u00e1n\u200b - P\u00e9nzKult\u00fara Alap\u00edtv\u00e1ny Budapesti \u00c9letbiztos\u00edt\u00e1si Cs\u00facstal\u00e1lkoz\u00f3\" \/>\n<meta property=\"og:description\" content=\"1999 \u00f3ta dolgozik a biztos\u00edt\u00e1si szakm\u00e1ban. A Million Dollar Round Table hatszoros tagja, az Union Biztos\u00edt\u00f3 VIP tagja.\" \/>\n<meta property=\"og:url\" content=\"https:\/\/penzkultura.eletbiztositasicsucstalalkozo.hu\/en\/body-istvan\/\" \/>\n<meta property=\"og:site_name\" content=\"P\u00e9nzKult\u00fara Alap\u00edtv\u00e1ny Budapesti \u00c9letbiztos\u00edt\u00e1si Cs\u00facstal\u00e1lkoz\u00f3\" \/>\n<meta property=\"article:modified_time\" content=\"2025-10-10T09:25:49+00:00\" \/>\n<meta property=\"og:image\" content=\"https:\/\/penzkultura.eletbiztositasicsucstalalkozo.hu\/wp-content\/uploads\/2025\/10\/Body-Istvan.jpg\" \/>\n\t<meta property=\"og:image:width\" content=\"480\" \/>\n\t<meta property=\"og:image:height\" content=\"580\" \/>\n\t<meta property=\"og:image:type\" content=\"image\/jpeg\" \/>\n<meta name=\"twitter:card\" content=\"summary_large_image\" \/>\n<meta name=\"twitter:label1\" content=\"Estimated reading time\" \/>\n\t<meta name=\"twitter:data1\" content=\"1 minute\" \/>\n<script type=\"application\/ld+json\" class=\"yoast-schema-graph\">{\"@context\":\"https:\/\/schema.org\",\"@graph\":[{\"@type\":\"WebPage\",\"@id\":\"https:\/\/penzkultura.eletbiztositasicsucstalalkozo.hu\/body-istvan\/\",\"url\":\"https:\/\/penzkultura.eletbiztositasicsucstalalkozo.hu\/body-istvan\/\",\"name\":\"B\u0151dy Istv\u00e1n\u200b - P\u00e9nzKult\u00fara Alap\u00edtv\u00e1ny Budapesti \u00c9letbiztos\u00edt\u00e1si Cs\u00facstal\u00e1lkoz\u00f3\",\"isPartOf\":{\"@id\":\"https:\/\/penzkultura.eletbiztositasicsucstalalkozo.hu\/#website\"},\"primaryImageOfPage\":{\"@id\":\"https:\/\/penzkultura.eletbiztositasicsucstalalkozo.hu\/body-istvan\/#primaryimage\"},\"image\":{\"@id\":\"https:\/\/penzkultura.eletbiztositasicsucstalalkozo.hu\/body-istvan\/#primaryimage\"},\"thumbnailUrl\":\"https:\/\/penzkultura.eletbiztositasicsucstalalkozo.hu\/wp-content\/uploads\/2025\/10\/Body-Istvan.jpg\",\"datePublished\":\"2025-10-10T09:18:58+00:00\",\"dateModified\":\"2025-10-10T09:25:49+00:00\",\"description\":\"1999 \u00f3ta dolgozik a biztos\u00edt\u00e1si szakm\u00e1ban. A Million Dollar Round Table hatszoros tagja, az Union Biztos\u00edt\u00f3 VIP tagja.\",\"breadcrumb\":{\"@id\":\"https:\/\/penzkultura.eletbiztositasicsucstalalkozo.hu\/body-istvan\/#breadcrumb\"},\"inLanguage\":\"en-GB\",\"potentialAction\":[{\"@type\":\"ReadAction\",\"target\":[\"https:\/\/penzkultura.eletbiztositasicsucstalalkozo.hu\/body-istvan\/\"]}]},{\"@type\":\"ImageObject\",\"inLanguage\":\"en-GB\",\"@id\":\"https:\/\/penzkultura.eletbiztositasicsucstalalkozo.hu\/body-istvan\/#primaryimage\",\"url\":\"https:\/\/penzkultura.eletbiztositasicsucstalalkozo.hu\/wp-content\/uploads\/2025\/10\/Body-Istvan.jpg\",\"contentUrl\":\"https:\/\/penzkultura.eletbiztositasicsucstalalkozo.hu\/wp-content\/uploads\/2025\/10\/Body-Istvan.jpg\",\"width\":480,\"height\":580},{\"@type\":\"BreadcrumbList\",\"@id\":\"https:\/\/penzkultura.eletbiztositasicsucstalalkozo.hu\/body-istvan\/#breadcrumb\",\"itemListElement\":[{\"@type\":\"ListItem\",\"position\":1,\"name\":\"Kezd\u0151lap\",\"item\":\"https:\/\/penzkultura.eletbiztositasicsucstalalkozo.hu\/\"},{\"@type\":\"ListItem\",\"position\":2,\"name\":\"B\u0151dy Istv\u00e1n\u200b\"}]},{\"@type\":\"WebSite\",\"@id\":\"https:\/\/penzkultura.eletbiztositasicsucstalalkozo.hu\/#website\",\"url\":\"https:\/\/penzkultura.eletbiztositasicsucstalalkozo.hu\/\",\"name\":\"P\u00e9nzKult\u00fara Alap\u00edtv\u00e1ny Budapesti \u00c9letbiztos\u00edt\u00e1si Cs\u00facstal\u00e1lkoz\u00f3\",\"description\":\"VII. Budapesti \u00c9letbiztos\u00edt\u00e1si Cs\u00facstal\u00e1lkoz\u00f3 - Balatonf\u00fcred\",\"publisher\":{\"@id\":\"https:\/\/penzkultura.eletbiztositasicsucstalalkozo.hu\/#organization\"},\"potentialAction\":[{\"@type\":\"SearchAction\",\"target\":{\"@type\":\"EntryPoint\",\"urlTemplate\":\"https:\/\/penzkultura.eletbiztositasicsucstalalkozo.hu\/?s={search_term_string}\"},\"query-input\":{\"@type\":\"PropertyValueSpecification\",\"valueRequired\":true,\"valueName\":\"search_term_string\"}}],\"inLanguage\":\"en-GB\"},{\"@type\":\"Organization\",\"@id\":\"https:\/\/penzkultura.eletbiztositasicsucstalalkozo.hu\/#organization\",\"name\":\"P\u00e9nzKult\u00fara Alap\u00edtv\u00e1ny Budapesti \u00c9letbiztos\u00edt\u00e1si Cs\u00facstal\u00e1lkoz\u00f3\",\"url\":\"https:\/\/penzkultura.eletbiztositasicsucstalalkozo.hu\/\",\"logo\":{\"@type\":\"ImageObject\",\"inLanguage\":\"en-GB\",\"@id\":\"https:\/\/penzkultura.eletbiztositasicsucstalalkozo.hu\/#\/schema\/logo\/image\/\",\"url\":\"https:\/\/penzkultura.eletbiztositasicsucstalalkozo.hu\/wp-content\/uploads\/2025\/07\/BECs.png\",\"contentUrl\":\"https:\/\/penzkultura.eletbiztositasicsucstalalkozo.hu\/wp-content\/uploads\/2025\/07\/BECs.png\",\"width\":1406,\"height\":656,\"caption\":\"P\u00e9nzKult\u00fara Alap\u00edtv\u00e1ny Budapesti \u00c9letbiztos\u00edt\u00e1si Cs\u00facstal\u00e1lkoz\u00f3\"},\"image\":{\"@id\":\"https:\/\/penzkultura.eletbiztositasicsucstalalkozo.hu\/#\/schema\/logo\/image\/\"}}]}<\/script>\n<!-- \/ Yoast SEO plugin. -->","yoast_head_json":{"title":"B\u0151dy Istv\u00e1n\u200b - P\u00e9nzKult\u00fara Alap\u00edtv\u00e1ny Budapesti \u00c9letbiztos\u00edt\u00e1si Cs\u00facstal\u00e1lkoz\u00f3","description":"1999 \u00f3ta dolgozik a biztos\u00edt\u00e1si szakm\u00e1ban. A Million Dollar Round Table hatszoros tagja, az Union Biztos\u00edt\u00f3 VIP tagja.","robots":{"index":"index","follow":"follow","max-snippet":"max-snippet:-1","max-image-preview":"max-image-preview:large","max-video-preview":"max-video-preview:-1"},"canonical":"https:\/\/penzkultura.eletbiztositasicsucstalalkozo.hu\/en\/body-istvan\/","og_locale":"en_GB","og_type":"article","og_title":"B\u0151dy Istv\u00e1n\u200b - P\u00e9nzKult\u00fara Alap\u00edtv\u00e1ny Budapesti \u00c9letbiztos\u00edt\u00e1si Cs\u00facstal\u00e1lkoz\u00f3","og_description":"1999 \u00f3ta dolgozik a biztos\u00edt\u00e1si szakm\u00e1ban. A Million Dollar Round Table hatszoros tagja, az Union Biztos\u00edt\u00f3 VIP tagja.","og_url":"https:\/\/penzkultura.eletbiztositasicsucstalalkozo.hu\/en\/body-istvan\/","og_site_name":"P\u00e9nzKult\u00fara Alap\u00edtv\u00e1ny Budapesti \u00c9letbiztos\u00edt\u00e1si Cs\u00facstal\u00e1lkoz\u00f3","article_modified_time":"2025-10-10T09:25:49+00:00","og_image":[{"width":480,"height":580,"url":"https:\/\/penzkultura.eletbiztositasicsucstalalkozo.hu\/wp-content\/uploads\/2025\/10\/Body-Istvan.jpg","type":"image\/jpeg"}],"twitter_card":"summary_large_image","twitter_misc":{"Estimated reading time":"1 minute"},"schema":{"@context":"https:\/\/schema.org","@graph":[{"@type":"WebPage","@id":"https:\/\/penzkultura.eletbiztositasicsucstalalkozo.hu\/body-istvan\/","url":"https:\/\/penzkultura.eletbiztositasicsucstalalkozo.hu\/body-istvan\/","name":"B\u0151dy Istv\u00e1n\u200b - P\u00e9nzKult\u00fara Alap\u00edtv\u00e1ny Budapesti \u00c9letbiztos\u00edt\u00e1si Cs\u00facstal\u00e1lkoz\u00f3","isPartOf":{"@id":"https:\/\/penzkultura.eletbiztositasicsucstalalkozo.hu\/#website"},"primaryImageOfPage":{"@id":"https:\/\/penzkultura.eletbiztositasicsucstalalkozo.hu\/body-istvan\/#primaryimage"},"image":{"@id":"https:\/\/penzkultura.eletbiztositasicsucstalalkozo.hu\/body-istvan\/#primaryimage"},"thumbnailUrl":"https:\/\/penzkultura.eletbiztositasicsucstalalkozo.hu\/wp-content\/uploads\/2025\/10\/Body-Istvan.jpg","datePublished":"2025-10-10T09:18:58+00:00","dateModified":"2025-10-10T09:25:49+00:00","description":"1999 \u00f3ta dolgozik a biztos\u00edt\u00e1si szakm\u00e1ban. A Million Dollar Round Table hatszoros tagja, az Union Biztos\u00edt\u00f3 VIP tagja.","breadcrumb":{"@id":"https:\/\/penzkultura.eletbiztositasicsucstalalkozo.hu\/body-istvan\/#breadcrumb"},"inLanguage":"en-GB","potentialAction":[{"@type":"ReadAction","target":["https:\/\/penzkultura.eletbiztositasicsucstalalkozo.hu\/body-istvan\/"]}]},{"@type":"ImageObject","inLanguage":"en-GB","@id":"https:\/\/penzkultura.eletbiztositasicsucstalalkozo.hu\/body-istvan\/#primaryimage","url":"https:\/\/penzkultura.eletbiztositasicsucstalalkozo.hu\/wp-content\/uploads\/2025\/10\/Body-Istvan.jpg","contentUrl":"https:\/\/penzkultura.eletbiztositasicsucstalalkozo.hu\/wp-content\/uploads\/2025\/10\/Body-Istvan.jpg","width":480,"height":580},{"@type":"BreadcrumbList","@id":"https:\/\/penzkultura.eletbiztositasicsucstalalkozo.hu\/body-istvan\/#breadcrumb","itemListElement":[{"@type":"ListItem","position":1,"name":"Kezd\u0151lap","item":"https:\/\/penzkultura.eletbiztositasicsucstalalkozo.hu\/"},{"@type":"ListItem","position":2,"name":"B\u0151dy Istv\u00e1n\u200b"}]},{"@type":"WebSite","@id":"https:\/\/penzkultura.eletbiztositasicsucstalalkozo.hu\/#website","url":"https:\/\/penzkultura.eletbiztositasicsucstalalkozo.hu\/","name":"P\u00e9nzKult\u00fara Alap\u00edtv\u00e1ny Budapesti \u00c9letbiztos\u00edt\u00e1si Cs\u00facstal\u00e1lkoz\u00f3","description":"VII. Budapesti \u00c9letbiztos\u00edt\u00e1si Cs\u00facstal\u00e1lkoz\u00f3 - Balatonf\u00fcred","publisher":{"@id":"https:\/\/penzkultura.eletbiztositasicsucstalalkozo.hu\/#organization"},"potentialAction":[{"@type":"SearchAction","target":{"@type":"EntryPoint","urlTemplate":"https:\/\/penzkultura.eletbiztositasicsucstalalkozo.hu\/?s={search_term_string}"},"query-input":{"@type":"PropertyValueSpecification","valueRequired":true,"valueName":"search_term_string"}}],"inLanguage":"en-GB"},{"@type":"Organization","@id":"https:\/\/penzkultura.eletbiztositasicsucstalalkozo.hu\/#organization","name":"P\u00e9nzKult\u00fara Alap\u00edtv\u00e1ny Budapesti \u00c9letbiztos\u00edt\u00e1si Cs\u00facstal\u00e1lkoz\u00f3","url":"https:\/\/penzkultura.eletbiztositasicsucstalalkozo.hu\/","logo":{"@type":"ImageObject","inLanguage":"en-GB","@id":"https:\/\/penzkultura.eletbiztositasicsucstalalkozo.hu\/#\/schema\/logo\/image\/","url":"https:\/\/penzkultura.eletbiztositasicsucstalalkozo.hu\/wp-content\/uploads\/2025\/07\/BECs.png","contentUrl":"https:\/\/penzkultura.eletbiztositasicsucstalalkozo.hu\/wp-content\/uploads\/2025\/07\/BECs.png","width":1406,"height":656,"caption":"P\u00e9nzKult\u00fara Alap\u00edtv\u00e1ny Budapesti \u00c9letbiztos\u00edt\u00e1si Cs\u00facstal\u00e1lkoz\u00f3"},"image":{"@id":"https:\/\/penzkultura.eletbiztositasicsucstalalkozo.hu\/#\/schema\/logo\/image\/"}}]}},"_links":{"self":[{"href":"https:\/\/penzkultura.eletbiztositasicsucstalalkozo.hu\/en\/wp-json\/wp\/v2\/pages\/4462","targetHints":{"allow":["GET"]}}],"collection":[{"href":"https:\/\/penzkultura.eletbiztositasicsucstalalkozo.hu\/en\/wp-json\/wp\/v2\/pages"}],"about":[{"href":"https:\/\/penzkultura.eletbiztositasicsucstalalkozo.hu\/en\/wp-json\/wp\/v2\/types\/page"}],"author":[{"embeddable":true,"href":"https:\/\/penzkultura.eletbiztositasicsucstalalkozo.hu\/en\/wp-json\/wp\/v2\/users\/1"}],"replies":[{"embeddable":true,"href":"https:\/\/penzkultura.eletbiztositasicsucstalalkozo.hu\/en\/wp-json\/wp\/v2\/comments?post=4462"}],"version-history":[{"count":4,"href":"https:\/\/penzkultura.eletbiztositasicsucstalalkozo.hu\/en\/wp-json\/wp\/v2\/pages\/4462\/revisions"}],"predecessor-version":[{"id":4467,"href":"https:\/\/penzkultura.eletbiztositasicsucstalalkozo.hu\/en\/wp-json\/wp\/v2\/pages\/4462\/revisions\/4467"}],"wp:featuredmedia":[{"embeddable":true,"href":"https:\/\/penzkultura.eletbiztositasicsucstalalkozo.hu\/en\/wp-json\/wp\/v2\/media\/4438"}],"wp:attachment":[{"href":"https:\/\/penzkultura.eletbiztositasicsucstalalkozo.hu\/en\/wp-json\/wp\/v2\/media?parent=4462"}],"curies":[{"name":"wp","href":"https:\/\/api.w.org\/{rel}","templated":true}]}}