{"id":4483,"date":"2025-10-10T11:32:39","date_gmt":"2025-10-10T09:32:39","guid":{"rendered":"https:\/\/penzkultura.eletbiztositasicsucstalalkozo.hu\/?page_id=4483"},"modified":"2025-10-10T11:35:13","modified_gmt":"2025-10-10T09:35:13","slug":"kiss-imre","status":"publish","type":"page","link":"https:\/\/penzkultura.eletbiztositasicsucstalalkozo.hu\/en\/kiss-imre\/","title":{"rendered":"Kiss Imre\u200b"},"content":{"rendered":"<div data-elementor-type=\"wp-page\" data-elementor-id=\"4483\" class=\"elementor elementor-4483\" data-elementor-post-type=\"page\">\n\t\t\t\t<div class=\"elementor-element elementor-element-39fb80d e-flex e-con-boxed e-con e-parent\" data-id=\"39fb80d\" data-element_type=\"container\">\n\t\t\t\t\t<div class=\"e-con-inner\">\n\t\t<div class=\"elementor-element elementor-element-79ff172 e-con-full e-flex e-con e-child\" data-id=\"79ff172\" data-element_type=\"container\" data-settings=\"{&quot;background_background&quot;:&quot;classic&quot;}\">\n\t\t\t\t<div class=\"elementor-element elementor-element-5528e42 elementor-widget elementor-widget-image\" data-id=\"5528e42\" data-element_type=\"widget\" data-widget_type=\"image.default\">\n\t\t\t\t<div class=\"elementor-widget-container\">\n\t\t\t\t\t\t\t\t\t\t\t\t\t\t\t<img fetchpriority=\"high\" decoding=\"async\" width=\"480\" height=\"580\" src=\"https:\/\/penzkultura.eletbiztositasicsucstalalkozo.hu\/wp-content\/uploads\/2025\/10\/Kiss-Imre.jpg\" class=\"attachment-large size-large wp-image-4441\" alt=\"\" srcset=\"https:\/\/penzkultura.eletbiztositasicsucstalalkozo.hu\/wp-content\/uploads\/2025\/10\/Kiss-Imre.jpg 480w, https:\/\/penzkultura.eletbiztositasicsucstalalkozo.hu\/wp-content\/uploads\/2025\/10\/Kiss-Imre-10x12.jpg 10w\" sizes=\"(max-width: 480px) 100vw, 480px\" \/>\t\t\t\t\t\t\t\t\t\t\t\t\t\t\t<\/div>\n\t\t\t\t<\/div>\n\t\t<div class=\"elementor-element elementor-element-67c62e9 e-con-full e-flex e-con e-child\" data-id=\"67c62e9\" data-element_type=\"container\">\n\t\t\t\t<div class=\"elementor-element elementor-element-7eeb3a9 elementor-widget elementor-widget-heading\" data-id=\"7eeb3a9\" data-element_type=\"widget\" data-widget_type=\"heading.default\">\n\t\t\t\t<div class=\"elementor-widget-container\">\n\t\t\t\t\t<h2 class=\"elementor-heading-title elementor-size-default\">Kiss Imre\u200b<\/h2>\t\t\t\t<\/div>\n\t\t\t\t<\/div>\n\t\t\t\t<div class=\"elementor-element elementor-element-44ce3cb elementor-widget elementor-widget-text-editor\" data-id=\"44ce3cb\" data-element_type=\"widget\" data-widget_type=\"text-editor.default\">\n\t\t\t\t<div class=\"elementor-widget-container\">\n\t\t\t\t\t\t\t\t\t<div class=\"tVu25\"><div class=\"nH\"><div class=\"nH\"><div class=\"nH aqk aql bkL\"><div class=\"nH bkK\"><div class=\"nH\"><div class=\"nH ar4 z\"><div class=\"aeI\"><div class=\"AO\"><div id=\":3\" class=\"Tm aeJ\"><div id=\":1\" class=\"aeF\"><div class=\"nH\"><div class=\"nH\" role=\"main\"><div class=\"nH g\"><div class=\"nH a98 iY\"><div class=\"nH\"><div class=\"aHU hx\"><div role=\"list\"><div class=\"h7 bg ie\" tabindex=\"-1\" role=\"listitem\" aria-expanded=\"true\"><div class=\"Bk\"><div class=\"G3 G2 afm\"><div><div id=\":1ls\"><div class=\"adn ads\" data-message-id=\"#msg-f:1837710282827379746\" data-legacy-message-id=\"1980dbc400023422\"><div class=\"gs\"><div class=\"\"><div id=\":1lu\" class=\"ii gt\"><div id=\":1lt\" class=\"a3s aiL\"><div><div class=\"adL\"><div><blockquote><div class=\"adL\"><div class=\"im\"><div><div><div><h4><!--StartFragment --><\/h4><p class=\"pf0\"><span class=\"cf0\">Berlini Humboldt Egyetemen v\u00e9gzett, majd a Bank \u00e9s T\u0151zsde tansz\u00e9ken kutatott, 2005 \u00f3ta a MoneyMoon \u00fcgyvezet\u0151 igazgat\u00f3ja, rendszeresen hazai \u00e9s nemzetk\u00f6zi konferenci\u00e1kon tart el\u0151ad\u00e1sokat, adatb\u00e1zisok: hazai befektet\u00e9si alapok \u00e9s biztos\u00edt\u00f3i eszk\u00f6zalapok, eur\u00f3pai ETF-ek, ut\u00f3bbira applik\u00e1ci\u00f3t is m\u0171k\u00f6dtett a MoneyMoon. A MoneyMoon egyed\u00fcl\u00e1ll\u00f3 m\u00f3don t\u00f6bb mint 1.200 biztos\u00edt\u00f3i eszk\u00f6zalapot elemez Magyarorsz\u00e1gon, t\u00e1mogatva a biztos\u00edt\u00f3kat \u00e9rt\u00e9kes\u00edt\u00e9si tev\u00e9kenys\u00e9g\u00fckben, ill. strat\u00e9giai d\u00f6nt\u00e9sekben.<\/span><\/p><p class=\"pf0\"><span class=\"cf0\">K\u00fcldet\u00e9se, hogy munk\u00e1ja sor\u00e1n a csal\u00e1dokat \u00e9s v\u00e1llalkoz\u00e1sokat t\u00e1mogassa abban, hogy biztos alapot teremthessenek \u00e1lmaik \u00e9s c\u00e9ljaik megval\u00f3s\u00edt\u00e1s\u00e1hoz. Hisz abban, hogy amit tesz\u00fcnk, annak m\u00e9ly \u00e9rtelme van, \u00e9s abban is, hogy a j\u00f6v\u0151 bizakod\u00e1sra ad okot. Sz\u00fcks\u00e9g van r\u00e1nk, tan\u00e1csad\u00f3kra, most tal\u00e1n jobban, mint valaha.<\/span><\/p><p class=\"pf0\"><span class=\"cf0\">A MoneyMoon egyed\u00fcl\u00e1ll\u00f3 m\u00f3don t\u00f6bb mint 1.200 biztos\u00edt\u00f3i eszk\u00f6zalapot elemez Magyarorsz\u00e1gon, t\u00e1mogatva a biztos\u00edt\u00f3kat \u00e9rt\u00e9kes\u00edt\u00e9si tev\u00e9kenys\u00e9g\u00fckben, ill. strat\u00e9giai d\u00f6nt\u00e9sekben.<\/span><\/p><p class=\"pf0\"><span class=\"cf1\">El\u0151ad\u00e1s c\u00edme:<\/span><\/p><p class=\"pf0\"><strong><span class=\"cf0\">Mi\u00e9rt is lenne szexi az \u00e1llampap\u00edr? A nyugd\u00edjbiztos\u00edt\u00e1s az!<\/span><\/strong><\/p><p class=\"pf0\"><span class=\"cf0\">\u00c9rdemes-e m\u00e9g magyar \u00e1llampap\u00edrban megtakar\u00edtania a lakoss\u00e1gnak?<\/span><\/p><p class=\"pf0\"><span class=\"cf0\">A biztos\u00edt\u00f3i eszk\u00f6zalapok \u00e1ltal ny\u00fajtott hozamlehet\u0151s\u00e9gek bemutat\u00e1sa lesz az el\u0151ad\u00e1s c\u00e9lja a hazai top tan\u00e1csad\u00f3k sz\u00e1m\u00e1ra, er\u0151s \u00e9rvanyaggal, meggy\u0151z\u0151 p\u00e9ld\u00e1kkal seg\u00edtve a koll\u00e9g\u00e1k hat\u00e9kony kommunik\u00e1ci\u00f3j\u00e1t.<\/span><!--EndFragment --><\/p><\/div><\/div><\/div><\/div><\/div><\/blockquote><\/div><\/div><\/div><\/div><\/div><\/div><\/div><\/div><\/div><\/div><\/div><\/div><\/div><\/div><\/div><\/div><\/div><\/div><\/div><\/div><\/div><\/div><\/div><\/div><\/div><\/div><\/div><\/div><\/div><\/div><\/div>\t\t\t\t\t\t\t\t<\/div>\n\t\t\t\t<\/div>\n\t\t\t\t<\/div>\n\t\t\t\t<\/div>\n\t\t\t\t\t<\/div>\n\t\t\t\t<\/div>\n\t\t\t\t<\/div>","protected":false},"excerpt":{"rendered":"<p>Kiss Imre\u200b Berlini Humboldt Egyetemen v\u00e9gzett, majd a Bank \u00e9s T\u0151zsde tansz\u00e9ken kutatott, 2005 \u00f3ta a MoneyMoon \u00fcgyvezet\u0151 igazgat\u00f3ja, rendszeresen hazai \u00e9s nemzetk\u00f6zi konferenci\u00e1kon tart el\u0151ad\u00e1sokat, adatb\u00e1zisok: hazai befektet\u00e9si alapok \u00e9s biztos\u00edt\u00f3i eszk\u00f6zalapok, eur\u00f3pai ETF-ek, ut\u00f3bbira applik\u00e1ci\u00f3t is m\u0171k\u00f6dtett a MoneyMoon. A MoneyMoon egyed\u00fcl\u00e1ll\u00f3 m\u00f3don t\u00f6bb mint 1.200 biztos\u00edt\u00f3i eszk\u00f6zalapot elemez Magyarorsz\u00e1gon, t\u00e1mogatva a biztos\u00edt\u00f3kat [&hellip;]<\/p>","protected":false},"author":1,"featured_media":4441,"parent":0,"menu_order":0,"comment_status":"closed","ping_status":"closed","template":"","meta":{"footnotes":""},"class_list":["post-4483","page","type-page","status-publish","has-post-thumbnail","hentry"],"yoast_head":"<!-- This site is optimized with the Yoast SEO plugin v25.7 - https:\/\/yoast.com\/wordpress\/plugins\/seo\/ -->\n<title>Kiss Imre\u200b - P\u00e9nzKult\u00fara Alap\u00edtv\u00e1ny Budapesti \u00c9letbiztos\u00edt\u00e1si Cs\u00facstal\u00e1lkoz\u00f3<\/title>\n<meta name=\"description\" content=\"MoneyMoon \u00fcgyvezet\u0151 igazgat\u00f3ja, hazai \u00e9s nemzetk\u00f6zi konferenci\u00e1kon tart el\u0151ad\u00e1sokat, hazai befektet\u00e9si alapok \u00e9s biztos\u00edt\u00f3i eszk\u00f6zalapok, eur\u00f3pai ETF-ek, ut\u00f3bbira applik\u00e1ci\u00f3t is m\u0171k\u00f6dtett.\" \/>\n<meta name=\"robots\" content=\"index, follow, max-snippet:-1, max-image-preview:large, max-video-preview:-1\" \/>\n<link rel=\"canonical\" href=\"https:\/\/penzkultura.eletbiztositasicsucstalalkozo.hu\/en\/kiss-imre\/\" \/>\n<meta property=\"og:locale\" content=\"en_GB\" \/>\n<meta property=\"og:type\" content=\"article\" \/>\n<meta property=\"og:title\" content=\"Kiss Imre\u200b - P\u00e9nzKult\u00fara Alap\u00edtv\u00e1ny Budapesti \u00c9letbiztos\u00edt\u00e1si Cs\u00facstal\u00e1lkoz\u00f3\" \/>\n<meta property=\"og:description\" content=\"MoneyMoon \u00fcgyvezet\u0151 igazgat\u00f3ja, hazai \u00e9s nemzetk\u00f6zi konferenci\u00e1kon tart el\u0151ad\u00e1sokat, hazai befektet\u00e9si alapok \u00e9s biztos\u00edt\u00f3i eszk\u00f6zalapok, eur\u00f3pai ETF-ek, ut\u00f3bbira applik\u00e1ci\u00f3t is m\u0171k\u00f6dtett.\" \/>\n<meta property=\"og:url\" content=\"https:\/\/penzkultura.eletbiztositasicsucstalalkozo.hu\/en\/kiss-imre\/\" \/>\n<meta property=\"og:site_name\" content=\"P\u00e9nzKult\u00fara Alap\u00edtv\u00e1ny Budapesti \u00c9letbiztos\u00edt\u00e1si Cs\u00facstal\u00e1lkoz\u00f3\" \/>\n<meta property=\"article:modified_time\" content=\"2025-10-10T09:35:13+00:00\" \/>\n<meta property=\"og:image\" content=\"https:\/\/penzkultura.eletbiztositasicsucstalalkozo.hu\/wp-content\/uploads\/2025\/10\/Kiss-Imre.jpg\" \/>\n\t<meta property=\"og:image:width\" content=\"480\" \/>\n\t<meta property=\"og:image:height\" content=\"580\" \/>\n\t<meta property=\"og:image:type\" content=\"image\/jpeg\" \/>\n<meta name=\"twitter:card\" content=\"summary_large_image\" \/>\n<meta name=\"twitter:label1\" content=\"Estimated reading time\" \/>\n\t<meta name=\"twitter:data1\" content=\"1 minute\" \/>\n<script type=\"application\/ld+json\" class=\"yoast-schema-graph\">{\"@context\":\"https:\/\/schema.org\",\"@graph\":[{\"@type\":\"WebPage\",\"@id\":\"https:\/\/penzkultura.eletbiztositasicsucstalalkozo.hu\/kiss-imre\/\",\"url\":\"https:\/\/penzkultura.eletbiztositasicsucstalalkozo.hu\/kiss-imre\/\",\"name\":\"Kiss Imre\u200b - P\u00e9nzKult\u00fara Alap\u00edtv\u00e1ny Budapesti \u00c9letbiztos\u00edt\u00e1si Cs\u00facstal\u00e1lkoz\u00f3\",\"isPartOf\":{\"@id\":\"https:\/\/penzkultura.eletbiztositasicsucstalalkozo.hu\/#website\"},\"primaryImageOfPage\":{\"@id\":\"https:\/\/penzkultura.eletbiztositasicsucstalalkozo.hu\/kiss-imre\/#primaryimage\"},\"image\":{\"@id\":\"https:\/\/penzkultura.eletbiztositasicsucstalalkozo.hu\/kiss-imre\/#primaryimage\"},\"thumbnailUrl\":\"https:\/\/penzkultura.eletbiztositasicsucstalalkozo.hu\/wp-content\/uploads\/2025\/10\/Kiss-Imre.jpg\",\"datePublished\":\"2025-10-10T09:32:39+00:00\",\"dateModified\":\"2025-10-10T09:35:13+00:00\",\"description\":\"MoneyMoon \u00fcgyvezet\u0151 igazgat\u00f3ja, hazai \u00e9s nemzetk\u00f6zi konferenci\u00e1kon tart el\u0151ad\u00e1sokat, hazai befektet\u00e9si alapok \u00e9s biztos\u00edt\u00f3i eszk\u00f6zalapok, eur\u00f3pai ETF-ek, ut\u00f3bbira applik\u00e1ci\u00f3t is m\u0171k\u00f6dtett.\",\"breadcrumb\":{\"@id\":\"https:\/\/penzkultura.eletbiztositasicsucstalalkozo.hu\/kiss-imre\/#breadcrumb\"},\"inLanguage\":\"en-GB\",\"potentialAction\":[{\"@type\":\"ReadAction\",\"target\":[\"https:\/\/penzkultura.eletbiztositasicsucstalalkozo.hu\/kiss-imre\/\"]}]},{\"@type\":\"ImageObject\",\"inLanguage\":\"en-GB\",\"@id\":\"https:\/\/penzkultura.eletbiztositasicsucstalalkozo.hu\/kiss-imre\/#primaryimage\",\"url\":\"https:\/\/penzkultura.eletbiztositasicsucstalalkozo.hu\/wp-content\/uploads\/2025\/10\/Kiss-Imre.jpg\",\"contentUrl\":\"https:\/\/penzkultura.eletbiztositasicsucstalalkozo.hu\/wp-content\/uploads\/2025\/10\/Kiss-Imre.jpg\",\"width\":480,\"height\":580},{\"@type\":\"BreadcrumbList\",\"@id\":\"https:\/\/penzkultura.eletbiztositasicsucstalalkozo.hu\/kiss-imre\/#breadcrumb\",\"itemListElement\":[{\"@type\":\"ListItem\",\"position\":1,\"name\":\"Kezd\u0151lap\",\"item\":\"https:\/\/penzkultura.eletbiztositasicsucstalalkozo.hu\/\"},{\"@type\":\"ListItem\",\"position\":2,\"name\":\"Kiss Imre\u200b\"}]},{\"@type\":\"WebSite\",\"@id\":\"https:\/\/penzkultura.eletbiztositasicsucstalalkozo.hu\/#website\",\"url\":\"https:\/\/penzkultura.eletbiztositasicsucstalalkozo.hu\/\",\"name\":\"P\u00e9nzKult\u00fara Alap\u00edtv\u00e1ny Budapesti \u00c9letbiztos\u00edt\u00e1si Cs\u00facstal\u00e1lkoz\u00f3\",\"description\":\"VII. Budapesti \u00c9letbiztos\u00edt\u00e1si Cs\u00facstal\u00e1lkoz\u00f3 - Balatonf\u00fcred\",\"publisher\":{\"@id\":\"https:\/\/penzkultura.eletbiztositasicsucstalalkozo.hu\/#organization\"},\"potentialAction\":[{\"@type\":\"SearchAction\",\"target\":{\"@type\":\"EntryPoint\",\"urlTemplate\":\"https:\/\/penzkultura.eletbiztositasicsucstalalkozo.hu\/?s={search_term_string}\"},\"query-input\":{\"@type\":\"PropertyValueSpecification\",\"valueRequired\":true,\"valueName\":\"search_term_string\"}}],\"inLanguage\":\"en-GB\"},{\"@type\":\"Organization\",\"@id\":\"https:\/\/penzkultura.eletbiztositasicsucstalalkozo.hu\/#organization\",\"name\":\"P\u00e9nzKult\u00fara Alap\u00edtv\u00e1ny Budapesti \u00c9letbiztos\u00edt\u00e1si Cs\u00facstal\u00e1lkoz\u00f3\",\"url\":\"https:\/\/penzkultura.eletbiztositasicsucstalalkozo.hu\/\",\"logo\":{\"@type\":\"ImageObject\",\"inLanguage\":\"en-GB\",\"@id\":\"https:\/\/penzkultura.eletbiztositasicsucstalalkozo.hu\/#\/schema\/logo\/image\/\",\"url\":\"https:\/\/penzkultura.eletbiztositasicsucstalalkozo.hu\/wp-content\/uploads\/2025\/07\/BECs.png\",\"contentUrl\":\"https:\/\/penzkultura.eletbiztositasicsucstalalkozo.hu\/wp-content\/uploads\/2025\/07\/BECs.png\",\"width\":1406,\"height\":656,\"caption\":\"P\u00e9nzKult\u00fara Alap\u00edtv\u00e1ny Budapesti \u00c9letbiztos\u00edt\u00e1si Cs\u00facstal\u00e1lkoz\u00f3\"},\"image\":{\"@id\":\"https:\/\/penzkultura.eletbiztositasicsucstalalkozo.hu\/#\/schema\/logo\/image\/\"}}]}<\/script>\n<!-- \/ Yoast SEO plugin. -->","yoast_head_json":{"title":"Kiss Imre\u200b - P\u00e9nzKult\u00fara Alap\u00edtv\u00e1ny Budapesti \u00c9letbiztos\u00edt\u00e1si Cs\u00facstal\u00e1lkoz\u00f3","description":"MoneyMoon \u00fcgyvezet\u0151 igazgat\u00f3ja, hazai \u00e9s nemzetk\u00f6zi konferenci\u00e1kon tart el\u0151ad\u00e1sokat, hazai befektet\u00e9si alapok \u00e9s biztos\u00edt\u00f3i eszk\u00f6zalapok, eur\u00f3pai ETF-ek, ut\u00f3bbira applik\u00e1ci\u00f3t is m\u0171k\u00f6dtett.","robots":{"index":"index","follow":"follow","max-snippet":"max-snippet:-1","max-image-preview":"max-image-preview:large","max-video-preview":"max-video-preview:-1"},"canonical":"https:\/\/penzkultura.eletbiztositasicsucstalalkozo.hu\/en\/kiss-imre\/","og_locale":"en_GB","og_type":"article","og_title":"Kiss Imre\u200b - P\u00e9nzKult\u00fara Alap\u00edtv\u00e1ny Budapesti \u00c9letbiztos\u00edt\u00e1si Cs\u00facstal\u00e1lkoz\u00f3","og_description":"MoneyMoon \u00fcgyvezet\u0151 igazgat\u00f3ja, hazai \u00e9s nemzetk\u00f6zi konferenci\u00e1kon tart el\u0151ad\u00e1sokat, hazai befektet\u00e9si alapok \u00e9s biztos\u00edt\u00f3i eszk\u00f6zalapok, eur\u00f3pai ETF-ek, ut\u00f3bbira applik\u00e1ci\u00f3t is m\u0171k\u00f6dtett.","og_url":"https:\/\/penzkultura.eletbiztositasicsucstalalkozo.hu\/en\/kiss-imre\/","og_site_name":"P\u00e9nzKult\u00fara Alap\u00edtv\u00e1ny Budapesti \u00c9letbiztos\u00edt\u00e1si Cs\u00facstal\u00e1lkoz\u00f3","article_modified_time":"2025-10-10T09:35:13+00:00","og_image":[{"width":480,"height":580,"url":"https:\/\/penzkultura.eletbiztositasicsucstalalkozo.hu\/wp-content\/uploads\/2025\/10\/Kiss-Imre.jpg","type":"image\/jpeg"}],"twitter_card":"summary_large_image","twitter_misc":{"Estimated reading time":"1 minute"},"schema":{"@context":"https:\/\/schema.org","@graph":[{"@type":"WebPage","@id":"https:\/\/penzkultura.eletbiztositasicsucstalalkozo.hu\/kiss-imre\/","url":"https:\/\/penzkultura.eletbiztositasicsucstalalkozo.hu\/kiss-imre\/","name":"Kiss Imre\u200b - P\u00e9nzKult\u00fara Alap\u00edtv\u00e1ny Budapesti \u00c9letbiztos\u00edt\u00e1si Cs\u00facstal\u00e1lkoz\u00f3","isPartOf":{"@id":"https:\/\/penzkultura.eletbiztositasicsucstalalkozo.hu\/#website"},"primaryImageOfPage":{"@id":"https:\/\/penzkultura.eletbiztositasicsucstalalkozo.hu\/kiss-imre\/#primaryimage"},"image":{"@id":"https:\/\/penzkultura.eletbiztositasicsucstalalkozo.hu\/kiss-imre\/#primaryimage"},"thumbnailUrl":"https:\/\/penzkultura.eletbiztositasicsucstalalkozo.hu\/wp-content\/uploads\/2025\/10\/Kiss-Imre.jpg","datePublished":"2025-10-10T09:32:39+00:00","dateModified":"2025-10-10T09:35:13+00:00","description":"MoneyMoon \u00fcgyvezet\u0151 igazgat\u00f3ja, hazai \u00e9s nemzetk\u00f6zi konferenci\u00e1kon tart el\u0151ad\u00e1sokat, hazai befektet\u00e9si alapok \u00e9s biztos\u00edt\u00f3i eszk\u00f6zalapok, eur\u00f3pai ETF-ek, ut\u00f3bbira applik\u00e1ci\u00f3t is m\u0171k\u00f6dtett.","breadcrumb":{"@id":"https:\/\/penzkultura.eletbiztositasicsucstalalkozo.hu\/kiss-imre\/#breadcrumb"},"inLanguage":"en-GB","potentialAction":[{"@type":"ReadAction","target":["https:\/\/penzkultura.eletbiztositasicsucstalalkozo.hu\/kiss-imre\/"]}]},{"@type":"ImageObject","inLanguage":"en-GB","@id":"https:\/\/penzkultura.eletbiztositasicsucstalalkozo.hu\/kiss-imre\/#primaryimage","url":"https:\/\/penzkultura.eletbiztositasicsucstalalkozo.hu\/wp-content\/uploads\/2025\/10\/Kiss-Imre.jpg","contentUrl":"https:\/\/penzkultura.eletbiztositasicsucstalalkozo.hu\/wp-content\/uploads\/2025\/10\/Kiss-Imre.jpg","width":480,"height":580},{"@type":"BreadcrumbList","@id":"https:\/\/penzkultura.eletbiztositasicsucstalalkozo.hu\/kiss-imre\/#breadcrumb","itemListElement":[{"@type":"ListItem","position":1,"name":"Kezd\u0151lap","item":"https:\/\/penzkultura.eletbiztositasicsucstalalkozo.hu\/"},{"@type":"ListItem","position":2,"name":"Kiss Imre\u200b"}]},{"@type":"WebSite","@id":"https:\/\/penzkultura.eletbiztositasicsucstalalkozo.hu\/#website","url":"https:\/\/penzkultura.eletbiztositasicsucstalalkozo.hu\/","name":"P\u00e9nzKult\u00fara Alap\u00edtv\u00e1ny Budapesti \u00c9letbiztos\u00edt\u00e1si Cs\u00facstal\u00e1lkoz\u00f3","description":"VII. Budapesti \u00c9letbiztos\u00edt\u00e1si Cs\u00facstal\u00e1lkoz\u00f3 - Balatonf\u00fcred","publisher":{"@id":"https:\/\/penzkultura.eletbiztositasicsucstalalkozo.hu\/#organization"},"potentialAction":[{"@type":"SearchAction","target":{"@type":"EntryPoint","urlTemplate":"https:\/\/penzkultura.eletbiztositasicsucstalalkozo.hu\/?s={search_term_string}"},"query-input":{"@type":"PropertyValueSpecification","valueRequired":true,"valueName":"search_term_string"}}],"inLanguage":"en-GB"},{"@type":"Organization","@id":"https:\/\/penzkultura.eletbiztositasicsucstalalkozo.hu\/#organization","name":"P\u00e9nzKult\u00fara Alap\u00edtv\u00e1ny Budapesti \u00c9letbiztos\u00edt\u00e1si Cs\u00facstal\u00e1lkoz\u00f3","url":"https:\/\/penzkultura.eletbiztositasicsucstalalkozo.hu\/","logo":{"@type":"ImageObject","inLanguage":"en-GB","@id":"https:\/\/penzkultura.eletbiztositasicsucstalalkozo.hu\/#\/schema\/logo\/image\/","url":"https:\/\/penzkultura.eletbiztositasicsucstalalkozo.hu\/wp-content\/uploads\/2025\/07\/BECs.png","contentUrl":"https:\/\/penzkultura.eletbiztositasicsucstalalkozo.hu\/wp-content\/uploads\/2025\/07\/BECs.png","width":1406,"height":656,"caption":"P\u00e9nzKult\u00fara Alap\u00edtv\u00e1ny Budapesti \u00c9letbiztos\u00edt\u00e1si Cs\u00facstal\u00e1lkoz\u00f3"},"image":{"@id":"https:\/\/penzkultura.eletbiztositasicsucstalalkozo.hu\/#\/schema\/logo\/image\/"}}]}},"_links":{"self":[{"href":"https:\/\/penzkultura.eletbiztositasicsucstalalkozo.hu\/en\/wp-json\/wp\/v2\/pages\/4483","targetHints":{"allow":["GET"]}}],"collection":[{"href":"https:\/\/penzkultura.eletbiztositasicsucstalalkozo.hu\/en\/wp-json\/wp\/v2\/pages"}],"about":[{"href":"https:\/\/penzkultura.eletbiztositasicsucstalalkozo.hu\/en\/wp-json\/wp\/v2\/types\/page"}],"author":[{"embeddable":true,"href":"https:\/\/penzkultura.eletbiztositasicsucstalalkozo.hu\/en\/wp-json\/wp\/v2\/users\/1"}],"replies":[{"embeddable":true,"href":"https:\/\/penzkultura.eletbiztositasicsucstalalkozo.hu\/en\/wp-json\/wp\/v2\/comments?post=4483"}],"version-history":[{"count":4,"href":"https:\/\/penzkultura.eletbiztositasicsucstalalkozo.hu\/en\/wp-json\/wp\/v2\/pages\/4483\/revisions"}],"predecessor-version":[{"id":4488,"href":"https:\/\/penzkultura.eletbiztositasicsucstalalkozo.hu\/en\/wp-json\/wp\/v2\/pages\/4483\/revisions\/4488"}],"wp:featuredmedia":[{"embeddable":true,"href":"https:\/\/penzkultura.eletbiztositasicsucstalalkozo.hu\/en\/wp-json\/wp\/v2\/media\/4441"}],"wp:attachment":[{"href":"https:\/\/penzkultura.eletbiztositasicsucstalalkozo.hu\/en\/wp-json\/wp\/v2\/media?parent=4483"}],"curies":[{"name":"wp","href":"https:\/\/api.w.org\/{rel}","templated":true}]}}