{"id":657,"date":"2025-07-01T13:12:25","date_gmt":"2025-07-01T11:12:25","guid":{"rendered":"http:\/\/penzkultura.eletbiztositasicsucstalalkozo.hu\/?page_id=657"},"modified":"2025-08-27T15:20:07","modified_gmt":"2025-08-27T13:20:07","slug":"palyazat2025","status":"publish","type":"page","link":"https:\/\/penzkultura.eletbiztositasicsucstalalkozo.hu\/en\/palyazat2025\/","title":{"rendered":"P\u00e1ly\u00e1zati ki\u00edr\u00e1s"},"content":{"rendered":"<div data-elementor-type=\"wp-page\" data-elementor-id=\"657\" class=\"elementor elementor-657\" data-elementor-post-type=\"page\">\n\t\t\t\t<div class=\"elementor-element elementor-element-af77a91 e-flex e-con-boxed e-con e-parent\" data-id=\"af77a91\" data-element_type=\"container\" data-settings=\"{&quot;background_background&quot;:&quot;classic&quot;}\">\n\t\t\t\t\t<div class=\"e-con-inner\">\n\t\t\t\t<div class=\"elementor-element elementor-element-7427edf elementor-widget elementor-widget-heading\" data-id=\"7427edf\" data-element_type=\"widget\" data-widget_type=\"heading.default\">\n\t\t\t\t<div class=\"elementor-widget-container\">\n\t\t\t\t\t<h2 class=\"elementor-heading-title elementor-size-default\">P\u00c1LY\u00c1ZATI KI\u00cdR\u00c1S 2025<\/h2>\t\t\t\t<\/div>\n\t\t\t\t<\/div>\n\t\t\t\t\t<\/div>\n\t\t\t\t<\/div>\n\t\t<div class=\"elementor-element elementor-element-778c0f1 elementor-hidden-mobile e-flex e-con-boxed e-con e-parent\" data-id=\"778c0f1\" data-element_type=\"container\" data-settings=\"{&quot;background_background&quot;:&quot;classic&quot;}\">\n\t\t\t\t\t<div class=\"e-con-inner\">\n\t\t\t\t\t<\/div>\n\t\t\t\t<\/div>\n\t\t<div class=\"elementor-element elementor-element-d333678 e-flex e-con-boxed e-con e-parent\" data-id=\"d333678\" data-element_type=\"container\" data-settings=\"{&quot;background_background&quot;:&quot;classic&quot;}\">\n\t\t\t\t\t<div class=\"e-con-inner\">\n\t\t\t\t<div class=\"elementor-element elementor-element-488f1a5 elementor-widget__width-initial elementor-widget elementor-widget-image\" data-id=\"488f1a5\" data-element_type=\"widget\" data-widget_type=\"image.default\">\n\t\t\t\t<div class=\"elementor-widget-container\">\n\t\t\t\t\t\t\t\t\t\t\t\t\t\t\t<img fetchpriority=\"high\" decoding=\"async\" width=\"349\" height=\"158\" src=\"https:\/\/penzkultura.eletbiztositasicsucstalalkozo.hu\/wp-content\/uploads\/2025\/07\/penzkultura_logo.png\" class=\"attachment-full size-full wp-image-639\" alt=\"\" srcset=\"https:\/\/penzkultura.eletbiztositasicsucstalalkozo.hu\/wp-content\/uploads\/2025\/07\/penzkultura_logo.png 349w, https:\/\/penzkultura.eletbiztositasicsucstalalkozo.hu\/wp-content\/uploads\/2025\/07\/penzkultura_logo-300x136.png 300w\" sizes=\"(max-width: 349px) 100vw, 349px\" \/>\t\t\t\t\t\t\t\t\t\t\t\t\t\t\t<\/div>\n\t\t\t\t<\/div>\n\t\t\t\t<div class=\"elementor-element elementor-element-65438df elementor-widget__width-initial elementor-widget elementor-widget-heading\" data-id=\"65438df\" data-element_type=\"widget\" data-widget_type=\"heading.default\">\n\t\t\t\t<div class=\"elementor-widget-container\">\n\t\t\t\t\t<h2 class=\"elementor-heading-title elementor-size-default\">2025 CALL FOR APPLICATIONS FOR FAMILIES<\/h2>\t\t\t\t<\/div>\n\t\t\t\t<\/div>\n\t\t\t\t<div class=\"elementor-element elementor-element-23d7021 elementor-widget__width-initial elementor-widget elementor-widget-heading\" data-id=\"23d7021\" data-element_type=\"widget\" data-widget_type=\"heading.default\">\n\t\t\t\t<div class=\"elementor-widget-container\">\n\t\t\t\t\t<h2 class=\"elementor-heading-title elementor-size-default\">The Money &amp; Culture Foundation hereby announces its 2025 call for applications with the following conditions:<\/h2>\t\t\t\t<\/div>\n\t\t\t\t<\/div>\n\t\t\t\t<div class=\"elementor-element elementor-element-0b471a9 elementor-widget__width-initial elementor-widget elementor-widget-text-editor\" data-id=\"0b471a9\" data-element_type=\"widget\" data-widget_type=\"text-editor.default\">\n\t\t\t\t<div class=\"elementor-widget-container\">\n\t\t\t\t\t\t\t\t\t<h5><span style=\"color: #808080;\">Those families,<\/span><\/h5><p>\u00a0 \u00a0 \u00a0 1. where there has been a death in the past 2 years and, due to the lack of life insurance or insufficient life insurance coverage, they are unable or unwilling to maintain their previous standard of living as a result of the tragedy;<\/p><p>\u00a0 \u00a0 \u00a0 2. ahol az elm\u00falt 2 \u00e9vben s\u00falyos betegs\u00e9g t\u00f6rt\u00e9nt, \u00e9s eg\u00e9szs\u00e9gbiztos\u00edt\u00e1s hi\u00e1ny\u00e1ban vagy<br \/>el\u00e9gtelen eg\u00e9szs\u00e9gbiztos\u00edt\u00e1si \u00f6sszeg mellett a betegs\u00e9g vagy annak k\u00f6vetkezm\u00e9nyei nehezen vagy egy\u00e1ltal\u00e1n nem kezelhet\u0151k.<\/p><h5><span style=\"color: #808080;\">The aim of the application is to <\/span><\/h5><p>that in such life situations, <strong>P\u00e9nzkult\u00fara Foundation<\/strong> anyagi t\u00e1mogat\u00e1st<br \/>ny\u00fajtson azoknak a csal\u00e1doknak, akikn\u00e9l a trag\u00e9dia vagy betegs\u00e9g idej\u00e9n nem \u00e1llt rendelkez\u00e9sre megfelel\u0151 biztos\u00edt\u00e1s, pedig az seg\u00edthetett volna a p\u00e9nz\u00fcgyi neh\u00e9zs\u00e9gek enyh\u00edt\u00e9s\u00e9ben.<\/p><h5><span style=\"color: #808080;\">Conditions for submitting an application<\/span><\/h5><p>For the application, we ask that the applicant prepare an introductory material that includes:<br \/>a detailed description of what happened and its effects, the life situation they have developed and the most pressing needs, what kind of support they need to overcome the biggest challenges.<br \/>Tov\u00e1bb\u00e1 k\u00e9rj\u00fck, hogy a p\u00e1ly\u00e1zathoz mell\u00e9keljenek f\u00e9nyk\u00e9pet minden csal\u00e1dtagr\u00f3l (egy k\u00f6z\u00f6s<br \/>csal\u00e1di fot\u00f3, vagy k\u00fcl\u00f6n-k\u00fcl\u00f6n k\u00e9pek).<\/p><h5><span style=\"color: #808080;\">Please specifically mention in your application if:<\/span><\/h5><ul><li>a csal\u00e1dban van kiemelked\u0151 tehets\u00e9g\u0171 kiskor\u00fa vagy fiatalkor\u00fa, akinek tehets\u00e9ggondoz\u00e1sa, tan\u00edttat\u00e1sa a trag\u00e9dia miatt neh\u00e9zs\u00e9gekbe \u00fctk\u00f6zik; ebben az esetben k\u00e9rj\u00fck, mutass\u00e1k be a gyermek kiemelked\u0151 tehets\u00e9g\u00e9t \u00e9s eddigi eredm\u00e9nyeit,<\/li><li>a csal\u00e1dban tart\u00f3s gy\u00f3gykezel\u00e9sre szorul\u00f3 gyermek van, akinek kezel\u00e9se a csal\u00e1df\u0151 elveszt\u00e9se vagy betegs\u00e9ge miatt nem megoldott.<\/li><\/ul><h5><span style=\"color: #808080;\">P\u00e1ly\u00e1zat beny\u00fajt\u00e1s\u00e1nak m\u00f3dja<\/span><\/h5><p>A p\u00e1ly\u00e1zatot k\u00e9rj\u00fck elektronikusan elk\u00fcldeni a k\u00f6vetkez\u0151 c\u00edmre: penzkultura@penzkultura.hu<\/p><h5><span style=\"color: #808080;\">Hat\u00e1rid\u0151k<\/span><\/h5><ul><li>Deadline for applications: September 15, 2025.<\/li><li>Application review: Until September 30, 2025<\/li><li>Supported families will be notified by email.<\/li><\/ul><h5><span style=\"color: #808080;\">Data processing information for the application (GDPR compliance)<\/span><\/h5><p>By submitting the application, the applicant voluntarily and irrevocably consents to the processing of his\/her personal data (e.g. name, contact details, photographs, descriptions) by the P\u00e9nzkult\u00fara Foundation in connection with the application under the following conditions:<\/p><ul><li>The data may be processed by the board members, employees, contractual partners and consultants of the P\u00e9nzkult\u00fara Foundation, and may be forwarded to third parties entrusted with data processing solely for the purpose of the application.<\/li><li>The legal basis for processing the data is the applicant's voluntary consent, which is given by submitting the application.<\/li><li>The foundation may process and publish the provided data without time limit (e.g. on its website, in its publications) for the purpose of providing information, dissemination of knowledge, charitable purposes and damage prevention activities related to the foundation's activities.<\/li><li>The applicant consents to the P\u00e9nzkult\u00fara Foundation and its contractual partners contacting them personally or in writing regarding the application and informing them about the results, and sending them informational materials.<\/li><li>The applicant has the right to request the modification, deletion or restriction of the processing of their data at any time from the P\u00e9nzkultura Foundation at the following address: penzkultura@penzkultura.hu<\/li><li>A p\u00e1ly\u00e1z\u00f3 tudom\u00e1sul veszi, hogy a p\u00e1ly\u00e1zati anyagban megadott adatok val\u00f3s\u00e1gnak<br \/>megfelelnek.<\/li><\/ul><p><strong>Attila Solym\u00e1r<\/strong><br \/><strong>founding curator<\/strong><br \/><strong>P\u00e9nzkult\u00fara Foundation<\/strong><\/p>\t\t\t\t\t\t\t\t<\/div>\n\t\t\t\t<\/div>\n\t\t\t\t\t<\/div>\n\t\t\t\t<\/div>\n\t\t<div class=\"elementor-element elementor-element-f6e7a9b e-flex e-con-boxed e-con e-parent\" data-id=\"f6e7a9b\" data-element_type=\"container\">\n\t\t\t\t\t<div class=\"e-con-inner\">\n\t\t\t\t<div class=\"elementor-element elementor-element-2f6a4d5 elementor-widget-tablet__width-initial elementor-widget elementor-widget-text-editor\" data-id=\"2f6a4d5\" data-element_type=\"widget\" data-widget_type=\"text-editor.default\">\n\t\t\t\t<div class=\"elementor-widget-container\">\n\t\t\t\t\t\t\t\t\t<p><strong>Further information and contact:<\/strong><br \/><img decoding=\"async\" class=\"emoji\" role=\"img\" draggable=\"false\" src=\"https:\/\/s.w.org\/images\/core\/emoji\/16.0.1\/svg\/1f4e7.svg\" alt=\"\ud83d\udce7\" \/> E-mail: <a href=\"mailto:penzkultura@penzkultura.hu\">penzkultura@penzkultura.hu<\/a><br \/><img decoding=\"async\" class=\"emoji\" role=\"img\" draggable=\"false\" src=\"https:\/\/s.w.org\/images\/core\/emoji\/16.0.1\/svg\/1f310.svg\" alt=\"\ud83c\udf10\" \/> Weboldal: www.penzkultura.eletbiztositasicsucstalalkozo.hu\/regisztracio<br \/><strong>K\u00f6sz\u00f6nj\u00fck, hogy t\u00e1mogat\u00e1s\u00e1val hozz\u00e1j\u00e1rul a p\u00e1ly\u00e1zat siker\u00e9hez!<\/strong><\/p><p><strong>Sincerely,<\/strong><br \/>A P\u00e9nzkult\u00fara Alap\u00edtv\u00e1ny\u00a0<\/p>\t\t\t\t\t\t\t\t<\/div>\n\t\t\t\t<\/div>\n\t\t\t\t\t<\/div>\n\t\t\t\t<\/div>\n\t\t\t\t<\/div>","protected":false},"excerpt":{"rendered":"<p>P\u00c1LY\u00c1ZATI KI\u00cdR\u00c1S 2025 2025. \u00c9VI P\u00c1LY\u00c1ZATI KI\u00cdR\u00c1S CSAL\u00c1DOK R\u00c9SZ\u00c9RE A\u00a0P\u00e9nzkult\u00fara Alap\u00edtv\u00e1ny\u00a0ez\u00faton k\u00f6zz\u00e9teszi 2025. \u00e9vi p\u00e1ly\u00e1zati ki\u00edr\u00e1s\u00e1t az al\u00e1bbi felt\u00e9telekkel: Azok a csal\u00e1dok, \u00a0 \u00a0 \u00a0 1. ahol az elm\u00falt 2 \u00e9vben hal\u00e1leset t\u00f6rt\u00e9nt, \u00e9s \u00e9letbiztos\u00edt\u00e1s hi\u00e1ny\u00e1ban vagy el\u00e9gtelen \u00e9letbiztos\u00edt\u00e1si \u00f6sszeg mellett a trag\u00e9dia k\u00f6vetkezt\u00e9ben nehezen vagy egy\u00e1ltal\u00e1n nem tudj\u00e1k fenntartani kor\u00e1bbi \u00e9letsz\u00ednvonalukat; \u00a0 \u00a0 \u00a0 [&hellip;]<\/p>","protected":false},"author":1,"featured_media":639,"parent":0,"menu_order":0,"comment_status":"closed","ping_status":"closed","template":"","meta":{"footnotes":""},"class_list":["post-657","page","type-page","status-publish","has-post-thumbnail","hentry"],"yoast_head":"<!-- This site is optimized with the Yoast SEO plugin v25.7 - https:\/\/yoast.com\/wordpress\/plugins\/seo\/ -->\n<title>P\u00e1ly\u00e1zati ki\u00edr\u00e1s - P\u00e9nzKult\u00fara Alap\u00edtv\u00e1ny Budapesti \u00c9letbiztos\u00edt\u00e1si Cs\u00facstal\u00e1lkoz\u00f3<\/title>\n<meta name=\"description\" content=\"A P\u00e9nzkult\u00fara Alap\u00edtv\u00e1ny olyan bajba jutott csal\u00e1dokat kutat fel \u00e9vr\u0151l \u00e9vre, \u00e9s igyekszik t\u00e1mogatni, ahol v\u00e1ratlan trag\u00e9dia (\u00e9letbiztos\u00edt\u00e1si esem\u00e9ny) k\u00f6vetkezt\u00e9ben \u00e9s \u00e9letbiztos\u00edt\u00e1s hi\u00e1ny\u00e1ban, egy\u00e9bk\u00e9nt megoldhatatlan kih\u00edv\u00e1st jelentene fenntartani acsal\u00e1d megszokott \u00e9letsz\u00ednvonal\u00e1t az\u00a0 alap\u00edtv\u00e1ny seg\u00edts\u00e9ge n\u00e9lk\u00fcl.\" \/>\n<meta name=\"robots\" content=\"index, follow, max-snippet:-1, max-image-preview:large, max-video-preview:-1\" \/>\n<link rel=\"canonical\" href=\"https:\/\/penzkultura.eletbiztositasicsucstalalkozo.hu\/en\/palyazat2025\/\" \/>\n<meta property=\"og:locale\" content=\"en_GB\" \/>\n<meta property=\"og:type\" content=\"article\" \/>\n<meta property=\"og:title\" content=\"P\u00e1ly\u00e1zati ki\u00edr\u00e1s - P\u00e9nzKult\u00fara Alap\u00edtv\u00e1ny Budapesti \u00c9letbiztos\u00edt\u00e1si Cs\u00facstal\u00e1lkoz\u00f3\" \/>\n<meta property=\"og:description\" content=\"A P\u00e9nzkult\u00fara Alap\u00edtv\u00e1ny olyan bajba jutott csal\u00e1dokat kutat fel \u00e9vr\u0151l \u00e9vre, \u00e9s igyekszik t\u00e1mogatni, ahol v\u00e1ratlan trag\u00e9dia (\u00e9letbiztos\u00edt\u00e1si esem\u00e9ny) k\u00f6vetkezt\u00e9ben \u00e9s \u00e9letbiztos\u00edt\u00e1s hi\u00e1ny\u00e1ban, egy\u00e9bk\u00e9nt megoldhatatlan kih\u00edv\u00e1st jelentene fenntartani acsal\u00e1d megszokott \u00e9letsz\u00ednvonal\u00e1t az\u00a0 alap\u00edtv\u00e1ny seg\u00edts\u00e9ge n\u00e9lk\u00fcl.\" \/>\n<meta property=\"og:url\" content=\"https:\/\/penzkultura.eletbiztositasicsucstalalkozo.hu\/en\/palyazat2025\/\" \/>\n<meta property=\"og:site_name\" content=\"P\u00e9nzKult\u00fara Alap\u00edtv\u00e1ny Budapesti \u00c9letbiztos\u00edt\u00e1si Cs\u00facstal\u00e1lkoz\u00f3\" \/>\n<meta property=\"article:modified_time\" content=\"2025-08-27T13:20:07+00:00\" \/>\n<meta property=\"og:image\" content=\"https:\/\/penzkultura.eletbiztositasicsucstalalkozo.hu\/wp-content\/uploads\/2025\/07\/penzkultura_logo.png\" \/>\n\t<meta property=\"og:image:width\" content=\"349\" \/>\n\t<meta property=\"og:image:height\" content=\"158\" \/>\n\t<meta property=\"og:image:type\" content=\"image\/png\" \/>\n<meta name=\"twitter:card\" content=\"summary_large_image\" \/>\n<meta name=\"twitter:label1\" content=\"Estimated reading time\" \/>\n\t<meta name=\"twitter:data1\" content=\"4 minutes\" \/>\n<script type=\"application\/ld+json\" class=\"yoast-schema-graph\">{\"@context\":\"https:\/\/schema.org\",\"@graph\":[{\"@type\":\"WebPage\",\"@id\":\"https:\/\/penzkultura.eletbiztositasicsucstalalkozo.hu\/palyazat2025\/\",\"url\":\"https:\/\/penzkultura.eletbiztositasicsucstalalkozo.hu\/palyazat2025\/\",\"name\":\"P\u00e1ly\u00e1zati ki\u00edr\u00e1s - P\u00e9nzKult\u00fara Alap\u00edtv\u00e1ny Budapesti \u00c9letbiztos\u00edt\u00e1si Cs\u00facstal\u00e1lkoz\u00f3\",\"isPartOf\":{\"@id\":\"https:\/\/penzkultura.eletbiztositasicsucstalalkozo.hu\/#website\"},\"primaryImageOfPage\":{\"@id\":\"https:\/\/penzkultura.eletbiztositasicsucstalalkozo.hu\/palyazat2025\/#primaryimage\"},\"image\":{\"@id\":\"https:\/\/penzkultura.eletbiztositasicsucstalalkozo.hu\/palyazat2025\/#primaryimage\"},\"thumbnailUrl\":\"https:\/\/penzkultura.eletbiztositasicsucstalalkozo.hu\/wp-content\/uploads\/2025\/07\/penzkultura_logo.png\",\"datePublished\":\"2025-07-01T11:12:25+00:00\",\"dateModified\":\"2025-08-27T13:20:07+00:00\",\"description\":\"A P\u00e9nzkult\u00fara Alap\u00edtv\u00e1ny olyan bajba jutott csal\u00e1dokat kutat fel \u00e9vr\u0151l \u00e9vre, \u00e9s igyekszik t\u00e1mogatni, ahol v\u00e1ratlan trag\u00e9dia (\u00e9letbiztos\u00edt\u00e1si esem\u00e9ny) k\u00f6vetkezt\u00e9ben \u00e9s \u00e9letbiztos\u00edt\u00e1s hi\u00e1ny\u00e1ban, egy\u00e9bk\u00e9nt megoldhatatlan kih\u00edv\u00e1st jelentene fenntartani acsal\u00e1d megszokott \u00e9letsz\u00ednvonal\u00e1t az\u00a0 alap\u00edtv\u00e1ny seg\u00edts\u00e9ge n\u00e9lk\u00fcl.\",\"breadcrumb\":{\"@id\":\"https:\/\/penzkultura.eletbiztositasicsucstalalkozo.hu\/palyazat2025\/#breadcrumb\"},\"inLanguage\":\"en-GB\",\"potentialAction\":[{\"@type\":\"ReadAction\",\"target\":[\"https:\/\/penzkultura.eletbiztositasicsucstalalkozo.hu\/palyazat2025\/\"]}]},{\"@type\":\"ImageObject\",\"inLanguage\":\"en-GB\",\"@id\":\"https:\/\/penzkultura.eletbiztositasicsucstalalkozo.hu\/palyazat2025\/#primaryimage\",\"url\":\"https:\/\/penzkultura.eletbiztositasicsucstalalkozo.hu\/wp-content\/uploads\/2025\/07\/penzkultura_logo.png\",\"contentUrl\":\"https:\/\/penzkultura.eletbiztositasicsucstalalkozo.hu\/wp-content\/uploads\/2025\/07\/penzkultura_logo.png\",\"width\":349,\"height\":158},{\"@type\":\"BreadcrumbList\",\"@id\":\"https:\/\/penzkultura.eletbiztositasicsucstalalkozo.hu\/palyazat2025\/#breadcrumb\",\"itemListElement\":[{\"@type\":\"ListItem\",\"position\":1,\"name\":\"Kezd\u0151lap\",\"item\":\"https:\/\/penzkultura.eletbiztositasicsucstalalkozo.hu\/\"},{\"@type\":\"ListItem\",\"position\":2,\"name\":\"P\u00e1ly\u00e1zati ki\u00edr\u00e1s\"}]},{\"@type\":\"WebSite\",\"@id\":\"https:\/\/penzkultura.eletbiztositasicsucstalalkozo.hu\/#website\",\"url\":\"https:\/\/penzkultura.eletbiztositasicsucstalalkozo.hu\/\",\"name\":\"P\u00e9nzKult\u00fara Alap\u00edtv\u00e1ny Budapesti \u00c9letbiztos\u00edt\u00e1si Cs\u00facstal\u00e1lkoz\u00f3\",\"description\":\"VII. Budapesti \u00c9letbiztos\u00edt\u00e1si Cs\u00facstal\u00e1lkoz\u00f3 - Balatonf\u00fcred\",\"publisher\":{\"@id\":\"https:\/\/penzkultura.eletbiztositasicsucstalalkozo.hu\/#organization\"},\"potentialAction\":[{\"@type\":\"SearchAction\",\"target\":{\"@type\":\"EntryPoint\",\"urlTemplate\":\"https:\/\/penzkultura.eletbiztositasicsucstalalkozo.hu\/?s={search_term_string}\"},\"query-input\":{\"@type\":\"PropertyValueSpecification\",\"valueRequired\":true,\"valueName\":\"search_term_string\"}}],\"inLanguage\":\"en-GB\"},{\"@type\":\"Organization\",\"@id\":\"https:\/\/penzkultura.eletbiztositasicsucstalalkozo.hu\/#organization\",\"name\":\"P\u00e9nzKult\u00fara Alap\u00edtv\u00e1ny Budapesti \u00c9letbiztos\u00edt\u00e1si Cs\u00facstal\u00e1lkoz\u00f3\",\"url\":\"https:\/\/penzkultura.eletbiztositasicsucstalalkozo.hu\/\",\"logo\":{\"@type\":\"ImageObject\",\"inLanguage\":\"en-GB\",\"@id\":\"https:\/\/penzkultura.eletbiztositasicsucstalalkozo.hu\/#\/schema\/logo\/image\/\",\"url\":\"https:\/\/penzkultura.eletbiztositasicsucstalalkozo.hu\/wp-content\/uploads\/2025\/07\/BECs.png\",\"contentUrl\":\"https:\/\/penzkultura.eletbiztositasicsucstalalkozo.hu\/wp-content\/uploads\/2025\/07\/BECs.png\",\"width\":1406,\"height\":656,\"caption\":\"P\u00e9nzKult\u00fara Alap\u00edtv\u00e1ny Budapesti \u00c9letbiztos\u00edt\u00e1si Cs\u00facstal\u00e1lkoz\u00f3\"},\"image\":{\"@id\":\"https:\/\/penzkultura.eletbiztositasicsucstalalkozo.hu\/#\/schema\/logo\/image\/\"}}]}<\/script>\n<!-- \/ Yoast SEO plugin. -->","yoast_head_json":{"title":"P\u00e1ly\u00e1zati ki\u00edr\u00e1s - P\u00e9nzKult\u00fara Alap\u00edtv\u00e1ny Budapesti \u00c9letbiztos\u00edt\u00e1si Cs\u00facstal\u00e1lkoz\u00f3","description":"A P\u00e9nzkult\u00fara Alap\u00edtv\u00e1ny olyan bajba jutott csal\u00e1dokat kutat fel \u00e9vr\u0151l \u00e9vre, \u00e9s igyekszik t\u00e1mogatni, ahol v\u00e1ratlan trag\u00e9dia (\u00e9letbiztos\u00edt\u00e1si esem\u00e9ny) k\u00f6vetkezt\u00e9ben \u00e9s \u00e9letbiztos\u00edt\u00e1s hi\u00e1ny\u00e1ban, egy\u00e9bk\u00e9nt megoldhatatlan kih\u00edv\u00e1st jelentene fenntartani acsal\u00e1d megszokott \u00e9letsz\u00ednvonal\u00e1t az\u00a0 alap\u00edtv\u00e1ny seg\u00edts\u00e9ge n\u00e9lk\u00fcl.","robots":{"index":"index","follow":"follow","max-snippet":"max-snippet:-1","max-image-preview":"max-image-preview:large","max-video-preview":"max-video-preview:-1"},"canonical":"https:\/\/penzkultura.eletbiztositasicsucstalalkozo.hu\/en\/palyazat2025\/","og_locale":"en_GB","og_type":"article","og_title":"P\u00e1ly\u00e1zati ki\u00edr\u00e1s - P\u00e9nzKult\u00fara Alap\u00edtv\u00e1ny Budapesti \u00c9letbiztos\u00edt\u00e1si Cs\u00facstal\u00e1lkoz\u00f3","og_description":"A P\u00e9nzkult\u00fara Alap\u00edtv\u00e1ny olyan bajba jutott csal\u00e1dokat kutat fel \u00e9vr\u0151l \u00e9vre, \u00e9s igyekszik t\u00e1mogatni, ahol v\u00e1ratlan trag\u00e9dia (\u00e9letbiztos\u00edt\u00e1si esem\u00e9ny) k\u00f6vetkezt\u00e9ben \u00e9s \u00e9letbiztos\u00edt\u00e1s hi\u00e1ny\u00e1ban, egy\u00e9bk\u00e9nt megoldhatatlan kih\u00edv\u00e1st jelentene fenntartani acsal\u00e1d megszokott \u00e9letsz\u00ednvonal\u00e1t az\u00a0 alap\u00edtv\u00e1ny seg\u00edts\u00e9ge n\u00e9lk\u00fcl.","og_url":"https:\/\/penzkultura.eletbiztositasicsucstalalkozo.hu\/en\/palyazat2025\/","og_site_name":"P\u00e9nzKult\u00fara Alap\u00edtv\u00e1ny Budapesti \u00c9letbiztos\u00edt\u00e1si Cs\u00facstal\u00e1lkoz\u00f3","article_modified_time":"2025-08-27T13:20:07+00:00","og_image":[{"width":349,"height":158,"url":"https:\/\/penzkultura.eletbiztositasicsucstalalkozo.hu\/wp-content\/uploads\/2025\/07\/penzkultura_logo.png","type":"image\/png"}],"twitter_card":"summary_large_image","twitter_misc":{"Estimated reading time":"4 minutes"},"schema":{"@context":"https:\/\/schema.org","@graph":[{"@type":"WebPage","@id":"https:\/\/penzkultura.eletbiztositasicsucstalalkozo.hu\/palyazat2025\/","url":"https:\/\/penzkultura.eletbiztositasicsucstalalkozo.hu\/palyazat2025\/","name":"P\u00e1ly\u00e1zati ki\u00edr\u00e1s - P\u00e9nzKult\u00fara Alap\u00edtv\u00e1ny Budapesti \u00c9letbiztos\u00edt\u00e1si Cs\u00facstal\u00e1lkoz\u00f3","isPartOf":{"@id":"https:\/\/penzkultura.eletbiztositasicsucstalalkozo.hu\/#website"},"primaryImageOfPage":{"@id":"https:\/\/penzkultura.eletbiztositasicsucstalalkozo.hu\/palyazat2025\/#primaryimage"},"image":{"@id":"https:\/\/penzkultura.eletbiztositasicsucstalalkozo.hu\/palyazat2025\/#primaryimage"},"thumbnailUrl":"https:\/\/penzkultura.eletbiztositasicsucstalalkozo.hu\/wp-content\/uploads\/2025\/07\/penzkultura_logo.png","datePublished":"2025-07-01T11:12:25+00:00","dateModified":"2025-08-27T13:20:07+00:00","description":"A P\u00e9nzkult\u00fara Alap\u00edtv\u00e1ny olyan bajba jutott csal\u00e1dokat kutat fel \u00e9vr\u0151l \u00e9vre, \u00e9s igyekszik t\u00e1mogatni, ahol v\u00e1ratlan trag\u00e9dia (\u00e9letbiztos\u00edt\u00e1si esem\u00e9ny) k\u00f6vetkezt\u00e9ben \u00e9s \u00e9letbiztos\u00edt\u00e1s hi\u00e1ny\u00e1ban, egy\u00e9bk\u00e9nt megoldhatatlan kih\u00edv\u00e1st jelentene fenntartani acsal\u00e1d megszokott \u00e9letsz\u00ednvonal\u00e1t az\u00a0 alap\u00edtv\u00e1ny seg\u00edts\u00e9ge n\u00e9lk\u00fcl.","breadcrumb":{"@id":"https:\/\/penzkultura.eletbiztositasicsucstalalkozo.hu\/palyazat2025\/#breadcrumb"},"inLanguage":"en-GB","potentialAction":[{"@type":"ReadAction","target":["https:\/\/penzkultura.eletbiztositasicsucstalalkozo.hu\/palyazat2025\/"]}]},{"@type":"ImageObject","inLanguage":"en-GB","@id":"https:\/\/penzkultura.eletbiztositasicsucstalalkozo.hu\/palyazat2025\/#primaryimage","url":"https:\/\/penzkultura.eletbiztositasicsucstalalkozo.hu\/wp-content\/uploads\/2025\/07\/penzkultura_logo.png","contentUrl":"https:\/\/penzkultura.eletbiztositasicsucstalalkozo.hu\/wp-content\/uploads\/2025\/07\/penzkultura_logo.png","width":349,"height":158},{"@type":"BreadcrumbList","@id":"https:\/\/penzkultura.eletbiztositasicsucstalalkozo.hu\/palyazat2025\/#breadcrumb","itemListElement":[{"@type":"ListItem","position":1,"name":"Kezd\u0151lap","item":"https:\/\/penzkultura.eletbiztositasicsucstalalkozo.hu\/"},{"@type":"ListItem","position":2,"name":"P\u00e1ly\u00e1zati ki\u00edr\u00e1s"}]},{"@type":"WebSite","@id":"https:\/\/penzkultura.eletbiztositasicsucstalalkozo.hu\/#website","url":"https:\/\/penzkultura.eletbiztositasicsucstalalkozo.hu\/","name":"P\u00e9nzKult\u00fara Alap\u00edtv\u00e1ny Budapesti \u00c9letbiztos\u00edt\u00e1si Cs\u00facstal\u00e1lkoz\u00f3","description":"VII. Budapesti \u00c9letbiztos\u00edt\u00e1si Cs\u00facstal\u00e1lkoz\u00f3 - Balatonf\u00fcred","publisher":{"@id":"https:\/\/penzkultura.eletbiztositasicsucstalalkozo.hu\/#organization"},"potentialAction":[{"@type":"SearchAction","target":{"@type":"EntryPoint","urlTemplate":"https:\/\/penzkultura.eletbiztositasicsucstalalkozo.hu\/?s={search_term_string}"},"query-input":{"@type":"PropertyValueSpecification","valueRequired":true,"valueName":"search_term_string"}}],"inLanguage":"en-GB"},{"@type":"Organization","@id":"https:\/\/penzkultura.eletbiztositasicsucstalalkozo.hu\/#organization","name":"P\u00e9nzKult\u00fara Alap\u00edtv\u00e1ny Budapesti \u00c9letbiztos\u00edt\u00e1si Cs\u00facstal\u00e1lkoz\u00f3","url":"https:\/\/penzkultura.eletbiztositasicsucstalalkozo.hu\/","logo":{"@type":"ImageObject","inLanguage":"en-GB","@id":"https:\/\/penzkultura.eletbiztositasicsucstalalkozo.hu\/#\/schema\/logo\/image\/","url":"https:\/\/penzkultura.eletbiztositasicsucstalalkozo.hu\/wp-content\/uploads\/2025\/07\/BECs.png","contentUrl":"https:\/\/penzkultura.eletbiztositasicsucstalalkozo.hu\/wp-content\/uploads\/2025\/07\/BECs.png","width":1406,"height":656,"caption":"P\u00e9nzKult\u00fara Alap\u00edtv\u00e1ny Budapesti \u00c9letbiztos\u00edt\u00e1si Cs\u00facstal\u00e1lkoz\u00f3"},"image":{"@id":"https:\/\/penzkultura.eletbiztositasicsucstalalkozo.hu\/#\/schema\/logo\/image\/"}}]}},"_links":{"self":[{"href":"https:\/\/penzkultura.eletbiztositasicsucstalalkozo.hu\/en\/wp-json\/wp\/v2\/pages\/657","targetHints":{"allow":["GET"]}}],"collection":[{"href":"https:\/\/penzkultura.eletbiztositasicsucstalalkozo.hu\/en\/wp-json\/wp\/v2\/pages"}],"about":[{"href":"https:\/\/penzkultura.eletbiztositasicsucstalalkozo.hu\/en\/wp-json\/wp\/v2\/types\/page"}],"author":[{"embeddable":true,"href":"https:\/\/penzkultura.eletbiztositasicsucstalalkozo.hu\/en\/wp-json\/wp\/v2\/users\/1"}],"replies":[{"embeddable":true,"href":"https:\/\/penzkultura.eletbiztositasicsucstalalkozo.hu\/en\/wp-json\/wp\/v2\/comments?post=657"}],"version-history":[{"count":61,"href":"https:\/\/penzkultura.eletbiztositasicsucstalalkozo.hu\/en\/wp-json\/wp\/v2\/pages\/657\/revisions"}],"predecessor-version":[{"id":4238,"href":"https:\/\/penzkultura.eletbiztositasicsucstalalkozo.hu\/en\/wp-json\/wp\/v2\/pages\/657\/revisions\/4238"}],"wp:featuredmedia":[{"embeddable":true,"href":"https:\/\/penzkultura.eletbiztositasicsucstalalkozo.hu\/en\/wp-json\/wp\/v2\/media\/639"}],"wp:attachment":[{"href":"https:\/\/penzkultura.eletbiztositasicsucstalalkozo.hu\/en\/wp-json\/wp\/v2\/media?parent=657"}],"curies":[{"name":"wp","href":"https:\/\/api.w.org\/{rel}","templated":true}]}}