{"id":2630,"date":"2025-07-29T18:06:31","date_gmt":"2025-07-29T16:06:31","guid":{"rendered":"https:\/\/penzkultura.eletbiztositasicsucstalalkozo.hu\/?post_type=product&#038;p=2630"},"modified":"2025-10-20T13:11:14","modified_gmt":"2025-10-20T11:11:14","slug":"budget-friendly-egyeni-belepo","status":"publish","type":"product","link":"https:\/\/penzkultura.eletbiztositasicsucstalalkozo.hu\/en\/product\/budget-friendly-egyeni-belepo\/","title":{"rendered":"&#8222;Budget Friendly&#8221; PLEN\u00c1RIS EL\u0150AD\u00c1SOK NAPJA"},"content":{"rendered":"<div><strong>Programs<\/strong><\/div>\n<div>\n<h5>2025.10.29. PLENARY PRESENTATION DAY<\/h5>\n<p>08:00 \u2013 09:00 Registration<\/p>\n<p>08:00 \u2013 09:00 Book Store<\/p>\n<p>09:15 \u2013 09:30 Opening \u2013 <span style=\"color: #000000;\"><strong>Attila Solym\u00e1r<\/strong><\/span><\/p>\n<p>09:30 \u2013 10:00 <span style=\"color: #000000;\"><strong>Anthony Jones<\/strong><\/span><\/p>\n<p>10:00 \u2013 10:30 <span style=\"color: #000000;\"><strong>Svetlana Plitin<\/strong><\/span><\/p>\n<p>10:30 \u2013 11:15 <span style=\"color: #000000;\"><strong>Solomon Hicks<\/strong><\/span><\/p>\n<p>11:15 \u2013 11:30 Festive Moments<\/p>\n<p>11:30 \u2013 12:00 Coffee Break<\/p>\n<p>11:40 \u2013 11:55 Speaker&#8217;s Corner<\/p>\n<p>11:30 \u2013 12:00 Book Store<\/p>\n<p>12:00 \u2013 12:30 <span style=\"color: #000000;\"><strong>Ian Green<\/strong><\/span><\/p>\n<p>12:30 \u2013 13:00 <span style=\"color: #000000;\"><strong>Adrian Baker<\/strong><\/span><\/p>\n<p>13:00 \u2013 14:00 P\u00e9nzkult\u00fara Alap\u00edtv\u00e1ny<\/p>\n<p>14:00 \u2013 15:00 Lunchtime<\/p>\n<p>14:20 \u2013 14:50 Speaker&#8217;s Corner<\/p>\n<p>15:00 \u2013 15:40\u00a0<strong>Eric Feng<\/strong><\/p>\n<p>15:40 \u2013 16:40 Panel \/ Executive Roundtable<\/p>\n<p>16:40 \u2013 17:00 Recognitions<\/p>\n<p>17:00 \u2013 17:30\u00a0<strong>Andy Kovacs<\/strong><\/p>\n<p>17:30 \u2013 18:00\u00a0<strong>Jim Ruta<\/strong><\/p>\n<\/div>","protected":false},"excerpt":{"rendered":"<p>\u00c9rv\u00e9nyes a Kongresszus els\u0151 napj\u00e1ra: 2025. okt\u00f3ber 29-\u00e9re, reggelt\u0151l napz\u00e1r\u00f3ig: minden plen\u00e1ris el\u0151ad\u00e1sra!<\/p>\n<p>Meeting all speakers, entering the book store, signing, taking a joint photo, everything is available on the main day of the Congress, for presentations and experiences from 9:00 am to 6:00 pm.<\/p>\n<p><b>Reggeli Tony Gordonnal \u2013 Exclusive Concept Breakfast for Sponsors &#8211; by invitation only \u00e9s<br \/>\nExclusive Concept Lunch with Dr. Sanjay Tolani for Sponsors &#8211; by invitation only<br \/>\nSzponzork\u00e9nt l\u00e1togathat\u00f3!\u00a0<\/b><\/p>","protected":false},"featured_media":3928,"template":"","meta":[],"product_brand":[],"product_cat":[34],"product_tag":[33],"class_list":{"0":"post-2630","1":"product","2":"type-product","3":"status-publish","4":"has-post-thumbnail","6":"product_cat-egyeni-jegyek","7":"product_tag-budget-friendly","9":"first","10":"instock","11":"downloadable","12":"sold-individually","13":"shipping-taxable","14":"purchasable","15":"product-type-simple"},"yoast_head":"<!-- This site is optimized with the Yoast SEO plugin v25.7 - https:\/\/yoast.com\/wordpress\/plugins\/seo\/ -->\n<title>&quot;Budget Friendly&quot; PLEN\u00c1RIS EL\u0150AD\u00c1SOK NAPJA - P\u00e9nzKult\u00fara Alap\u00edtv\u00e1ny Budapesti \u00c9letbiztos\u00edt\u00e1si Cs\u00facstal\u00e1lkoz\u00f3<\/title>\n<meta name=\"description\" content=\"Az \u00e9letbiztos\u00edt\u00e1si hivat\u00e1s ma \u00e9l\u0151, legnagyobb mesterei\u00a0\u00e9rkeznek Magyarorsz\u00e1gra, hogy egy\u00fctt \u00fcnnepelj\u00e9k: Az MDRT magyarorsz\u00e1gi jelenl\u00e9t\u00e9nek 25. \u00c9vfordul\u00f3j\u00e1t, \u00e9s A Budapesti \u00c9letbiztos\u00edt\u00e1si Cs\u00facstal\u00e1lkoz\u00f3 10. Sz\u00fclet\u00e9snapj\u00e1t!\" \/>\n<meta name=\"robots\" content=\"index, follow, max-snippet:-1, max-image-preview:large, max-video-preview:-1\" \/>\n<link rel=\"canonical\" href=\"https:\/\/penzkultura.eletbiztositasicsucstalalkozo.hu\/en\/product\/budget-friendly-egyeni-belepo\/\" \/>\n<meta property=\"og:locale\" content=\"en_GB\" \/>\n<meta property=\"og:type\" content=\"article\" \/>\n<meta property=\"og:title\" content=\"&quot;Budget Friendly&quot; PLEN\u00c1RIS EL\u0150AD\u00c1SOK NAPJA - P\u00e9nzKult\u00fara Alap\u00edtv\u00e1ny Budapesti \u00c9letbiztos\u00edt\u00e1si Cs\u00facstal\u00e1lkoz\u00f3\" \/>\n<meta property=\"og:description\" content=\"Az \u00e9letbiztos\u00edt\u00e1si hivat\u00e1s ma \u00e9l\u0151, legnagyobb mesterei\u00a0\u00e9rkeznek Magyarorsz\u00e1gra, hogy egy\u00fctt \u00fcnnepelj\u00e9k: Az MDRT magyarorsz\u00e1gi jelenl\u00e9t\u00e9nek 25. \u00c9vfordul\u00f3j\u00e1t, \u00e9s A Budapesti \u00c9letbiztos\u00edt\u00e1si Cs\u00facstal\u00e1lkoz\u00f3 10. Sz\u00fclet\u00e9snapj\u00e1t!\" \/>\n<meta property=\"og:url\" content=\"https:\/\/penzkultura.eletbiztositasicsucstalalkozo.hu\/en\/product\/budget-friendly-egyeni-belepo\/\" \/>\n<meta property=\"og:site_name\" content=\"P\u00e9nzKult\u00fara Alap\u00edtv\u00e1ny Budapesti \u00c9letbiztos\u00edt\u00e1si Cs\u00facstal\u00e1lkoz\u00f3\" \/>\n<meta property=\"article:modified_time\" content=\"2025-10-20T11:11:14+00:00\" \/>\n<meta property=\"og:image\" content=\"https:\/\/penzkultura.eletbiztositasicsucstalalkozo.hu\/wp-content\/uploads\/2025\/08\/Attila-1000-8.jpg\" \/>\n\t<meta property=\"og:image:width\" content=\"1000\" \/>\n\t<meta property=\"og:image:height\" content=\"1000\" \/>\n\t<meta property=\"og:image:type\" content=\"image\/jpeg\" \/>\n<meta name=\"twitter:card\" content=\"summary_large_image\" \/>\n<meta name=\"twitter:label1\" content=\"Estimated reading time\" \/>\n\t<meta name=\"twitter:data1\" content=\"1 minute\" \/>\n<script type=\"application\/ld+json\" class=\"yoast-schema-graph\">{\"@context\":\"https:\/\/schema.org\",\"@graph\":[{\"@type\":\"WebPage\",\"@id\":\"https:\/\/penzkultura.eletbiztositasicsucstalalkozo.hu\/termek\/budget-friendly-egyeni-belepo\/\",\"url\":\"https:\/\/penzkultura.eletbiztositasicsucstalalkozo.hu\/termek\/budget-friendly-egyeni-belepo\/\",\"name\":\"\\\"Budget Friendly\\\" PLEN\u00c1RIS EL\u0150AD\u00c1SOK NAPJA - P\u00e9nzKult\u00fara Alap\u00edtv\u00e1ny Budapesti \u00c9letbiztos\u00edt\u00e1si Cs\u00facstal\u00e1lkoz\u00f3\",\"isPartOf\":{\"@id\":\"https:\/\/penzkultura.eletbiztositasicsucstalalkozo.hu\/#website\"},\"primaryImageOfPage\":{\"@id\":\"https:\/\/penzkultura.eletbiztositasicsucstalalkozo.hu\/termek\/budget-friendly-egyeni-belepo\/#primaryimage\"},\"image\":{\"@id\":\"https:\/\/penzkultura.eletbiztositasicsucstalalkozo.hu\/termek\/budget-friendly-egyeni-belepo\/#primaryimage\"},\"thumbnailUrl\":\"https:\/\/penzkultura.eletbiztositasicsucstalalkozo.hu\/wp-content\/uploads\/2025\/08\/Attila-1000-8.jpg\",\"datePublished\":\"2025-07-29T16:06:31+00:00\",\"dateModified\":\"2025-10-20T11:11:14+00:00\",\"description\":\"Az \u00e9letbiztos\u00edt\u00e1si hivat\u00e1s ma \u00e9l\u0151, legnagyobb mesterei\u00a0\u00e9rkeznek Magyarorsz\u00e1gra, hogy egy\u00fctt \u00fcnnepelj\u00e9k: Az MDRT magyarorsz\u00e1gi jelenl\u00e9t\u00e9nek 25. \u00c9vfordul\u00f3j\u00e1t, \u00e9s A Budapesti \u00c9letbiztos\u00edt\u00e1si Cs\u00facstal\u00e1lkoz\u00f3 10. Sz\u00fclet\u00e9snapj\u00e1t!\",\"breadcrumb\":{\"@id\":\"https:\/\/penzkultura.eletbiztositasicsucstalalkozo.hu\/termek\/budget-friendly-egyeni-belepo\/#breadcrumb\"},\"inLanguage\":\"en-GB\",\"potentialAction\":[{\"@type\":\"ReadAction\",\"target\":[\"https:\/\/penzkultura.eletbiztositasicsucstalalkozo.hu\/termek\/budget-friendly-egyeni-belepo\/\"]}]},{\"@type\":\"ImageObject\",\"inLanguage\":\"en-GB\",\"@id\":\"https:\/\/penzkultura.eletbiztositasicsucstalalkozo.hu\/termek\/budget-friendly-egyeni-belepo\/#primaryimage\",\"url\":\"https:\/\/penzkultura.eletbiztositasicsucstalalkozo.hu\/wp-content\/uploads\/2025\/08\/Attila-1000-8.jpg\",\"contentUrl\":\"https:\/\/penzkultura.eletbiztositasicsucstalalkozo.hu\/wp-content\/uploads\/2025\/08\/Attila-1000-8.jpg\",\"width\":1000,\"height\":1000},{\"@type\":\"BreadcrumbList\",\"@id\":\"https:\/\/penzkultura.eletbiztositasicsucstalalkozo.hu\/termek\/budget-friendly-egyeni-belepo\/#breadcrumb\",\"itemListElement\":[{\"@type\":\"ListItem\",\"position\":1,\"name\":\"Kezd\u0151lap\",\"item\":\"https:\/\/penzkultura.eletbiztositasicsucstalalkozo.hu\/\"},{\"@type\":\"ListItem\",\"position\":2,\"name\":\"\u00dczlet\",\"item\":\"https:\/\/penzkultura.eletbiztositasicsucstalalkozo.hu\/?page_id=759\"},{\"@type\":\"ListItem\",\"position\":3,\"name\":\"&#8222;Budget Friendly&#8221; PLEN\u00c1RIS EL\u0150AD\u00c1SOK NAPJA\"}]},{\"@type\":\"WebSite\",\"@id\":\"https:\/\/penzkultura.eletbiztositasicsucstalalkozo.hu\/#website\",\"url\":\"https:\/\/penzkultura.eletbiztositasicsucstalalkozo.hu\/\",\"name\":\"P\u00e9nzKult\u00fara Alap\u00edtv\u00e1ny Budapesti \u00c9letbiztos\u00edt\u00e1si Cs\u00facstal\u00e1lkoz\u00f3\",\"description\":\"VII. Budapesti \u00c9letbiztos\u00edt\u00e1si Cs\u00facstal\u00e1lkoz\u00f3 - Balatonf\u00fcred\",\"publisher\":{\"@id\":\"https:\/\/penzkultura.eletbiztositasicsucstalalkozo.hu\/#organization\"},\"potentialAction\":[{\"@type\":\"SearchAction\",\"target\":{\"@type\":\"EntryPoint\",\"urlTemplate\":\"https:\/\/penzkultura.eletbiztositasicsucstalalkozo.hu\/?s={search_term_string}\"},\"query-input\":{\"@type\":\"PropertyValueSpecification\",\"valueRequired\":true,\"valueName\":\"search_term_string\"}}],\"inLanguage\":\"en-GB\"},{\"@type\":\"Organization\",\"@id\":\"https:\/\/penzkultura.eletbiztositasicsucstalalkozo.hu\/#organization\",\"name\":\"P\u00e9nzKult\u00fara Alap\u00edtv\u00e1ny Budapesti \u00c9letbiztos\u00edt\u00e1si Cs\u00facstal\u00e1lkoz\u00f3\",\"url\":\"https:\/\/penzkultura.eletbiztositasicsucstalalkozo.hu\/\",\"logo\":{\"@type\":\"ImageObject\",\"inLanguage\":\"en-GB\",\"@id\":\"https:\/\/penzkultura.eletbiztositasicsucstalalkozo.hu\/#\/schema\/logo\/image\/\",\"url\":\"https:\/\/penzkultura.eletbiztositasicsucstalalkozo.hu\/wp-content\/uploads\/2025\/07\/BECs.png\",\"contentUrl\":\"https:\/\/penzkultura.eletbiztositasicsucstalalkozo.hu\/wp-content\/uploads\/2025\/07\/BECs.png\",\"width\":1406,\"height\":656,\"caption\":\"P\u00e9nzKult\u00fara Alap\u00edtv\u00e1ny Budapesti \u00c9letbiztos\u00edt\u00e1si Cs\u00facstal\u00e1lkoz\u00f3\"},\"image\":{\"@id\":\"https:\/\/penzkultura.eletbiztositasicsucstalalkozo.hu\/#\/schema\/logo\/image\/\"}}]}<\/script>\n<!-- \/ Yoast SEO plugin. -->","yoast_head_json":{"title":"\"Budget Friendly\" PLEN\u00c1RIS EL\u0150AD\u00c1SOK NAPJA - P\u00e9nzKult\u00fara Alap\u00edtv\u00e1ny Budapesti \u00c9letbiztos\u00edt\u00e1si Cs\u00facstal\u00e1lkoz\u00f3","description":"Az \u00e9letbiztos\u00edt\u00e1si hivat\u00e1s ma \u00e9l\u0151, legnagyobb mesterei\u00a0\u00e9rkeznek Magyarorsz\u00e1gra, hogy egy\u00fctt \u00fcnnepelj\u00e9k: Az MDRT magyarorsz\u00e1gi jelenl\u00e9t\u00e9nek 25. \u00c9vfordul\u00f3j\u00e1t, \u00e9s A Budapesti \u00c9letbiztos\u00edt\u00e1si Cs\u00facstal\u00e1lkoz\u00f3 10. Sz\u00fclet\u00e9snapj\u00e1t!","robots":{"index":"index","follow":"follow","max-snippet":"max-snippet:-1","max-image-preview":"max-image-preview:large","max-video-preview":"max-video-preview:-1"},"canonical":"https:\/\/penzkultura.eletbiztositasicsucstalalkozo.hu\/en\/product\/budget-friendly-egyeni-belepo\/","og_locale":"en_GB","og_type":"article","og_title":"\"Budget Friendly\" PLEN\u00c1RIS EL\u0150AD\u00c1SOK NAPJA - P\u00e9nzKult\u00fara Alap\u00edtv\u00e1ny Budapesti \u00c9letbiztos\u00edt\u00e1si Cs\u00facstal\u00e1lkoz\u00f3","og_description":"Az \u00e9letbiztos\u00edt\u00e1si hivat\u00e1s ma \u00e9l\u0151, legnagyobb mesterei\u00a0\u00e9rkeznek Magyarorsz\u00e1gra, hogy egy\u00fctt \u00fcnnepelj\u00e9k: Az MDRT magyarorsz\u00e1gi jelenl\u00e9t\u00e9nek 25. \u00c9vfordul\u00f3j\u00e1t, \u00e9s A Budapesti \u00c9letbiztos\u00edt\u00e1si Cs\u00facstal\u00e1lkoz\u00f3 10. Sz\u00fclet\u00e9snapj\u00e1t!","og_url":"https:\/\/penzkultura.eletbiztositasicsucstalalkozo.hu\/en\/product\/budget-friendly-egyeni-belepo\/","og_site_name":"P\u00e9nzKult\u00fara Alap\u00edtv\u00e1ny Budapesti \u00c9letbiztos\u00edt\u00e1si Cs\u00facstal\u00e1lkoz\u00f3","article_modified_time":"2025-10-20T11:11:14+00:00","og_image":[{"width":1000,"height":1000,"url":"https:\/\/penzkultura.eletbiztositasicsucstalalkozo.hu\/wp-content\/uploads\/2025\/08\/Attila-1000-8.jpg","type":"image\/jpeg"}],"twitter_card":"summary_large_image","twitter_misc":{"Estimated reading time":"1 minute"},"schema":{"@context":"https:\/\/schema.org","@graph":[{"@type":"WebPage","@id":"https:\/\/penzkultura.eletbiztositasicsucstalalkozo.hu\/termek\/budget-friendly-egyeni-belepo\/","url":"https:\/\/penzkultura.eletbiztositasicsucstalalkozo.hu\/termek\/budget-friendly-egyeni-belepo\/","name":"\"Budget Friendly\" PLEN\u00c1RIS EL\u0150AD\u00c1SOK NAPJA - P\u00e9nzKult\u00fara Alap\u00edtv\u00e1ny Budapesti \u00c9letbiztos\u00edt\u00e1si Cs\u00facstal\u00e1lkoz\u00f3","isPartOf":{"@id":"https:\/\/penzkultura.eletbiztositasicsucstalalkozo.hu\/#website"},"primaryImageOfPage":{"@id":"https:\/\/penzkultura.eletbiztositasicsucstalalkozo.hu\/termek\/budget-friendly-egyeni-belepo\/#primaryimage"},"image":{"@id":"https:\/\/penzkultura.eletbiztositasicsucstalalkozo.hu\/termek\/budget-friendly-egyeni-belepo\/#primaryimage"},"thumbnailUrl":"https:\/\/penzkultura.eletbiztositasicsucstalalkozo.hu\/wp-content\/uploads\/2025\/08\/Attila-1000-8.jpg","datePublished":"2025-07-29T16:06:31+00:00","dateModified":"2025-10-20T11:11:14+00:00","description":"Az \u00e9letbiztos\u00edt\u00e1si hivat\u00e1s ma \u00e9l\u0151, legnagyobb mesterei\u00a0\u00e9rkeznek Magyarorsz\u00e1gra, hogy egy\u00fctt \u00fcnnepelj\u00e9k: Az MDRT magyarorsz\u00e1gi jelenl\u00e9t\u00e9nek 25. \u00c9vfordul\u00f3j\u00e1t, \u00e9s A Budapesti \u00c9letbiztos\u00edt\u00e1si Cs\u00facstal\u00e1lkoz\u00f3 10. Sz\u00fclet\u00e9snapj\u00e1t!","breadcrumb":{"@id":"https:\/\/penzkultura.eletbiztositasicsucstalalkozo.hu\/termek\/budget-friendly-egyeni-belepo\/#breadcrumb"},"inLanguage":"en-GB","potentialAction":[{"@type":"ReadAction","target":["https:\/\/penzkultura.eletbiztositasicsucstalalkozo.hu\/termek\/budget-friendly-egyeni-belepo\/"]}]},{"@type":"ImageObject","inLanguage":"en-GB","@id":"https:\/\/penzkultura.eletbiztositasicsucstalalkozo.hu\/termek\/budget-friendly-egyeni-belepo\/#primaryimage","url":"https:\/\/penzkultura.eletbiztositasicsucstalalkozo.hu\/wp-content\/uploads\/2025\/08\/Attila-1000-8.jpg","contentUrl":"https:\/\/penzkultura.eletbiztositasicsucstalalkozo.hu\/wp-content\/uploads\/2025\/08\/Attila-1000-8.jpg","width":1000,"height":1000},{"@type":"BreadcrumbList","@id":"https:\/\/penzkultura.eletbiztositasicsucstalalkozo.hu\/termek\/budget-friendly-egyeni-belepo\/#breadcrumb","itemListElement":[{"@type":"ListItem","position":1,"name":"Kezd\u0151lap","item":"https:\/\/penzkultura.eletbiztositasicsucstalalkozo.hu\/"},{"@type":"ListItem","position":2,"name":"\u00dczlet","item":"https:\/\/penzkultura.eletbiztositasicsucstalalkozo.hu\/?page_id=759"},{"@type":"ListItem","position":3,"name":"&#8222;Budget Friendly&#8221; PLEN\u00c1RIS EL\u0150AD\u00c1SOK NAPJA"}]},{"@type":"WebSite","@id":"https:\/\/penzkultura.eletbiztositasicsucstalalkozo.hu\/#website","url":"https:\/\/penzkultura.eletbiztositasicsucstalalkozo.hu\/","name":"P\u00e9nzKult\u00fara Alap\u00edtv\u00e1ny Budapesti \u00c9letbiztos\u00edt\u00e1si Cs\u00facstal\u00e1lkoz\u00f3","description":"VII. Budapesti \u00c9letbiztos\u00edt\u00e1si Cs\u00facstal\u00e1lkoz\u00f3 - Balatonf\u00fcred","publisher":{"@id":"https:\/\/penzkultura.eletbiztositasicsucstalalkozo.hu\/#organization"},"potentialAction":[{"@type":"SearchAction","target":{"@type":"EntryPoint","urlTemplate":"https:\/\/penzkultura.eletbiztositasicsucstalalkozo.hu\/?s={search_term_string}"},"query-input":{"@type":"PropertyValueSpecification","valueRequired":true,"valueName":"search_term_string"}}],"inLanguage":"en-GB"},{"@type":"Organization","@id":"https:\/\/penzkultura.eletbiztositasicsucstalalkozo.hu\/#organization","name":"P\u00e9nzKult\u00fara Alap\u00edtv\u00e1ny Budapesti \u00c9letbiztos\u00edt\u00e1si Cs\u00facstal\u00e1lkoz\u00f3","url":"https:\/\/penzkultura.eletbiztositasicsucstalalkozo.hu\/","logo":{"@type":"ImageObject","inLanguage":"en-GB","@id":"https:\/\/penzkultura.eletbiztositasicsucstalalkozo.hu\/#\/schema\/logo\/image\/","url":"https:\/\/penzkultura.eletbiztositasicsucstalalkozo.hu\/wp-content\/uploads\/2025\/07\/BECs.png","contentUrl":"https:\/\/penzkultura.eletbiztositasicsucstalalkozo.hu\/wp-content\/uploads\/2025\/07\/BECs.png","width":1406,"height":656,"caption":"P\u00e9nzKult\u00fara Alap\u00edtv\u00e1ny Budapesti \u00c9letbiztos\u00edt\u00e1si Cs\u00facstal\u00e1lkoz\u00f3"},"image":{"@id":"https:\/\/penzkultura.eletbiztositasicsucstalalkozo.hu\/#\/schema\/logo\/image\/"}}]}},"_links":{"self":[{"href":"https:\/\/penzkultura.eletbiztositasicsucstalalkozo.hu\/en\/wp-json\/wp\/v2\/product\/2630","targetHints":{"allow":["GET"]}}],"collection":[{"href":"https:\/\/penzkultura.eletbiztositasicsucstalalkozo.hu\/en\/wp-json\/wp\/v2\/product"}],"about":[{"href":"https:\/\/penzkultura.eletbiztositasicsucstalalkozo.hu\/en\/wp-json\/wp\/v2\/types\/product"}],"version-history":[{"count":9,"href":"https:\/\/penzkultura.eletbiztositasicsucstalalkozo.hu\/en\/wp-json\/wp\/v2\/product\/2630\/revisions"}],"predecessor-version":[{"id":4050,"href":"https:\/\/penzkultura.eletbiztositasicsucstalalkozo.hu\/en\/wp-json\/wp\/v2\/product\/2630\/revisions\/4050"}],"wp:featuredmedia":[{"embeddable":true,"href":"https:\/\/penzkultura.eletbiztositasicsucstalalkozo.hu\/en\/wp-json\/wp\/v2\/media\/3928"}],"wp:attachment":[{"href":"https:\/\/penzkultura.eletbiztositasicsucstalalkozo.hu\/en\/wp-json\/wp\/v2\/media?parent=2630"}],"wp:term":[{"taxonomy":"product_brand","embeddable":true,"href":"https:\/\/penzkultura.eletbiztositasicsucstalalkozo.hu\/en\/wp-json\/wp\/v2\/product_brand?post=2630"},{"taxonomy":"product_cat","embeddable":true,"href":"https:\/\/penzkultura.eletbiztositasicsucstalalkozo.hu\/en\/wp-json\/wp\/v2\/product_cat?post=2630"},{"taxonomy":"product_tag","embeddable":true,"href":"https:\/\/penzkultura.eletbiztositasicsucstalalkozo.hu\/en\/wp-json\/wp\/v2\/product_tag?post=2630"}],"curies":[{"name":"wp","href":"https:\/\/api.w.org\/{rel}","templated":true}]}}