{"id":2631,"date":"2025-07-31T10:44:57","date_gmt":"2025-07-31T08:44:57","guid":{"rendered":"https:\/\/penzkultura.eletbiztositasicsucstalalkozo.hu\/?post_type=product&#038;p=2631"},"modified":"2025-09-01T10:35:59","modified_gmt":"2025-09-01T08:35:59","slug":"taste-mdrt-egyeni-belepo","status":"publish","type":"product","link":"https:\/\/penzkultura.eletbiztositasicsucstalalkozo.hu\/en\/product\/taste-mdrt-egyeni-belepo\/","title":{"rendered":"&#8222;Taste MDRT!&#8221; egy\u00e9ni bel\u00e9p\u0151"},"content":{"rendered":"<div><strong>Programs<\/strong><\/div>\n<div>\n<h5>20.00 \u2014 22.00 \u00dcnnepi G\u00e1laest \/ Exclusive \u00c1ll\u00f3fogad\u00e1s az Anna Grand Hotel*****-ban , vacsora, zene, networking az el\u0151ad\u00f3kkal.<\/h5>\n<p>&nbsp;<\/p>\n<\/div>","protected":false},"excerpt":{"rendered":"<div class=\"elementor-element elementor-element-ed79c92 elementor-widget elementor-widget-heading\" data-id=\"ed79c92\" data-element_type=\"widget\" data-widget_type=\"heading.default\">\n<div class=\"elementor-widget-container\"><span class=\"elementor-heading-title elementor-size-default\"><strong>Festive Gala Evening<\/strong> okt\u00f3ber 29-\u00e9n a Kongresszus els\u0151 napj\u00e1nak est\u00e9j\u00e9n<br \/>\n<strong>Venue:<\/strong> Anna Grand Hotel***** B\u00e1lterem<\/span><\/div>\n<\/div>\n<div class=\"elementor-element elementor-element-c2955c7 elementor-widget elementor-widget-heading\" data-id=\"c2955c7\" data-element_type=\"widget\" data-widget_type=\"heading.default\">\n<div class=\"elementor-widget-container\"><span class=\"elementor-heading-title elementor-size-default\">Exclusive fogad\u00e1s, \u00e9s j\u00f3t\u00e9konys\u00e1gi g\u00e1laest az el\u0151ad\u00f3kkal, annak, aki szeretn\u00e9 ezt a k\u00fcl\u00f6nleges napot egy igaz\u00e1n k\u00fcl\u00f6nleges, \u00e9s eleg\u00e1ns fogad\u00e1ssal z\u00e1rni, ahol lehet\u0151s\u00e9ge ny\u00edlik az el\u0151ad\u00f3kat szem\u00e9lyesen is megismerni, vel\u00fck egy\u00fctt \u00fcnnepelni, \u00edgy az <strong>MDRT val\u00f3di \u201c\u00edz\u00e9t\u201d meg\u00e9rezni,<\/strong> &#8222;meg is k\u00f3stolni\u201d, egy felejthetetlen Este erej\u00e9ig a r\u00e9sz\u00e9v\u00e9 lenni!<\/span><\/div>\n<div><\/div>\n<\/div>\n<div><strong>Egy\u00e9ni Arany vagy Platina t\u00e1mogat\u00f3inkat szeretettel v\u00e1rjuk az esem\u00e9nyre.<\/strong><\/div>","protected":false},"featured_media":4143,"template":"","meta":[],"product_brand":[],"product_cat":[34],"product_tag":[38],"class_list":{"0":"post-2631","1":"product","2":"type-product","3":"status-publish","4":"has-post-thumbnail","6":"product_cat-egyeni-jegyek","7":"product_tag-taste-mdrt","9":"first","10":"instock","11":"downloadable","12":"sold-individually","13":"shipping-taxable","14":"purchasable","15":"product-type-simple"},"yoast_head":"<!-- This site is optimized with the Yoast SEO plugin v25.7 - https:\/\/yoast.com\/wordpress\/plugins\/seo\/ -->\n<title>&quot;Taste MDRT!&quot; egy\u00e9ni bel\u00e9p\u0151 - P\u00e9nzKult\u00fara Alap\u00edtv\u00e1ny Budapesti \u00c9letbiztos\u00edt\u00e1si Cs\u00facstal\u00e1lkoz\u00f3<\/title>\n<meta name=\"description\" content=\"Exclusive fogad\u00e1s, \u00e9s j\u00f3t\u00e9konys\u00e1gi g\u00e1laest az el\u0151ad\u00f3kkal, annak, aki szeretn\u00e9 ezt a k\u00fcl\u00f6nleges napot egy igaz\u00e1n k\u00fcl\u00f6nleges, \u00e9s eleg\u00e1ns fogad\u00e1ssal z\u00e1rni, ahol lehet\u0151s\u00e9ge ny\u00edlik az el\u0151ad\u00f3kat szem\u00e9lyesen is megismerni, vel\u00fck egy\u00fctt \u00fcnnepelni, \u00edgy az MDRT val\u00f3di \u201c\u00edz\u00e9t\u201d meg\u00e9rezni, &quot;meg is k\u00f3stolni\u201d, egy felejthetetlen Este erej\u00e9ig a r\u00e9sz\u00e9v\u00e9 lenni!\" \/>\n<meta name=\"robots\" content=\"index, follow, max-snippet:-1, max-image-preview:large, max-video-preview:-1\" \/>\n<link rel=\"canonical\" href=\"https:\/\/penzkultura.eletbiztositasicsucstalalkozo.hu\/en\/product\/taste-mdrt-egyeni-belepo\/\" \/>\n<meta property=\"og:locale\" content=\"en_GB\" \/>\n<meta property=\"og:type\" content=\"article\" \/>\n<meta property=\"og:title\" content=\"&quot;Taste MDRT!&quot; egy\u00e9ni bel\u00e9p\u0151 - P\u00e9nzKult\u00fara Alap\u00edtv\u00e1ny Budapesti \u00c9letbiztos\u00edt\u00e1si Cs\u00facstal\u00e1lkoz\u00f3\" \/>\n<meta property=\"og:description\" content=\"Exclusive fogad\u00e1s, \u00e9s j\u00f3t\u00e9konys\u00e1gi g\u00e1laest az el\u0151ad\u00f3kkal, annak, aki szeretn\u00e9 ezt a k\u00fcl\u00f6nleges napot egy igaz\u00e1n k\u00fcl\u00f6nleges, \u00e9s eleg\u00e1ns fogad\u00e1ssal z\u00e1rni, ahol lehet\u0151s\u00e9ge ny\u00edlik az el\u0151ad\u00f3kat szem\u00e9lyesen is megismerni, vel\u00fck egy\u00fctt \u00fcnnepelni, \u00edgy az MDRT val\u00f3di \u201c\u00edz\u00e9t\u201d meg\u00e9rezni, &quot;meg is k\u00f3stolni\u201d, egy felejthetetlen Este erej\u00e9ig a r\u00e9sz\u00e9v\u00e9 lenni!\" \/>\n<meta property=\"og:url\" content=\"https:\/\/penzkultura.eletbiztositasicsucstalalkozo.hu\/en\/product\/taste-mdrt-egyeni-belepo\/\" \/>\n<meta property=\"og:site_name\" content=\"P\u00e9nzKult\u00fara Alap\u00edtv\u00e1ny Budapesti \u00c9letbiztos\u00edt\u00e1si Cs\u00facstal\u00e1lkoz\u00f3\" \/>\n<meta property=\"article:modified_time\" content=\"2025-09-01T08:35:59+00:00\" \/>\n<meta property=\"og:image\" content=\"https:\/\/penzkultura.eletbiztositasicsucstalalkozo.hu\/wp-content\/uploads\/2025\/07\/Attila-1000-14.jpg\" \/>\n\t<meta property=\"og:image:width\" content=\"1000\" \/>\n\t<meta property=\"og:image:height\" content=\"1000\" \/>\n\t<meta property=\"og:image:type\" content=\"image\/jpeg\" \/>\n<meta name=\"twitter:card\" content=\"summary_large_image\" \/>\n<meta name=\"twitter:label1\" content=\"Estimated reading time\" \/>\n\t<meta name=\"twitter:data1\" content=\"1 minute\" \/>\n<script type=\"application\/ld+json\" class=\"yoast-schema-graph\">{\"@context\":\"https:\/\/schema.org\",\"@graph\":[{\"@type\":\"WebPage\",\"@id\":\"https:\/\/penzkultura.eletbiztositasicsucstalalkozo.hu\/termek\/taste-mdrt-egyeni-belepo\/\",\"url\":\"https:\/\/penzkultura.eletbiztositasicsucstalalkozo.hu\/termek\/taste-mdrt-egyeni-belepo\/\",\"name\":\"\\\"Taste MDRT!\\\" egy\u00e9ni bel\u00e9p\u0151 - P\u00e9nzKult\u00fara Alap\u00edtv\u00e1ny Budapesti \u00c9letbiztos\u00edt\u00e1si Cs\u00facstal\u00e1lkoz\u00f3\",\"isPartOf\":{\"@id\":\"https:\/\/penzkultura.eletbiztositasicsucstalalkozo.hu\/#website\"},\"primaryImageOfPage\":{\"@id\":\"https:\/\/penzkultura.eletbiztositasicsucstalalkozo.hu\/termek\/taste-mdrt-egyeni-belepo\/#primaryimage\"},\"image\":{\"@id\":\"https:\/\/penzkultura.eletbiztositasicsucstalalkozo.hu\/termek\/taste-mdrt-egyeni-belepo\/#primaryimage\"},\"thumbnailUrl\":\"https:\/\/penzkultura.eletbiztositasicsucstalalkozo.hu\/wp-content\/uploads\/2025\/07\/Attila-1000-14.jpg\",\"datePublished\":\"2025-07-31T08:44:57+00:00\",\"dateModified\":\"2025-09-01T08:35:59+00:00\",\"description\":\"Exclusive fogad\u00e1s, \u00e9s j\u00f3t\u00e9konys\u00e1gi g\u00e1laest az el\u0151ad\u00f3kkal, annak, aki szeretn\u00e9 ezt a k\u00fcl\u00f6nleges napot egy igaz\u00e1n k\u00fcl\u00f6nleges, \u00e9s eleg\u00e1ns fogad\u00e1ssal z\u00e1rni, ahol lehet\u0151s\u00e9ge ny\u00edlik az el\u0151ad\u00f3kat szem\u00e9lyesen is megismerni, vel\u00fck egy\u00fctt \u00fcnnepelni, \u00edgy az MDRT val\u00f3di \u201c\u00edz\u00e9t\u201d meg\u00e9rezni, \\\"meg is k\u00f3stolni\u201d, egy felejthetetlen Este erej\u00e9ig a r\u00e9sz\u00e9v\u00e9 lenni!\",\"breadcrumb\":{\"@id\":\"https:\/\/penzkultura.eletbiztositasicsucstalalkozo.hu\/termek\/taste-mdrt-egyeni-belepo\/#breadcrumb\"},\"inLanguage\":\"en-GB\",\"potentialAction\":[{\"@type\":\"ReadAction\",\"target\":[\"https:\/\/penzkultura.eletbiztositasicsucstalalkozo.hu\/termek\/taste-mdrt-egyeni-belepo\/\"]}]},{\"@type\":\"ImageObject\",\"inLanguage\":\"en-GB\",\"@id\":\"https:\/\/penzkultura.eletbiztositasicsucstalalkozo.hu\/termek\/taste-mdrt-egyeni-belepo\/#primaryimage\",\"url\":\"https:\/\/penzkultura.eletbiztositasicsucstalalkozo.hu\/wp-content\/uploads\/2025\/07\/Attila-1000-14.jpg\",\"contentUrl\":\"https:\/\/penzkultura.eletbiztositasicsucstalalkozo.hu\/wp-content\/uploads\/2025\/07\/Attila-1000-14.jpg\",\"width\":1000,\"height\":1000},{\"@type\":\"BreadcrumbList\",\"@id\":\"https:\/\/penzkultura.eletbiztositasicsucstalalkozo.hu\/termek\/taste-mdrt-egyeni-belepo\/#breadcrumb\",\"itemListElement\":[{\"@type\":\"ListItem\",\"position\":1,\"name\":\"Kezd\u0151lap\",\"item\":\"https:\/\/penzkultura.eletbiztositasicsucstalalkozo.hu\/\"},{\"@type\":\"ListItem\",\"position\":2,\"name\":\"\u00dczlet\",\"item\":\"https:\/\/penzkultura.eletbiztositasicsucstalalkozo.hu\/?page_id=759\"},{\"@type\":\"ListItem\",\"position\":3,\"name\":\"&#8222;Taste MDRT!&#8221; egy\u00e9ni bel\u00e9p\u0151\"}]},{\"@type\":\"WebSite\",\"@id\":\"https:\/\/penzkultura.eletbiztositasicsucstalalkozo.hu\/#website\",\"url\":\"https:\/\/penzkultura.eletbiztositasicsucstalalkozo.hu\/\",\"name\":\"P\u00e9nzKult\u00fara Alap\u00edtv\u00e1ny Budapesti \u00c9letbiztos\u00edt\u00e1si Cs\u00facstal\u00e1lkoz\u00f3\",\"description\":\"VII. Budapesti \u00c9letbiztos\u00edt\u00e1si Cs\u00facstal\u00e1lkoz\u00f3 - Balatonf\u00fcred\",\"publisher\":{\"@id\":\"https:\/\/penzkultura.eletbiztositasicsucstalalkozo.hu\/#organization\"},\"potentialAction\":[{\"@type\":\"SearchAction\",\"target\":{\"@type\":\"EntryPoint\",\"urlTemplate\":\"https:\/\/penzkultura.eletbiztositasicsucstalalkozo.hu\/?s={search_term_string}\"},\"query-input\":{\"@type\":\"PropertyValueSpecification\",\"valueRequired\":true,\"valueName\":\"search_term_string\"}}],\"inLanguage\":\"en-GB\"},{\"@type\":\"Organization\",\"@id\":\"https:\/\/penzkultura.eletbiztositasicsucstalalkozo.hu\/#organization\",\"name\":\"P\u00e9nzKult\u00fara Alap\u00edtv\u00e1ny Budapesti \u00c9letbiztos\u00edt\u00e1si Cs\u00facstal\u00e1lkoz\u00f3\",\"url\":\"https:\/\/penzkultura.eletbiztositasicsucstalalkozo.hu\/\",\"logo\":{\"@type\":\"ImageObject\",\"inLanguage\":\"en-GB\",\"@id\":\"https:\/\/penzkultura.eletbiztositasicsucstalalkozo.hu\/#\/schema\/logo\/image\/\",\"url\":\"https:\/\/penzkultura.eletbiztositasicsucstalalkozo.hu\/wp-content\/uploads\/2025\/07\/BECs.png\",\"contentUrl\":\"https:\/\/penzkultura.eletbiztositasicsucstalalkozo.hu\/wp-content\/uploads\/2025\/07\/BECs.png\",\"width\":1406,\"height\":656,\"caption\":\"P\u00e9nzKult\u00fara Alap\u00edtv\u00e1ny Budapesti \u00c9letbiztos\u00edt\u00e1si Cs\u00facstal\u00e1lkoz\u00f3\"},\"image\":{\"@id\":\"https:\/\/penzkultura.eletbiztositasicsucstalalkozo.hu\/#\/schema\/logo\/image\/\"}}]}<\/script>\n<!-- \/ Yoast SEO plugin. -->","yoast_head_json":{"title":"\"Taste MDRT!\" egy\u00e9ni bel\u00e9p\u0151 - P\u00e9nzKult\u00fara Alap\u00edtv\u00e1ny Budapesti \u00c9letbiztos\u00edt\u00e1si Cs\u00facstal\u00e1lkoz\u00f3","description":"Exclusive reception and charity gala evening with the speakers \u2014 for those who wish to end this special day with a truly exceptional and elegant event, offering the opportunity to personally meet the speakers, celebrate with them, and experience the true \u201ctaste\u201d of MDRT \u2014 to \u201csavor\u201d it and become part of it for one unforgettable evening!","robots":{"index":"index","follow":"follow","max-snippet":"max-snippet:-1","max-image-preview":"max-image-preview:large","max-video-preview":"max-video-preview:-1"},"canonical":"https:\/\/penzkultura.eletbiztositasicsucstalalkozo.hu\/en\/product\/taste-mdrt-egyeni-belepo\/","og_locale":"en_GB","og_type":"article","og_title":"\"Taste MDRT!\" egy\u00e9ni bel\u00e9p\u0151 - P\u00e9nzKult\u00fara Alap\u00edtv\u00e1ny Budapesti \u00c9letbiztos\u00edt\u00e1si Cs\u00facstal\u00e1lkoz\u00f3","og_description":"Exclusive fogad\u00e1s, \u00e9s j\u00f3t\u00e9konys\u00e1gi g\u00e1laest az el\u0151ad\u00f3kkal, annak, aki szeretn\u00e9 ezt a k\u00fcl\u00f6nleges napot egy igaz\u00e1n k\u00fcl\u00f6nleges, \u00e9s eleg\u00e1ns fogad\u00e1ssal z\u00e1rni, ahol lehet\u0151s\u00e9ge ny\u00edlik az el\u0151ad\u00f3kat szem\u00e9lyesen is megismerni, vel\u00fck egy\u00fctt \u00fcnnepelni, \u00edgy az MDRT val\u00f3di \u201c\u00edz\u00e9t\u201d meg\u00e9rezni, \"meg is k\u00f3stolni\u201d, egy felejthetetlen Este erej\u00e9ig a r\u00e9sz\u00e9v\u00e9 lenni!","og_url":"https:\/\/penzkultura.eletbiztositasicsucstalalkozo.hu\/en\/product\/taste-mdrt-egyeni-belepo\/","og_site_name":"P\u00e9nzKult\u00fara Alap\u00edtv\u00e1ny Budapesti \u00c9letbiztos\u00edt\u00e1si Cs\u00facstal\u00e1lkoz\u00f3","article_modified_time":"2025-09-01T08:35:59+00:00","og_image":[{"width":1000,"height":1000,"url":"https:\/\/penzkultura.eletbiztositasicsucstalalkozo.hu\/wp-content\/uploads\/2025\/07\/Attila-1000-14.jpg","type":"image\/jpeg"}],"twitter_card":"summary_large_image","twitter_misc":{"Estimated reading time":"1 minute"},"schema":{"@context":"https:\/\/schema.org","@graph":[{"@type":"WebPage","@id":"https:\/\/penzkultura.eletbiztositasicsucstalalkozo.hu\/termek\/taste-mdrt-egyeni-belepo\/","url":"https:\/\/penzkultura.eletbiztositasicsucstalalkozo.hu\/termek\/taste-mdrt-egyeni-belepo\/","name":"\"Taste MDRT!\" egy\u00e9ni bel\u00e9p\u0151 - P\u00e9nzKult\u00fara Alap\u00edtv\u00e1ny Budapesti \u00c9letbiztos\u00edt\u00e1si Cs\u00facstal\u00e1lkoz\u00f3","isPartOf":{"@id":"https:\/\/penzkultura.eletbiztositasicsucstalalkozo.hu\/#website"},"primaryImageOfPage":{"@id":"https:\/\/penzkultura.eletbiztositasicsucstalalkozo.hu\/termek\/taste-mdrt-egyeni-belepo\/#primaryimage"},"image":{"@id":"https:\/\/penzkultura.eletbiztositasicsucstalalkozo.hu\/termek\/taste-mdrt-egyeni-belepo\/#primaryimage"},"thumbnailUrl":"https:\/\/penzkultura.eletbiztositasicsucstalalkozo.hu\/wp-content\/uploads\/2025\/07\/Attila-1000-14.jpg","datePublished":"2025-07-31T08:44:57+00:00","dateModified":"2025-09-01T08:35:59+00:00","description":"Exclusive reception and charity gala evening with the speakers \u2014 for those who wish to end this special day with a truly exceptional and elegant event, offering the opportunity to personally meet the speakers, celebrate with them, and experience the true \u201ctaste\u201d of MDRT \u2014 to \u201csavor\u201d it and become part of it for one unforgettable evening!","breadcrumb":{"@id":"https:\/\/penzkultura.eletbiztositasicsucstalalkozo.hu\/termek\/taste-mdrt-egyeni-belepo\/#breadcrumb"},"inLanguage":"en-GB","potentialAction":[{"@type":"ReadAction","target":["https:\/\/penzkultura.eletbiztositasicsucstalalkozo.hu\/termek\/taste-mdrt-egyeni-belepo\/"]}]},{"@type":"ImageObject","inLanguage":"en-GB","@id":"https:\/\/penzkultura.eletbiztositasicsucstalalkozo.hu\/termek\/taste-mdrt-egyeni-belepo\/#primaryimage","url":"https:\/\/penzkultura.eletbiztositasicsucstalalkozo.hu\/wp-content\/uploads\/2025\/07\/Attila-1000-14.jpg","contentUrl":"https:\/\/penzkultura.eletbiztositasicsucstalalkozo.hu\/wp-content\/uploads\/2025\/07\/Attila-1000-14.jpg","width":1000,"height":1000},{"@type":"BreadcrumbList","@id":"https:\/\/penzkultura.eletbiztositasicsucstalalkozo.hu\/termek\/taste-mdrt-egyeni-belepo\/#breadcrumb","itemListElement":[{"@type":"ListItem","position":1,"name":"Kezd\u0151lap","item":"https:\/\/penzkultura.eletbiztositasicsucstalalkozo.hu\/"},{"@type":"ListItem","position":2,"name":"\u00dczlet","item":"https:\/\/penzkultura.eletbiztositasicsucstalalkozo.hu\/?page_id=759"},{"@type":"ListItem","position":3,"name":"&#8222;Taste MDRT!&#8221; egy\u00e9ni bel\u00e9p\u0151"}]},{"@type":"WebSite","@id":"https:\/\/penzkultura.eletbiztositasicsucstalalkozo.hu\/#website","url":"https:\/\/penzkultura.eletbiztositasicsucstalalkozo.hu\/","name":"P\u00e9nzKult\u00fara Alap\u00edtv\u00e1ny Budapesti \u00c9letbiztos\u00edt\u00e1si Cs\u00facstal\u00e1lkoz\u00f3","description":"VII. Budapesti \u00c9letbiztos\u00edt\u00e1si Cs\u00facstal\u00e1lkoz\u00f3 - Balatonf\u00fcred","publisher":{"@id":"https:\/\/penzkultura.eletbiztositasicsucstalalkozo.hu\/#organization"},"potentialAction":[{"@type":"SearchAction","target":{"@type":"EntryPoint","urlTemplate":"https:\/\/penzkultura.eletbiztositasicsucstalalkozo.hu\/?s={search_term_string}"},"query-input":{"@type":"PropertyValueSpecification","valueRequired":true,"valueName":"search_term_string"}}],"inLanguage":"en-GB"},{"@type":"Organization","@id":"https:\/\/penzkultura.eletbiztositasicsucstalalkozo.hu\/#organization","name":"P\u00e9nzKult\u00fara Alap\u00edtv\u00e1ny Budapesti \u00c9letbiztos\u00edt\u00e1si Cs\u00facstal\u00e1lkoz\u00f3","url":"https:\/\/penzkultura.eletbiztositasicsucstalalkozo.hu\/","logo":{"@type":"ImageObject","inLanguage":"en-GB","@id":"https:\/\/penzkultura.eletbiztositasicsucstalalkozo.hu\/#\/schema\/logo\/image\/","url":"https:\/\/penzkultura.eletbiztositasicsucstalalkozo.hu\/wp-content\/uploads\/2025\/07\/BECs.png","contentUrl":"https:\/\/penzkultura.eletbiztositasicsucstalalkozo.hu\/wp-content\/uploads\/2025\/07\/BECs.png","width":1406,"height":656,"caption":"P\u00e9nzKult\u00fara Alap\u00edtv\u00e1ny Budapesti \u00c9letbiztos\u00edt\u00e1si Cs\u00facstal\u00e1lkoz\u00f3"},"image":{"@id":"https:\/\/penzkultura.eletbiztositasicsucstalalkozo.hu\/#\/schema\/logo\/image\/"}}]}},"_links":{"self":[{"href":"https:\/\/penzkultura.eletbiztositasicsucstalalkozo.hu\/en\/wp-json\/wp\/v2\/product\/2631","targetHints":{"allow":["GET"]}}],"collection":[{"href":"https:\/\/penzkultura.eletbiztositasicsucstalalkozo.hu\/en\/wp-json\/wp\/v2\/product"}],"about":[{"href":"https:\/\/penzkultura.eletbiztositasicsucstalalkozo.hu\/en\/wp-json\/wp\/v2\/types\/product"}],"version-history":[{"count":3,"href":"https:\/\/penzkultura.eletbiztositasicsucstalalkozo.hu\/en\/wp-json\/wp\/v2\/product\/2631\/revisions"}],"predecessor-version":[{"id":3183,"href":"https:\/\/penzkultura.eletbiztositasicsucstalalkozo.hu\/en\/wp-json\/wp\/v2\/product\/2631\/revisions\/3183"}],"wp:featuredmedia":[{"embeddable":true,"href":"https:\/\/penzkultura.eletbiztositasicsucstalalkozo.hu\/en\/wp-json\/wp\/v2\/media\/4143"}],"wp:attachment":[{"href":"https:\/\/penzkultura.eletbiztositasicsucstalalkozo.hu\/en\/wp-json\/wp\/v2\/media?parent=2631"}],"wp:term":[{"taxonomy":"product_brand","embeddable":true,"href":"https:\/\/penzkultura.eletbiztositasicsucstalalkozo.hu\/en\/wp-json\/wp\/v2\/product_brand?post=2631"},{"taxonomy":"product_cat","embeddable":true,"href":"https:\/\/penzkultura.eletbiztositasicsucstalalkozo.hu\/en\/wp-json\/wp\/v2\/product_cat?post=2631"},{"taxonomy":"product_tag","embeddable":true,"href":"https:\/\/penzkultura.eletbiztositasicsucstalalkozo.hu\/en\/wp-json\/wp\/v2\/product_tag?post=2631"}],"curies":[{"name":"wp","href":"https:\/\/api.w.org\/{rel}","templated":true}]}}