{"id":3204,"date":"2025-08-01T15:20:48","date_gmt":"2025-08-01T13:20:48","guid":{"rendered":"https:\/\/penzkultura.eletbiztositasicsucstalalkozo.hu\/?post_type=product&#038;p=3204"},"modified":"2025-08-07T15:04:57","modified_gmt":"2025-08-07T13:04:57","slug":"lets-go-to-mdrt-svetlana-plitin","status":"publish","type":"product","link":"https:\/\/penzkultura.eletbiztositasicsucstalalkozo.hu\/en\/product\/lets-go-to-mdrt-svetlana-plitin\/","title":{"rendered":"&#8222;Let\u2019s go to MDRT!&#8221; Svetlana Plitin"},"content":{"rendered":"<p>An exceptionally talented young colleague discovered in recent years. Her pragmatic, reasonable, logical deductions have also earned Tony Gordon's recognition. Svetlana is passionate about her profession. Three weeks after the birth of her little girl, she was already on stage and obtained her latest TOT certification. She focuses her attention on the most successful MDRT colleagues, synthesizes their experiences with excellent talent, and is able to pass them on in a simple, immediately understandable and memorable form, in an impressively elegant presentation style, with significant content added value. Example: \"Among the most successful consultants, those remain successful who do not stop their new client prospecting activity even when they feel at the top!\"<br \/>\nSvetlana a Kongresszus els\u0151 napj\u00e1n el\u0151ad\u00e1s\u00e1val, m\u00e1snap pedig gyakorlati workshopj\u00e1val v\u00e1rja a r\u00e9sztvev\u0151ket!<\/p>\n<p>Since 2014, as she joined the life insurance business, Svetlana has\nconsistently achieved outstanding results in the field, successfully\nbalancing the roles of wife, mother, and businesswoman. Every year\nsince the very beginning, she qualifies for the prestigious global\nMDRT organization, that brings together the top finance advisors\nfrom around the world.<\/p>\n<p><strong>SVETLANA PLITIN-TAMAVI\u010cIEN\u0116<\/strong><\/p>\n<p>Svetlana is recognized for achieving the highest standards of professional competence, ethics, and client service in the financial advisory industry. She is the first and only MDRT TOT (Top of the Table) member in Lithuania, representing the highest level of professional qualification. Like other top-tier financial advisors, Svetlana not only demonstrates exceptional sales performance but also plays an active role in sharing expertise, mentoring peers, and shaping the future of the life insurance both locally and worldwide. Svetlana is a Senior Financial Advisor\u2013Expert at Allianz Lithuania, consistently holding the number one position in the company\u2019s financial advisor rankings for consecutive years.<br \/>\nShe collaborates successfully with business owners, building long-term financial partnerships based on her impeccable reputation, professionalism, reliability, genuine care for clients, and strategic  pproach.<br \/>\nShe is one of the founding members of the BNI business referral chapter in the region - BNI \u0160vyturys - and currently serves as its Director Consultant, representing the interests of more than 40 diverse businesses, ranging from small enterprises to rapidly\ngrowing companies.<br \/>\nAs an international speaker, Svetlana shares her professional experience at conferences and events across the globe. Her insights and practical guidance inspire financial advisors, regardless of market  onditions or personal challenges. She firmly believes that the key to success lies in universal principles\u2014maintaining a positive mindset, consistency, and disciplined action.<\/p>\n<h3><strong>Az \u00c9rt\u00e9kes\u00edt\u00e9s M\u0171v\u00e9szete \u2014 Aj\u00e1nl\u00e1si Strat\u00e9gia \u00e9s Prec\u00edz Kommunik\u00e1ci\u00f3<\/strong><\/h3>\n<p>Egy olyan vil\u00e1gban, ahol a szavaknak s\u00falya van, \u00e9s az aj\u00e1nl\u00e1sok nyitj\u00e1k meg az ajt\u00f3kat, csak kevesen uralj\u00e1k igaz\u00e1n a mesters\u00e9get. Ez a workshop megmutatja azokat a bev\u00e1lt technik\u00e1kat, amelyek elv\u00e1lasztj\u00e1k a j\u00f3kat a kiv\u00e1l\u00f3kt\u00f3l.<\/p>\n<h4><strong>Aj\u00e1nl\u00e1si Strat\u00e9gia \u2013 A Referral Blueprint<\/strong><\/h4>\n<p>Az aj\u00e1nl\u00e1sok nem csup\u00e1n hasznosak \u2014 \u0151k jelentik a gyorsforgalmi s\u00e1vot az \u00e9rt\u00e9kes\u00edt\u00e9si siker fel\u00e9. M\u00e9gis, a tan\u00e1csad\u00f3k mind\u00f6ssze 3%-a tudja,\u00a0<strong>hogyan<\/strong>\u00a0\u00e9s\u00a0<strong>mikor<\/strong>\u00a0k\u00e9rje \u0151ket j\u00f3l. Ebben a szekci\u00f3ban egy bizony\u00edtott, gyakorlati keretrendszert kapsz: hogyan k\u00e9rj aj\u00e1nl\u00e1st term\u00e9szetesen, magabiztosan \u2014 \u00e9s \u00fagy, hogy ne sz\u00fclessenek kifog\u00e1sok.<\/p>\n<h4><strong>Az Eredm\u00e9nyes Kommunik\u00e1ci\u00f3 Nyelve<\/strong><\/h4>\n<p>Mi\u00e9rt z\u00e1rnak le egyes tan\u00e1csad\u00f3k t\u00f6bb \u00fczletet ugyanazzal a term\u00e9kkel, ugyanabban a piacon? Nem a szerencse miatt \u2014 hanem a kommunik\u00e1ci\u00f3juk miatt.<br \/>\nEbben a r\u00e9szben megtanulod:<\/p>\n<ul>\n<li>Hogyan v\u00e1laszd meg a szavaidat a legjobb pillanatban<\/li>\n<li>Hogyan ker\u00fcld el, hogy \u00e9les helyzetben r\u00f6gt\u00f6n\u00f6zn\u00f6d kelljen<\/li>\n<li>Hogyan alkalmazz hat\u00e1sos kifejez\u00e9seket val\u00f3di szitu\u00e1ci\u00f3kban<\/li>\n<\/ul>\n<p>Mert a legrosszabb id\u0151pont kital\u00e1lni, mit mondj \u2014 az,\u00a0<strong>amikor m\u00e1r mondanod kell<\/strong>.<\/p>\n<p>Ak\u00e1r most kezded a p\u00e1ly\u00e1t, ak\u00e1r tapasztalt profik\u00e9nt dolgozol, ez a workshop lehet\u0151s\u00e9get ad arra, hogy ki\u00e9lezd az eszk\u00f6zeidet, hat\u00e1sosabban kommunik\u00e1lj \u2014 \u00e9s a besz\u00e9lget\u00e9seket val\u00f3di eredm\u00e9nyekk\u00e9 alak\u00edtsd.<\/p>","protected":false},"excerpt":{"rendered":"<div class=\"elementor-element elementor-element-ed79c92 elementor-widget elementor-widget-heading\" data-id=\"ed79c92\" data-element_type=\"widget\" data-widget_type=\"heading.default\">\n<div class=\"elementor-widget-container\">\n<div class=\"elementor-widget-container\"><strong>Svetlana Plitin el\u0151ad\u00e1sa<\/strong><\/div>\n<\/div>\n<\/div>\n<div>12:00 \u2013 13:30<\/div>\n<div>Anna Grand Hotel*****<\/div>\n<div><\/div>\n<div>\n<h3><strong>Az \u00c9rt\u00e9kes\u00edt\u00e9s M\u0171v\u00e9szete \u2014 Aj\u00e1nl\u00e1si Strat\u00e9gia \u00e9s Prec\u00edz Kommunik\u00e1ci\u00f3<\/strong><\/h3>\n<p style=\"font-weight: 400;\">Egy olyan vil\u00e1gban, ahol a szavaknak s\u00falya van, \u00e9s az aj\u00e1nl\u00e1sok nyitj\u00e1k meg az ajt\u00f3kat, csak kevesen uralj\u00e1k igaz\u00e1n a mesters\u00e9get. Ez a workshop megmutatja azokat a bev\u00e1lt technik\u00e1kat, amelyek elv\u00e1lasztj\u00e1k a j\u00f3kat a kiv\u00e1l\u00f3kt\u00f3l.<\/p>\n<h4><strong>Aj\u00e1nl\u00e1si Strat\u00e9gia \u2013 A Referral Blueprint<\/strong><\/h4>\n<p style=\"font-weight: 400;\">Az aj\u00e1nl\u00e1sok nem csup\u00e1n hasznosak \u2014 \u0151k jelentik a gyorsforgalmi s\u00e1vot az \u00e9rt\u00e9kes\u00edt\u00e9si siker fel\u00e9. M\u00e9gis, a tan\u00e1csad\u00f3k mind\u00f6ssze 3%-a tudja,\u00a0<strong>hogyan<\/strong>\u00a0\u00e9s\u00a0<strong>mikor<\/strong>\u00a0k\u00e9rje \u0151ket j\u00f3l. Ebben a szekci\u00f3ban egy bizony\u00edtott, gyakorlati keretrendszert kapsz: hogyan k\u00e9rj aj\u00e1nl\u00e1st term\u00e9szetesen, magabiztosan \u2014 \u00e9s \u00fagy, hogy ne sz\u00fclessenek kifog\u00e1sok.<\/p>\n<h4><strong>Az Eredm\u00e9nyes Kommunik\u00e1ci\u00f3 Nyelve<\/strong><\/h4>\n<p style=\"font-weight: 400;\">Mi\u00e9rt z\u00e1rnak le egyes tan\u00e1csad\u00f3k t\u00f6bb \u00fczletet ugyanazzal a term\u00e9kkel, ugyanabban a piacon? Nem a szerencse miatt \u2014 hanem a kommunik\u00e1ci\u00f3juk miatt.<br \/>\nEbben a r\u00e9szben megtanulod:<\/p>\n<ul style=\"font-weight: 400;\">\n<li>Hogyan v\u00e1laszd meg a szavaidat a legjobb pillanatban<\/li>\n<li>Hogyan ker\u00fcld el, hogy \u00e9les helyzetben r\u00f6gt\u00f6n\u00f6zn\u00f6d kelljen<\/li>\n<li>Hogyan alkalmazz hat\u00e1sos kifejez\u00e9seket val\u00f3di szitu\u00e1ci\u00f3kban<\/li>\n<\/ul>\n<p style=\"font-weight: 400;\">Mert a legrosszabb id\u0151pont kital\u00e1lni, mit mondj \u2014 az,\u00a0<strong>amikor m\u00e1r mondanod kell<\/strong>.<\/p>\n<p style=\"font-weight: 400;\">Ak\u00e1r most kezded a p\u00e1ly\u00e1t, ak\u00e1r tapasztalt profik\u00e9nt dolgozol, ez a workshop lehet\u0151s\u00e9get ad arra, hogy ki\u00e9lezd az eszk\u00f6zeidet, hat\u00e1sosabban kommunik\u00e1lj \u2014 \u00e9s a besz\u00e9lget\u00e9seket val\u00f3di eredm\u00e9nyekk\u00e9 alak\u00edtsd.<\/p>\n<p>Egy\u00e9ni szponzorainkat v\u00e1rjuk szeretettel!<\/p>\n<\/div>\n<div class=\"elementor-element elementor-element-ed79c92 elementor-widget elementor-widget-heading\" data-id=\"ed79c92\" data-element_type=\"widget\" data-widget_type=\"heading.default\">\n<div class=\"elementor-widget-container\">\n<div class=\"elementor-widget-container\"><\/div>\n<\/div>\n<\/div>","protected":false},"featured_media":3468,"template":"","meta":[],"product_brand":[],"product_cat":[34],"product_tag":[37],"class_list":{"0":"post-3204","1":"product","2":"type-product","3":"status-publish","4":"has-post-thumbnail","6":"product_cat-egyeni-jegyek","7":"product_tag-lets-go-to-mdrt","9":"first","10":"instock","11":"downloadable","12":"sold-individually","13":"shipping-taxable","14":"purchasable","15":"product-type-simple"},"yoast_head":"<!-- This site is optimized with the Yoast SEO plugin v25.7 - https:\/\/yoast.com\/wordpress\/plugins\/seo\/ -->\n<title>&quot;Let\u2019s go to MDRT!&quot; Svetlana Plitin - P\u00e9nzKult\u00fara Alap\u00edtv\u00e1ny Budapesti \u00c9letbiztos\u00edt\u00e1si Cs\u00facstal\u00e1lkoz\u00f3<\/title>\n<meta name=\"description\" content=\"Nemzetk\u00f6zi el\u0151ad\u00f3k\u00e9nt Svetlana szakmai tapasztalatait konferenci\u00e1kon \u00e9s rendezv\u00e9nyeken osztja meg szerte a vil\u00e1gon. Szil\u00e1rdan hiszi, hogy a siker kulcsa az egyetemes alapelvekben rejlik - a pozit\u00edv gondolkod\u00e1sm\u00f3d, a k\u00f6vetkezetess\u00e9g \u00e9s a fegyelmezett cselekv\u00e9s fenntart\u00e1s\u00e1ban.\" \/>\n<meta name=\"robots\" content=\"index, follow, max-snippet:-1, max-image-preview:large, max-video-preview:-1\" \/>\n<link rel=\"canonical\" href=\"https:\/\/penzkultura.eletbiztositasicsucstalalkozo.hu\/en\/product\/lets-go-to-mdrt-svetlana-plitin\/\" \/>\n<meta property=\"og:locale\" content=\"en_GB\" \/>\n<meta property=\"og:type\" content=\"article\" \/>\n<meta property=\"og:title\" content=\"&quot;Let\u2019s go to MDRT!&quot; Svetlana Plitin - P\u00e9nzKult\u00fara Alap\u00edtv\u00e1ny Budapesti \u00c9letbiztos\u00edt\u00e1si Cs\u00facstal\u00e1lkoz\u00f3\" \/>\n<meta property=\"og:description\" content=\"Nemzetk\u00f6zi el\u0151ad\u00f3k\u00e9nt Svetlana szakmai tapasztalatait konferenci\u00e1kon \u00e9s rendezv\u00e9nyeken osztja meg szerte a vil\u00e1gon. Szil\u00e1rdan hiszi, hogy a siker kulcsa az egyetemes alapelvekben rejlik - a pozit\u00edv gondolkod\u00e1sm\u00f3d, a k\u00f6vetkezetess\u00e9g \u00e9s a fegyelmezett cselekv\u00e9s fenntart\u00e1s\u00e1ban.\" \/>\n<meta property=\"og:url\" content=\"https:\/\/penzkultura.eletbiztositasicsucstalalkozo.hu\/en\/product\/lets-go-to-mdrt-svetlana-plitin\/\" \/>\n<meta property=\"og:site_name\" content=\"P\u00e9nzKult\u00fara Alap\u00edtv\u00e1ny Budapesti \u00c9letbiztos\u00edt\u00e1si Cs\u00facstal\u00e1lkoz\u00f3\" \/>\n<meta property=\"article:modified_time\" content=\"2025-08-07T13:04:57+00:00\" \/>\n<meta property=\"og:image\" content=\"https:\/\/penzkultura.eletbiztositasicsucstalalkozo.hu\/wp-content\/uploads\/2025\/08\/Svetlana-Plitin.png\" \/>\n\t<meta property=\"og:image:width\" content=\"1000\" \/>\n\t<meta property=\"og:image:height\" content=\"1000\" \/>\n\t<meta property=\"og:image:type\" content=\"image\/png\" \/>\n<meta name=\"twitter:card\" content=\"summary_large_image\" \/>\n<meta name=\"twitter:label1\" content=\"Estimated reading time\" \/>\n\t<meta name=\"twitter:data1\" content=\"4 minutes\" \/>\n<script type=\"application\/ld+json\" class=\"yoast-schema-graph\">{\"@context\":\"https:\/\/schema.org\",\"@graph\":[{\"@type\":\"WebPage\",\"@id\":\"https:\/\/penzkultura.eletbiztositasicsucstalalkozo.hu\/termek\/lets-go-to-mdrt-svetlana-plitin\/\",\"url\":\"https:\/\/penzkultura.eletbiztositasicsucstalalkozo.hu\/termek\/lets-go-to-mdrt-svetlana-plitin\/\",\"name\":\"\\\"Let\u2019s go to MDRT!\\\" Svetlana Plitin - P\u00e9nzKult\u00fara Alap\u00edtv\u00e1ny Budapesti \u00c9letbiztos\u00edt\u00e1si Cs\u00facstal\u00e1lkoz\u00f3\",\"isPartOf\":{\"@id\":\"https:\/\/penzkultura.eletbiztositasicsucstalalkozo.hu\/#website\"},\"primaryImageOfPage\":{\"@id\":\"https:\/\/penzkultura.eletbiztositasicsucstalalkozo.hu\/termek\/lets-go-to-mdrt-svetlana-plitin\/#primaryimage\"},\"image\":{\"@id\":\"https:\/\/penzkultura.eletbiztositasicsucstalalkozo.hu\/termek\/lets-go-to-mdrt-svetlana-plitin\/#primaryimage\"},\"thumbnailUrl\":\"https:\/\/penzkultura.eletbiztositasicsucstalalkozo.hu\/wp-content\/uploads\/2025\/08\/Svetlana-Plitin.png\",\"datePublished\":\"2025-08-01T13:20:48+00:00\",\"dateModified\":\"2025-08-07T13:04:57+00:00\",\"description\":\"Nemzetk\u00f6zi el\u0151ad\u00f3k\u00e9nt Svetlana szakmai tapasztalatait konferenci\u00e1kon \u00e9s rendezv\u00e9nyeken osztja meg szerte a vil\u00e1gon. Szil\u00e1rdan hiszi, hogy a siker kulcsa az egyetemes alapelvekben rejlik - a pozit\u00edv gondolkod\u00e1sm\u00f3d, a k\u00f6vetkezetess\u00e9g \u00e9s a fegyelmezett cselekv\u00e9s fenntart\u00e1s\u00e1ban.\",\"breadcrumb\":{\"@id\":\"https:\/\/penzkultura.eletbiztositasicsucstalalkozo.hu\/termek\/lets-go-to-mdrt-svetlana-plitin\/#breadcrumb\"},\"inLanguage\":\"en-GB\",\"potentialAction\":[{\"@type\":\"ReadAction\",\"target\":[\"https:\/\/penzkultura.eletbiztositasicsucstalalkozo.hu\/termek\/lets-go-to-mdrt-svetlana-plitin\/\"]}]},{\"@type\":\"ImageObject\",\"inLanguage\":\"en-GB\",\"@id\":\"https:\/\/penzkultura.eletbiztositasicsucstalalkozo.hu\/termek\/lets-go-to-mdrt-svetlana-plitin\/#primaryimage\",\"url\":\"https:\/\/penzkultura.eletbiztositasicsucstalalkozo.hu\/wp-content\/uploads\/2025\/08\/Svetlana-Plitin.png\",\"contentUrl\":\"https:\/\/penzkultura.eletbiztositasicsucstalalkozo.hu\/wp-content\/uploads\/2025\/08\/Svetlana-Plitin.png\",\"width\":1000,\"height\":1000},{\"@type\":\"BreadcrumbList\",\"@id\":\"https:\/\/penzkultura.eletbiztositasicsucstalalkozo.hu\/termek\/lets-go-to-mdrt-svetlana-plitin\/#breadcrumb\",\"itemListElement\":[{\"@type\":\"ListItem\",\"position\":1,\"name\":\"Kezd\u0151lap\",\"item\":\"https:\/\/penzkultura.eletbiztositasicsucstalalkozo.hu\/\"},{\"@type\":\"ListItem\",\"position\":2,\"name\":\"\u00dczlet\",\"item\":\"https:\/\/penzkultura.eletbiztositasicsucstalalkozo.hu\/?page_id=759\"},{\"@type\":\"ListItem\",\"position\":3,\"name\":\"&#8222;Let\u2019s go to MDRT!&#8221; Svetlana Plitin\"}]},{\"@type\":\"WebSite\",\"@id\":\"https:\/\/penzkultura.eletbiztositasicsucstalalkozo.hu\/#website\",\"url\":\"https:\/\/penzkultura.eletbiztositasicsucstalalkozo.hu\/\",\"name\":\"P\u00e9nzKult\u00fara Alap\u00edtv\u00e1ny Budapesti \u00c9letbiztos\u00edt\u00e1si Cs\u00facstal\u00e1lkoz\u00f3\",\"description\":\"VII. Budapesti \u00c9letbiztos\u00edt\u00e1si Cs\u00facstal\u00e1lkoz\u00f3 - Balatonf\u00fcred\",\"publisher\":{\"@id\":\"https:\/\/penzkultura.eletbiztositasicsucstalalkozo.hu\/#organization\"},\"potentialAction\":[{\"@type\":\"SearchAction\",\"target\":{\"@type\":\"EntryPoint\",\"urlTemplate\":\"https:\/\/penzkultura.eletbiztositasicsucstalalkozo.hu\/?s={search_term_string}\"},\"query-input\":{\"@type\":\"PropertyValueSpecification\",\"valueRequired\":true,\"valueName\":\"search_term_string\"}}],\"inLanguage\":\"en-GB\"},{\"@type\":\"Organization\",\"@id\":\"https:\/\/penzkultura.eletbiztositasicsucstalalkozo.hu\/#organization\",\"name\":\"P\u00e9nzKult\u00fara Alap\u00edtv\u00e1ny Budapesti \u00c9letbiztos\u00edt\u00e1si Cs\u00facstal\u00e1lkoz\u00f3\",\"url\":\"https:\/\/penzkultura.eletbiztositasicsucstalalkozo.hu\/\",\"logo\":{\"@type\":\"ImageObject\",\"inLanguage\":\"en-GB\",\"@id\":\"https:\/\/penzkultura.eletbiztositasicsucstalalkozo.hu\/#\/schema\/logo\/image\/\",\"url\":\"https:\/\/penzkultura.eletbiztositasicsucstalalkozo.hu\/wp-content\/uploads\/2025\/07\/BECs.png\",\"contentUrl\":\"https:\/\/penzkultura.eletbiztositasicsucstalalkozo.hu\/wp-content\/uploads\/2025\/07\/BECs.png\",\"width\":1406,\"height\":656,\"caption\":\"P\u00e9nzKult\u00fara Alap\u00edtv\u00e1ny Budapesti \u00c9letbiztos\u00edt\u00e1si Cs\u00facstal\u00e1lkoz\u00f3\"},\"image\":{\"@id\":\"https:\/\/penzkultura.eletbiztositasicsucstalalkozo.hu\/#\/schema\/logo\/image\/\"}}]}<\/script>\n<!-- \/ Yoast SEO plugin. -->","yoast_head_json":{"title":"\"Let\u2019s go to MDRT!\" Svetlana Plitin - P\u00e9nzKult\u00fara Alap\u00edtv\u00e1ny Budapesti \u00c9letbiztos\u00edt\u00e1si Cs\u00facstal\u00e1lkoz\u00f3","description":"Nemzetk\u00f6zi el\u0151ad\u00f3k\u00e9nt Svetlana szakmai tapasztalatait konferenci\u00e1kon \u00e9s rendezv\u00e9nyeken osztja meg szerte a vil\u00e1gon. Szil\u00e1rdan hiszi, hogy a siker kulcsa az egyetemes alapelvekben rejlik - a pozit\u00edv gondolkod\u00e1sm\u00f3d, a k\u00f6vetkezetess\u00e9g \u00e9s a fegyelmezett cselekv\u00e9s fenntart\u00e1s\u00e1ban.","robots":{"index":"index","follow":"follow","max-snippet":"max-snippet:-1","max-image-preview":"max-image-preview:large","max-video-preview":"max-video-preview:-1"},"canonical":"https:\/\/penzkultura.eletbiztositasicsucstalalkozo.hu\/en\/product\/lets-go-to-mdrt-svetlana-plitin\/","og_locale":"en_GB","og_type":"article","og_title":"\"Let\u2019s go to MDRT!\" Svetlana Plitin - P\u00e9nzKult\u00fara Alap\u00edtv\u00e1ny Budapesti \u00c9letbiztos\u00edt\u00e1si Cs\u00facstal\u00e1lkoz\u00f3","og_description":"Nemzetk\u00f6zi el\u0151ad\u00f3k\u00e9nt Svetlana szakmai tapasztalatait konferenci\u00e1kon \u00e9s rendezv\u00e9nyeken osztja meg szerte a vil\u00e1gon. Szil\u00e1rdan hiszi, hogy a siker kulcsa az egyetemes alapelvekben rejlik - a pozit\u00edv gondolkod\u00e1sm\u00f3d, a k\u00f6vetkezetess\u00e9g \u00e9s a fegyelmezett cselekv\u00e9s fenntart\u00e1s\u00e1ban.","og_url":"https:\/\/penzkultura.eletbiztositasicsucstalalkozo.hu\/en\/product\/lets-go-to-mdrt-svetlana-plitin\/","og_site_name":"P\u00e9nzKult\u00fara Alap\u00edtv\u00e1ny Budapesti \u00c9letbiztos\u00edt\u00e1si Cs\u00facstal\u00e1lkoz\u00f3","article_modified_time":"2025-08-07T13:04:57+00:00","og_image":[{"width":1000,"height":1000,"url":"https:\/\/penzkultura.eletbiztositasicsucstalalkozo.hu\/wp-content\/uploads\/2025\/08\/Svetlana-Plitin.png","type":"image\/png"}],"twitter_card":"summary_large_image","twitter_misc":{"Estimated reading time":"4 minutes"},"schema":{"@context":"https:\/\/schema.org","@graph":[{"@type":"WebPage","@id":"https:\/\/penzkultura.eletbiztositasicsucstalalkozo.hu\/termek\/lets-go-to-mdrt-svetlana-plitin\/","url":"https:\/\/penzkultura.eletbiztositasicsucstalalkozo.hu\/termek\/lets-go-to-mdrt-svetlana-plitin\/","name":"\"Let\u2019s go to MDRT!\" Svetlana Plitin - P\u00e9nzKult\u00fara Alap\u00edtv\u00e1ny Budapesti \u00c9letbiztos\u00edt\u00e1si Cs\u00facstal\u00e1lkoz\u00f3","isPartOf":{"@id":"https:\/\/penzkultura.eletbiztositasicsucstalalkozo.hu\/#website"},"primaryImageOfPage":{"@id":"https:\/\/penzkultura.eletbiztositasicsucstalalkozo.hu\/termek\/lets-go-to-mdrt-svetlana-plitin\/#primaryimage"},"image":{"@id":"https:\/\/penzkultura.eletbiztositasicsucstalalkozo.hu\/termek\/lets-go-to-mdrt-svetlana-plitin\/#primaryimage"},"thumbnailUrl":"https:\/\/penzkultura.eletbiztositasicsucstalalkozo.hu\/wp-content\/uploads\/2025\/08\/Svetlana-Plitin.png","datePublished":"2025-08-01T13:20:48+00:00","dateModified":"2025-08-07T13:04:57+00:00","description":"Nemzetk\u00f6zi el\u0151ad\u00f3k\u00e9nt Svetlana szakmai tapasztalatait konferenci\u00e1kon \u00e9s rendezv\u00e9nyeken osztja meg szerte a vil\u00e1gon. Szil\u00e1rdan hiszi, hogy a siker kulcsa az egyetemes alapelvekben rejlik - a pozit\u00edv gondolkod\u00e1sm\u00f3d, a k\u00f6vetkezetess\u00e9g \u00e9s a fegyelmezett cselekv\u00e9s fenntart\u00e1s\u00e1ban.","breadcrumb":{"@id":"https:\/\/penzkultura.eletbiztositasicsucstalalkozo.hu\/termek\/lets-go-to-mdrt-svetlana-plitin\/#breadcrumb"},"inLanguage":"en-GB","potentialAction":[{"@type":"ReadAction","target":["https:\/\/penzkultura.eletbiztositasicsucstalalkozo.hu\/termek\/lets-go-to-mdrt-svetlana-plitin\/"]}]},{"@type":"ImageObject","inLanguage":"en-GB","@id":"https:\/\/penzkultura.eletbiztositasicsucstalalkozo.hu\/termek\/lets-go-to-mdrt-svetlana-plitin\/#primaryimage","url":"https:\/\/penzkultura.eletbiztositasicsucstalalkozo.hu\/wp-content\/uploads\/2025\/08\/Svetlana-Plitin.png","contentUrl":"https:\/\/penzkultura.eletbiztositasicsucstalalkozo.hu\/wp-content\/uploads\/2025\/08\/Svetlana-Plitin.png","width":1000,"height":1000},{"@type":"BreadcrumbList","@id":"https:\/\/penzkultura.eletbiztositasicsucstalalkozo.hu\/termek\/lets-go-to-mdrt-svetlana-plitin\/#breadcrumb","itemListElement":[{"@type":"ListItem","position":1,"name":"Kezd\u0151lap","item":"https:\/\/penzkultura.eletbiztositasicsucstalalkozo.hu\/"},{"@type":"ListItem","position":2,"name":"\u00dczlet","item":"https:\/\/penzkultura.eletbiztositasicsucstalalkozo.hu\/?page_id=759"},{"@type":"ListItem","position":3,"name":"&#8222;Let\u2019s go to MDRT!&#8221; Svetlana Plitin"}]},{"@type":"WebSite","@id":"https:\/\/penzkultura.eletbiztositasicsucstalalkozo.hu\/#website","url":"https:\/\/penzkultura.eletbiztositasicsucstalalkozo.hu\/","name":"P\u00e9nzKult\u00fara Alap\u00edtv\u00e1ny Budapesti \u00c9letbiztos\u00edt\u00e1si Cs\u00facstal\u00e1lkoz\u00f3","description":"VII. Budapesti \u00c9letbiztos\u00edt\u00e1si Cs\u00facstal\u00e1lkoz\u00f3 - Balatonf\u00fcred","publisher":{"@id":"https:\/\/penzkultura.eletbiztositasicsucstalalkozo.hu\/#organization"},"potentialAction":[{"@type":"SearchAction","target":{"@type":"EntryPoint","urlTemplate":"https:\/\/penzkultura.eletbiztositasicsucstalalkozo.hu\/?s={search_term_string}"},"query-input":{"@type":"PropertyValueSpecification","valueRequired":true,"valueName":"search_term_string"}}],"inLanguage":"en-GB"},{"@type":"Organization","@id":"https:\/\/penzkultura.eletbiztositasicsucstalalkozo.hu\/#organization","name":"P\u00e9nzKult\u00fara Alap\u00edtv\u00e1ny Budapesti \u00c9letbiztos\u00edt\u00e1si Cs\u00facstal\u00e1lkoz\u00f3","url":"https:\/\/penzkultura.eletbiztositasicsucstalalkozo.hu\/","logo":{"@type":"ImageObject","inLanguage":"en-GB","@id":"https:\/\/penzkultura.eletbiztositasicsucstalalkozo.hu\/#\/schema\/logo\/image\/","url":"https:\/\/penzkultura.eletbiztositasicsucstalalkozo.hu\/wp-content\/uploads\/2025\/07\/BECs.png","contentUrl":"https:\/\/penzkultura.eletbiztositasicsucstalalkozo.hu\/wp-content\/uploads\/2025\/07\/BECs.png","width":1406,"height":656,"caption":"P\u00e9nzKult\u00fara Alap\u00edtv\u00e1ny Budapesti \u00c9letbiztos\u00edt\u00e1si Cs\u00facstal\u00e1lkoz\u00f3"},"image":{"@id":"https:\/\/penzkultura.eletbiztositasicsucstalalkozo.hu\/#\/schema\/logo\/image\/"}}]}},"_links":{"self":[{"href":"https:\/\/penzkultura.eletbiztositasicsucstalalkozo.hu\/en\/wp-json\/wp\/v2\/product\/3204","targetHints":{"allow":["GET"]}}],"collection":[{"href":"https:\/\/penzkultura.eletbiztositasicsucstalalkozo.hu\/en\/wp-json\/wp\/v2\/product"}],"about":[{"href":"https:\/\/penzkultura.eletbiztositasicsucstalalkozo.hu\/en\/wp-json\/wp\/v2\/types\/product"}],"version-history":[{"count":4,"href":"https:\/\/penzkultura.eletbiztositasicsucstalalkozo.hu\/en\/wp-json\/wp\/v2\/product\/3204\/revisions"}],"predecessor-version":[{"id":3473,"href":"https:\/\/penzkultura.eletbiztositasicsucstalalkozo.hu\/en\/wp-json\/wp\/v2\/product\/3204\/revisions\/3473"}],"wp:featuredmedia":[{"embeddable":true,"href":"https:\/\/penzkultura.eletbiztositasicsucstalalkozo.hu\/en\/wp-json\/wp\/v2\/media\/3468"}],"wp:attachment":[{"href":"https:\/\/penzkultura.eletbiztositasicsucstalalkozo.hu\/en\/wp-json\/wp\/v2\/media?parent=3204"}],"wp:term":[{"taxonomy":"product_brand","embeddable":true,"href":"https:\/\/penzkultura.eletbiztositasicsucstalalkozo.hu\/en\/wp-json\/wp\/v2\/product_brand?post=3204"},{"taxonomy":"product_cat","embeddable":true,"href":"https:\/\/penzkultura.eletbiztositasicsucstalalkozo.hu\/en\/wp-json\/wp\/v2\/product_cat?post=3204"},{"taxonomy":"product_tag","embeddable":true,"href":"https:\/\/penzkultura.eletbiztositasicsucstalalkozo.hu\/en\/wp-json\/wp\/v2\/product_tag?post=3204"}],"curies":[{"name":"wp","href":"https:\/\/api.w.org\/{rel}","templated":true}]}}