{"id":3218,"date":"2025-08-01T15:33:34","date_gmt":"2025-08-01T13:33:34","guid":{"rendered":"https:\/\/penzkultura.eletbiztositasicsucstalalkozo.hu\/?post_type=product&#038;p=3218"},"modified":"2025-09-27T13:38:11","modified_gmt":"2025-09-27T11:38:11","slug":"lets-go-to-mdrt-eric-feng","status":"publish","type":"product","link":"https:\/\/penzkultura.eletbiztositasicsucstalalkozo.hu\/en\/product\/lets-go-to-mdrt-eric-feng\/","title":{"rendered":"&#8222;Let\u2019s go to MDRT!&#8221; Eric Feng"},"content":{"rendered":"<p><strong>Eric, mint motiv\u00e1ci\u00f3s speaker, a digit\u00e1lis technol\u00f3gi\u00e1k \u00e9s a social-media gyakorlati felhaszn\u00e1l\u00e1s\u00e1ra \u00e9p\u00edtett \u00faj \u00fczleti modellek kidolgoz\u00e1s\u00e1val \u00e9s n\u00e9pszer\u0171s\u00edt\u00e9s\u00e9vel tett szert vil\u00e1gh\u00edrre<\/strong> A COVID-j\u00e1rv\u00e1ny idej\u00e9n arra tan\u00edtotta a szakembereket, hogyan szerezzenek \u00fcgyfeleket a k\u00f6z\u00f6ss\u00e9gi m\u00e9di\u00e1n kereszt\u00fcl. Most, a mesters\u00e9ges intelligencia kor\u00e1ban \u00e9lvonalbeli eszk\u00f6z\u00f6kkel ruh\u00e1zza fel \u0151ket, hogy n\u00f6velj\u00e9k hat\u00e9konys\u00e1gukat, kit\u0171njenek a t\u00f6megb\u0151l, \u00e9s er\u0151sebb kapcsolatokat \u00e9p\u00edtsenek ki \u00fcgyfeleikkel \u2014 ironikus m\u00f3don az\u00e9rt, hogy m\u00e9g emberibbek lehessenek.<\/p>\n<p>His speaking career began in 2014 when he made his debut in Asia at the MDRT event, receiving a standing ovation. Since then, he has worked with over 100 insurance companies in 38 countries, revolutionizing the way agents attract and retain customers. In addition to training outstanding agents and executives, he works closely with CEOs and insurance associations, earning him deep respect in the industry and a growing impact. Many of his mentees have gone on to become top-performing agents and influential leaders in their own companies.<\/p>\n<p>Beyond the insurance sector, Eric is also known as a successful entrepreneur, running three seven-figure businesses and receiving numerous accolades, including being named one of the JCI\u2019s \u201c10 Outstanding Young People in Singapore\u201d and the National University of Singapore (NUS) \u201c10 Most Outstanding Alumni\u201d. A committed advocate for mental health, he has over a million followers on social media and uses his platform to inspire, educate and spark valuable conversations. He firmly believes in using influence for good and is committed to helping people succeed \u2014 not just in business but in other areas of life as well.<\/p>\n<p>We first invited him to Hungary in 2017, when digital applications in insurance sales were still looking for pioneers in Hungary, while Eric was already promoting proven international practices. A year later, at the request of Generali Insurance, we invited him to Hungary again. Both times he was a huge success. The relevance of his arrival at this year's anniversary Congress is that while we are still getting to know the possibilities of AI in Hungary, Eric is drawing attention to proven AI-based industry business models and teaching them!<br \/>\nIn 2017\u201318, he successfully prepared his audience for digital transformation and the use of social media \u2013 this contributed to the survival of many of us during the pandemic two years later.<br \/>\nEric is preparing for the October congress with concrete AI application methods, immediately applicable, simple, effective techniques. He will welcome participants with a keynote speech on the first day of the congress, and with practical ideas in his workshop the next day!<br \/>\nWe will publish your book in Hungarian for the Congress. (\u2013 the author will personally sign it on site!)<\/p>","protected":false},"excerpt":{"rendered":"<div class=\"elementor-element elementor-element-ed79c92 elementor-widget elementor-widget-heading\" data-id=\"ed79c92\" data-element_type=\"widget\" data-widget_type=\"heading.default\">\n<div class=\"elementor-widget-container\">\n<div class=\"elementor-widget-container\"><strong>Eric Feng el\u0151ad\u00e1sa<\/strong><\/div>\n<\/div>\n<\/div>\n<div>13:30 \u2013 15:00<\/div>\n<div>Anna Grand Hotel*****<\/div>\n<div>Eric a kongresszusra konkr\u00e9t AI alkalmaz\u00e1si m\u00f3dszerekkel, azonnal alkalmazhat\u00f3, egyszer\u0171, hat\u00e9kony technik\u00e1kkal k\u00e9sz\u00fcl.<\/div>\n<div>A Kongresszus els\u0151 napj\u00e1n f\u0151el\u0151ad\u00e1ssal, m\u00e1snap pedig gyakorlati \u00f6tletekkel v\u00e1rja workshopj\u00e1n a r\u00e9sztvev\u0151ket!<br \/>\nWe will publish your book in Hungarian for the Congress. (\u2013 the author will personally sign it on site!)<\/div>\n<div><\/div>\n<div><strong>Szponzorainkat v\u00e1rjuk szeretettel!<\/strong><\/div>\n<div><\/div>\n<div class=\"elementor-element elementor-element-ed79c92 elementor-widget elementor-widget-heading\" data-id=\"ed79c92\" data-element_type=\"widget\" data-widget_type=\"heading.default\">\n<div class=\"elementor-widget-container\">\n<div class=\"elementor-widget-container\"><\/div>\n<\/div>\n<\/div>","protected":false},"featured_media":4401,"template":"","meta":[],"product_brand":[],"product_cat":[34],"product_tag":[37],"class_list":{"0":"post-3218","1":"product","2":"type-product","3":"status-publish","4":"has-post-thumbnail","6":"product_cat-egyeni-jegyek","7":"product_tag-lets-go-to-mdrt","9":"first","10":"outofstock","11":"downloadable","12":"sold-individually","13":"shipping-taxable","14":"purchasable","15":"product-type-simple"},"yoast_head":"<!-- This site is optimized with the Yoast SEO plugin v25.7 - https:\/\/yoast.com\/wordpress\/plugins\/seo\/ -->\n<title>&quot;Let\u2019s go to MDRT!&quot; Eric Feng - P\u00e9nzKult\u00fara Alap\u00edtv\u00e1ny Budapesti \u00c9letbiztos\u00edt\u00e1si Cs\u00facstal\u00e1lkoz\u00f3<\/title>\n<meta name=\"description\" content=\"Eric, mint motiv\u00e1ci\u00f3s speaker, a digit\u00e1lis technol\u00f3gi\u00e1k \u00e9s a social-media gyakorlatifelhaszn\u00e1l\u00e1s\u00e1ra \u00e9p\u00edtett \u00faj \u00fczleti modellek kidolgoz\u00e1s\u00e1val \u00e9s n\u00e9pszer\u0171s\u00edt\u00e9s\u00e9vel tettszert vil\u00e1gh\u00edrre.\" \/>\n<meta name=\"robots\" content=\"index, follow, max-snippet:-1, max-image-preview:large, max-video-preview:-1\" \/>\n<link rel=\"canonical\" href=\"https:\/\/penzkultura.eletbiztositasicsucstalalkozo.hu\/en\/product\/lets-go-to-mdrt-eric-feng\/\" \/>\n<meta property=\"og:locale\" content=\"en_GB\" \/>\n<meta property=\"og:type\" content=\"article\" \/>\n<meta property=\"og:title\" content=\"&quot;Let\u2019s go to MDRT!&quot; Eric Feng - P\u00e9nzKult\u00fara Alap\u00edtv\u00e1ny Budapesti \u00c9letbiztos\u00edt\u00e1si Cs\u00facstal\u00e1lkoz\u00f3\" \/>\n<meta property=\"og:description\" content=\"Eric, mint motiv\u00e1ci\u00f3s speaker, a digit\u00e1lis technol\u00f3gi\u00e1k \u00e9s a social-media gyakorlatifelhaszn\u00e1l\u00e1s\u00e1ra \u00e9p\u00edtett \u00faj \u00fczleti modellek kidolgoz\u00e1s\u00e1val \u00e9s n\u00e9pszer\u0171s\u00edt\u00e9s\u00e9vel tettszert vil\u00e1gh\u00edrre.\" \/>\n<meta property=\"og:url\" content=\"https:\/\/penzkultura.eletbiztositasicsucstalalkozo.hu\/en\/product\/lets-go-to-mdrt-eric-feng\/\" \/>\n<meta property=\"og:site_name\" content=\"P\u00e9nzKult\u00fara Alap\u00edtv\u00e1ny Budapesti \u00c9letbiztos\u00edt\u00e1si Cs\u00facstal\u00e1lkoz\u00f3\" \/>\n<meta property=\"article:modified_time\" content=\"2025-09-27T11:38:11+00:00\" \/>\n<meta property=\"og:image\" content=\"https:\/\/penzkultura.eletbiztositasicsucstalalkozo.hu\/wp-content\/uploads\/2025\/08\/Eric-Feng-2.jpg\" \/>\n\t<meta property=\"og:image:width\" content=\"1000\" \/>\n\t<meta property=\"og:image:height\" content=\"1000\" \/>\n\t<meta property=\"og:image:type\" content=\"image\/jpeg\" \/>\n<meta name=\"twitter:card\" content=\"summary_large_image\" \/>\n<meta name=\"twitter:label1\" content=\"Estimated reading time\" \/>\n\t<meta name=\"twitter:data1\" content=\"3 minutes\" \/>\n<script type=\"application\/ld+json\" class=\"yoast-schema-graph\">{\"@context\":\"https:\/\/schema.org\",\"@graph\":[{\"@type\":\"WebPage\",\"@id\":\"https:\/\/penzkultura.eletbiztositasicsucstalalkozo.hu\/termek\/lets-go-to-mdrt-eric-feng\/\",\"url\":\"https:\/\/penzkultura.eletbiztositasicsucstalalkozo.hu\/termek\/lets-go-to-mdrt-eric-feng\/\",\"name\":\"\\\"Let\u2019s go to MDRT!\\\" Eric Feng - P\u00e9nzKult\u00fara Alap\u00edtv\u00e1ny Budapesti \u00c9letbiztos\u00edt\u00e1si Cs\u00facstal\u00e1lkoz\u00f3\",\"isPartOf\":{\"@id\":\"https:\/\/penzkultura.eletbiztositasicsucstalalkozo.hu\/#website\"},\"primaryImageOfPage\":{\"@id\":\"https:\/\/penzkultura.eletbiztositasicsucstalalkozo.hu\/termek\/lets-go-to-mdrt-eric-feng\/#primaryimage\"},\"image\":{\"@id\":\"https:\/\/penzkultura.eletbiztositasicsucstalalkozo.hu\/termek\/lets-go-to-mdrt-eric-feng\/#primaryimage\"},\"thumbnailUrl\":\"https:\/\/penzkultura.eletbiztositasicsucstalalkozo.hu\/wp-content\/uploads\/2025\/08\/Eric-Feng-2.jpg\",\"datePublished\":\"2025-08-01T13:33:34+00:00\",\"dateModified\":\"2025-09-27T11:38:11+00:00\",\"description\":\"Eric, mint motiv\u00e1ci\u00f3s speaker, a digit\u00e1lis technol\u00f3gi\u00e1k \u00e9s a social-media gyakorlatifelhaszn\u00e1l\u00e1s\u00e1ra \u00e9p\u00edtett \u00faj \u00fczleti modellek kidolgoz\u00e1s\u00e1val \u00e9s n\u00e9pszer\u0171s\u00edt\u00e9s\u00e9vel tettszert vil\u00e1gh\u00edrre.\",\"breadcrumb\":{\"@id\":\"https:\/\/penzkultura.eletbiztositasicsucstalalkozo.hu\/termek\/lets-go-to-mdrt-eric-feng\/#breadcrumb\"},\"inLanguage\":\"en-GB\",\"potentialAction\":[{\"@type\":\"ReadAction\",\"target\":[\"https:\/\/penzkultura.eletbiztositasicsucstalalkozo.hu\/termek\/lets-go-to-mdrt-eric-feng\/\"]}]},{\"@type\":\"ImageObject\",\"inLanguage\":\"en-GB\",\"@id\":\"https:\/\/penzkultura.eletbiztositasicsucstalalkozo.hu\/termek\/lets-go-to-mdrt-eric-feng\/#primaryimage\",\"url\":\"https:\/\/penzkultura.eletbiztositasicsucstalalkozo.hu\/wp-content\/uploads\/2025\/08\/Eric-Feng-2.jpg\",\"contentUrl\":\"https:\/\/penzkultura.eletbiztositasicsucstalalkozo.hu\/wp-content\/uploads\/2025\/08\/Eric-Feng-2.jpg\",\"width\":1000,\"height\":1000},{\"@type\":\"BreadcrumbList\",\"@id\":\"https:\/\/penzkultura.eletbiztositasicsucstalalkozo.hu\/termek\/lets-go-to-mdrt-eric-feng\/#breadcrumb\",\"itemListElement\":[{\"@type\":\"ListItem\",\"position\":1,\"name\":\"Kezd\u0151lap\",\"item\":\"https:\/\/penzkultura.eletbiztositasicsucstalalkozo.hu\/\"},{\"@type\":\"ListItem\",\"position\":2,\"name\":\"\u00dczlet\",\"item\":\"https:\/\/penzkultura.eletbiztositasicsucstalalkozo.hu\/?page_id=759\"},{\"@type\":\"ListItem\",\"position\":3,\"name\":\"&#8222;Let\u2019s go to MDRT!&#8221; Eric Feng\"}]},{\"@type\":\"WebSite\",\"@id\":\"https:\/\/penzkultura.eletbiztositasicsucstalalkozo.hu\/#website\",\"url\":\"https:\/\/penzkultura.eletbiztositasicsucstalalkozo.hu\/\",\"name\":\"P\u00e9nzKult\u00fara Alap\u00edtv\u00e1ny Budapesti \u00c9letbiztos\u00edt\u00e1si Cs\u00facstal\u00e1lkoz\u00f3\",\"description\":\"VII. Budapesti \u00c9letbiztos\u00edt\u00e1si Cs\u00facstal\u00e1lkoz\u00f3 - Balatonf\u00fcred\",\"publisher\":{\"@id\":\"https:\/\/penzkultura.eletbiztositasicsucstalalkozo.hu\/#organization\"},\"potentialAction\":[{\"@type\":\"SearchAction\",\"target\":{\"@type\":\"EntryPoint\",\"urlTemplate\":\"https:\/\/penzkultura.eletbiztositasicsucstalalkozo.hu\/?s={search_term_string}\"},\"query-input\":{\"@type\":\"PropertyValueSpecification\",\"valueRequired\":true,\"valueName\":\"search_term_string\"}}],\"inLanguage\":\"en-GB\"},{\"@type\":\"Organization\",\"@id\":\"https:\/\/penzkultura.eletbiztositasicsucstalalkozo.hu\/#organization\",\"name\":\"P\u00e9nzKult\u00fara Alap\u00edtv\u00e1ny Budapesti \u00c9letbiztos\u00edt\u00e1si Cs\u00facstal\u00e1lkoz\u00f3\",\"url\":\"https:\/\/penzkultura.eletbiztositasicsucstalalkozo.hu\/\",\"logo\":{\"@type\":\"ImageObject\",\"inLanguage\":\"en-GB\",\"@id\":\"https:\/\/penzkultura.eletbiztositasicsucstalalkozo.hu\/#\/schema\/logo\/image\/\",\"url\":\"https:\/\/penzkultura.eletbiztositasicsucstalalkozo.hu\/wp-content\/uploads\/2025\/07\/BECs.png\",\"contentUrl\":\"https:\/\/penzkultura.eletbiztositasicsucstalalkozo.hu\/wp-content\/uploads\/2025\/07\/BECs.png\",\"width\":1406,\"height\":656,\"caption\":\"P\u00e9nzKult\u00fara Alap\u00edtv\u00e1ny Budapesti \u00c9letbiztos\u00edt\u00e1si Cs\u00facstal\u00e1lkoz\u00f3\"},\"image\":{\"@id\":\"https:\/\/penzkultura.eletbiztositasicsucstalalkozo.hu\/#\/schema\/logo\/image\/\"}}]}<\/script>\n<!-- \/ Yoast SEO plugin. -->","yoast_head_json":{"title":"\"Let\u2019s go to MDRT!\" Eric Feng - P\u00e9nzKult\u00fara Alap\u00edtv\u00e1ny Budapesti \u00c9letbiztos\u00edt\u00e1si Cs\u00facstal\u00e1lkoz\u00f3","description":"Eric, mint motiv\u00e1ci\u00f3s speaker, a digit\u00e1lis technol\u00f3gi\u00e1k \u00e9s a social-media gyakorlatifelhaszn\u00e1l\u00e1s\u00e1ra \u00e9p\u00edtett \u00faj \u00fczleti modellek kidolgoz\u00e1s\u00e1val \u00e9s n\u00e9pszer\u0171s\u00edt\u00e9s\u00e9vel tettszert vil\u00e1gh\u00edrre.","robots":{"index":"index","follow":"follow","max-snippet":"max-snippet:-1","max-image-preview":"max-image-preview:large","max-video-preview":"max-video-preview:-1"},"canonical":"https:\/\/penzkultura.eletbiztositasicsucstalalkozo.hu\/en\/product\/lets-go-to-mdrt-eric-feng\/","og_locale":"en_GB","og_type":"article","og_title":"\"Let\u2019s go to MDRT!\" Eric Feng - P\u00e9nzKult\u00fara Alap\u00edtv\u00e1ny Budapesti \u00c9letbiztos\u00edt\u00e1si Cs\u00facstal\u00e1lkoz\u00f3","og_description":"Eric, mint motiv\u00e1ci\u00f3s speaker, a digit\u00e1lis technol\u00f3gi\u00e1k \u00e9s a social-media gyakorlatifelhaszn\u00e1l\u00e1s\u00e1ra \u00e9p\u00edtett \u00faj \u00fczleti modellek kidolgoz\u00e1s\u00e1val \u00e9s n\u00e9pszer\u0171s\u00edt\u00e9s\u00e9vel tettszert vil\u00e1gh\u00edrre.","og_url":"https:\/\/penzkultura.eletbiztositasicsucstalalkozo.hu\/en\/product\/lets-go-to-mdrt-eric-feng\/","og_site_name":"P\u00e9nzKult\u00fara Alap\u00edtv\u00e1ny Budapesti \u00c9letbiztos\u00edt\u00e1si Cs\u00facstal\u00e1lkoz\u00f3","article_modified_time":"2025-09-27T11:38:11+00:00","og_image":[{"width":1000,"height":1000,"url":"https:\/\/penzkultura.eletbiztositasicsucstalalkozo.hu\/wp-content\/uploads\/2025\/08\/Eric-Feng-2.jpg","type":"image\/jpeg"}],"twitter_card":"summary_large_image","twitter_misc":{"Estimated reading time":"3 minutes"},"schema":{"@context":"https:\/\/schema.org","@graph":[{"@type":"WebPage","@id":"https:\/\/penzkultura.eletbiztositasicsucstalalkozo.hu\/termek\/lets-go-to-mdrt-eric-feng\/","url":"https:\/\/penzkultura.eletbiztositasicsucstalalkozo.hu\/termek\/lets-go-to-mdrt-eric-feng\/","name":"\"Let\u2019s go to MDRT!\" Eric Feng - P\u00e9nzKult\u00fara Alap\u00edtv\u00e1ny Budapesti \u00c9letbiztos\u00edt\u00e1si Cs\u00facstal\u00e1lkoz\u00f3","isPartOf":{"@id":"https:\/\/penzkultura.eletbiztositasicsucstalalkozo.hu\/#website"},"primaryImageOfPage":{"@id":"https:\/\/penzkultura.eletbiztositasicsucstalalkozo.hu\/termek\/lets-go-to-mdrt-eric-feng\/#primaryimage"},"image":{"@id":"https:\/\/penzkultura.eletbiztositasicsucstalalkozo.hu\/termek\/lets-go-to-mdrt-eric-feng\/#primaryimage"},"thumbnailUrl":"https:\/\/penzkultura.eletbiztositasicsucstalalkozo.hu\/wp-content\/uploads\/2025\/08\/Eric-Feng-2.jpg","datePublished":"2025-08-01T13:33:34+00:00","dateModified":"2025-09-27T11:38:11+00:00","description":"Eric, mint motiv\u00e1ci\u00f3s speaker, a digit\u00e1lis technol\u00f3gi\u00e1k \u00e9s a social-media gyakorlatifelhaszn\u00e1l\u00e1s\u00e1ra \u00e9p\u00edtett \u00faj \u00fczleti modellek kidolgoz\u00e1s\u00e1val \u00e9s n\u00e9pszer\u0171s\u00edt\u00e9s\u00e9vel tettszert vil\u00e1gh\u00edrre.","breadcrumb":{"@id":"https:\/\/penzkultura.eletbiztositasicsucstalalkozo.hu\/termek\/lets-go-to-mdrt-eric-feng\/#breadcrumb"},"inLanguage":"en-GB","potentialAction":[{"@type":"ReadAction","target":["https:\/\/penzkultura.eletbiztositasicsucstalalkozo.hu\/termek\/lets-go-to-mdrt-eric-feng\/"]}]},{"@type":"ImageObject","inLanguage":"en-GB","@id":"https:\/\/penzkultura.eletbiztositasicsucstalalkozo.hu\/termek\/lets-go-to-mdrt-eric-feng\/#primaryimage","url":"https:\/\/penzkultura.eletbiztositasicsucstalalkozo.hu\/wp-content\/uploads\/2025\/08\/Eric-Feng-2.jpg","contentUrl":"https:\/\/penzkultura.eletbiztositasicsucstalalkozo.hu\/wp-content\/uploads\/2025\/08\/Eric-Feng-2.jpg","width":1000,"height":1000},{"@type":"BreadcrumbList","@id":"https:\/\/penzkultura.eletbiztositasicsucstalalkozo.hu\/termek\/lets-go-to-mdrt-eric-feng\/#breadcrumb","itemListElement":[{"@type":"ListItem","position":1,"name":"Kezd\u0151lap","item":"https:\/\/penzkultura.eletbiztositasicsucstalalkozo.hu\/"},{"@type":"ListItem","position":2,"name":"\u00dczlet","item":"https:\/\/penzkultura.eletbiztositasicsucstalalkozo.hu\/?page_id=759"},{"@type":"ListItem","position":3,"name":"&#8222;Let\u2019s go to MDRT!&#8221; Eric Feng"}]},{"@type":"WebSite","@id":"https:\/\/penzkultura.eletbiztositasicsucstalalkozo.hu\/#website","url":"https:\/\/penzkultura.eletbiztositasicsucstalalkozo.hu\/","name":"P\u00e9nzKult\u00fara Alap\u00edtv\u00e1ny Budapesti \u00c9letbiztos\u00edt\u00e1si Cs\u00facstal\u00e1lkoz\u00f3","description":"VII. Budapesti \u00c9letbiztos\u00edt\u00e1si Cs\u00facstal\u00e1lkoz\u00f3 - Balatonf\u00fcred","publisher":{"@id":"https:\/\/penzkultura.eletbiztositasicsucstalalkozo.hu\/#organization"},"potentialAction":[{"@type":"SearchAction","target":{"@type":"EntryPoint","urlTemplate":"https:\/\/penzkultura.eletbiztositasicsucstalalkozo.hu\/?s={search_term_string}"},"query-input":{"@type":"PropertyValueSpecification","valueRequired":true,"valueName":"search_term_string"}}],"inLanguage":"en-GB"},{"@type":"Organization","@id":"https:\/\/penzkultura.eletbiztositasicsucstalalkozo.hu\/#organization","name":"P\u00e9nzKult\u00fara Alap\u00edtv\u00e1ny Budapesti \u00c9letbiztos\u00edt\u00e1si Cs\u00facstal\u00e1lkoz\u00f3","url":"https:\/\/penzkultura.eletbiztositasicsucstalalkozo.hu\/","logo":{"@type":"ImageObject","inLanguage":"en-GB","@id":"https:\/\/penzkultura.eletbiztositasicsucstalalkozo.hu\/#\/schema\/logo\/image\/","url":"https:\/\/penzkultura.eletbiztositasicsucstalalkozo.hu\/wp-content\/uploads\/2025\/07\/BECs.png","contentUrl":"https:\/\/penzkultura.eletbiztositasicsucstalalkozo.hu\/wp-content\/uploads\/2025\/07\/BECs.png","width":1406,"height":656,"caption":"P\u00e9nzKult\u00fara Alap\u00edtv\u00e1ny Budapesti \u00c9letbiztos\u00edt\u00e1si Cs\u00facstal\u00e1lkoz\u00f3"},"image":{"@id":"https:\/\/penzkultura.eletbiztositasicsucstalalkozo.hu\/#\/schema\/logo\/image\/"}}]}},"_links":{"self":[{"href":"https:\/\/penzkultura.eletbiztositasicsucstalalkozo.hu\/en\/wp-json\/wp\/v2\/product\/3218","targetHints":{"allow":["GET"]}}],"collection":[{"href":"https:\/\/penzkultura.eletbiztositasicsucstalalkozo.hu\/en\/wp-json\/wp\/v2\/product"}],"about":[{"href":"https:\/\/penzkultura.eletbiztositasicsucstalalkozo.hu\/en\/wp-json\/wp\/v2\/types\/product"}],"version-history":[{"count":4,"href":"https:\/\/penzkultura.eletbiztositasicsucstalalkozo.hu\/en\/wp-json\/wp\/v2\/product\/3218\/revisions"}],"predecessor-version":[{"id":3445,"href":"https:\/\/penzkultura.eletbiztositasicsucstalalkozo.hu\/en\/wp-json\/wp\/v2\/product\/3218\/revisions\/3445"}],"wp:featuredmedia":[{"embeddable":true,"href":"https:\/\/penzkultura.eletbiztositasicsucstalalkozo.hu\/en\/wp-json\/wp\/v2\/media\/4401"}],"wp:attachment":[{"href":"https:\/\/penzkultura.eletbiztositasicsucstalalkozo.hu\/en\/wp-json\/wp\/v2\/media?parent=3218"}],"wp:term":[{"taxonomy":"product_brand","embeddable":true,"href":"https:\/\/penzkultura.eletbiztositasicsucstalalkozo.hu\/en\/wp-json\/wp\/v2\/product_brand?post=3218"},{"taxonomy":"product_cat","embeddable":true,"href":"https:\/\/penzkultura.eletbiztositasicsucstalalkozo.hu\/en\/wp-json\/wp\/v2\/product_cat?post=3218"},{"taxonomy":"product_tag","embeddable":true,"href":"https:\/\/penzkultura.eletbiztositasicsucstalalkozo.hu\/en\/wp-json\/wp\/v2\/product_tag?post=3218"}],"curies":[{"name":"wp","href":"https:\/\/api.w.org\/{rel}","templated":true}]}}