{"id":3284,"date":"2025-08-01T17:59:08","date_gmt":"2025-08-01T15:59:08","guid":{"rendered":"https:\/\/penzkultura.eletbiztositasicsucstalalkozo.hu\/?post_type=product&#038;p=3284"},"modified":"2025-08-22T07:42:17","modified_gmt":"2025-08-22T05:42:17","slug":"reggeli-tony-gordonnal","status":"publish","type":"product","link":"https:\/\/penzkultura.eletbiztositasicsucstalalkozo.hu\/en\/product\/reggeli-tony-gordonnal\/","title":{"rendered":"Breakfast with Tony Gordon"},"content":{"rendered":"<h4>Tony Gordonnal<\/h4>\n<p>Az MDRT magyarorsz\u00e1gi jelenl\u00e9t\u00e9nek legf\u0151bb let\u00e9tem\u00e9nyese, a <strong>Budapesti \u00c9letbiztos\u00edt\u00e1si Cs\u00facstal\u00e1lkoz\u00f3 f\u0151v\u00e9dn\u00f6ke<\/strong>, az MDRT els\u0151 nem amerikai eln\u00f6ke, az \u00e9letbiztos\u00edt\u00e1si \u00fczlet ma \u00e9l\u0151, minden bizonnyal legnagyobb alakja.<strong> Val\u00f3di \u00e9l\u0151 legenda.<\/strong> \u00c9vtizedes \u00fczleti sikerei, \u00e9s nemzetk\u00f6zi mentori tev\u00e9kenys\u00e9ge alapj\u00e1n nev\u00e9t a vil\u00e1g minden orsz\u00e1g\u00e1ban ismerik, tehets\u00e9g\u00e9t elismerik, a valaha \u00e9lt legismertebb \u00e9letbiztos\u00edt\u00e1si ikonk\u00e9nt jegyzik. K\u00f6nyve magyar nyelven is el\u00e9rhet\u0151, a Kongresszuson megv\u00e1s\u00e1rolhat\u00f3. (a szerz\u0151 sz\u00edvesen dedik\u00e1lja.)<br \/>\nTony is bringing his family to the anniversary congress, so the Man behind the myth of global success can be shown and touched even more. Tony also considers it important to promote the MDRT \u201cwhole person concept\u201d, which is based on the balance of work - business - family - private life.<br \/>\nHe became MDRT President in 2001 and has also been uniquely President of MDRT Top of the Table and President of the UK Insurance Agents Association.<br \/>\nAs a speaker, he has given lectures in 56 countries.<br \/>\n\u0150 a \u201eIt Can Only Get Better\u201d c\u00edm\u0171 bestseller k\u00f6nyv szerz\u0151je, amely Tony elad\u00e1si siker\u00e9hez vezet\u0151 \u00fatj\u00e1t mutatja be. A p\u00e9nz\u00fcgyi szolg\u00e1ltat\u00e1sok ter\u00fclet\u00e9n 56 \u00e9ve dolgoz\u00f3 szakember 48 \u00e9ve tagja az MDRT-nek, \u00e9s 47 \u00e9ve tagja a Top of the Table-nek. Az MDRT \u00e1ltal megrendelt \u201eThe Greatest Insurance Stories Ever Told\u201d c\u00edm\u0171 k\u00f6nyvben a 12 kiemelked\u0151 \u00e9letbiztos\u00edt\u00e1si \u00e9rt\u00e9kes\u00edt\u0151 egyikek\u00e9nt szerepelt.<br \/>\nFollowing his retirement, he devotes his time to mentoring consultants, giving lectures, managing his business interests, and pampering his five grandchildren.<br \/>\nAt the two-day anniversary congress of the 7th Budapest Life Insurance Summit, he will give a presentation entitled \"Breakfast with Tony Gordon\" on the morning of October 29, 2025, and will also hold a workshop the next morning for participants who want to succeed!<\/p>","protected":false},"excerpt":{"rendered":"<div class=\"elementor-element elementor-element-ed79c92 elementor-widget elementor-widget-heading\" data-id=\"ed79c92\" data-element_type=\"widget\" data-widget_type=\"heading.default\">\n<div class=\"elementor-widget-container\">\n<div class=\"elementor-widget-container\">08:00 \u2013 08:45<\/div>\n<\/div>\n<\/div>\n<div>Anna Grand Hotel*****<\/div>\n<div><\/div>\n<div><strong>Egy\u00e9ni szponzorainkat v\u00e1rjuk szeretettel!<\/strong><\/div>\n<div><\/div>\n<div class=\"elementor-element elementor-element-ed79c92 elementor-widget elementor-widget-heading\" data-id=\"ed79c92\" data-element_type=\"widget\" data-widget_type=\"heading.default\">\n<div class=\"elementor-widget-container\">\n<div class=\"elementor-widget-container\"><\/div>\n<\/div>\n<\/div>","protected":false},"featured_media":3459,"template":"","meta":[],"product_brand":[],"product_cat":[34],"product_tag":[41,40,39],"class_list":{"0":"post-3284","1":"product","2":"type-product","3":"status-publish","4":"has-post-thumbnail","6":"product_cat-egyeni-jegyek","7":"product_tag-budapesti-eletbiztositasi-csucstalalkozo","8":"product_tag-reggeli-tony-gordonnal","9":"product_tag-tony-gordon","11":"first","12":"instock","13":"downloadable","14":"sold-individually","15":"shipping-taxable","16":"purchasable","17":"product-type-simple"},"yoast_head":"<!-- This site is optimized with the Yoast SEO plugin v25.7 - https:\/\/yoast.com\/wordpress\/plugins\/seo\/ -->\n<title>Reggeli Tony Gordonnal - P\u00e9nzKult\u00fara Alap\u00edtv\u00e1ny Budapesti \u00c9letbiztos\u00edt\u00e1si Cs\u00facstal\u00e1lkoz\u00f3<\/title>\n<meta name=\"description\" content=\"Az MDRT magyarorsz\u00e1gi jelenl\u00e9t\u00e9nek legf\u0151bb let\u00e9tem\u00e9nyese, a Budapesti \u00c9letbiztos\u00edt\u00e1si Cs\u00facstal\u00e1lkoz\u00f3 f\u0151v\u00e9dn\u00f6ke, az MDRT els\u0151 nem amerikai eln\u00f6ke, az \u00e9letbiztos\u00edt\u00e1si \u00fczlet ma \u00e9l\u0151, minden bizonnyal legnagyobb alakja. Val\u00f3di \u00e9l\u0151 legenda.\" \/>\n<meta name=\"robots\" content=\"index, follow, max-snippet:-1, max-image-preview:large, max-video-preview:-1\" \/>\n<link rel=\"canonical\" href=\"https:\/\/penzkultura.eletbiztositasicsucstalalkozo.hu\/en\/product\/reggeli-tony-gordonnal\/\" \/>\n<meta property=\"og:locale\" content=\"en_GB\" \/>\n<meta property=\"og:type\" content=\"article\" \/>\n<meta property=\"og:title\" content=\"Reggeli Tony Gordonnal - P\u00e9nzKult\u00fara Alap\u00edtv\u00e1ny Budapesti \u00c9letbiztos\u00edt\u00e1si Cs\u00facstal\u00e1lkoz\u00f3\" \/>\n<meta property=\"og:description\" content=\"Az MDRT magyarorsz\u00e1gi jelenl\u00e9t\u00e9nek legf\u0151bb let\u00e9tem\u00e9nyese, a Budapesti \u00c9letbiztos\u00edt\u00e1si Cs\u00facstal\u00e1lkoz\u00f3 f\u0151v\u00e9dn\u00f6ke, az MDRT els\u0151 nem amerikai eln\u00f6ke, az \u00e9letbiztos\u00edt\u00e1si \u00fczlet ma \u00e9l\u0151, minden bizonnyal legnagyobb alakja. Val\u00f3di \u00e9l\u0151 legenda.\" \/>\n<meta property=\"og:url\" content=\"https:\/\/penzkultura.eletbiztositasicsucstalalkozo.hu\/en\/product\/reggeli-tony-gordonnal\/\" \/>\n<meta property=\"og:site_name\" content=\"P\u00e9nzKult\u00fara Alap\u00edtv\u00e1ny Budapesti \u00c9letbiztos\u00edt\u00e1si Cs\u00facstal\u00e1lkoz\u00f3\" \/>\n<meta property=\"article:modified_time\" content=\"2025-08-22T05:42:17+00:00\" \/>\n<meta property=\"og:image\" content=\"https:\/\/penzkultura.eletbiztositasicsucstalalkozo.hu\/wp-content\/uploads\/2025\/08\/Attila-1000-3-1.png\" \/>\n\t<meta property=\"og:image:width\" content=\"1000\" \/>\n\t<meta property=\"og:image:height\" content=\"1000\" \/>\n\t<meta property=\"og:image:type\" content=\"image\/png\" \/>\n<meta name=\"twitter:card\" content=\"summary_large_image\" \/>\n<meta name=\"twitter:label1\" content=\"Estimated reading time\" \/>\n\t<meta name=\"twitter:data1\" content=\"2 minutes\" \/>\n<script type=\"application\/ld+json\" class=\"yoast-schema-graph\">{\"@context\":\"https:\/\/schema.org\",\"@graph\":[{\"@type\":\"WebPage\",\"@id\":\"https:\/\/penzkultura.eletbiztositasicsucstalalkozo.hu\/termek\/reggeli-tony-gordonnal\/\",\"url\":\"https:\/\/penzkultura.eletbiztositasicsucstalalkozo.hu\/termek\/reggeli-tony-gordonnal\/\",\"name\":\"Reggeli Tony Gordonnal - P\u00e9nzKult\u00fara Alap\u00edtv\u00e1ny Budapesti \u00c9letbiztos\u00edt\u00e1si Cs\u00facstal\u00e1lkoz\u00f3\",\"isPartOf\":{\"@id\":\"https:\/\/penzkultura.eletbiztositasicsucstalalkozo.hu\/#website\"},\"primaryImageOfPage\":{\"@id\":\"https:\/\/penzkultura.eletbiztositasicsucstalalkozo.hu\/termek\/reggeli-tony-gordonnal\/#primaryimage\"},\"image\":{\"@id\":\"https:\/\/penzkultura.eletbiztositasicsucstalalkozo.hu\/termek\/reggeli-tony-gordonnal\/#primaryimage\"},\"thumbnailUrl\":\"https:\/\/penzkultura.eletbiztositasicsucstalalkozo.hu\/wp-content\/uploads\/2025\/08\/Attila-1000-3-1.png\",\"datePublished\":\"2025-08-01T15:59:08+00:00\",\"dateModified\":\"2025-08-22T05:42:17+00:00\",\"description\":\"Az MDRT magyarorsz\u00e1gi jelenl\u00e9t\u00e9nek legf\u0151bb let\u00e9tem\u00e9nyese, a Budapesti \u00c9letbiztos\u00edt\u00e1si Cs\u00facstal\u00e1lkoz\u00f3 f\u0151v\u00e9dn\u00f6ke, az MDRT els\u0151 nem amerikai eln\u00f6ke, az \u00e9letbiztos\u00edt\u00e1si \u00fczlet ma \u00e9l\u0151, minden bizonnyal legnagyobb alakja. Val\u00f3di \u00e9l\u0151 legenda.\",\"breadcrumb\":{\"@id\":\"https:\/\/penzkultura.eletbiztositasicsucstalalkozo.hu\/termek\/reggeli-tony-gordonnal\/#breadcrumb\"},\"inLanguage\":\"en-GB\",\"potentialAction\":[{\"@type\":\"ReadAction\",\"target\":[\"https:\/\/penzkultura.eletbiztositasicsucstalalkozo.hu\/termek\/reggeli-tony-gordonnal\/\"]}]},{\"@type\":\"ImageObject\",\"inLanguage\":\"en-GB\",\"@id\":\"https:\/\/penzkultura.eletbiztositasicsucstalalkozo.hu\/termek\/reggeli-tony-gordonnal\/#primaryimage\",\"url\":\"https:\/\/penzkultura.eletbiztositasicsucstalalkozo.hu\/wp-content\/uploads\/2025\/08\/Attila-1000-3-1.png\",\"contentUrl\":\"https:\/\/penzkultura.eletbiztositasicsucstalalkozo.hu\/wp-content\/uploads\/2025\/08\/Attila-1000-3-1.png\",\"width\":1000,\"height\":1000},{\"@type\":\"BreadcrumbList\",\"@id\":\"https:\/\/penzkultura.eletbiztositasicsucstalalkozo.hu\/termek\/reggeli-tony-gordonnal\/#breadcrumb\",\"itemListElement\":[{\"@type\":\"ListItem\",\"position\":1,\"name\":\"Kezd\u0151lap\",\"item\":\"https:\/\/penzkultura.eletbiztositasicsucstalalkozo.hu\/\"},{\"@type\":\"ListItem\",\"position\":2,\"name\":\"\u00dczlet\",\"item\":\"https:\/\/penzkultura.eletbiztositasicsucstalalkozo.hu\/?page_id=759\"},{\"@type\":\"ListItem\",\"position\":3,\"name\":\"Reggeli Tony Gordonnal\"}]},{\"@type\":\"WebSite\",\"@id\":\"https:\/\/penzkultura.eletbiztositasicsucstalalkozo.hu\/#website\",\"url\":\"https:\/\/penzkultura.eletbiztositasicsucstalalkozo.hu\/\",\"name\":\"P\u00e9nzKult\u00fara Alap\u00edtv\u00e1ny Budapesti \u00c9letbiztos\u00edt\u00e1si Cs\u00facstal\u00e1lkoz\u00f3\",\"description\":\"VII. Budapesti \u00c9letbiztos\u00edt\u00e1si Cs\u00facstal\u00e1lkoz\u00f3 - Balatonf\u00fcred\",\"publisher\":{\"@id\":\"https:\/\/penzkultura.eletbiztositasicsucstalalkozo.hu\/#organization\"},\"potentialAction\":[{\"@type\":\"SearchAction\",\"target\":{\"@type\":\"EntryPoint\",\"urlTemplate\":\"https:\/\/penzkultura.eletbiztositasicsucstalalkozo.hu\/?s={search_term_string}\"},\"query-input\":{\"@type\":\"PropertyValueSpecification\",\"valueRequired\":true,\"valueName\":\"search_term_string\"}}],\"inLanguage\":\"en-GB\"},{\"@type\":\"Organization\",\"@id\":\"https:\/\/penzkultura.eletbiztositasicsucstalalkozo.hu\/#organization\",\"name\":\"P\u00e9nzKult\u00fara Alap\u00edtv\u00e1ny Budapesti \u00c9letbiztos\u00edt\u00e1si Cs\u00facstal\u00e1lkoz\u00f3\",\"url\":\"https:\/\/penzkultura.eletbiztositasicsucstalalkozo.hu\/\",\"logo\":{\"@type\":\"ImageObject\",\"inLanguage\":\"en-GB\",\"@id\":\"https:\/\/penzkultura.eletbiztositasicsucstalalkozo.hu\/#\/schema\/logo\/image\/\",\"url\":\"https:\/\/penzkultura.eletbiztositasicsucstalalkozo.hu\/wp-content\/uploads\/2025\/07\/BECs.png\",\"contentUrl\":\"https:\/\/penzkultura.eletbiztositasicsucstalalkozo.hu\/wp-content\/uploads\/2025\/07\/BECs.png\",\"width\":1406,\"height\":656,\"caption\":\"P\u00e9nzKult\u00fara Alap\u00edtv\u00e1ny Budapesti \u00c9letbiztos\u00edt\u00e1si Cs\u00facstal\u00e1lkoz\u00f3\"},\"image\":{\"@id\":\"https:\/\/penzkultura.eletbiztositasicsucstalalkozo.hu\/#\/schema\/logo\/image\/\"}}]}<\/script>\n<!-- \/ Yoast SEO plugin. -->","yoast_head_json":{"title":"Reggeli Tony Gordonnal - P\u00e9nzKult\u00fara Alap\u00edtv\u00e1ny Budapesti \u00c9letbiztos\u00edt\u00e1si Cs\u00facstal\u00e1lkoz\u00f3","description":"Az MDRT magyarorsz\u00e1gi jelenl\u00e9t\u00e9nek legf\u0151bb let\u00e9tem\u00e9nyese, a Budapesti \u00c9letbiztos\u00edt\u00e1si Cs\u00facstal\u00e1lkoz\u00f3 f\u0151v\u00e9dn\u00f6ke, az MDRT els\u0151 nem amerikai eln\u00f6ke, az \u00e9letbiztos\u00edt\u00e1si \u00fczlet ma \u00e9l\u0151, minden bizonnyal legnagyobb alakja. Val\u00f3di \u00e9l\u0151 legenda.","robots":{"index":"index","follow":"follow","max-snippet":"max-snippet:-1","max-image-preview":"max-image-preview:large","max-video-preview":"max-video-preview:-1"},"canonical":"https:\/\/penzkultura.eletbiztositasicsucstalalkozo.hu\/en\/product\/reggeli-tony-gordonnal\/","og_locale":"en_GB","og_type":"article","og_title":"Reggeli Tony Gordonnal - P\u00e9nzKult\u00fara Alap\u00edtv\u00e1ny Budapesti \u00c9letbiztos\u00edt\u00e1si Cs\u00facstal\u00e1lkoz\u00f3","og_description":"Az MDRT magyarorsz\u00e1gi jelenl\u00e9t\u00e9nek legf\u0151bb let\u00e9tem\u00e9nyese, a Budapesti \u00c9letbiztos\u00edt\u00e1si Cs\u00facstal\u00e1lkoz\u00f3 f\u0151v\u00e9dn\u00f6ke, az MDRT els\u0151 nem amerikai eln\u00f6ke, az \u00e9letbiztos\u00edt\u00e1si \u00fczlet ma \u00e9l\u0151, minden bizonnyal legnagyobb alakja. Val\u00f3di \u00e9l\u0151 legenda.","og_url":"https:\/\/penzkultura.eletbiztositasicsucstalalkozo.hu\/en\/product\/reggeli-tony-gordonnal\/","og_site_name":"P\u00e9nzKult\u00fara Alap\u00edtv\u00e1ny Budapesti \u00c9letbiztos\u00edt\u00e1si Cs\u00facstal\u00e1lkoz\u00f3","article_modified_time":"2025-08-22T05:42:17+00:00","og_image":[{"width":1000,"height":1000,"url":"https:\/\/penzkultura.eletbiztositasicsucstalalkozo.hu\/wp-content\/uploads\/2025\/08\/Attila-1000-3-1.png","type":"image\/png"}],"twitter_card":"summary_large_image","twitter_misc":{"Estimated reading time":"2 minutes"},"schema":{"@context":"https:\/\/schema.org","@graph":[{"@type":"WebPage","@id":"https:\/\/penzkultura.eletbiztositasicsucstalalkozo.hu\/termek\/reggeli-tony-gordonnal\/","url":"https:\/\/penzkultura.eletbiztositasicsucstalalkozo.hu\/termek\/reggeli-tony-gordonnal\/","name":"Reggeli Tony Gordonnal - P\u00e9nzKult\u00fara Alap\u00edtv\u00e1ny Budapesti \u00c9letbiztos\u00edt\u00e1si Cs\u00facstal\u00e1lkoz\u00f3","isPartOf":{"@id":"https:\/\/penzkultura.eletbiztositasicsucstalalkozo.hu\/#website"},"primaryImageOfPage":{"@id":"https:\/\/penzkultura.eletbiztositasicsucstalalkozo.hu\/termek\/reggeli-tony-gordonnal\/#primaryimage"},"image":{"@id":"https:\/\/penzkultura.eletbiztositasicsucstalalkozo.hu\/termek\/reggeli-tony-gordonnal\/#primaryimage"},"thumbnailUrl":"https:\/\/penzkultura.eletbiztositasicsucstalalkozo.hu\/wp-content\/uploads\/2025\/08\/Attila-1000-3-1.png","datePublished":"2025-08-01T15:59:08+00:00","dateModified":"2025-08-22T05:42:17+00:00","description":"Az MDRT magyarorsz\u00e1gi jelenl\u00e9t\u00e9nek legf\u0151bb let\u00e9tem\u00e9nyese, a Budapesti \u00c9letbiztos\u00edt\u00e1si Cs\u00facstal\u00e1lkoz\u00f3 f\u0151v\u00e9dn\u00f6ke, az MDRT els\u0151 nem amerikai eln\u00f6ke, az \u00e9letbiztos\u00edt\u00e1si \u00fczlet ma \u00e9l\u0151, minden bizonnyal legnagyobb alakja. Val\u00f3di \u00e9l\u0151 legenda.","breadcrumb":{"@id":"https:\/\/penzkultura.eletbiztositasicsucstalalkozo.hu\/termek\/reggeli-tony-gordonnal\/#breadcrumb"},"inLanguage":"en-GB","potentialAction":[{"@type":"ReadAction","target":["https:\/\/penzkultura.eletbiztositasicsucstalalkozo.hu\/termek\/reggeli-tony-gordonnal\/"]}]},{"@type":"ImageObject","inLanguage":"en-GB","@id":"https:\/\/penzkultura.eletbiztositasicsucstalalkozo.hu\/termek\/reggeli-tony-gordonnal\/#primaryimage","url":"https:\/\/penzkultura.eletbiztositasicsucstalalkozo.hu\/wp-content\/uploads\/2025\/08\/Attila-1000-3-1.png","contentUrl":"https:\/\/penzkultura.eletbiztositasicsucstalalkozo.hu\/wp-content\/uploads\/2025\/08\/Attila-1000-3-1.png","width":1000,"height":1000},{"@type":"BreadcrumbList","@id":"https:\/\/penzkultura.eletbiztositasicsucstalalkozo.hu\/termek\/reggeli-tony-gordonnal\/#breadcrumb","itemListElement":[{"@type":"ListItem","position":1,"name":"Kezd\u0151lap","item":"https:\/\/penzkultura.eletbiztositasicsucstalalkozo.hu\/"},{"@type":"ListItem","position":2,"name":"\u00dczlet","item":"https:\/\/penzkultura.eletbiztositasicsucstalalkozo.hu\/?page_id=759"},{"@type":"ListItem","position":3,"name":"Reggeli Tony Gordonnal"}]},{"@type":"WebSite","@id":"https:\/\/penzkultura.eletbiztositasicsucstalalkozo.hu\/#website","url":"https:\/\/penzkultura.eletbiztositasicsucstalalkozo.hu\/","name":"P\u00e9nzKult\u00fara Alap\u00edtv\u00e1ny Budapesti \u00c9letbiztos\u00edt\u00e1si Cs\u00facstal\u00e1lkoz\u00f3","description":"VII. Budapesti \u00c9letbiztos\u00edt\u00e1si Cs\u00facstal\u00e1lkoz\u00f3 - Balatonf\u00fcred","publisher":{"@id":"https:\/\/penzkultura.eletbiztositasicsucstalalkozo.hu\/#organization"},"potentialAction":[{"@type":"SearchAction","target":{"@type":"EntryPoint","urlTemplate":"https:\/\/penzkultura.eletbiztositasicsucstalalkozo.hu\/?s={search_term_string}"},"query-input":{"@type":"PropertyValueSpecification","valueRequired":true,"valueName":"search_term_string"}}],"inLanguage":"en-GB"},{"@type":"Organization","@id":"https:\/\/penzkultura.eletbiztositasicsucstalalkozo.hu\/#organization","name":"P\u00e9nzKult\u00fara Alap\u00edtv\u00e1ny Budapesti \u00c9letbiztos\u00edt\u00e1si Cs\u00facstal\u00e1lkoz\u00f3","url":"https:\/\/penzkultura.eletbiztositasicsucstalalkozo.hu\/","logo":{"@type":"ImageObject","inLanguage":"en-GB","@id":"https:\/\/penzkultura.eletbiztositasicsucstalalkozo.hu\/#\/schema\/logo\/image\/","url":"https:\/\/penzkultura.eletbiztositasicsucstalalkozo.hu\/wp-content\/uploads\/2025\/07\/BECs.png","contentUrl":"https:\/\/penzkultura.eletbiztositasicsucstalalkozo.hu\/wp-content\/uploads\/2025\/07\/BECs.png","width":1406,"height":656,"caption":"P\u00e9nzKult\u00fara Alap\u00edtv\u00e1ny Budapesti \u00c9letbiztos\u00edt\u00e1si Cs\u00facstal\u00e1lkoz\u00f3"},"image":{"@id":"https:\/\/penzkultura.eletbiztositasicsucstalalkozo.hu\/#\/schema\/logo\/image\/"}}]}},"_links":{"self":[{"href":"https:\/\/penzkultura.eletbiztositasicsucstalalkozo.hu\/en\/wp-json\/wp\/v2\/product\/3284","targetHints":{"allow":["GET"]}}],"collection":[{"href":"https:\/\/penzkultura.eletbiztositasicsucstalalkozo.hu\/en\/wp-json\/wp\/v2\/product"}],"about":[{"href":"https:\/\/penzkultura.eletbiztositasicsucstalalkozo.hu\/en\/wp-json\/wp\/v2\/types\/product"}],"version-history":[{"count":5,"href":"https:\/\/penzkultura.eletbiztositasicsucstalalkozo.hu\/en\/wp-json\/wp\/v2\/product\/3284\/revisions"}],"predecessor-version":[{"id":3444,"href":"https:\/\/penzkultura.eletbiztositasicsucstalalkozo.hu\/en\/wp-json\/wp\/v2\/product\/3284\/revisions\/3444"}],"wp:featuredmedia":[{"embeddable":true,"href":"https:\/\/penzkultura.eletbiztositasicsucstalalkozo.hu\/en\/wp-json\/wp\/v2\/media\/3459"}],"wp:attachment":[{"href":"https:\/\/penzkultura.eletbiztositasicsucstalalkozo.hu\/en\/wp-json\/wp\/v2\/media?parent=3284"}],"wp:term":[{"taxonomy":"product_brand","embeddable":true,"href":"https:\/\/penzkultura.eletbiztositasicsucstalalkozo.hu\/en\/wp-json\/wp\/v2\/product_brand?post=3284"},{"taxonomy":"product_cat","embeddable":true,"href":"https:\/\/penzkultura.eletbiztositasicsucstalalkozo.hu\/en\/wp-json\/wp\/v2\/product_cat?post=3284"},{"taxonomy":"product_tag","embeddable":true,"href":"https:\/\/penzkultura.eletbiztositasicsucstalalkozo.hu\/en\/wp-json\/wp\/v2\/product_tag?post=3284"}],"curies":[{"name":"wp","href":"https:\/\/api.w.org\/{rel}","templated":true}]}}