{"id":3289,"date":"2025-08-01T18:04:43","date_gmt":"2025-08-01T16:04:43","guid":{"rendered":"https:\/\/penzkultura.eletbiztositasicsucstalalkozo.hu\/?post_type=product&#038;p=3289"},"modified":"2025-08-07T14:51:45","modified_gmt":"2025-08-07T12:51:45","slug":"ebed-dr-sanjay-tolani","status":"publish","type":"product","link":"https:\/\/penzkultura.eletbiztositasicsucstalalkozo.hu\/en\/product\/ebed-dr-sanjay-tolani\/","title":{"rendered":"Eb\u00e9d Dr. Sanjay Tolani"},"content":{"rendered":"<h4><span style=\"vertical-align: inherit;\"><span style=\"vertical-align: inherit;\">Dr. Sanjay Tolani<\/span><\/span><\/h4>\n<p>Inter-Generational Planner | Financial Structure Innovator Philanthropist Dr. Sanjay Tolani is a legend in the world of intergenerational wealth management. He holds a Ph.D. in finance and is the recipient of numerous certifications and awards.<br \/>\nIgazi v\u00edzion\u00e1rius \u00e9s az innovat\u00edv p\u00e9nz\u00fcgyi term\u00e9kek \u00fatt\u00f6r\u0151je.<br \/>\nInter-Generational Planner | Financial Structure Innovator Philanthropist Dr. Sanjay Tolani is a legend in the world of intergenerational wealth management. He holds the Ph.D. in finance and is the recipient of numerous certifications and awards.<br \/>\nDr. Sanjay Tolani is an internationally recognized wealth planning consultant and researcher known for his innovative and groundbreaking financial products developed for the world's wealthiest. His contributions to the financial services industry have earned him a reputation that has made him a living legend.<br \/>\nDr. Tolani holds a Ph.D. in finance, banking, risk management and actuarial science. He holds several professional certifications, including the Life Management Institute (FLMI) and the Certified Finance Professional (CFP, Canada). Throughout his career, Dr. Tolani has held numerous sovereign and corporate board positions. His appointments have included institutional board roles, including those with international financial services firms, multinational education companies, religious and non-profit organizations, and others. He is also the founder of Tolani Flow\u1d40\u1d39, a revolutionary financial strategy available globally to family businesses for intergenerational wealth management.<br \/>\nIn addition to his many accolades and successes, Dr. Tolani remains committed to community service and global philanthropy. He strongly believes in the importance of education, and has supported the Pearl Foundation in China, which provides education to underprivileged and special needs children. He continues to contribute to the Million Dollar Round Table Foundation (USA) and the Goodwill Charitable Foundation, which builds nursing homes and educates children in India.<br \/>\nDr. Tolani is a true inspiration and a special asset to the world of financial services.<br \/>\nHe is committed to serving families and individuals while improving the lives of those around him, striving to ensure that his work has a lasting positive impact on future generations.<br \/>\nReferences:<br \/>\nCEOs of several multinational companies have sought his advice in structuring complex cross-border transactions and managing their personal investments.<\/p>\n<p>Parliamentarians from several countries who sought Dr. Tolani's advice on tax planning and compliance legislation.<\/p>\n<p>Several wealthy family heads have sought Dr. Tolani's assistance in developing tax-efficient, multi-generational inheritance plans and protecting their assets.<br \/>\nSuccessful entrepreneurs who have worked closely with Dr. Tolani to develop customized investment portfolios and implement succession plans.<br \/>\nNumerous startups and venture capital funds have sought Dr. Tolani's guidance in developing shareholder compensation plans, capital raising strategies, and exit or succession plans.<br \/>\nDiverse high net worth families who applied Dr. Tolani's innovative solutions to their personalized financial plans that aligned with their values and priorities.<br \/>\nDr. Sanjay Tolani is not only one of the greatest figures in the financial world, but also a professional who has made a significant impact in different parts of the world, both personally and professionally.<br \/>\nOn the first day of the Congress, he will hold a special, exclusive lunch-related lecture for his audience, entitled \"Lunch with Dr. Sanjay Tolani,\" and on the next day, he will welcome those who want to succeed to a fun, easy, immediately memorable practical workshop!<\/p>","protected":false},"excerpt":{"rendered":"<div class=\"elementor-element elementor-element-ed79c92 elementor-widget elementor-widget-heading\" data-id=\"ed79c92\" data-element_type=\"widget\" data-widget_type=\"heading.default\">\n<div class=\"elementor-widget-container\">\n<div class=\"elementor-widget-container\"><span style=\"vertical-align: inherit;\"><span style=\"vertical-align: inherit;\">14:00 \u2013 15:00<\/span><\/span><\/div>\n<\/div>\n<\/div>\n<div>Balatonf\u00fcredi Kongresszusi K\u00f6zpont<\/div>\n<div><\/div>\n<div>On the first day of the Congress, he will hold a special, exclusive lunch-related lecture for his audience, entitled \"Lunch with Dr. Sanjay Tolani,\" and on the next day, he will welcome those who want to succeed to a fun, easy, immediately memorable practical workshop!<\/div>\n<div><\/div>\n<div><strong>Egy\u00e9ni Szponzorainknak ingyenes!<\/strong><\/div>\n<div><\/div>\n<div class=\"elementor-element elementor-element-ed79c92 elementor-widget elementor-widget-heading\" data-id=\"ed79c92\" data-element_type=\"widget\" data-widget_type=\"heading.default\">\n<div class=\"elementor-widget-container\">\n<div class=\"elementor-widget-container\"><\/div>\n<\/div>\n<\/div>","protected":false},"featured_media":3457,"template":"","meta":[],"product_brand":[],"product_cat":[34],"product_tag":[],"class_list":{"0":"post-3289","1":"product","2":"type-product","3":"status-publish","4":"has-post-thumbnail","6":"product_cat-egyeni-jegyek","8":"first","9":"instock","10":"downloadable","11":"sold-individually","12":"shipping-taxable","13":"purchasable","14":"product-type-simple"},"yoast_head":"<!-- This site is optimized with the Yoast SEO plugin v25.7 - https:\/\/yoast.com\/wordpress\/plugins\/seo\/ -->\n<title>Eb\u00e9d Dr. Sanjay Tolani - P\u00e9nzKult\u00fara Alap\u00edtv\u00e1ny Budapesti \u00c9letbiztos\u00edt\u00e1si Cs\u00facstal\u00e1lkoz\u00f3<\/title>\n<meta name=\"description\" content=\"A Kongresszus els\u0151 napj\u00e1n \u201eEb\u00e9d Dr. Sanjay Tolani-val\u201d c\u00edmmel tart k\u00fcl\u00f6nleges, exclusive eb\u00e9ddel egybek\u00f6t\u00f6tt el\u0151ad\u00e1st a hallgat\u00f3s\u00e1g\u00e1nak, m\u00e1snap pedig sz\u00f3rakoztat\u00f3, k\u00f6nnyed, azonnal megjegyezhet\u0151 gyakorlati workshopra v\u00e1rja a sikerre v\u00e1gy\u00f3kat\" \/>\n<meta name=\"robots\" content=\"index, follow, max-snippet:-1, max-image-preview:large, max-video-preview:-1\" \/>\n<link rel=\"canonical\" href=\"https:\/\/penzkultura.eletbiztositasicsucstalalkozo.hu\/en\/product\/ebed-dr-sanjay-tolani\/\" \/>\n<meta property=\"og:locale\" content=\"en_GB\" \/>\n<meta property=\"og:type\" content=\"article\" \/>\n<meta property=\"og:title\" content=\"Eb\u00e9d Dr. Sanjay Tolani - P\u00e9nzKult\u00fara Alap\u00edtv\u00e1ny Budapesti \u00c9letbiztos\u00edt\u00e1si Cs\u00facstal\u00e1lkoz\u00f3\" \/>\n<meta property=\"og:description\" content=\"A Kongresszus els\u0151 napj\u00e1n \u201eEb\u00e9d Dr. Sanjay Tolani-val\u201d c\u00edmmel tart k\u00fcl\u00f6nleges, exclusive eb\u00e9ddel egybek\u00f6t\u00f6tt el\u0151ad\u00e1st a hallgat\u00f3s\u00e1g\u00e1nak, m\u00e1snap pedig sz\u00f3rakoztat\u00f3, k\u00f6nnyed, azonnal megjegyezhet\u0151 gyakorlati workshopra v\u00e1rja a sikerre v\u00e1gy\u00f3kat\" \/>\n<meta property=\"og:url\" content=\"https:\/\/penzkultura.eletbiztositasicsucstalalkozo.hu\/en\/product\/ebed-dr-sanjay-tolani\/\" \/>\n<meta property=\"og:site_name\" content=\"P\u00e9nzKult\u00fara Alap\u00edtv\u00e1ny Budapesti \u00c9letbiztos\u00edt\u00e1si Cs\u00facstal\u00e1lkoz\u00f3\" \/>\n<meta property=\"article:modified_time\" content=\"2025-08-07T12:51:45+00:00\" \/>\n<meta property=\"og:image\" content=\"https:\/\/penzkultura.eletbiztositasicsucstalalkozo.hu\/wp-content\/uploads\/2025\/08\/Ebed-1.png\" \/>\n\t<meta property=\"og:image:width\" content=\"1000\" \/>\n\t<meta property=\"og:image:height\" content=\"1000\" \/>\n\t<meta property=\"og:image:type\" content=\"image\/png\" \/>\n<meta name=\"twitter:card\" content=\"summary_large_image\" \/>\n<meta name=\"twitter:label1\" content=\"Estimated reading time\" \/>\n\t<meta name=\"twitter:data1\" content=\"3 minutes\" \/>\n<script type=\"application\/ld+json\" class=\"yoast-schema-graph\">{\"@context\":\"https:\/\/schema.org\",\"@graph\":[{\"@type\":\"WebPage\",\"@id\":\"https:\/\/penzkultura.eletbiztositasicsucstalalkozo.hu\/termek\/ebed-dr-sanjay-tolani\/\",\"url\":\"https:\/\/penzkultura.eletbiztositasicsucstalalkozo.hu\/termek\/ebed-dr-sanjay-tolani\/\",\"name\":\"Eb\u00e9d Dr. Sanjay Tolani - P\u00e9nzKult\u00fara Alap\u00edtv\u00e1ny Budapesti \u00c9letbiztos\u00edt\u00e1si Cs\u00facstal\u00e1lkoz\u00f3\",\"isPartOf\":{\"@id\":\"https:\/\/penzkultura.eletbiztositasicsucstalalkozo.hu\/#website\"},\"primaryImageOfPage\":{\"@id\":\"https:\/\/penzkultura.eletbiztositasicsucstalalkozo.hu\/termek\/ebed-dr-sanjay-tolani\/#primaryimage\"},\"image\":{\"@id\":\"https:\/\/penzkultura.eletbiztositasicsucstalalkozo.hu\/termek\/ebed-dr-sanjay-tolani\/#primaryimage\"},\"thumbnailUrl\":\"https:\/\/penzkultura.eletbiztositasicsucstalalkozo.hu\/wp-content\/uploads\/2025\/08\/Ebed-1.png\",\"datePublished\":\"2025-08-01T16:04:43+00:00\",\"dateModified\":\"2025-08-07T12:51:45+00:00\",\"description\":\"A Kongresszus els\u0151 napj\u00e1n \u201eEb\u00e9d Dr. Sanjay Tolani-val\u201d c\u00edmmel tart k\u00fcl\u00f6nleges, exclusive eb\u00e9ddel egybek\u00f6t\u00f6tt el\u0151ad\u00e1st a hallgat\u00f3s\u00e1g\u00e1nak, m\u00e1snap pedig sz\u00f3rakoztat\u00f3, k\u00f6nnyed, azonnal megjegyezhet\u0151 gyakorlati workshopra v\u00e1rja a sikerre v\u00e1gy\u00f3kat\",\"breadcrumb\":{\"@id\":\"https:\/\/penzkultura.eletbiztositasicsucstalalkozo.hu\/termek\/ebed-dr-sanjay-tolani\/#breadcrumb\"},\"inLanguage\":\"en-GB\",\"potentialAction\":[{\"@type\":\"ReadAction\",\"target\":[\"https:\/\/penzkultura.eletbiztositasicsucstalalkozo.hu\/termek\/ebed-dr-sanjay-tolani\/\"]}]},{\"@type\":\"ImageObject\",\"inLanguage\":\"en-GB\",\"@id\":\"https:\/\/penzkultura.eletbiztositasicsucstalalkozo.hu\/termek\/ebed-dr-sanjay-tolani\/#primaryimage\",\"url\":\"https:\/\/penzkultura.eletbiztositasicsucstalalkozo.hu\/wp-content\/uploads\/2025\/08\/Ebed-1.png\",\"contentUrl\":\"https:\/\/penzkultura.eletbiztositasicsucstalalkozo.hu\/wp-content\/uploads\/2025\/08\/Ebed-1.png\",\"width\":1000,\"height\":1000},{\"@type\":\"BreadcrumbList\",\"@id\":\"https:\/\/penzkultura.eletbiztositasicsucstalalkozo.hu\/termek\/ebed-dr-sanjay-tolani\/#breadcrumb\",\"itemListElement\":[{\"@type\":\"ListItem\",\"position\":1,\"name\":\"Kezd\u0151lap\",\"item\":\"https:\/\/penzkultura.eletbiztositasicsucstalalkozo.hu\/\"},{\"@type\":\"ListItem\",\"position\":2,\"name\":\"\u00dczlet\",\"item\":\"https:\/\/penzkultura.eletbiztositasicsucstalalkozo.hu\/?page_id=759\"},{\"@type\":\"ListItem\",\"position\":3,\"name\":\"Eb\u00e9d Dr. Sanjay Tolani\"}]},{\"@type\":\"WebSite\",\"@id\":\"https:\/\/penzkultura.eletbiztositasicsucstalalkozo.hu\/#website\",\"url\":\"https:\/\/penzkultura.eletbiztositasicsucstalalkozo.hu\/\",\"name\":\"P\u00e9nzKult\u00fara Alap\u00edtv\u00e1ny Budapesti \u00c9letbiztos\u00edt\u00e1si Cs\u00facstal\u00e1lkoz\u00f3\",\"description\":\"VII. Budapesti \u00c9letbiztos\u00edt\u00e1si Cs\u00facstal\u00e1lkoz\u00f3 - Balatonf\u00fcred\",\"publisher\":{\"@id\":\"https:\/\/penzkultura.eletbiztositasicsucstalalkozo.hu\/#organization\"},\"potentialAction\":[{\"@type\":\"SearchAction\",\"target\":{\"@type\":\"EntryPoint\",\"urlTemplate\":\"https:\/\/penzkultura.eletbiztositasicsucstalalkozo.hu\/?s={search_term_string}\"},\"query-input\":{\"@type\":\"PropertyValueSpecification\",\"valueRequired\":true,\"valueName\":\"search_term_string\"}}],\"inLanguage\":\"en-GB\"},{\"@type\":\"Organization\",\"@id\":\"https:\/\/penzkultura.eletbiztositasicsucstalalkozo.hu\/#organization\",\"name\":\"P\u00e9nzKult\u00fara Alap\u00edtv\u00e1ny Budapesti \u00c9letbiztos\u00edt\u00e1si Cs\u00facstal\u00e1lkoz\u00f3\",\"url\":\"https:\/\/penzkultura.eletbiztositasicsucstalalkozo.hu\/\",\"logo\":{\"@type\":\"ImageObject\",\"inLanguage\":\"en-GB\",\"@id\":\"https:\/\/penzkultura.eletbiztositasicsucstalalkozo.hu\/#\/schema\/logo\/image\/\",\"url\":\"https:\/\/penzkultura.eletbiztositasicsucstalalkozo.hu\/wp-content\/uploads\/2025\/07\/BECs.png\",\"contentUrl\":\"https:\/\/penzkultura.eletbiztositasicsucstalalkozo.hu\/wp-content\/uploads\/2025\/07\/BECs.png\",\"width\":1406,\"height\":656,\"caption\":\"P\u00e9nzKult\u00fara Alap\u00edtv\u00e1ny Budapesti \u00c9letbiztos\u00edt\u00e1si Cs\u00facstal\u00e1lkoz\u00f3\"},\"image\":{\"@id\":\"https:\/\/penzkultura.eletbiztositasicsucstalalkozo.hu\/#\/schema\/logo\/image\/\"}}]}<\/script>\n<!-- \/ Yoast SEO plugin. -->","yoast_head_json":{"title":"Eb\u00e9d Dr. Sanjay Tolani - P\u00e9nzKult\u00fara Alap\u00edtv\u00e1ny Budapesti \u00c9letbiztos\u00edt\u00e1si Cs\u00facstal\u00e1lkoz\u00f3","description":"A Kongresszus els\u0151 napj\u00e1n \u201eEb\u00e9d Dr. Sanjay Tolani-val\u201d c\u00edmmel tart k\u00fcl\u00f6nleges, exclusive eb\u00e9ddel egybek\u00f6t\u00f6tt el\u0151ad\u00e1st a hallgat\u00f3s\u00e1g\u00e1nak, m\u00e1snap pedig sz\u00f3rakoztat\u00f3, k\u00f6nnyed, azonnal megjegyezhet\u0151 gyakorlati workshopra v\u00e1rja a sikerre v\u00e1gy\u00f3kat","robots":{"index":"index","follow":"follow","max-snippet":"max-snippet:-1","max-image-preview":"max-image-preview:large","max-video-preview":"max-video-preview:-1"},"canonical":"https:\/\/penzkultura.eletbiztositasicsucstalalkozo.hu\/en\/product\/ebed-dr-sanjay-tolani\/","og_locale":"en_GB","og_type":"article","og_title":"Eb\u00e9d Dr. Sanjay Tolani - P\u00e9nzKult\u00fara Alap\u00edtv\u00e1ny Budapesti \u00c9letbiztos\u00edt\u00e1si Cs\u00facstal\u00e1lkoz\u00f3","og_description":"A Kongresszus els\u0151 napj\u00e1n \u201eEb\u00e9d Dr. Sanjay Tolani-val\u201d c\u00edmmel tart k\u00fcl\u00f6nleges, exclusive eb\u00e9ddel egybek\u00f6t\u00f6tt el\u0151ad\u00e1st a hallgat\u00f3s\u00e1g\u00e1nak, m\u00e1snap pedig sz\u00f3rakoztat\u00f3, k\u00f6nnyed, azonnal megjegyezhet\u0151 gyakorlati workshopra v\u00e1rja a sikerre v\u00e1gy\u00f3kat","og_url":"https:\/\/penzkultura.eletbiztositasicsucstalalkozo.hu\/en\/product\/ebed-dr-sanjay-tolani\/","og_site_name":"P\u00e9nzKult\u00fara Alap\u00edtv\u00e1ny Budapesti \u00c9letbiztos\u00edt\u00e1si Cs\u00facstal\u00e1lkoz\u00f3","article_modified_time":"2025-08-07T12:51:45+00:00","og_image":[{"width":1000,"height":1000,"url":"https:\/\/penzkultura.eletbiztositasicsucstalalkozo.hu\/wp-content\/uploads\/2025\/08\/Ebed-1.png","type":"image\/png"}],"twitter_card":"summary_large_image","twitter_misc":{"Estimated reading time":"3 minutes"},"schema":{"@context":"https:\/\/schema.org","@graph":[{"@type":"WebPage","@id":"https:\/\/penzkultura.eletbiztositasicsucstalalkozo.hu\/termek\/ebed-dr-sanjay-tolani\/","url":"https:\/\/penzkultura.eletbiztositasicsucstalalkozo.hu\/termek\/ebed-dr-sanjay-tolani\/","name":"Eb\u00e9d Dr. Sanjay Tolani - P\u00e9nzKult\u00fara Alap\u00edtv\u00e1ny Budapesti \u00c9letbiztos\u00edt\u00e1si Cs\u00facstal\u00e1lkoz\u00f3","isPartOf":{"@id":"https:\/\/penzkultura.eletbiztositasicsucstalalkozo.hu\/#website"},"primaryImageOfPage":{"@id":"https:\/\/penzkultura.eletbiztositasicsucstalalkozo.hu\/termek\/ebed-dr-sanjay-tolani\/#primaryimage"},"image":{"@id":"https:\/\/penzkultura.eletbiztositasicsucstalalkozo.hu\/termek\/ebed-dr-sanjay-tolani\/#primaryimage"},"thumbnailUrl":"https:\/\/penzkultura.eletbiztositasicsucstalalkozo.hu\/wp-content\/uploads\/2025\/08\/Ebed-1.png","datePublished":"2025-08-01T16:04:43+00:00","dateModified":"2025-08-07T12:51:45+00:00","description":"A Kongresszus els\u0151 napj\u00e1n \u201eEb\u00e9d Dr. Sanjay Tolani-val\u201d c\u00edmmel tart k\u00fcl\u00f6nleges, exclusive eb\u00e9ddel egybek\u00f6t\u00f6tt el\u0151ad\u00e1st a hallgat\u00f3s\u00e1g\u00e1nak, m\u00e1snap pedig sz\u00f3rakoztat\u00f3, k\u00f6nnyed, azonnal megjegyezhet\u0151 gyakorlati workshopra v\u00e1rja a sikerre v\u00e1gy\u00f3kat","breadcrumb":{"@id":"https:\/\/penzkultura.eletbiztositasicsucstalalkozo.hu\/termek\/ebed-dr-sanjay-tolani\/#breadcrumb"},"inLanguage":"en-GB","potentialAction":[{"@type":"ReadAction","target":["https:\/\/penzkultura.eletbiztositasicsucstalalkozo.hu\/termek\/ebed-dr-sanjay-tolani\/"]}]},{"@type":"ImageObject","inLanguage":"en-GB","@id":"https:\/\/penzkultura.eletbiztositasicsucstalalkozo.hu\/termek\/ebed-dr-sanjay-tolani\/#primaryimage","url":"https:\/\/penzkultura.eletbiztositasicsucstalalkozo.hu\/wp-content\/uploads\/2025\/08\/Ebed-1.png","contentUrl":"https:\/\/penzkultura.eletbiztositasicsucstalalkozo.hu\/wp-content\/uploads\/2025\/08\/Ebed-1.png","width":1000,"height":1000},{"@type":"BreadcrumbList","@id":"https:\/\/penzkultura.eletbiztositasicsucstalalkozo.hu\/termek\/ebed-dr-sanjay-tolani\/#breadcrumb","itemListElement":[{"@type":"ListItem","position":1,"name":"Kezd\u0151lap","item":"https:\/\/penzkultura.eletbiztositasicsucstalalkozo.hu\/"},{"@type":"ListItem","position":2,"name":"\u00dczlet","item":"https:\/\/penzkultura.eletbiztositasicsucstalalkozo.hu\/?page_id=759"},{"@type":"ListItem","position":3,"name":"Eb\u00e9d Dr. Sanjay Tolani"}]},{"@type":"WebSite","@id":"https:\/\/penzkultura.eletbiztositasicsucstalalkozo.hu\/#website","url":"https:\/\/penzkultura.eletbiztositasicsucstalalkozo.hu\/","name":"P\u00e9nzKult\u00fara Alap\u00edtv\u00e1ny Budapesti \u00c9letbiztos\u00edt\u00e1si Cs\u00facstal\u00e1lkoz\u00f3","description":"VII. Budapesti \u00c9letbiztos\u00edt\u00e1si Cs\u00facstal\u00e1lkoz\u00f3 - Balatonf\u00fcred","publisher":{"@id":"https:\/\/penzkultura.eletbiztositasicsucstalalkozo.hu\/#organization"},"potentialAction":[{"@type":"SearchAction","target":{"@type":"EntryPoint","urlTemplate":"https:\/\/penzkultura.eletbiztositasicsucstalalkozo.hu\/?s={search_term_string}"},"query-input":{"@type":"PropertyValueSpecification","valueRequired":true,"valueName":"search_term_string"}}],"inLanguage":"en-GB"},{"@type":"Organization","@id":"https:\/\/penzkultura.eletbiztositasicsucstalalkozo.hu\/#organization","name":"P\u00e9nzKult\u00fara Alap\u00edtv\u00e1ny Budapesti \u00c9letbiztos\u00edt\u00e1si Cs\u00facstal\u00e1lkoz\u00f3","url":"https:\/\/penzkultura.eletbiztositasicsucstalalkozo.hu\/","logo":{"@type":"ImageObject","inLanguage":"en-GB","@id":"https:\/\/penzkultura.eletbiztositasicsucstalalkozo.hu\/#\/schema\/logo\/image\/","url":"https:\/\/penzkultura.eletbiztositasicsucstalalkozo.hu\/wp-content\/uploads\/2025\/07\/BECs.png","contentUrl":"https:\/\/penzkultura.eletbiztositasicsucstalalkozo.hu\/wp-content\/uploads\/2025\/07\/BECs.png","width":1406,"height":656,"caption":"P\u00e9nzKult\u00fara Alap\u00edtv\u00e1ny Budapesti \u00c9letbiztos\u00edt\u00e1si Cs\u00facstal\u00e1lkoz\u00f3"},"image":{"@id":"https:\/\/penzkultura.eletbiztositasicsucstalalkozo.hu\/#\/schema\/logo\/image\/"}}]}},"_links":{"self":[{"href":"https:\/\/penzkultura.eletbiztositasicsucstalalkozo.hu\/en\/wp-json\/wp\/v2\/product\/3289","targetHints":{"allow":["GET"]}}],"collection":[{"href":"https:\/\/penzkultura.eletbiztositasicsucstalalkozo.hu\/en\/wp-json\/wp\/v2\/product"}],"about":[{"href":"https:\/\/penzkultura.eletbiztositasicsucstalalkozo.hu\/en\/wp-json\/wp\/v2\/types\/product"}],"version-history":[{"count":5,"href":"https:\/\/penzkultura.eletbiztositasicsucstalalkozo.hu\/en\/wp-json\/wp\/v2\/product\/3289\/revisions"}],"predecessor-version":[{"id":3456,"href":"https:\/\/penzkultura.eletbiztositasicsucstalalkozo.hu\/en\/wp-json\/wp\/v2\/product\/3289\/revisions\/3456"}],"wp:featuredmedia":[{"embeddable":true,"href":"https:\/\/penzkultura.eletbiztositasicsucstalalkozo.hu\/en\/wp-json\/wp\/v2\/media\/3457"}],"wp:attachment":[{"href":"https:\/\/penzkultura.eletbiztositasicsucstalalkozo.hu\/en\/wp-json\/wp\/v2\/media?parent=3289"}],"wp:term":[{"taxonomy":"product_brand","embeddable":true,"href":"https:\/\/penzkultura.eletbiztositasicsucstalalkozo.hu\/en\/wp-json\/wp\/v2\/product_brand?post=3289"},{"taxonomy":"product_cat","embeddable":true,"href":"https:\/\/penzkultura.eletbiztositasicsucstalalkozo.hu\/en\/wp-json\/wp\/v2\/product_cat?post=3289"},{"taxonomy":"product_tag","embeddable":true,"href":"https:\/\/penzkultura.eletbiztositasicsucstalalkozo.hu\/en\/wp-json\/wp\/v2\/product_tag?post=3289"}],"curies":[{"name":"wp","href":"https:\/\/api.w.org\/{rel}","templated":true}]}}