{"id":3400,"date":"2025-08-05T16:17:53","date_gmt":"2025-08-05T14:17:53","guid":{"rendered":"https:\/\/penzkultura.eletbiztositasicsucstalalkozo.hu\/?post_type=product&#038;p=3400"},"modified":"2025-10-06T12:44:45","modified_gmt":"2025-10-06T10:44:45","slug":"egyeni-szponzor","status":"publish","type":"product","link":"https:\/\/penzkultura.eletbiztositasicsucstalalkozo.hu\/en\/product\/egyeni-szponzor\/","title":{"rendered":"Egy\u00e9ni szponzor"},"content":{"rendered":"<p>Egy\u00e9ni szponzork\u00e9nt a Kongreszus minden rendezv\u00e9ny\u00e9n r\u00e9sztvehet.*<\/p>\n<h4><strong>Programs<\/strong><\/h4>\n<div>\n<p>08:00 \u2013 09:00 Registration<\/p>\n<p><span dir=\"auto\" style=\"vertical-align: inherit;\"><span dir=\"auto\" style=\"vertical-align: inherit;\">08:00 \u2013 09:00 K\u00f6nyvesbolt<\/span><\/span><\/p>\n<p><span dir=\"auto\" style=\"vertical-align: inherit;\"><span dir=\"auto\" style=\"vertical-align: inherit;\">08:00 \u2013 08:45 Breakfast <\/span><\/span><span style=\"color: #000000;\"><strong><span dir=\"auto\" style=\"vertical-align: inherit;\"><span dir=\"auto\" style=\"vertical-align: inherit;\">Tony Gordonnal<\/span><\/span><\/strong><\/span><span dir=\"auto\" style=\"vertical-align: inherit;\"><span dir=\"auto\" style=\"vertical-align: inherit;\"> \u2013 Exkluz\u00edv koncepci\u00f3reggeli szponzoroknak \u2013 csak megh\u00edv\u00e1sos alapon<\/span><\/span><\/p>\n<p>09:15 \u2013 09:30 Opening \u2013 <span style=\"color: #000000;\"><strong>Attila Solym\u00e1r<\/strong><\/span><\/p>\n<p><span dir=\"auto\" style=\"vertical-align: inherit;\"><span dir=\"auto\" style=\"vertical-align: inherit;\">09:30 \u2013 10:00 <\/span><\/span><span style=\"color: #000000;\"><strong><span dir=\"auto\" style=\"vertical-align: inherit;\"><span dir=\"auto\" style=\"vertical-align: inherit;\">Anthony Jones<\/span><\/span><\/strong><\/span><\/p>\n<p><span dir=\"auto\" style=\"vertical-align: inherit;\"><span dir=\"auto\" style=\"vertical-align: inherit;\">10:00 \u2013 10:30 <\/span><\/span><span style=\"color: #000000;\"><strong><span dir=\"auto\" style=\"vertical-align: inherit;\"><span dir=\"auto\" style=\"vertical-align: inherit;\">Szvetlana Plitin<\/span><\/span><\/strong><\/span><\/p>\n<p><span dir=\"auto\" style=\"vertical-align: inherit;\"><span dir=\"auto\" style=\"vertical-align: inherit;\">10:30 \u2013 11:15 <\/span><\/span><span style=\"color: #000000;\"><strong><span dir=\"auto\" style=\"vertical-align: inherit;\"><span dir=\"auto\" style=\"vertical-align: inherit;\">Solomon Hicks<\/span><\/span><\/strong><\/span><\/p>\n<p>11:15 \u2013 11:30 Festive Moments<\/p>\n<p><span dir=\"auto\" style=\"vertical-align: inherit;\"><span dir=\"auto\" style=\"vertical-align: inherit;\">11:30 \u2013 12:00 K\u00e1v\u00e9sz\u00fcnet<\/span><\/span><\/p>\n<p><span dir=\"auto\" style=\"vertical-align: inherit;\"><span dir=\"auto\" style=\"vertical-align: inherit;\">11:40 \u2013 11:55 El\u0151ad\u00f3i sarok<\/span><\/span><\/p>\n<p><span dir=\"auto\" style=\"vertical-align: inherit;\"><span dir=\"auto\" style=\"vertical-align: inherit;\">11:30 \u2013 12:00 K\u00f6nyvesbolt<\/span><\/span><\/p>\n<p><span dir=\"auto\" style=\"vertical-align: inherit;\"><span dir=\"auto\" style=\"vertical-align: inherit;\">12:00 \u2013 12:30 <\/span><\/span><span style=\"color: #000000;\"><strong><span dir=\"auto\" style=\"vertical-align: inherit;\"><span dir=\"auto\" style=\"vertical-align: inherit;\">Ian Green<\/span><\/span><\/strong><\/span><\/p>\n<p><span dir=\"auto\" style=\"vertical-align: inherit;\"><span dir=\"auto\" style=\"vertical-align: inherit;\">12:30 \u2013 13:00 <\/span><\/span><span style=\"color: #000000;\"><strong><span dir=\"auto\" style=\"vertical-align: inherit;\"><span dir=\"auto\" style=\"vertical-align: inherit;\">Adrian Baker<\/span><\/span><\/strong><\/span><\/p>\n<p>13:00 \u2013 14:00 P\u00e9nzkult\u00fara Alap\u00edtv\u00e1ny<\/p>\n<p><span dir=\"auto\" style=\"vertical-align: inherit;\"><span dir=\"auto\" style=\"vertical-align: inherit;\">14:00 \u2013 15:00 Eb\u00e9did\u0151<\/span><\/span><\/p>\n<p><span dir=\"auto\" style=\"vertical-align: inherit;\"><span dir=\"auto\" style=\"vertical-align: inherit;\">14:20 \u2013 14:50 El\u0151ad\u00f3i sarok<\/span><\/span><\/p>\n<p><span dir=\"auto\" style=\"vertical-align: inherit;\"><span dir=\"auto\" style=\"vertical-align: inherit;\">14:00 \u2013 15:00 Exkluz\u00edv koncepci\u00f3eb\u00e9d <\/span><\/span><span style=\"color: #000000;\"><strong><span dir=\"auto\" style=\"vertical-align: inherit;\"><span dir=\"auto\" style=\"vertical-align: inherit;\">Dr. Sanjay Tolanival<\/span><\/span><\/strong><\/span><span dir=\"auto\" style=\"vertical-align: inherit;\"><span dir=\"auto\" style=\"vertical-align: inherit;\"> a szponzorok sz\u00e1m\u00e1ra \u2013 csak megh\u00edv\u00e1sos alapon<\/span><\/span><\/p>\n<p><span dir=\"auto\" style=\"vertical-align: inherit;\"><span dir=\"auto\" style=\"vertical-align: inherit;\">15:00 \u2013 15:40 <\/span><\/span><span style=\"color: #000000;\"><strong><span dir=\"auto\" style=\"vertical-align: inherit;\"><span dir=\"auto\" style=\"vertical-align: inherit;\">Eric Feng<\/span><\/span><\/strong><\/span><\/p>\n<p>15:40 \u2013 16:40 Panel \/ Executive Roundtable<\/p>\n<p>16:40 \u2013 17:00 Recognitions<\/p>\n<p><span dir=\"auto\" style=\"vertical-align: inherit;\"><span dir=\"auto\" style=\"vertical-align: inherit;\">17:00 \u2013 17:30 <\/span><\/span><span style=\"color: #000000;\"><strong><span dir=\"auto\" style=\"vertical-align: inherit;\"><span dir=\"auto\" style=\"vertical-align: inherit;\">Andy Kov\u00e1cs<\/span><\/span><\/strong><\/span><\/p>\n<p><span dir=\"auto\" style=\"vertical-align: inherit;\"><span dir=\"auto\" style=\"vertical-align: inherit;\">17:30 \u2013 18:00 <\/span><\/span><span style=\"color: #000000;\"><strong><span dir=\"auto\" style=\"vertical-align: inherit;\"><span dir=\"auto\" style=\"vertical-align: inherit;\">Jim Ruta<\/span><\/span><\/strong><\/span><\/p>\n<\/div>\n<div class=\"elementor-element elementor-element-10cbc0e elementor-widget elementor-widget-heading\" data-id=\"10cbc0e\" data-element_type=\"widget\" data-widget_type=\"heading.default\">\n<div class=\"elementor-widget-container\"><strong><span class=\"elementor-heading-title elementor-size-default\"><span dir=\"auto\" style=\"vertical-align: inherit;\"><span dir=\"auto\" style=\"vertical-align: inherit;\">&#8222;\u00cdzleld meg az MDRT-t&#8221;!<\/span><\/span><\/span><\/strong><\/div>\n<\/div>\n<div class=\"elementor-element elementor-element-ed79c92 elementor-widget elementor-widget-heading\" data-id=\"ed79c92\" data-element_type=\"widget\" data-widget_type=\"heading.default\">\n<div class=\"elementor-widget-container\"><span class=\"elementor-heading-title elementor-size-default\"><strong>Festive Gala Evening<\/strong> okt\u00f3ber 29-\u00e9n a Kongresszus els\u0151 napj\u00e1nak est\u00e9j\u00e9n<br \/>\nHelysz\u00edn: Anna Grand Hotel***** B\u00e1lterem<\/span><\/div>\n<\/div>\n<h4><strong><span dir=\"auto\" style=\"vertical-align: inherit;\"><span dir=\"auto\" style=\"vertical-align: inherit;\">Programs<\/span><\/span><\/strong><\/h4>\n<p><strong><span dir=\"auto\" style=\"vertical-align: inherit;\"><span dir=\"auto\" style=\"vertical-align: inherit;\">2025.10.30. Workshop nap<\/span><\/span><\/strong><\/p>\n<p><span dir=\"auto\" style=\"vertical-align: inherit;\"><span dir=\"auto\" style=\"vertical-align: inherit;\">09:00 \u2013 10:30 Solomon Hicks <\/span><\/span><br \/>\n<span dir=\"auto\" style=\"vertical-align: inherit;\"><span dir=\"auto\" style=\"vertical-align: inherit;\">09:00 \u2013 10:30 Tony Gordon<\/span><\/span><\/p>\n<p><span dir=\"auto\" style=\"vertical-align: inherit;\"><span dir=\"auto\" style=\"vertical-align: inherit;\">10:30 \u2013 12:00 Anthony Jones <\/span><\/span><br \/>\n<span dir=\"auto\" style=\"vertical-align: inherit;\"><span dir=\"auto\" style=\"vertical-align: inherit;\">10:30 \u2013 12:00 Jim Ruta<\/span><\/span><\/p>\n<p>12:00 \u2013 13:30 Svetlana Plitin<br \/>\n12:00 \u2013 13:30 Solym\u00e1r Attila<\/p>\n<p><span dir=\"auto\" style=\"vertical-align: inherit;\"><span dir=\"auto\" style=\"vertical-align: inherit;\">13:30 \u2013 15:00 Sanjay Tolani <\/span><\/span><br \/>\n<span dir=\"auto\" style=\"vertical-align: inherit;\"><span dir=\"auto\" style=\"vertical-align: inherit;\">13:30 \u2013 15:00 Eric Feng<\/span><\/span><\/p>\n<p>15:00 \u2013 15:20 Fin\u00e1l\u00e9 \/ Hivatalos Kongresszusz\u00e1r\u00f3 Cerem\u00f3nia<\/p>\n<p>* A workshoppok egy id\u0151ben vannak, \u00edgy a 8-b\u00f3l 4 el\u0151ad\u00e1son tud r\u00e9sztvenni, amit ki kell v\u00e1lasztani, mert a helyek korl\u00e1tottak.<\/p>","protected":false},"excerpt":{"rendered":"<div class=\"elementor-element elementor-element-f248cf0 elementor-widget__width-initial elementor-widget elementor-widget-heading\" data-id=\"f248cf0\" data-element_type=\"widget\" data-widget_type=\"heading.default\">\n<div class=\"elementor-widget-container\">\n<h3 class=\"elementor-heading-title elementor-size-default\">Individual sponsorship benefits:<\/h3>\n<\/div>\n<\/div>\n<div class=\"elementor-element elementor-element-2eedea0 elementor-widget elementor-widget-text-editor\" data-id=\"2eedea0\" data-element_type=\"widget\" data-widget_type=\"text-editor.default\">\n<div class=\"elementor-widget-container\">\n<ul>\n<li><strong>R\u00e9szv\u00e9tel a Kongresszus minden programj\u00e1n!<\/strong><\/li>\n<li>The names of the supporters will be displayed prominently at the Congress venue: Wall of Pride!<\/li>\n<li>We will acknowledge your name in all online and printed publications!<\/li>\n<li>A personal thank you on the official social media platforms of the Congress!<\/li>\n<li>A personalized certificate with recognition from the speakers!<\/li>\n<li>VIP registration!<\/li>\n<li>VIP seating!<\/li>\n<li>D\u00edjmentes r\u00e9szv\u00e9tel a \u201eReggeli Tony Gordonnal\u201d, \u2013 \u00e9s az \u201eEb\u00e9d Dr. Sanjay Tolanival\u201d \u2013 nev\u0171 megh\u00edv\u00e1sos k\u00fcl\u00f6n programokra!<\/li>\n<li>VIP participation in the Festive Gala Evening at the Anna Grand Hotel***** (2025.10.29. 20-22 pm)<\/li>\n<li>Ingyenes r\u00e9szv\u00e9tel a Kongresszus m\u00e1snapj\u00e1n minden el\u00e9rhet\u0151 workshopokon (a szabad helyek f\u00fcggv\u00e9ny\u00e9ben, a <span class=\"a_GcMg font-feature-liga-off font-feature-clig-off font-feature-calt-off text-decoration-none text-strikethrough-none\">regisztr\u00e1ci\u00f3 sorrendj\u00e9ben),\u00a0<\/span>(2025. 10. 30.)<\/li>\n<\/ul>\n<\/div>\n<\/div>\n<p>Amennyiben m\u00e1s \u00f6sszeggel t\u00e1mogatn\u00e1 a P\u00e9nzKult\u00fara Alap\u00edtv\u00e1nyt \u00e9s nem tal\u00e1lja a jegyek k\u00f6z\u00f6tt a k\u00edv\u00e1nt \u00f6sszeget, k\u00e9rem vegy fel vel\u00fcnk a kapcsolatot a penzkultura@penzkultura.hu e-mail c\u00edmen.<\/p>","protected":false},"featured_media":3972,"template":"","meta":[],"product_brand":[],"product_cat":[34],"product_tag":[36],"class_list":{"0":"post-3400","1":"product","2":"type-product","3":"status-publish","4":"has-post-thumbnail","6":"product_cat-egyeni-jegyek","7":"product_tag-egyeni-szponzor","9":"first","10":"instock","11":"downloadable","12":"sold-individually","13":"shipping-taxable","14":"purchasable","15":"product-type-simple"},"yoast_head":"<!-- This site is optimized with the Yoast SEO plugin v25.7 - https:\/\/yoast.com\/wordpress\/plugins\/seo\/ -->\n<title>Egy\u00e9ni szponzor - P\u00e9nzKult\u00fara Alap\u00edtv\u00e1ny Budapesti \u00c9letbiztos\u00edt\u00e1si Cs\u00facstal\u00e1lkoz\u00f3<\/title>\n<meta name=\"description\" content=\"VII. BUDAPESTI \u00c9LETBIZTOS\u00cdT\u00c1SI CS\u00daCSTAL\u00c1LKOZ\u00d3 Balatonf\u00fcred. Szponzor jegy. A P\u00e9nzkult\u00fara Alap\u00edtv\u00e1ny t\u00e1rsadalmi felel\u0151ss\u00e9gv\u00e1llal\u00e1sa keret\u00e9ben olyan csal\u00e1dokat kutat fel \u00e9s t\u00e1mogat \u00e9vr\u0151l \u00e9vre, ahol \u00e9letbiztos\u00edt\u00e1s hi\u00e1nya mellett t\u00f6rt\u00e9nt olyan trag\u00e9dia, amelynek k\u00f6vetkezt\u00e9ben az \u00e9rintett csal\u00e1d sz\u00e1m\u00e1ra \u00f6ner\u0151b\u0151l nem lehets\u00e9ges fenntartani a csal\u00e1d megszokott \u00e9letsz\u00ednvonal\u00e1t, vagy t\u00faljutni a hirtelen fell\u00e9p\u0151 anyagi nehezs\u00e9geken.\" \/>\n<meta name=\"robots\" content=\"index, follow, max-snippet:-1, max-image-preview:large, max-video-preview:-1\" \/>\n<link rel=\"canonical\" href=\"https:\/\/penzkultura.eletbiztositasicsucstalalkozo.hu\/en\/product\/egyeni-szponzor\/\" \/>\n<meta property=\"og:locale\" content=\"en_GB\" \/>\n<meta property=\"og:type\" content=\"article\" \/>\n<meta property=\"og:title\" content=\"Egy\u00e9ni szponzor - P\u00e9nzKult\u00fara Alap\u00edtv\u00e1ny Budapesti \u00c9letbiztos\u00edt\u00e1si Cs\u00facstal\u00e1lkoz\u00f3\" \/>\n<meta property=\"og:description\" content=\"VII. BUDAPESTI \u00c9LETBIZTOS\u00cdT\u00c1SI CS\u00daCSTAL\u00c1LKOZ\u00d3 Balatonf\u00fcred. Szponzor jegy. A P\u00e9nzkult\u00fara Alap\u00edtv\u00e1ny t\u00e1rsadalmi felel\u0151ss\u00e9gv\u00e1llal\u00e1sa keret\u00e9ben olyan csal\u00e1dokat kutat fel \u00e9s t\u00e1mogat \u00e9vr\u0151l \u00e9vre, ahol \u00e9letbiztos\u00edt\u00e1s hi\u00e1nya mellett t\u00f6rt\u00e9nt olyan trag\u00e9dia, amelynek k\u00f6vetkezt\u00e9ben az \u00e9rintett csal\u00e1d sz\u00e1m\u00e1ra \u00f6ner\u0151b\u0151l nem lehets\u00e9ges fenntartani a csal\u00e1d megszokott \u00e9letsz\u00ednvonal\u00e1t, vagy t\u00faljutni a hirtelen fell\u00e9p\u0151 anyagi nehezs\u00e9geken.\" \/>\n<meta property=\"og:url\" content=\"https:\/\/penzkultura.eletbiztositasicsucstalalkozo.hu\/en\/product\/egyeni-szponzor\/\" \/>\n<meta property=\"og:site_name\" content=\"P\u00e9nzKult\u00fara Alap\u00edtv\u00e1ny Budapesti \u00c9letbiztos\u00edt\u00e1si Cs\u00facstal\u00e1lkoz\u00f3\" \/>\n<meta property=\"article:modified_time\" content=\"2025-10-06T10:44:45+00:00\" \/>\n<meta property=\"og:image\" content=\"https:\/\/penzkultura.eletbiztositasicsucstalalkozo.hu\/wp-content\/uploads\/2025\/08\/Attila-1000-13.jpg\" \/>\n\t<meta property=\"og:image:width\" content=\"1000\" \/>\n\t<meta property=\"og:image:height\" content=\"1000\" \/>\n\t<meta property=\"og:image:type\" content=\"image\/jpeg\" \/>\n<meta name=\"twitter:card\" content=\"summary_large_image\" \/>\n<meta name=\"twitter:label1\" content=\"Estimated reading time\" \/>\n\t<meta name=\"twitter:data1\" content=\"2 minutes\" \/>\n<script type=\"application\/ld+json\" class=\"yoast-schema-graph\">{\"@context\":\"https:\/\/schema.org\",\"@graph\":[{\"@type\":\"WebPage\",\"@id\":\"https:\/\/penzkultura.eletbiztositasicsucstalalkozo.hu\/termek\/egyeni-szponzor\/\",\"url\":\"https:\/\/penzkultura.eletbiztositasicsucstalalkozo.hu\/termek\/egyeni-szponzor\/\",\"name\":\"Egy\u00e9ni szponzor - P\u00e9nzKult\u00fara Alap\u00edtv\u00e1ny Budapesti \u00c9letbiztos\u00edt\u00e1si Cs\u00facstal\u00e1lkoz\u00f3\",\"isPartOf\":{\"@id\":\"https:\/\/penzkultura.eletbiztositasicsucstalalkozo.hu\/#website\"},\"primaryImageOfPage\":{\"@id\":\"https:\/\/penzkultura.eletbiztositasicsucstalalkozo.hu\/termek\/egyeni-szponzor\/#primaryimage\"},\"image\":{\"@id\":\"https:\/\/penzkultura.eletbiztositasicsucstalalkozo.hu\/termek\/egyeni-szponzor\/#primaryimage\"},\"thumbnailUrl\":\"https:\/\/penzkultura.eletbiztositasicsucstalalkozo.hu\/wp-content\/uploads\/2025\/08\/Attila-1000-13.jpg\",\"datePublished\":\"2025-08-05T14:17:53+00:00\",\"dateModified\":\"2025-10-06T10:44:45+00:00\",\"description\":\"VII. BUDAPESTI \u00c9LETBIZTOS\u00cdT\u00c1SI CS\u00daCSTAL\u00c1LKOZ\u00d3 Balatonf\u00fcred. Szponzor jegy. A P\u00e9nzkult\u00fara Alap\u00edtv\u00e1ny t\u00e1rsadalmi felel\u0151ss\u00e9gv\u00e1llal\u00e1sa keret\u00e9ben olyan csal\u00e1dokat kutat fel \u00e9s t\u00e1mogat \u00e9vr\u0151l \u00e9vre, ahol \u00e9letbiztos\u00edt\u00e1s hi\u00e1nya mellett t\u00f6rt\u00e9nt olyan trag\u00e9dia, amelynek k\u00f6vetkezt\u00e9ben az \u00e9rintett csal\u00e1d sz\u00e1m\u00e1ra \u00f6ner\u0151b\u0151l nem lehets\u00e9ges fenntartani a csal\u00e1d megszokott \u00e9letsz\u00ednvonal\u00e1t, vagy t\u00faljutni a hirtelen fell\u00e9p\u0151 anyagi nehezs\u00e9geken.\",\"breadcrumb\":{\"@id\":\"https:\/\/penzkultura.eletbiztositasicsucstalalkozo.hu\/termek\/egyeni-szponzor\/#breadcrumb\"},\"inLanguage\":\"en-GB\",\"potentialAction\":[{\"@type\":\"ReadAction\",\"target\":[\"https:\/\/penzkultura.eletbiztositasicsucstalalkozo.hu\/termek\/egyeni-szponzor\/\"]}]},{\"@type\":\"ImageObject\",\"inLanguage\":\"en-GB\",\"@id\":\"https:\/\/penzkultura.eletbiztositasicsucstalalkozo.hu\/termek\/egyeni-szponzor\/#primaryimage\",\"url\":\"https:\/\/penzkultura.eletbiztositasicsucstalalkozo.hu\/wp-content\/uploads\/2025\/08\/Attila-1000-13.jpg\",\"contentUrl\":\"https:\/\/penzkultura.eletbiztositasicsucstalalkozo.hu\/wp-content\/uploads\/2025\/08\/Attila-1000-13.jpg\",\"width\":1000,\"height\":1000},{\"@type\":\"BreadcrumbList\",\"@id\":\"https:\/\/penzkultura.eletbiztositasicsucstalalkozo.hu\/termek\/egyeni-szponzor\/#breadcrumb\",\"itemListElement\":[{\"@type\":\"ListItem\",\"position\":1,\"name\":\"Kezd\u0151lap\",\"item\":\"https:\/\/penzkultura.eletbiztositasicsucstalalkozo.hu\/\"},{\"@type\":\"ListItem\",\"position\":2,\"name\":\"\u00dczlet\",\"item\":\"https:\/\/penzkultura.eletbiztositasicsucstalalkozo.hu\/?page_id=759\"},{\"@type\":\"ListItem\",\"position\":3,\"name\":\"Egy\u00e9ni szponzor\"}]},{\"@type\":\"WebSite\",\"@id\":\"https:\/\/penzkultura.eletbiztositasicsucstalalkozo.hu\/#website\",\"url\":\"https:\/\/penzkultura.eletbiztositasicsucstalalkozo.hu\/\",\"name\":\"P\u00e9nzKult\u00fara Alap\u00edtv\u00e1ny Budapesti \u00c9letbiztos\u00edt\u00e1si Cs\u00facstal\u00e1lkoz\u00f3\",\"description\":\"VII. Budapesti \u00c9letbiztos\u00edt\u00e1si Cs\u00facstal\u00e1lkoz\u00f3 - Balatonf\u00fcred\",\"publisher\":{\"@id\":\"https:\/\/penzkultura.eletbiztositasicsucstalalkozo.hu\/#organization\"},\"potentialAction\":[{\"@type\":\"SearchAction\",\"target\":{\"@type\":\"EntryPoint\",\"urlTemplate\":\"https:\/\/penzkultura.eletbiztositasicsucstalalkozo.hu\/?s={search_term_string}\"},\"query-input\":{\"@type\":\"PropertyValueSpecification\",\"valueRequired\":true,\"valueName\":\"search_term_string\"}}],\"inLanguage\":\"en-GB\"},{\"@type\":\"Organization\",\"@id\":\"https:\/\/penzkultura.eletbiztositasicsucstalalkozo.hu\/#organization\",\"name\":\"P\u00e9nzKult\u00fara Alap\u00edtv\u00e1ny Budapesti \u00c9letbiztos\u00edt\u00e1si Cs\u00facstal\u00e1lkoz\u00f3\",\"url\":\"https:\/\/penzkultura.eletbiztositasicsucstalalkozo.hu\/\",\"logo\":{\"@type\":\"ImageObject\",\"inLanguage\":\"en-GB\",\"@id\":\"https:\/\/penzkultura.eletbiztositasicsucstalalkozo.hu\/#\/schema\/logo\/image\/\",\"url\":\"https:\/\/penzkultura.eletbiztositasicsucstalalkozo.hu\/wp-content\/uploads\/2025\/07\/BECs.png\",\"contentUrl\":\"https:\/\/penzkultura.eletbiztositasicsucstalalkozo.hu\/wp-content\/uploads\/2025\/07\/BECs.png\",\"width\":1406,\"height\":656,\"caption\":\"P\u00e9nzKult\u00fara Alap\u00edtv\u00e1ny Budapesti \u00c9letbiztos\u00edt\u00e1si Cs\u00facstal\u00e1lkoz\u00f3\"},\"image\":{\"@id\":\"https:\/\/penzkultura.eletbiztositasicsucstalalkozo.hu\/#\/schema\/logo\/image\/\"}}]}<\/script>\n<!-- \/ Yoast SEO plugin. -->","yoast_head_json":{"title":"Egy\u00e9ni szponzor - P\u00e9nzKult\u00fara Alap\u00edtv\u00e1ny Budapesti \u00c9letbiztos\u00edt\u00e1si Cs\u00facstal\u00e1lkoz\u00f3","description":"VII. BUDAPESTI \u00c9LETBIZTOS\u00cdT\u00c1SI CS\u00daCSTAL\u00c1LKOZ\u00d3 Balatonf\u00fcred. Szponzor jegy. A P\u00e9nzkult\u00fara Alap\u00edtv\u00e1ny t\u00e1rsadalmi felel\u0151ss\u00e9gv\u00e1llal\u00e1sa keret\u00e9ben olyan csal\u00e1dokat kutat fel \u00e9s t\u00e1mogat \u00e9vr\u0151l \u00e9vre, ahol \u00e9letbiztos\u00edt\u00e1s hi\u00e1nya mellett t\u00f6rt\u00e9nt olyan trag\u00e9dia, amelynek k\u00f6vetkezt\u00e9ben az \u00e9rintett csal\u00e1d sz\u00e1m\u00e1ra \u00f6ner\u0151b\u0151l nem lehets\u00e9ges fenntartani a csal\u00e1d megszokott \u00e9letsz\u00ednvonal\u00e1t, vagy t\u00faljutni a hirtelen fell\u00e9p\u0151 anyagi nehezs\u00e9geken.","robots":{"index":"index","follow":"follow","max-snippet":"max-snippet:-1","max-image-preview":"max-image-preview:large","max-video-preview":"max-video-preview:-1"},"canonical":"https:\/\/penzkultura.eletbiztositasicsucstalalkozo.hu\/en\/product\/egyeni-szponzor\/","og_locale":"en_GB","og_type":"article","og_title":"Egy\u00e9ni szponzor - P\u00e9nzKult\u00fara Alap\u00edtv\u00e1ny Budapesti \u00c9letbiztos\u00edt\u00e1si Cs\u00facstal\u00e1lkoz\u00f3","og_description":"VII. BUDAPESTI \u00c9LETBIZTOS\u00cdT\u00c1SI CS\u00daCSTAL\u00c1LKOZ\u00d3 Balatonf\u00fcred. Szponzor jegy. A P\u00e9nzkult\u00fara Alap\u00edtv\u00e1ny t\u00e1rsadalmi felel\u0151ss\u00e9gv\u00e1llal\u00e1sa keret\u00e9ben olyan csal\u00e1dokat kutat fel \u00e9s t\u00e1mogat \u00e9vr\u0151l \u00e9vre, ahol \u00e9letbiztos\u00edt\u00e1s hi\u00e1nya mellett t\u00f6rt\u00e9nt olyan trag\u00e9dia, amelynek k\u00f6vetkezt\u00e9ben az \u00e9rintett csal\u00e1d sz\u00e1m\u00e1ra \u00f6ner\u0151b\u0151l nem lehets\u00e9ges fenntartani a csal\u00e1d megszokott \u00e9letsz\u00ednvonal\u00e1t, vagy t\u00faljutni a hirtelen fell\u00e9p\u0151 anyagi nehezs\u00e9geken.","og_url":"https:\/\/penzkultura.eletbiztositasicsucstalalkozo.hu\/en\/product\/egyeni-szponzor\/","og_site_name":"P\u00e9nzKult\u00fara Alap\u00edtv\u00e1ny Budapesti \u00c9letbiztos\u00edt\u00e1si Cs\u00facstal\u00e1lkoz\u00f3","article_modified_time":"2025-10-06T10:44:45+00:00","og_image":[{"width":1000,"height":1000,"url":"https:\/\/penzkultura.eletbiztositasicsucstalalkozo.hu\/wp-content\/uploads\/2025\/08\/Attila-1000-13.jpg","type":"image\/jpeg"}],"twitter_card":"summary_large_image","twitter_misc":{"Estimated reading time":"2 minutes"},"schema":{"@context":"https:\/\/schema.org","@graph":[{"@type":"WebPage","@id":"https:\/\/penzkultura.eletbiztositasicsucstalalkozo.hu\/termek\/egyeni-szponzor\/","url":"https:\/\/penzkultura.eletbiztositasicsucstalalkozo.hu\/termek\/egyeni-szponzor\/","name":"Egy\u00e9ni szponzor - P\u00e9nzKult\u00fara Alap\u00edtv\u00e1ny Budapesti \u00c9letbiztos\u00edt\u00e1si Cs\u00facstal\u00e1lkoz\u00f3","isPartOf":{"@id":"https:\/\/penzkultura.eletbiztositasicsucstalalkozo.hu\/#website"},"primaryImageOfPage":{"@id":"https:\/\/penzkultura.eletbiztositasicsucstalalkozo.hu\/termek\/egyeni-szponzor\/#primaryimage"},"image":{"@id":"https:\/\/penzkultura.eletbiztositasicsucstalalkozo.hu\/termek\/egyeni-szponzor\/#primaryimage"},"thumbnailUrl":"https:\/\/penzkultura.eletbiztositasicsucstalalkozo.hu\/wp-content\/uploads\/2025\/08\/Attila-1000-13.jpg","datePublished":"2025-08-05T14:17:53+00:00","dateModified":"2025-10-06T10:44:45+00:00","description":"VII. BUDAPESTI \u00c9LETBIZTOS\u00cdT\u00c1SI CS\u00daCSTAL\u00c1LKOZ\u00d3 Balatonf\u00fcred. Szponzor jegy. A P\u00e9nzkult\u00fara Alap\u00edtv\u00e1ny t\u00e1rsadalmi felel\u0151ss\u00e9gv\u00e1llal\u00e1sa keret\u00e9ben olyan csal\u00e1dokat kutat fel \u00e9s t\u00e1mogat \u00e9vr\u0151l \u00e9vre, ahol \u00e9letbiztos\u00edt\u00e1s hi\u00e1nya mellett t\u00f6rt\u00e9nt olyan trag\u00e9dia, amelynek k\u00f6vetkezt\u00e9ben az \u00e9rintett csal\u00e1d sz\u00e1m\u00e1ra \u00f6ner\u0151b\u0151l nem lehets\u00e9ges fenntartani a csal\u00e1d megszokott \u00e9letsz\u00ednvonal\u00e1t, vagy t\u00faljutni a hirtelen fell\u00e9p\u0151 anyagi nehezs\u00e9geken.","breadcrumb":{"@id":"https:\/\/penzkultura.eletbiztositasicsucstalalkozo.hu\/termek\/egyeni-szponzor\/#breadcrumb"},"inLanguage":"en-GB","potentialAction":[{"@type":"ReadAction","target":["https:\/\/penzkultura.eletbiztositasicsucstalalkozo.hu\/termek\/egyeni-szponzor\/"]}]},{"@type":"ImageObject","inLanguage":"en-GB","@id":"https:\/\/penzkultura.eletbiztositasicsucstalalkozo.hu\/termek\/egyeni-szponzor\/#primaryimage","url":"https:\/\/penzkultura.eletbiztositasicsucstalalkozo.hu\/wp-content\/uploads\/2025\/08\/Attila-1000-13.jpg","contentUrl":"https:\/\/penzkultura.eletbiztositasicsucstalalkozo.hu\/wp-content\/uploads\/2025\/08\/Attila-1000-13.jpg","width":1000,"height":1000},{"@type":"BreadcrumbList","@id":"https:\/\/penzkultura.eletbiztositasicsucstalalkozo.hu\/termek\/egyeni-szponzor\/#breadcrumb","itemListElement":[{"@type":"ListItem","position":1,"name":"Kezd\u0151lap","item":"https:\/\/penzkultura.eletbiztositasicsucstalalkozo.hu\/"},{"@type":"ListItem","position":2,"name":"\u00dczlet","item":"https:\/\/penzkultura.eletbiztositasicsucstalalkozo.hu\/?page_id=759"},{"@type":"ListItem","position":3,"name":"Egy\u00e9ni szponzor"}]},{"@type":"WebSite","@id":"https:\/\/penzkultura.eletbiztositasicsucstalalkozo.hu\/#website","url":"https:\/\/penzkultura.eletbiztositasicsucstalalkozo.hu\/","name":"P\u00e9nzKult\u00fara Alap\u00edtv\u00e1ny Budapesti \u00c9letbiztos\u00edt\u00e1si Cs\u00facstal\u00e1lkoz\u00f3","description":"VII. Budapesti \u00c9letbiztos\u00edt\u00e1si Cs\u00facstal\u00e1lkoz\u00f3 - Balatonf\u00fcred","publisher":{"@id":"https:\/\/penzkultura.eletbiztositasicsucstalalkozo.hu\/#organization"},"potentialAction":[{"@type":"SearchAction","target":{"@type":"EntryPoint","urlTemplate":"https:\/\/penzkultura.eletbiztositasicsucstalalkozo.hu\/?s={search_term_string}"},"query-input":{"@type":"PropertyValueSpecification","valueRequired":true,"valueName":"search_term_string"}}],"inLanguage":"en-GB"},{"@type":"Organization","@id":"https:\/\/penzkultura.eletbiztositasicsucstalalkozo.hu\/#organization","name":"P\u00e9nzKult\u00fara Alap\u00edtv\u00e1ny Budapesti \u00c9letbiztos\u00edt\u00e1si Cs\u00facstal\u00e1lkoz\u00f3","url":"https:\/\/penzkultura.eletbiztositasicsucstalalkozo.hu\/","logo":{"@type":"ImageObject","inLanguage":"en-GB","@id":"https:\/\/penzkultura.eletbiztositasicsucstalalkozo.hu\/#\/schema\/logo\/image\/","url":"https:\/\/penzkultura.eletbiztositasicsucstalalkozo.hu\/wp-content\/uploads\/2025\/07\/BECs.png","contentUrl":"https:\/\/penzkultura.eletbiztositasicsucstalalkozo.hu\/wp-content\/uploads\/2025\/07\/BECs.png","width":1406,"height":656,"caption":"P\u00e9nzKult\u00fara Alap\u00edtv\u00e1ny Budapesti \u00c9letbiztos\u00edt\u00e1si Cs\u00facstal\u00e1lkoz\u00f3"},"image":{"@id":"https:\/\/penzkultura.eletbiztositasicsucstalalkozo.hu\/#\/schema\/logo\/image\/"}}]}},"_links":{"self":[{"href":"https:\/\/penzkultura.eletbiztositasicsucstalalkozo.hu\/en\/wp-json\/wp\/v2\/product\/3400","targetHints":{"allow":["GET"]}}],"collection":[{"href":"https:\/\/penzkultura.eletbiztositasicsucstalalkozo.hu\/en\/wp-json\/wp\/v2\/product"}],"about":[{"href":"https:\/\/penzkultura.eletbiztositasicsucstalalkozo.hu\/en\/wp-json\/wp\/v2\/types\/product"}],"version-history":[{"count":9,"href":"https:\/\/penzkultura.eletbiztositasicsucstalalkozo.hu\/en\/wp-json\/wp\/v2\/product\/3400\/revisions"}],"predecessor-version":[{"id":4348,"href":"https:\/\/penzkultura.eletbiztositasicsucstalalkozo.hu\/en\/wp-json\/wp\/v2\/product\/3400\/revisions\/4348"}],"wp:featuredmedia":[{"embeddable":true,"href":"https:\/\/penzkultura.eletbiztositasicsucstalalkozo.hu\/en\/wp-json\/wp\/v2\/media\/3972"}],"wp:attachment":[{"href":"https:\/\/penzkultura.eletbiztositasicsucstalalkozo.hu\/en\/wp-json\/wp\/v2\/media?parent=3400"}],"wp:term":[{"taxonomy":"product_brand","embeddable":true,"href":"https:\/\/penzkultura.eletbiztositasicsucstalalkozo.hu\/en\/wp-json\/wp\/v2\/product_brand?post=3400"},{"taxonomy":"product_cat","embeddable":true,"href":"https:\/\/penzkultura.eletbiztositasicsucstalalkozo.hu\/en\/wp-json\/wp\/v2\/product_cat?post=3400"},{"taxonomy":"product_tag","embeddable":true,"href":"https:\/\/penzkultura.eletbiztositasicsucstalalkozo.hu\/en\/wp-json\/wp\/v2\/product_tag?post=3400"}],"curies":[{"name":"wp","href":"https:\/\/api.w.org\/{rel}","templated":true}]}}