{"id":3403,"date":"2025-08-05T16:23:54","date_gmt":"2025-08-05T14:23:54","guid":{"rendered":"https:\/\/penzkultura.eletbiztositasicsucstalalkozo.hu\/?post_type=product&#038;p=3403"},"modified":"2025-10-02T15:21:21","modified_gmt":"2025-10-02T13:21:21","slug":"lets-go-to-mdrt-a-kongresszus-mind-ket-napjara","status":"publish","type":"product","link":"https:\/\/penzkultura.eletbiztositasicsucstalalkozo.hu\/en\/product\/lets-go-to-mdrt-a-kongresszus-mind-ket-napjara\/","title":{"rendered":"&#8222;Let\u2019s go to MDRT!&#8221; a kongresszus mindk\u00e9t napj\u00e1ra"},"content":{"rendered":"<h4><strong>Programok: okt\u00f3ber 29.<\/strong><\/h4>\n<div>\n<p>08:00 \u2013 09:00 Registration<\/p>\n<p>08:00 \u2013 09:00 Book Store<\/p>\n<p>09:15 \u2013 09:30 Opening \u2013\u00a0<strong>Attila Solym\u00e1r<\/strong><\/p>\n<p>09:30 \u2013 10:00\u00a0<strong>Anthony Jones<\/strong><\/p>\n<p>10:00 \u2013 10:30\u00a0<strong>Svetlana Plitin<\/strong><\/p>\n<p>10:30 \u2013 11:15\u00a0<strong>Solomon Hicks<\/strong><\/p>\n<p>11:15 \u2013 11:30 Festive Moments<\/p>\n<p>11:30 \u2013 12:00 Coffee Break<\/p>\n<p>11:40 \u2013 11:55 Speaker\u2019s Corner<\/p>\n<p>11:30 \u2013 12:00 Book Store<\/p>\n<p>12:00 \u2013 12:30\u00a0<strong>Ian Green<\/strong><\/p>\n<p>12:30 \u2013 13:00\u00a0<strong>Adrian Baker<\/strong><\/p>\n<p>13:00 \u2013 14:00 P\u00e9nzkult\u00fara Alap\u00edtv\u00e1ny<\/p>\n<p>14:00 \u2013 15:00 Lunchtime<\/p>\n<p>14:20 \u2013 14:50 Speaker\u2019s Corner<\/p>\n<p>15:00 \u2013 15:40\u00a0<strong>Eric Feng<\/strong><\/p>\n<p>15:40 \u2013 16:40 Panel \/ Executive Roundtable<\/p>\n<p>16:40 \u2013 17:00 Recognitions<\/p>\n<p>17:00 \u2013 17:30\u00a0<strong>Andy Kovacs<\/strong><\/p>\n<p>17:30 \u2013 18:00\u00a0<strong>Jim Ruta<\/strong><\/p>\n<\/div>\n<h4><strong>Programok: okt\u00f3ber 30. WORKSHOP NAP<\/strong><\/h4>\n<p>09:00 \u2013 10:30 <strong>Solomon Hicks<\/strong><br \/>\n09:00 \u2013 10:30 <strong>Tony Gordon<\/strong><\/p>\n<p>10:30 \u2013 12:00 <strong>Anthony Jones<\/strong><br \/>\n10:30 \u2013 12:00 <strong>Jim Ruta<\/strong><\/p>\n<p>12:00 \u2013 13:30 <strong>Svetlana Plitin<\/strong><br \/>\n12:00 \u2013 13:30 <strong>Attila Solym\u00e1r<\/strong><\/p>\n<p>13:30 \u2013 15:00 <strong>Dr. Sanjay Tolani<\/strong><br \/>\n13:30 \u2013 15:00 <strong>Eric Feng<\/strong><\/p>\n<p>15:00 \u2013 15:20 Fin\u00e1l\u00e9 \/ Hivatalos Kongresszusz\u00e1r\u00f3 Cerem\u00f3nia<\/p>","protected":false},"excerpt":{"rendered":"<div class=\"elementor-element elementor-element-ed79c92 elementor-widget elementor-widget-heading\" data-id=\"ed79c92\" data-element_type=\"widget\" data-widget_type=\"heading.default\">\n<div class=\"elementor-widget-container\">\n<div class=\"elementor-widget-container\"><span class=\"OYPEnA font-feature-liga-off font-feature-clig-off font-feature-calt-off text-decoration-none text-strikethrough-none\">\u00c9rv\u00e9nyes a Kongresszus els\u0151 \u00e9s m\u00e1sodik napj\u00e1ra:<\/span><\/div>\n<div class=\"elementor-widget-container\"><span class=\"OYPEnA font-feature-liga-off font-feature-clig-off font-feature-calt-off text-decoration-none text-strikethrough-none\"><strong>2025. okt\u00f3ber 29-\u00e9re<\/strong>, reggelt\u0151l napz\u00e1r\u00f3ig: minden plen\u00e1ris el\u0151ad\u00e1sra!<\/span><span class=\"OYPEnA font-feature-liga-off font-feature-clig-off font-feature-calt-off text-decoration-none text-strikethrough-none\">Minden el\u0151ad\u00f3val val\u00f3 tal\u00e1lkoz\u00e1sra, bel\u00e9p\u00e9sre a book-store-ba, <\/span><span class=\"OYPEnA font-feature-liga-off font-feature-clig-off font-feature-calt-off text-decoration-none text-strikethrough-none\">dedik\u00e1l\u00e1sra, k\u00f6z\u00f6s fot\u00f3ra,<\/span><\/div>\n<div class=\"elementor-widget-container\"><strong><span class=\"OYPEnA font-feature-liga-off font-feature-clig-off font-feature-calt-off text-decoration-none text-strikethrough-none\">2025. okt\u00f3ber 30-\u00e1ra, a <\/span><\/strong>Kongresszus m\u00e1snapj\u00e1n minden el\u00e9rhet\u0151 workshopra.<br \/>\n<span class=\"a_GcMg font-feature-liga-off font-feature-clig-off font-feature-calt-off text-decoration-none text-strikethrough-none\">(subject to availability, in order of registration)\u00a0<\/span><span class=\"a_GcMg font-feature-liga-off font-feature-clig-off font-feature-calt-off text-decoration-none text-strikethrough-none\">regisztr\u00e1ci\u00f3 sorrendj\u00e9ben)<\/span><\/div>\n<\/div>\n<\/div>\n<div><strong>Places are limited!<\/strong><\/div>\n<div class=\"elementor-element elementor-element-ed79c92 elementor-widget elementor-widget-heading\" data-id=\"ed79c92\" data-element_type=\"widget\" data-widget_type=\"heading.default\">\n<div class=\"elementor-widget-container\">\n<div class=\"elementor-widget-container\"><\/div>\n<\/div>\n<\/div>","protected":false},"featured_media":3967,"template":"","meta":[],"product_brand":[],"product_cat":[34],"product_tag":[37],"class_list":{"0":"post-3403","1":"product","2":"type-product","3":"status-publish","4":"has-post-thumbnail","6":"product_cat-egyeni-jegyek","7":"product_tag-lets-go-to-mdrt","9":"first","10":"instock","11":"downloadable","12":"sold-individually","13":"shipping-taxable","14":"purchasable","15":"product-type-simple"},"yoast_head":"<!-- This site is optimized with the Yoast SEO plugin v25.7 - https:\/\/yoast.com\/wordpress\/plugins\/seo\/ -->\n<title>&quot;Let\u2019s go to MDRT!&quot; a kongresszus mindk\u00e9t napj\u00e1ra - P\u00e9nzKult\u00fara Alap\u00edtv\u00e1ny Budapesti \u00c9letbiztos\u00edt\u00e1si Cs\u00facstal\u00e1lkoz\u00f3<\/title>\n<meta name=\"description\" content=\"K\u00e9tnapos bel\u00e9p\u0151 a VII. Budapesti \u00c9letbiztos\u00edt\u00e1si Cs\u00facstal\u00e1lkoz\u00f3ra, 2025. okt\u00f3ber 29-\u00e9re, reggelt\u0151l napz\u00e1r\u00f3ig: minden plen\u00e1ris el\u0151ad\u00e1sra! Minden el\u0151ad\u00f3val val\u00f3 tal\u00e1lkoz\u00e1sra, bel\u00e9p\u00e9sre a book-store-ba, dedik\u00e1l\u00e1sra, k\u00f6z\u00f6s fot\u00f3ra,a Kongresszus f\u0151 napj\u00e1n minden el\u00e9rhet\u0151, el\u0151ad\u00e1sra 9.00-t\u00f3l este 18.00 \u00f3r\u00e1ig. A kongresszus m\u00e1snapj\u00e1n n\u00e9gy workshopra.\" \/>\n<meta name=\"robots\" content=\"index, follow, max-snippet:-1, max-image-preview:large, max-video-preview:-1\" \/>\n<link rel=\"canonical\" href=\"https:\/\/penzkultura.eletbiztositasicsucstalalkozo.hu\/en\/product\/lets-go-to-mdrt-a-kongresszus-mind-ket-napjara\/\" \/>\n<meta property=\"og:locale\" content=\"en_GB\" \/>\n<meta property=\"og:type\" content=\"article\" \/>\n<meta property=\"og:title\" content=\"&quot;Let\u2019s go to MDRT!&quot; a kongresszus mindk\u00e9t napj\u00e1ra - P\u00e9nzKult\u00fara Alap\u00edtv\u00e1ny Budapesti \u00c9letbiztos\u00edt\u00e1si Cs\u00facstal\u00e1lkoz\u00f3\" \/>\n<meta property=\"og:description\" content=\"K\u00e9tnapos bel\u00e9p\u0151 a VII. Budapesti \u00c9letbiztos\u00edt\u00e1si Cs\u00facstal\u00e1lkoz\u00f3ra, 2025. okt\u00f3ber 29-\u00e9re, reggelt\u0151l napz\u00e1r\u00f3ig: minden plen\u00e1ris el\u0151ad\u00e1sra! Minden el\u0151ad\u00f3val val\u00f3 tal\u00e1lkoz\u00e1sra, bel\u00e9p\u00e9sre a book-store-ba, dedik\u00e1l\u00e1sra, k\u00f6z\u00f6s fot\u00f3ra,a Kongresszus f\u0151 napj\u00e1n minden el\u00e9rhet\u0151, el\u0151ad\u00e1sra 9.00-t\u00f3l este 18.00 \u00f3r\u00e1ig. A kongresszus m\u00e1snapj\u00e1n n\u00e9gy workshopra.\" \/>\n<meta property=\"og:url\" content=\"https:\/\/penzkultura.eletbiztositasicsucstalalkozo.hu\/en\/product\/lets-go-to-mdrt-a-kongresszus-mind-ket-napjara\/\" \/>\n<meta property=\"og:site_name\" content=\"P\u00e9nzKult\u00fara Alap\u00edtv\u00e1ny Budapesti \u00c9letbiztos\u00edt\u00e1si Cs\u00facstal\u00e1lkoz\u00f3\" \/>\n<meta property=\"article:modified_time\" content=\"2025-10-02T13:21:21+00:00\" \/>\n<meta property=\"og:image\" content=\"https:\/\/penzkultura.eletbiztositasicsucstalalkozo.hu\/wp-content\/uploads\/2025\/08\/Attila-1000-11.jpg\" \/>\n\t<meta property=\"og:image:width\" content=\"1000\" \/>\n\t<meta property=\"og:image:height\" content=\"1000\" \/>\n\t<meta property=\"og:image:type\" content=\"image\/jpeg\" \/>\n<meta name=\"twitter:card\" content=\"summary_large_image\" \/>\n<meta name=\"twitter:label1\" content=\"Estimated reading time\" \/>\n\t<meta name=\"twitter:data1\" content=\"1 minute\" \/>\n<script type=\"application\/ld+json\" class=\"yoast-schema-graph\">{\"@context\":\"https:\/\/schema.org\",\"@graph\":[{\"@type\":\"WebPage\",\"@id\":\"https:\/\/penzkultura.eletbiztositasicsucstalalkozo.hu\/termek\/lets-go-to-mdrt-a-kongresszus-mind-ket-napjara\/\",\"url\":\"https:\/\/penzkultura.eletbiztositasicsucstalalkozo.hu\/termek\/lets-go-to-mdrt-a-kongresszus-mind-ket-napjara\/\",\"name\":\"\\\"Let\u2019s go to MDRT!\\\" a kongresszus mindk\u00e9t napj\u00e1ra - P\u00e9nzKult\u00fara Alap\u00edtv\u00e1ny Budapesti \u00c9letbiztos\u00edt\u00e1si Cs\u00facstal\u00e1lkoz\u00f3\",\"isPartOf\":{\"@id\":\"https:\/\/penzkultura.eletbiztositasicsucstalalkozo.hu\/#website\"},\"primaryImageOfPage\":{\"@id\":\"https:\/\/penzkultura.eletbiztositasicsucstalalkozo.hu\/termek\/lets-go-to-mdrt-a-kongresszus-mind-ket-napjara\/#primaryimage\"},\"image\":{\"@id\":\"https:\/\/penzkultura.eletbiztositasicsucstalalkozo.hu\/termek\/lets-go-to-mdrt-a-kongresszus-mind-ket-napjara\/#primaryimage\"},\"thumbnailUrl\":\"https:\/\/penzkultura.eletbiztositasicsucstalalkozo.hu\/wp-content\/uploads\/2025\/08\/Attila-1000-11.jpg\",\"datePublished\":\"2025-08-05T14:23:54+00:00\",\"dateModified\":\"2025-10-02T13:21:21+00:00\",\"description\":\"K\u00e9tnapos bel\u00e9p\u0151 a VII. Budapesti \u00c9letbiztos\u00edt\u00e1si Cs\u00facstal\u00e1lkoz\u00f3ra, 2025. okt\u00f3ber 29-\u00e9re, reggelt\u0151l napz\u00e1r\u00f3ig: minden plen\u00e1ris el\u0151ad\u00e1sra! Minden el\u0151ad\u00f3val val\u00f3 tal\u00e1lkoz\u00e1sra, bel\u00e9p\u00e9sre a book-store-ba, dedik\u00e1l\u00e1sra, k\u00f6z\u00f6s fot\u00f3ra,a Kongresszus f\u0151 napj\u00e1n minden el\u00e9rhet\u0151, el\u0151ad\u00e1sra 9.00-t\u00f3l este 18.00 \u00f3r\u00e1ig. A kongresszus m\u00e1snapj\u00e1n n\u00e9gy workshopra.\",\"breadcrumb\":{\"@id\":\"https:\/\/penzkultura.eletbiztositasicsucstalalkozo.hu\/termek\/lets-go-to-mdrt-a-kongresszus-mind-ket-napjara\/#breadcrumb\"},\"inLanguage\":\"en-GB\",\"potentialAction\":[{\"@type\":\"ReadAction\",\"target\":[\"https:\/\/penzkultura.eletbiztositasicsucstalalkozo.hu\/termek\/lets-go-to-mdrt-a-kongresszus-mind-ket-napjara\/\"]}]},{\"@type\":\"ImageObject\",\"inLanguage\":\"en-GB\",\"@id\":\"https:\/\/penzkultura.eletbiztositasicsucstalalkozo.hu\/termek\/lets-go-to-mdrt-a-kongresszus-mind-ket-napjara\/#primaryimage\",\"url\":\"https:\/\/penzkultura.eletbiztositasicsucstalalkozo.hu\/wp-content\/uploads\/2025\/08\/Attila-1000-11.jpg\",\"contentUrl\":\"https:\/\/penzkultura.eletbiztositasicsucstalalkozo.hu\/wp-content\/uploads\/2025\/08\/Attila-1000-11.jpg\",\"width\":1000,\"height\":1000},{\"@type\":\"BreadcrumbList\",\"@id\":\"https:\/\/penzkultura.eletbiztositasicsucstalalkozo.hu\/termek\/lets-go-to-mdrt-a-kongresszus-mind-ket-napjara\/#breadcrumb\",\"itemListElement\":[{\"@type\":\"ListItem\",\"position\":1,\"name\":\"Kezd\u0151lap\",\"item\":\"https:\/\/penzkultura.eletbiztositasicsucstalalkozo.hu\/\"},{\"@type\":\"ListItem\",\"position\":2,\"name\":\"\u00dczlet\",\"item\":\"https:\/\/penzkultura.eletbiztositasicsucstalalkozo.hu\/?page_id=759\"},{\"@type\":\"ListItem\",\"position\":3,\"name\":\"&#8222;Let\u2019s go to MDRT!&#8221; a kongresszus mindk\u00e9t napj\u00e1ra\"}]},{\"@type\":\"WebSite\",\"@id\":\"https:\/\/penzkultura.eletbiztositasicsucstalalkozo.hu\/#website\",\"url\":\"https:\/\/penzkultura.eletbiztositasicsucstalalkozo.hu\/\",\"name\":\"P\u00e9nzKult\u00fara Alap\u00edtv\u00e1ny Budapesti \u00c9letbiztos\u00edt\u00e1si Cs\u00facstal\u00e1lkoz\u00f3\",\"description\":\"VII. Budapesti \u00c9letbiztos\u00edt\u00e1si Cs\u00facstal\u00e1lkoz\u00f3 - Balatonf\u00fcred\",\"publisher\":{\"@id\":\"https:\/\/penzkultura.eletbiztositasicsucstalalkozo.hu\/#organization\"},\"potentialAction\":[{\"@type\":\"SearchAction\",\"target\":{\"@type\":\"EntryPoint\",\"urlTemplate\":\"https:\/\/penzkultura.eletbiztositasicsucstalalkozo.hu\/?s={search_term_string}\"},\"query-input\":{\"@type\":\"PropertyValueSpecification\",\"valueRequired\":true,\"valueName\":\"search_term_string\"}}],\"inLanguage\":\"en-GB\"},{\"@type\":\"Organization\",\"@id\":\"https:\/\/penzkultura.eletbiztositasicsucstalalkozo.hu\/#organization\",\"name\":\"P\u00e9nzKult\u00fara Alap\u00edtv\u00e1ny Budapesti \u00c9letbiztos\u00edt\u00e1si Cs\u00facstal\u00e1lkoz\u00f3\",\"url\":\"https:\/\/penzkultura.eletbiztositasicsucstalalkozo.hu\/\",\"logo\":{\"@type\":\"ImageObject\",\"inLanguage\":\"en-GB\",\"@id\":\"https:\/\/penzkultura.eletbiztositasicsucstalalkozo.hu\/#\/schema\/logo\/image\/\",\"url\":\"https:\/\/penzkultura.eletbiztositasicsucstalalkozo.hu\/wp-content\/uploads\/2025\/07\/BECs.png\",\"contentUrl\":\"https:\/\/penzkultura.eletbiztositasicsucstalalkozo.hu\/wp-content\/uploads\/2025\/07\/BECs.png\",\"width\":1406,\"height\":656,\"caption\":\"P\u00e9nzKult\u00fara Alap\u00edtv\u00e1ny Budapesti \u00c9letbiztos\u00edt\u00e1si Cs\u00facstal\u00e1lkoz\u00f3\"},\"image\":{\"@id\":\"https:\/\/penzkultura.eletbiztositasicsucstalalkozo.hu\/#\/schema\/logo\/image\/\"}}]}<\/script>\n<!-- \/ Yoast SEO plugin. -->","yoast_head_json":{"title":"\"Let\u2019s go to MDRT!\" a kongresszus mindk\u00e9t napj\u00e1ra - P\u00e9nzKult\u00fara Alap\u00edtv\u00e1ny Budapesti \u00c9letbiztos\u00edt\u00e1si Cs\u00facstal\u00e1lkoz\u00f3","description":"K\u00e9tnapos bel\u00e9p\u0151 a VII. Budapesti \u00c9letbiztos\u00edt\u00e1si Cs\u00facstal\u00e1lkoz\u00f3ra, 2025. okt\u00f3ber 29-\u00e9re, reggelt\u0151l napz\u00e1r\u00f3ig: minden plen\u00e1ris el\u0151ad\u00e1sra! Minden el\u0151ad\u00f3val val\u00f3 tal\u00e1lkoz\u00e1sra, bel\u00e9p\u00e9sre a book-store-ba, dedik\u00e1l\u00e1sra, k\u00f6z\u00f6s fot\u00f3ra,a Kongresszus f\u0151 napj\u00e1n minden el\u00e9rhet\u0151, el\u0151ad\u00e1sra 9.00-t\u00f3l este 18.00 \u00f3r\u00e1ig. A kongresszus m\u00e1snapj\u00e1n n\u00e9gy workshopra.","robots":{"index":"index","follow":"follow","max-snippet":"max-snippet:-1","max-image-preview":"max-image-preview:large","max-video-preview":"max-video-preview:-1"},"canonical":"https:\/\/penzkultura.eletbiztositasicsucstalalkozo.hu\/en\/product\/lets-go-to-mdrt-a-kongresszus-mind-ket-napjara\/","og_locale":"en_GB","og_type":"article","og_title":"\"Let\u2019s go to MDRT!\" a kongresszus mindk\u00e9t napj\u00e1ra - P\u00e9nzKult\u00fara Alap\u00edtv\u00e1ny Budapesti \u00c9letbiztos\u00edt\u00e1si Cs\u00facstal\u00e1lkoz\u00f3","og_description":"K\u00e9tnapos bel\u00e9p\u0151 a VII. Budapesti \u00c9letbiztos\u00edt\u00e1si Cs\u00facstal\u00e1lkoz\u00f3ra, 2025. okt\u00f3ber 29-\u00e9re, reggelt\u0151l napz\u00e1r\u00f3ig: minden plen\u00e1ris el\u0151ad\u00e1sra! Minden el\u0151ad\u00f3val val\u00f3 tal\u00e1lkoz\u00e1sra, bel\u00e9p\u00e9sre a book-store-ba, dedik\u00e1l\u00e1sra, k\u00f6z\u00f6s fot\u00f3ra,a Kongresszus f\u0151 napj\u00e1n minden el\u00e9rhet\u0151, el\u0151ad\u00e1sra 9.00-t\u00f3l este 18.00 \u00f3r\u00e1ig. A kongresszus m\u00e1snapj\u00e1n n\u00e9gy workshopra.","og_url":"https:\/\/penzkultura.eletbiztositasicsucstalalkozo.hu\/en\/product\/lets-go-to-mdrt-a-kongresszus-mind-ket-napjara\/","og_site_name":"P\u00e9nzKult\u00fara Alap\u00edtv\u00e1ny Budapesti \u00c9letbiztos\u00edt\u00e1si Cs\u00facstal\u00e1lkoz\u00f3","article_modified_time":"2025-10-02T13:21:21+00:00","og_image":[{"width":1000,"height":1000,"url":"https:\/\/penzkultura.eletbiztositasicsucstalalkozo.hu\/wp-content\/uploads\/2025\/08\/Attila-1000-11.jpg","type":"image\/jpeg"}],"twitter_card":"summary_large_image","twitter_misc":{"Estimated reading time":"1 minute"},"schema":{"@context":"https:\/\/schema.org","@graph":[{"@type":"WebPage","@id":"https:\/\/penzkultura.eletbiztositasicsucstalalkozo.hu\/termek\/lets-go-to-mdrt-a-kongresszus-mind-ket-napjara\/","url":"https:\/\/penzkultura.eletbiztositasicsucstalalkozo.hu\/termek\/lets-go-to-mdrt-a-kongresszus-mind-ket-napjara\/","name":"\"Let\u2019s go to MDRT!\" a kongresszus mindk\u00e9t napj\u00e1ra - P\u00e9nzKult\u00fara Alap\u00edtv\u00e1ny Budapesti \u00c9letbiztos\u00edt\u00e1si Cs\u00facstal\u00e1lkoz\u00f3","isPartOf":{"@id":"https:\/\/penzkultura.eletbiztositasicsucstalalkozo.hu\/#website"},"primaryImageOfPage":{"@id":"https:\/\/penzkultura.eletbiztositasicsucstalalkozo.hu\/termek\/lets-go-to-mdrt-a-kongresszus-mind-ket-napjara\/#primaryimage"},"image":{"@id":"https:\/\/penzkultura.eletbiztositasicsucstalalkozo.hu\/termek\/lets-go-to-mdrt-a-kongresszus-mind-ket-napjara\/#primaryimage"},"thumbnailUrl":"https:\/\/penzkultura.eletbiztositasicsucstalalkozo.hu\/wp-content\/uploads\/2025\/08\/Attila-1000-11.jpg","datePublished":"2025-08-05T14:23:54+00:00","dateModified":"2025-10-02T13:21:21+00:00","description":"K\u00e9tnapos bel\u00e9p\u0151 a VII. Budapesti \u00c9letbiztos\u00edt\u00e1si Cs\u00facstal\u00e1lkoz\u00f3ra, 2025. okt\u00f3ber 29-\u00e9re, reggelt\u0151l napz\u00e1r\u00f3ig: minden plen\u00e1ris el\u0151ad\u00e1sra! Minden el\u0151ad\u00f3val val\u00f3 tal\u00e1lkoz\u00e1sra, bel\u00e9p\u00e9sre a book-store-ba, dedik\u00e1l\u00e1sra, k\u00f6z\u00f6s fot\u00f3ra,a Kongresszus f\u0151 napj\u00e1n minden el\u00e9rhet\u0151, el\u0151ad\u00e1sra 9.00-t\u00f3l este 18.00 \u00f3r\u00e1ig. A kongresszus m\u00e1snapj\u00e1n n\u00e9gy workshopra.","breadcrumb":{"@id":"https:\/\/penzkultura.eletbiztositasicsucstalalkozo.hu\/termek\/lets-go-to-mdrt-a-kongresszus-mind-ket-napjara\/#breadcrumb"},"inLanguage":"en-GB","potentialAction":[{"@type":"ReadAction","target":["https:\/\/penzkultura.eletbiztositasicsucstalalkozo.hu\/termek\/lets-go-to-mdrt-a-kongresszus-mind-ket-napjara\/"]}]},{"@type":"ImageObject","inLanguage":"en-GB","@id":"https:\/\/penzkultura.eletbiztositasicsucstalalkozo.hu\/termek\/lets-go-to-mdrt-a-kongresszus-mind-ket-napjara\/#primaryimage","url":"https:\/\/penzkultura.eletbiztositasicsucstalalkozo.hu\/wp-content\/uploads\/2025\/08\/Attila-1000-11.jpg","contentUrl":"https:\/\/penzkultura.eletbiztositasicsucstalalkozo.hu\/wp-content\/uploads\/2025\/08\/Attila-1000-11.jpg","width":1000,"height":1000},{"@type":"BreadcrumbList","@id":"https:\/\/penzkultura.eletbiztositasicsucstalalkozo.hu\/termek\/lets-go-to-mdrt-a-kongresszus-mind-ket-napjara\/#breadcrumb","itemListElement":[{"@type":"ListItem","position":1,"name":"Kezd\u0151lap","item":"https:\/\/penzkultura.eletbiztositasicsucstalalkozo.hu\/"},{"@type":"ListItem","position":2,"name":"\u00dczlet","item":"https:\/\/penzkultura.eletbiztositasicsucstalalkozo.hu\/?page_id=759"},{"@type":"ListItem","position":3,"name":"&#8222;Let\u2019s go to MDRT!&#8221; a kongresszus mindk\u00e9t napj\u00e1ra"}]},{"@type":"WebSite","@id":"https:\/\/penzkultura.eletbiztositasicsucstalalkozo.hu\/#website","url":"https:\/\/penzkultura.eletbiztositasicsucstalalkozo.hu\/","name":"P\u00e9nzKult\u00fara Alap\u00edtv\u00e1ny Budapesti \u00c9letbiztos\u00edt\u00e1si Cs\u00facstal\u00e1lkoz\u00f3","description":"VII. Budapesti \u00c9letbiztos\u00edt\u00e1si Cs\u00facstal\u00e1lkoz\u00f3 - Balatonf\u00fcred","publisher":{"@id":"https:\/\/penzkultura.eletbiztositasicsucstalalkozo.hu\/#organization"},"potentialAction":[{"@type":"SearchAction","target":{"@type":"EntryPoint","urlTemplate":"https:\/\/penzkultura.eletbiztositasicsucstalalkozo.hu\/?s={search_term_string}"},"query-input":{"@type":"PropertyValueSpecification","valueRequired":true,"valueName":"search_term_string"}}],"inLanguage":"en-GB"},{"@type":"Organization","@id":"https:\/\/penzkultura.eletbiztositasicsucstalalkozo.hu\/#organization","name":"P\u00e9nzKult\u00fara Alap\u00edtv\u00e1ny Budapesti \u00c9letbiztos\u00edt\u00e1si Cs\u00facstal\u00e1lkoz\u00f3","url":"https:\/\/penzkultura.eletbiztositasicsucstalalkozo.hu\/","logo":{"@type":"ImageObject","inLanguage":"en-GB","@id":"https:\/\/penzkultura.eletbiztositasicsucstalalkozo.hu\/#\/schema\/logo\/image\/","url":"https:\/\/penzkultura.eletbiztositasicsucstalalkozo.hu\/wp-content\/uploads\/2025\/07\/BECs.png","contentUrl":"https:\/\/penzkultura.eletbiztositasicsucstalalkozo.hu\/wp-content\/uploads\/2025\/07\/BECs.png","width":1406,"height":656,"caption":"P\u00e9nzKult\u00fara Alap\u00edtv\u00e1ny Budapesti \u00c9letbiztos\u00edt\u00e1si Cs\u00facstal\u00e1lkoz\u00f3"},"image":{"@id":"https:\/\/penzkultura.eletbiztositasicsucstalalkozo.hu\/#\/schema\/logo\/image\/"}}]}},"_links":{"self":[{"href":"https:\/\/penzkultura.eletbiztositasicsucstalalkozo.hu\/en\/wp-json\/wp\/v2\/product\/3403","targetHints":{"allow":["GET"]}}],"collection":[{"href":"https:\/\/penzkultura.eletbiztositasicsucstalalkozo.hu\/en\/wp-json\/wp\/v2\/product"}],"about":[{"href":"https:\/\/penzkultura.eletbiztositasicsucstalalkozo.hu\/en\/wp-json\/wp\/v2\/types\/product"}],"version-history":[{"count":10,"href":"https:\/\/penzkultura.eletbiztositasicsucstalalkozo.hu\/en\/wp-json\/wp\/v2\/product\/3403\/revisions"}],"predecessor-version":[{"id":4047,"href":"https:\/\/penzkultura.eletbiztositasicsucstalalkozo.hu\/en\/wp-json\/wp\/v2\/product\/3403\/revisions\/4047"}],"wp:featuredmedia":[{"embeddable":true,"href":"https:\/\/penzkultura.eletbiztositasicsucstalalkozo.hu\/en\/wp-json\/wp\/v2\/media\/3967"}],"wp:attachment":[{"href":"https:\/\/penzkultura.eletbiztositasicsucstalalkozo.hu\/en\/wp-json\/wp\/v2\/media?parent=3403"}],"wp:term":[{"taxonomy":"product_brand","embeddable":true,"href":"https:\/\/penzkultura.eletbiztositasicsucstalalkozo.hu\/en\/wp-json\/wp\/v2\/product_brand?post=3403"},{"taxonomy":"product_cat","embeddable":true,"href":"https:\/\/penzkultura.eletbiztositasicsucstalalkozo.hu\/en\/wp-json\/wp\/v2\/product_cat?post=3403"},{"taxonomy":"product_tag","embeddable":true,"href":"https:\/\/penzkultura.eletbiztositasicsucstalalkozo.hu\/en\/wp-json\/wp\/v2\/product_tag?post=3403"}],"curies":[{"name":"wp","href":"https:\/\/api.w.org\/{rel}","templated":true}]}}