{"id":3718,"date":"2025-08-08T13:51:41","date_gmt":"2025-08-08T11:51:41","guid":{"rendered":"https:\/\/penzkultura.eletbiztositasicsucstalalkozo.hu\/?post_type=product&#038;p=3718"},"modified":"2025-09-25T09:59:55","modified_gmt":"2025-09-25T07:59:55","slug":"lets-go-to-mdrt-dr-sanjay-tolani-workshop-szponzoroknak","status":"publish","type":"product","link":"https:\/\/penzkultura.eletbiztositasicsucstalalkozo.hu\/en\/product\/lets-go-to-mdrt-dr-sanjay-tolani-workshop-szponzoroknak\/","title":{"rendered":"&#8222;Let\u2019s go to MDRT!&#8221; Dr. Sanjay Tolani workshop szponzoroknak"},"content":{"rendered":"<p>Inter-Generational Planner | Financial Structure Innovator Philanthropist Dr. Sanjay Tolani is a legend in the world of intergenerational wealth management. He holds a Ph.D. in finance and is the recipient of numerous certifications and awards.<br \/>\nIgazi v\u00edzion\u00e1rius \u00e9s az innovat\u00edv p\u00e9nz\u00fcgyi term\u00e9kek \u00fatt\u00f6r\u0151je.<br \/>\nInter-Generational Planner | Financial Structure Innovator Philanthropist Dr. Sanjay Tolani is a legend in the world of intergenerational wealth management. He holds the Ph.D. in finance and is the recipient of numerous certifications and awards.<br \/>\nDr. Sanjay Tolani is an internationally recognized wealth planning consultant and researcher known for his innovative and groundbreaking financial products developed for the world's wealthiest. His contributions to the financial services industry have earned him a reputation that has made him a living legend.<br \/>\nDr. Tolani holds a Ph.D. in finance, banking, risk management and actuarial science. He holds several professional certifications, including the Life Management Institute (FLMI) and the Certified Finance Professional (CFP, Canada). Throughout his career, Dr. Tolani has held numerous sovereign and corporate board positions. His appointments have included institutional board roles, including those with international financial services firms, multinational education companies, religious and non-profit organizations, and others. He is also the founder of Tolani Flow\u1d40\u1d39, a revolutionary financial strategy available globally to family businesses for intergenerational wealth management.<br \/>\nIn addition to his many accolades and successes, Dr. Tolani remains committed to community service and global philanthropy. He strongly believes in the importance of education, and has supported the Pearl Foundation in China, which provides education to underprivileged and special needs children. He continues to contribute to the Million Dollar Round Table Foundation (USA) and the Goodwill Charitable Foundation, which builds nursing homes and educates children in India.<br \/>\nDr. Tolani is a true inspiration and a special asset to the world of financial services.<br \/>\nHe is committed to serving families and individuals while improving the lives of those around him, striving to ensure that his work has a lasting positive impact on future generations.<br \/>\nReferences:<br \/>\nCEOs of several multinational companies have sought his advice in structuring complex cross-border transactions and managing their personal investments.<\/p>\n<p>Parliamentarians from several countries who sought Dr. Tolani's advice on tax planning and compliance legislation.<\/p>\n<p>Several wealthy family heads have sought Dr. Tolani's assistance in developing tax-efficient, multi-generational inheritance plans and protecting their assets.<br \/>\nSuccessful entrepreneurs who have worked closely with Dr. Tolani to develop customized investment portfolios and implement succession plans.<br \/>\nNumerous startups and venture capital funds have sought Dr. Tolani's guidance in developing shareholder compensation plans, capital raising strategies, and exit or succession plans.<br \/>\nDiverse high net worth families who applied Dr. Tolani's innovative solutions to their personalized financial plans that aligned with their values and priorities.<br \/>\nDr. Sanjay Tolani is not only one of the greatest figures in the financial world, but also a professional who has made a significant impact in different parts of the world, both personally and professionally.<br \/>\nOn the first day of the Congress, he will hold a special, exclusive lunch-related lecture for his audience, entitled \"Lunch with Dr. Sanjay Tolani,\" and on the next day, he will welcome those who want to succeed to a fun, easy, immediately memorable practical workshop!<\/p>","protected":false},"excerpt":{"rendered":"<div class=\"elementor-element elementor-element-ed79c92 elementor-widget elementor-widget-heading\" data-id=\"ed79c92\" data-element_type=\"widget\" data-widget_type=\"heading.default\">\n<div class=\"elementor-widget-container\">\n<div class=\"elementor-widget-container\"><strong><span style=\"color: #000000;\">Dr. Sanjay Tolani<\/span> el\u0151ad\u00e1sa<\/strong><\/div>\n<\/div>\n<\/div>\n<div>13:30 \u2013 15:00<\/div>\n<div>Anna Grand Hotel*****<\/div>\n<div><\/div>\n<div>Sz\u00f3rakoztat\u00f3, k\u00f6nnyed, azonnal megjegyezhet\u0151 gyakorlati workshopra v\u00e1rja a sikerre v\u00e1gy\u00f3kat!<\/div>\n<div><\/div>\n<div>Egy\u00e9ni szponzorainkat v\u00e1rjuk szeretettel!<\/div>\n<div><\/div>\n<div class=\"elementor-element elementor-element-ed79c92 elementor-widget elementor-widget-heading\" data-id=\"ed79c92\" data-element_type=\"widget\" data-widget_type=\"heading.default\">\n<div class=\"elementor-widget-container\">\n<div class=\"elementor-widget-container\"><\/div>\n<\/div>\n<\/div>","protected":false},"featured_media":4377,"template":"","meta":[],"product_brand":[],"product_cat":[34],"product_tag":[37],"class_list":{"0":"post-3718","1":"product","2":"type-product","3":"status-publish","4":"has-post-thumbnail","6":"product_cat-egyeni-jegyek","7":"product_tag-lets-go-to-mdrt","9":"first","10":"outofstock","11":"downloadable","12":"sold-individually","13":"shipping-taxable","14":"purchasable","15":"product-type-simple"},"yoast_head":"<!-- This site is optimized with the Yoast SEO plugin v25.7 - https:\/\/yoast.com\/wordpress\/plugins\/seo\/ -->\n<title>&quot;Let\u2019s go to MDRT!&quot; Dr. Sanjay Tolani workshop szponzoroknak - P\u00e9nzKult\u00fara Alap\u00edtv\u00e1ny Budapesti \u00c9letbiztos\u00edt\u00e1si Cs\u00facstal\u00e1lkoz\u00f3<\/title>\n<meta name=\"robots\" content=\"index, follow, max-snippet:-1, max-image-preview:large, max-video-preview:-1\" \/>\n<link rel=\"canonical\" href=\"https:\/\/penzkultura.eletbiztositasicsucstalalkozo.hu\/en\/product\/lets-go-to-mdrt-dr-sanjay-tolani-workshop-szponzoroknak\/\" \/>\n<meta property=\"og:locale\" content=\"en_GB\" \/>\n<meta property=\"og:type\" content=\"article\" \/>\n<meta property=\"og:title\" content=\"&quot;Let\u2019s go to MDRT!&quot; Dr. Sanjay Tolani workshop szponzoroknak - P\u00e9nzKult\u00fara Alap\u00edtv\u00e1ny Budapesti \u00c9letbiztos\u00edt\u00e1si Cs\u00facstal\u00e1lkoz\u00f3\" \/>\n<meta property=\"og:description\" content=\"Dr. Sanjay Tolani el\u0151ad\u00e1sa   13:30 \u2013 15:00 Anna Grand Hotel*****  Sz\u00f3rakoztat\u00f3, k\u00f6nnyed, azonnal megjegyezhet\u0151 gyakorlati workshopra v\u00e1rja a sikerre v\u00e1gy\u00f3kat!  Egy\u00e9ni szponzorainkat v\u00e1rjuk szeretettel!\" \/>\n<meta property=\"og:url\" content=\"https:\/\/penzkultura.eletbiztositasicsucstalalkozo.hu\/en\/product\/lets-go-to-mdrt-dr-sanjay-tolani-workshop-szponzoroknak\/\" \/>\n<meta property=\"og:site_name\" content=\"P\u00e9nzKult\u00fara Alap\u00edtv\u00e1ny Budapesti \u00c9letbiztos\u00edt\u00e1si Cs\u00facstal\u00e1lkoz\u00f3\" \/>\n<meta property=\"article:modified_time\" content=\"2025-09-25T07:59:55+00:00\" \/>\n<meta property=\"og:image\" content=\"https:\/\/penzkultura.eletbiztositasicsucstalalkozo.hu\/wp-content\/uploads\/2025\/08\/Dr.-Sanjay-Tolani-1.jpg\" \/>\n\t<meta property=\"og:image:width\" content=\"1000\" \/>\n\t<meta property=\"og:image:height\" content=\"1000\" \/>\n\t<meta property=\"og:image:type\" content=\"image\/jpeg\" \/>\n<meta name=\"twitter:card\" content=\"summary_large_image\" \/>\n<meta name=\"twitter:label1\" content=\"Estimated reading time\" \/>\n\t<meta name=\"twitter:data1\" content=\"3 minutes\" \/>\n<script type=\"application\/ld+json\" class=\"yoast-schema-graph\">{\"@context\":\"https:\/\/schema.org\",\"@graph\":[{\"@type\":\"WebPage\",\"@id\":\"https:\/\/penzkultura.eletbiztositasicsucstalalkozo.hu\/termek\/lets-go-to-mdrt-dr-sanjay-tolani-workshop-szponzoroknak\/\",\"url\":\"https:\/\/penzkultura.eletbiztositasicsucstalalkozo.hu\/termek\/lets-go-to-mdrt-dr-sanjay-tolani-workshop-szponzoroknak\/\",\"name\":\"\\\"Let\u2019s go to MDRT!\\\" Dr. Sanjay Tolani workshop szponzoroknak - P\u00e9nzKult\u00fara Alap\u00edtv\u00e1ny Budapesti \u00c9letbiztos\u00edt\u00e1si Cs\u00facstal\u00e1lkoz\u00f3\",\"isPartOf\":{\"@id\":\"https:\/\/penzkultura.eletbiztositasicsucstalalkozo.hu\/#website\"},\"primaryImageOfPage\":{\"@id\":\"https:\/\/penzkultura.eletbiztositasicsucstalalkozo.hu\/termek\/lets-go-to-mdrt-dr-sanjay-tolani-workshop-szponzoroknak\/#primaryimage\"},\"image\":{\"@id\":\"https:\/\/penzkultura.eletbiztositasicsucstalalkozo.hu\/termek\/lets-go-to-mdrt-dr-sanjay-tolani-workshop-szponzoroknak\/#primaryimage\"},\"thumbnailUrl\":\"https:\/\/penzkultura.eletbiztositasicsucstalalkozo.hu\/wp-content\/uploads\/2025\/08\/Dr.-Sanjay-Tolani-1.jpg\",\"datePublished\":\"2025-08-08T11:51:41+00:00\",\"dateModified\":\"2025-09-25T07:59:55+00:00\",\"breadcrumb\":{\"@id\":\"https:\/\/penzkultura.eletbiztositasicsucstalalkozo.hu\/termek\/lets-go-to-mdrt-dr-sanjay-tolani-workshop-szponzoroknak\/#breadcrumb\"},\"inLanguage\":\"en-GB\",\"potentialAction\":[{\"@type\":\"ReadAction\",\"target\":[\"https:\/\/penzkultura.eletbiztositasicsucstalalkozo.hu\/termek\/lets-go-to-mdrt-dr-sanjay-tolani-workshop-szponzoroknak\/\"]}]},{\"@type\":\"ImageObject\",\"inLanguage\":\"en-GB\",\"@id\":\"https:\/\/penzkultura.eletbiztositasicsucstalalkozo.hu\/termek\/lets-go-to-mdrt-dr-sanjay-tolani-workshop-szponzoroknak\/#primaryimage\",\"url\":\"https:\/\/penzkultura.eletbiztositasicsucstalalkozo.hu\/wp-content\/uploads\/2025\/08\/Dr.-Sanjay-Tolani-1.jpg\",\"contentUrl\":\"https:\/\/penzkultura.eletbiztositasicsucstalalkozo.hu\/wp-content\/uploads\/2025\/08\/Dr.-Sanjay-Tolani-1.jpg\",\"width\":1000,\"height\":1000},{\"@type\":\"BreadcrumbList\",\"@id\":\"https:\/\/penzkultura.eletbiztositasicsucstalalkozo.hu\/termek\/lets-go-to-mdrt-dr-sanjay-tolani-workshop-szponzoroknak\/#breadcrumb\",\"itemListElement\":[{\"@type\":\"ListItem\",\"position\":1,\"name\":\"Kezd\u0151lap\",\"item\":\"https:\/\/penzkultura.eletbiztositasicsucstalalkozo.hu\/\"},{\"@type\":\"ListItem\",\"position\":2,\"name\":\"\u00dczlet\",\"item\":\"https:\/\/penzkultura.eletbiztositasicsucstalalkozo.hu\/?page_id=759\"},{\"@type\":\"ListItem\",\"position\":3,\"name\":\"&#8222;Let\u2019s go to MDRT!&#8221; Dr. Sanjay Tolani workshop szponzoroknak\"}]},{\"@type\":\"WebSite\",\"@id\":\"https:\/\/penzkultura.eletbiztositasicsucstalalkozo.hu\/#website\",\"url\":\"https:\/\/penzkultura.eletbiztositasicsucstalalkozo.hu\/\",\"name\":\"P\u00e9nzKult\u00fara Alap\u00edtv\u00e1ny Budapesti \u00c9letbiztos\u00edt\u00e1si Cs\u00facstal\u00e1lkoz\u00f3\",\"description\":\"VII. Budapesti \u00c9letbiztos\u00edt\u00e1si Cs\u00facstal\u00e1lkoz\u00f3 - Balatonf\u00fcred\",\"publisher\":{\"@id\":\"https:\/\/penzkultura.eletbiztositasicsucstalalkozo.hu\/#organization\"},\"potentialAction\":[{\"@type\":\"SearchAction\",\"target\":{\"@type\":\"EntryPoint\",\"urlTemplate\":\"https:\/\/penzkultura.eletbiztositasicsucstalalkozo.hu\/?s={search_term_string}\"},\"query-input\":{\"@type\":\"PropertyValueSpecification\",\"valueRequired\":true,\"valueName\":\"search_term_string\"}}],\"inLanguage\":\"en-GB\"},{\"@type\":\"Organization\",\"@id\":\"https:\/\/penzkultura.eletbiztositasicsucstalalkozo.hu\/#organization\",\"name\":\"P\u00e9nzKult\u00fara Alap\u00edtv\u00e1ny Budapesti \u00c9letbiztos\u00edt\u00e1si Cs\u00facstal\u00e1lkoz\u00f3\",\"url\":\"https:\/\/penzkultura.eletbiztositasicsucstalalkozo.hu\/\",\"logo\":{\"@type\":\"ImageObject\",\"inLanguage\":\"en-GB\",\"@id\":\"https:\/\/penzkultura.eletbiztositasicsucstalalkozo.hu\/#\/schema\/logo\/image\/\",\"url\":\"https:\/\/penzkultura.eletbiztositasicsucstalalkozo.hu\/wp-content\/uploads\/2025\/07\/BECs.png\",\"contentUrl\":\"https:\/\/penzkultura.eletbiztositasicsucstalalkozo.hu\/wp-content\/uploads\/2025\/07\/BECs.png\",\"width\":1406,\"height\":656,\"caption\":\"P\u00e9nzKult\u00fara Alap\u00edtv\u00e1ny Budapesti \u00c9letbiztos\u00edt\u00e1si Cs\u00facstal\u00e1lkoz\u00f3\"},\"image\":{\"@id\":\"https:\/\/penzkultura.eletbiztositasicsucstalalkozo.hu\/#\/schema\/logo\/image\/\"}}]}<\/script>\n<!-- \/ Yoast SEO plugin. -->","yoast_head_json":{"title":"\"Let\u2019s go to MDRT!\" Dr. Sanjay Tolani workshop szponzoroknak - P\u00e9nzKult\u00fara Alap\u00edtv\u00e1ny Budapesti \u00c9letbiztos\u00edt\u00e1si Cs\u00facstal\u00e1lkoz\u00f3","robots":{"index":"index","follow":"follow","max-snippet":"max-snippet:-1","max-image-preview":"max-image-preview:large","max-video-preview":"max-video-preview:-1"},"canonical":"https:\/\/penzkultura.eletbiztositasicsucstalalkozo.hu\/en\/product\/lets-go-to-mdrt-dr-sanjay-tolani-workshop-szponzoroknak\/","og_locale":"en_GB","og_type":"article","og_title":"\"Let\u2019s go to MDRT!\" Dr. Sanjay Tolani workshop szponzoroknak - P\u00e9nzKult\u00fara Alap\u00edtv\u00e1ny Budapesti \u00c9letbiztos\u00edt\u00e1si Cs\u00facstal\u00e1lkoz\u00f3","og_description":"Dr. Sanjay Tolani el\u0151ad\u00e1sa   13:30 \u2013 15:00 Anna Grand Hotel*****  Sz\u00f3rakoztat\u00f3, k\u00f6nnyed, azonnal megjegyezhet\u0151 gyakorlati workshopra v\u00e1rja a sikerre v\u00e1gy\u00f3kat!  Egy\u00e9ni szponzorainkat v\u00e1rjuk szeretettel!","og_url":"https:\/\/penzkultura.eletbiztositasicsucstalalkozo.hu\/en\/product\/lets-go-to-mdrt-dr-sanjay-tolani-workshop-szponzoroknak\/","og_site_name":"P\u00e9nzKult\u00fara Alap\u00edtv\u00e1ny Budapesti \u00c9letbiztos\u00edt\u00e1si Cs\u00facstal\u00e1lkoz\u00f3","article_modified_time":"2025-09-25T07:59:55+00:00","og_image":[{"width":1000,"height":1000,"url":"https:\/\/penzkultura.eletbiztositasicsucstalalkozo.hu\/wp-content\/uploads\/2025\/08\/Dr.-Sanjay-Tolani-1.jpg","type":"image\/jpeg"}],"twitter_card":"summary_large_image","twitter_misc":{"Estimated reading time":"3 minutes"},"schema":{"@context":"https:\/\/schema.org","@graph":[{"@type":"WebPage","@id":"https:\/\/penzkultura.eletbiztositasicsucstalalkozo.hu\/termek\/lets-go-to-mdrt-dr-sanjay-tolani-workshop-szponzoroknak\/","url":"https:\/\/penzkultura.eletbiztositasicsucstalalkozo.hu\/termek\/lets-go-to-mdrt-dr-sanjay-tolani-workshop-szponzoroknak\/","name":"\"Let\u2019s go to MDRT!\" Dr. Sanjay Tolani workshop szponzoroknak - P\u00e9nzKult\u00fara Alap\u00edtv\u00e1ny Budapesti \u00c9letbiztos\u00edt\u00e1si Cs\u00facstal\u00e1lkoz\u00f3","isPartOf":{"@id":"https:\/\/penzkultura.eletbiztositasicsucstalalkozo.hu\/#website"},"primaryImageOfPage":{"@id":"https:\/\/penzkultura.eletbiztositasicsucstalalkozo.hu\/termek\/lets-go-to-mdrt-dr-sanjay-tolani-workshop-szponzoroknak\/#primaryimage"},"image":{"@id":"https:\/\/penzkultura.eletbiztositasicsucstalalkozo.hu\/termek\/lets-go-to-mdrt-dr-sanjay-tolani-workshop-szponzoroknak\/#primaryimage"},"thumbnailUrl":"https:\/\/penzkultura.eletbiztositasicsucstalalkozo.hu\/wp-content\/uploads\/2025\/08\/Dr.-Sanjay-Tolani-1.jpg","datePublished":"2025-08-08T11:51:41+00:00","dateModified":"2025-09-25T07:59:55+00:00","breadcrumb":{"@id":"https:\/\/penzkultura.eletbiztositasicsucstalalkozo.hu\/termek\/lets-go-to-mdrt-dr-sanjay-tolani-workshop-szponzoroknak\/#breadcrumb"},"inLanguage":"en-GB","potentialAction":[{"@type":"ReadAction","target":["https:\/\/penzkultura.eletbiztositasicsucstalalkozo.hu\/termek\/lets-go-to-mdrt-dr-sanjay-tolani-workshop-szponzoroknak\/"]}]},{"@type":"ImageObject","inLanguage":"en-GB","@id":"https:\/\/penzkultura.eletbiztositasicsucstalalkozo.hu\/termek\/lets-go-to-mdrt-dr-sanjay-tolani-workshop-szponzoroknak\/#primaryimage","url":"https:\/\/penzkultura.eletbiztositasicsucstalalkozo.hu\/wp-content\/uploads\/2025\/08\/Dr.-Sanjay-Tolani-1.jpg","contentUrl":"https:\/\/penzkultura.eletbiztositasicsucstalalkozo.hu\/wp-content\/uploads\/2025\/08\/Dr.-Sanjay-Tolani-1.jpg","width":1000,"height":1000},{"@type":"BreadcrumbList","@id":"https:\/\/penzkultura.eletbiztositasicsucstalalkozo.hu\/termek\/lets-go-to-mdrt-dr-sanjay-tolani-workshop-szponzoroknak\/#breadcrumb","itemListElement":[{"@type":"ListItem","position":1,"name":"Kezd\u0151lap","item":"https:\/\/penzkultura.eletbiztositasicsucstalalkozo.hu\/"},{"@type":"ListItem","position":2,"name":"\u00dczlet","item":"https:\/\/penzkultura.eletbiztositasicsucstalalkozo.hu\/?page_id=759"},{"@type":"ListItem","position":3,"name":"&#8222;Let\u2019s go to MDRT!&#8221; Dr. Sanjay Tolani workshop szponzoroknak"}]},{"@type":"WebSite","@id":"https:\/\/penzkultura.eletbiztositasicsucstalalkozo.hu\/#website","url":"https:\/\/penzkultura.eletbiztositasicsucstalalkozo.hu\/","name":"P\u00e9nzKult\u00fara Alap\u00edtv\u00e1ny Budapesti \u00c9letbiztos\u00edt\u00e1si Cs\u00facstal\u00e1lkoz\u00f3","description":"VII. Budapesti \u00c9letbiztos\u00edt\u00e1si Cs\u00facstal\u00e1lkoz\u00f3 - Balatonf\u00fcred","publisher":{"@id":"https:\/\/penzkultura.eletbiztositasicsucstalalkozo.hu\/#organization"},"potentialAction":[{"@type":"SearchAction","target":{"@type":"EntryPoint","urlTemplate":"https:\/\/penzkultura.eletbiztositasicsucstalalkozo.hu\/?s={search_term_string}"},"query-input":{"@type":"PropertyValueSpecification","valueRequired":true,"valueName":"search_term_string"}}],"inLanguage":"en-GB"},{"@type":"Organization","@id":"https:\/\/penzkultura.eletbiztositasicsucstalalkozo.hu\/#organization","name":"P\u00e9nzKult\u00fara Alap\u00edtv\u00e1ny Budapesti \u00c9letbiztos\u00edt\u00e1si Cs\u00facstal\u00e1lkoz\u00f3","url":"https:\/\/penzkultura.eletbiztositasicsucstalalkozo.hu\/","logo":{"@type":"ImageObject","inLanguage":"en-GB","@id":"https:\/\/penzkultura.eletbiztositasicsucstalalkozo.hu\/#\/schema\/logo\/image\/","url":"https:\/\/penzkultura.eletbiztositasicsucstalalkozo.hu\/wp-content\/uploads\/2025\/07\/BECs.png","contentUrl":"https:\/\/penzkultura.eletbiztositasicsucstalalkozo.hu\/wp-content\/uploads\/2025\/07\/BECs.png","width":1406,"height":656,"caption":"P\u00e9nzKult\u00fara Alap\u00edtv\u00e1ny Budapesti \u00c9letbiztos\u00edt\u00e1si Cs\u00facstal\u00e1lkoz\u00f3"},"image":{"@id":"https:\/\/penzkultura.eletbiztositasicsucstalalkozo.hu\/#\/schema\/logo\/image\/"}}]}},"_links":{"self":[{"href":"https:\/\/penzkultura.eletbiztositasicsucstalalkozo.hu\/en\/wp-json\/wp\/v2\/product\/3718","targetHints":{"allow":["GET"]}}],"collection":[{"href":"https:\/\/penzkultura.eletbiztositasicsucstalalkozo.hu\/en\/wp-json\/wp\/v2\/product"}],"about":[{"href":"https:\/\/penzkultura.eletbiztositasicsucstalalkozo.hu\/en\/wp-json\/wp\/v2\/types\/product"}],"version-history":[{"count":1,"href":"https:\/\/penzkultura.eletbiztositasicsucstalalkozo.hu\/en\/wp-json\/wp\/v2\/product\/3718\/revisions"}],"predecessor-version":[{"id":3719,"href":"https:\/\/penzkultura.eletbiztositasicsucstalalkozo.hu\/en\/wp-json\/wp\/v2\/product\/3718\/revisions\/3719"}],"wp:featuredmedia":[{"embeddable":true,"href":"https:\/\/penzkultura.eletbiztositasicsucstalalkozo.hu\/en\/wp-json\/wp\/v2\/media\/4377"}],"wp:attachment":[{"href":"https:\/\/penzkultura.eletbiztositasicsucstalalkozo.hu\/en\/wp-json\/wp\/v2\/media?parent=3718"}],"wp:term":[{"taxonomy":"product_brand","embeddable":true,"href":"https:\/\/penzkultura.eletbiztositasicsucstalalkozo.hu\/en\/wp-json\/wp\/v2\/product_brand?post=3718"},{"taxonomy":"product_cat","embeddable":true,"href":"https:\/\/penzkultura.eletbiztositasicsucstalalkozo.hu\/en\/wp-json\/wp\/v2\/product_cat?post=3718"},{"taxonomy":"product_tag","embeddable":true,"href":"https:\/\/penzkultura.eletbiztositasicsucstalalkozo.hu\/en\/wp-json\/wp\/v2\/product_tag?post=3718"}],"curies":[{"name":"wp","href":"https:\/\/api.w.org\/{rel}","templated":true}]}}