{"id":3726,"date":"2025-08-08T13:56:19","date_gmt":"2025-08-08T11:56:19","guid":{"rendered":"https:\/\/penzkultura.eletbiztositasicsucstalalkozo.hu\/?post_type=product&#038;p=3726"},"modified":"2025-09-09T20:38:56","modified_gmt":"2025-09-09T18:38:56","slug":"lets-go-to-mdrt-solymar-attila-workshop-szponzoroknak","status":"publish","type":"product","link":"https:\/\/penzkultura.eletbiztositasicsucstalalkozo.hu\/en\/product\/lets-go-to-mdrt-solymar-attila-workshop-szponzoroknak\/","title":{"rendered":"&#8222;Let\u2019s go to MDRT!&#8221; Solym\u00e1r Attila workshop szponzoroknak"},"content":{"rendered":"<div>\n<blockquote>\n<div class=\"adL\">\n<div class=\"im\">\n<div>\n<div>\n<div>\n<h4>A recognized figure in the international life insurance profession<\/h4>\n<p>Attila is a prominent and recognized figure in the international life insurance industry, committed to raising the professional standards of life insurance in Hungary. He is the founder and professional creator of the Budapest Life Insurance Summit, and the initiator, organizer and director of the wide-ranging domestic introduction of MDRT (Million Dollar Round Table).<\/p>\n<p>He learned his professional skills from the world's most renowned masters, including Tony Gordon, Jim Ruta, Norm Trainor and Van Miller, who were his constant personal mentors. He began his career in 1999 as an insurance consultant, and in 2001 he founded his own consulting firm, which he has personally managed ever since.<\/p>\n<p>Based on the available data, it built the largest individual life insurance client base in Hungary in the following two decades, with 24 MDRT, 18 COT and 9 TOT certifications, and as a result, MDRT (Million Dollar Round Table) lifetime membership.<\/p>\n<p>Between 2008 and 2013, he was one of the largest shareholders and then a member of the supervisory board of CIG Pann\u00f3nia \u2013 the only Hungarian-owned insurance company founded in Hungary. From 2010, he was the official representative of MDRT in Hungary for three years, and later became its international ambassador.<\/p>\n<p><strong>Social responsibility and charity<\/strong><\/p>\n<p>He is the founder, curator and patron of the Money &amp; Culture Foundation, which supports needy families with children who have lost their breadwinner without insurance coverage. The organization's charitable activities are joined by numerous Hungarian insurance companies and world-renowned international life insurance speakers every year, especially in the framework of the Budapest Life Insurance Summit.<\/p>\n<p>Ez a rangos nemzetk\u00f6zi esem\u00e9ny\u00a02014 \u00e9s 2019\u00a0k\u00f6z\u00f6tt \u00e9vente megrendezett konferenciasorozatk\u00e9nt m\u0171k\u00f6d\u00f6tt Budapesten, \u00e9s\u00a0n\u00e9gy\u00a0\u00e9v sz\u00fcnet ut\u00e1n 2025-t\u0151l\u00a0\u00fajraindul, ez\u00fattal\u00a0Balatonf\u00fcreden,\u00a0\u00e9ves kongresszusk\u00e9nt. A rendezv\u00e9ny c\u00e9lja nem csup\u00e1n a szakmai fejl\u0151d\u00e9s el\u0151seg\u00edt\u00e9se, hanem az \u00e9letbiztos\u00edt\u00e1si ipar\u00e1g sztenderdjeinek emel\u00e9se is.<\/p>\n<p>Since 2014, more than 3,000 life insurance advisors have attended the Budapest Life Insurance Summit, where they learned from 30 globally recognized experts.<\/p>\n<h4>International presence<\/h4>\n<p>The Money &amp; Culture Foundation was also active on a global level between 2017 and 2019: it supported the promotion of the importance of life insurance and organized and supported nonprofit events not only in Hungary, but also in Eastern and Southern Europe and the Middle East.<\/p>\n<p>Attila has been invited as a professional speaker on several occasions to the following countries: Poland, Cyprus, Hong Kong, Malaysia, Macau, United Arab Emirates (Dubai), China, Taiwan and Lebanon.<\/p>\n<p>The Congress will hold a workshop on the second day, for which you can register in advance.<\/p>\n<\/div>\n<\/div>\n<\/div>\n<\/div>\n<\/div>\n<\/blockquote>\n<\/div>\n<div class=\"adL\"><\/div>","protected":false},"excerpt":{"rendered":"<div class=\"elementor-element elementor-element-ed79c92 elementor-widget elementor-widget-heading\" data-id=\"ed79c92\" data-element_type=\"widget\" data-widget_type=\"heading.default\">\n<div class=\"elementor-widget-container\">\n<div class=\"elementor-widget-container\"><strong>Solym\u00e1r Attila el\u0151ad\u00e1sa<\/strong><\/div>\n<\/div>\n<\/div>\n<div>12:00 \u2013 13:30<\/div>\n<div>Anna Grand Hotel*****<\/div>\n<div><\/div>\n<div>Egy\u00e9ni szponzorainkat v\u00e1rjuk szeretettel!<\/div>\n<div><\/div>\n<div class=\"elementor-element elementor-element-ed79c92 elementor-widget elementor-widget-heading\" data-id=\"ed79c92\" data-element_type=\"widget\" data-widget_type=\"heading.default\">\n<div class=\"elementor-widget-container\">\n<div class=\"elementor-widget-container\"><\/div>\n<\/div>\n<\/div>","protected":false},"featured_media":3465,"template":"","meta":[],"product_brand":[],"product_cat":[34],"product_tag":[37],"class_list":{"0":"post-3726","1":"product","2":"type-product","3":"status-publish","4":"has-post-thumbnail","6":"product_cat-egyeni-jegyek","7":"product_tag-lets-go-to-mdrt","9":"first","10":"instock","11":"downloadable","12":"sold-individually","13":"shipping-taxable","14":"purchasable","15":"product-type-simple"},"yoast_head":"<!-- This site is optimized with the Yoast SEO plugin v25.7 - https:\/\/yoast.com\/wordpress\/plugins\/seo\/ -->\n<title>&quot;Let\u2019s go to MDRT!&quot; Solym\u00e1r Attila workshop szponzoroknak - P\u00e9nzKult\u00fara Alap\u00edtv\u00e1ny Budapesti \u00c9letbiztos\u00edt\u00e1si Cs\u00facstal\u00e1lkoz\u00f3<\/title>\n<meta name=\"description\" content=\"Nemzetk\u00f6zi el\u0151ad\u00f3k\u00e9nt Svetlana szakmai tapasztalatait konferenci\u00e1kon \u00e9s rendezv\u00e9nyeken osztja meg szerte a vil\u00e1gon. Szil\u00e1rdan hiszi, hogy a siker kulcsa az egyetemes alapelvekben rejlik - a pozit\u00edv gondolkod\u00e1sm\u00f3d, a k\u00f6vetkezetess\u00e9g \u00e9s a fegyelmezett cselekv\u00e9s fenntart\u00e1s\u00e1ban.MDRT el\u0151ad\u00f3, a Budapesti \u00c9letbiztos\u00edt\u00e1si Cs\u00facstal\u00e1lkoz\u00f3 (Budapest Life Insurance Summit) alap\u00edt\u00f3ja \u00e9s szakmai megalkot\u00f3ja, valamint az MDRT sz\u00e9les k\u00f6r\u0171 hazai megismertet\u00e9s\u00e9nek kezdem\u00e9nyez\u0151je, szervez\u0151je, \u00e9s rendez\u0151je. 24 MDRT, 18 COT \u00e9s 9 TOT min\u0151s\u00edt\u00e9ssel az MDRT \u00f6r\u00f6k\u00f6s tagja.\" \/>\n<meta name=\"robots\" content=\"index, follow, max-snippet:-1, max-image-preview:large, max-video-preview:-1\" \/>\n<link rel=\"canonical\" href=\"https:\/\/penzkultura.eletbiztositasicsucstalalkozo.hu\/en\/product\/lets-go-to-mdrt-solymar-attila-workshop-szponzoroknak\/\" \/>\n<meta property=\"og:locale\" content=\"en_GB\" \/>\n<meta property=\"og:type\" content=\"article\" \/>\n<meta property=\"og:title\" content=\"&quot;Let\u2019s go to MDRT!&quot; Solym\u00e1r Attila workshop szponzoroknak - P\u00e9nzKult\u00fara Alap\u00edtv\u00e1ny Budapesti \u00c9letbiztos\u00edt\u00e1si Cs\u00facstal\u00e1lkoz\u00f3\" \/>\n<meta property=\"og:description\" content=\"Nemzetk\u00f6zi el\u0151ad\u00f3k\u00e9nt Svetlana szakmai tapasztalatait konferenci\u00e1kon \u00e9s rendezv\u00e9nyeken osztja meg szerte a vil\u00e1gon. Szil\u00e1rdan hiszi, hogy a siker kulcsa az egyetemes alapelvekben rejlik - a pozit\u00edv gondolkod\u00e1sm\u00f3d, a k\u00f6vetkezetess\u00e9g \u00e9s a fegyelmezett cselekv\u00e9s fenntart\u00e1s\u00e1ban.MDRT el\u0151ad\u00f3, a Budapesti \u00c9letbiztos\u00edt\u00e1si Cs\u00facstal\u00e1lkoz\u00f3 (Budapest Life Insurance Summit) alap\u00edt\u00f3ja \u00e9s szakmai megalkot\u00f3ja, valamint az MDRT sz\u00e9les k\u00f6r\u0171 hazai megismertet\u00e9s\u00e9nek kezdem\u00e9nyez\u0151je, szervez\u0151je, \u00e9s rendez\u0151je. 24 MDRT, 18 COT \u00e9s 9 TOT min\u0151s\u00edt\u00e9ssel az MDRT \u00f6r\u00f6k\u00f6s tagja.\" \/>\n<meta property=\"og:url\" content=\"https:\/\/penzkultura.eletbiztositasicsucstalalkozo.hu\/en\/product\/lets-go-to-mdrt-solymar-attila-workshop-szponzoroknak\/\" \/>\n<meta property=\"og:site_name\" content=\"P\u00e9nzKult\u00fara Alap\u00edtv\u00e1ny Budapesti \u00c9letbiztos\u00edt\u00e1si Cs\u00facstal\u00e1lkoz\u00f3\" \/>\n<meta property=\"article:modified_time\" content=\"2025-09-09T18:38:56+00:00\" \/>\n<meta property=\"og:image\" content=\"https:\/\/penzkultura.eletbiztositasicsucstalalkozo.hu\/wp-content\/uploads\/2025\/08\/Solymar-Attila.png\" \/>\n\t<meta property=\"og:image:width\" content=\"1000\" \/>\n\t<meta property=\"og:image:height\" content=\"1000\" \/>\n\t<meta property=\"og:image:type\" content=\"image\/png\" \/>\n<meta name=\"twitter:card\" content=\"summary_large_image\" \/>\n<meta name=\"twitter:label1\" content=\"Estimated reading time\" \/>\n\t<meta name=\"twitter:data1\" content=\"1 minute\" \/>\n<script type=\"application\/ld+json\" class=\"yoast-schema-graph\">{\"@context\":\"https:\/\/schema.org\",\"@graph\":[{\"@type\":\"WebPage\",\"@id\":\"https:\/\/penzkultura.eletbiztositasicsucstalalkozo.hu\/termek\/lets-go-to-mdrt-solymar-attila-workshop-szponzoroknak\/\",\"url\":\"https:\/\/penzkultura.eletbiztositasicsucstalalkozo.hu\/termek\/lets-go-to-mdrt-solymar-attila-workshop-szponzoroknak\/\",\"name\":\"\\\"Let\u2019s go to MDRT!\\\" Solym\u00e1r Attila workshop szponzoroknak - P\u00e9nzKult\u00fara Alap\u00edtv\u00e1ny Budapesti \u00c9letbiztos\u00edt\u00e1si Cs\u00facstal\u00e1lkoz\u00f3\",\"isPartOf\":{\"@id\":\"https:\/\/penzkultura.eletbiztositasicsucstalalkozo.hu\/#website\"},\"primaryImageOfPage\":{\"@id\":\"https:\/\/penzkultura.eletbiztositasicsucstalalkozo.hu\/termek\/lets-go-to-mdrt-solymar-attila-workshop-szponzoroknak\/#primaryimage\"},\"image\":{\"@id\":\"https:\/\/penzkultura.eletbiztositasicsucstalalkozo.hu\/termek\/lets-go-to-mdrt-solymar-attila-workshop-szponzoroknak\/#primaryimage\"},\"thumbnailUrl\":\"https:\/\/penzkultura.eletbiztositasicsucstalalkozo.hu\/wp-content\/uploads\/2025\/08\/Solymar-Attila.png\",\"datePublished\":\"2025-08-08T11:56:19+00:00\",\"dateModified\":\"2025-09-09T18:38:56+00:00\",\"description\":\"Nemzetk\u00f6zi el\u0151ad\u00f3k\u00e9nt Svetlana szakmai tapasztalatait konferenci\u00e1kon \u00e9s rendezv\u00e9nyeken osztja meg szerte a vil\u00e1gon. Szil\u00e1rdan hiszi, hogy a siker kulcsa az egyetemes alapelvekben rejlik - a pozit\u00edv gondolkod\u00e1sm\u00f3d, a k\u00f6vetkezetess\u00e9g \u00e9s a fegyelmezett cselekv\u00e9s fenntart\u00e1s\u00e1ban.MDRT el\u0151ad\u00f3, a Budapesti \u00c9letbiztos\u00edt\u00e1si Cs\u00facstal\u00e1lkoz\u00f3 (Budapest Life Insurance Summit) alap\u00edt\u00f3ja \u00e9s szakmai megalkot\u00f3ja, valamint az MDRT sz\u00e9les k\u00f6r\u0171 hazai megismertet\u00e9s\u00e9nek kezdem\u00e9nyez\u0151je, szervez\u0151je, \u00e9s rendez\u0151je. 24 MDRT, 18 COT \u00e9s 9 TOT min\u0151s\u00edt\u00e9ssel az MDRT \u00f6r\u00f6k\u00f6s tagja.\",\"breadcrumb\":{\"@id\":\"https:\/\/penzkultura.eletbiztositasicsucstalalkozo.hu\/termek\/lets-go-to-mdrt-solymar-attila-workshop-szponzoroknak\/#breadcrumb\"},\"inLanguage\":\"en-GB\",\"potentialAction\":[{\"@type\":\"ReadAction\",\"target\":[\"https:\/\/penzkultura.eletbiztositasicsucstalalkozo.hu\/termek\/lets-go-to-mdrt-solymar-attila-workshop-szponzoroknak\/\"]}]},{\"@type\":\"ImageObject\",\"inLanguage\":\"en-GB\",\"@id\":\"https:\/\/penzkultura.eletbiztositasicsucstalalkozo.hu\/termek\/lets-go-to-mdrt-solymar-attila-workshop-szponzoroknak\/#primaryimage\",\"url\":\"https:\/\/penzkultura.eletbiztositasicsucstalalkozo.hu\/wp-content\/uploads\/2025\/08\/Solymar-Attila.png\",\"contentUrl\":\"https:\/\/penzkultura.eletbiztositasicsucstalalkozo.hu\/wp-content\/uploads\/2025\/08\/Solymar-Attila.png\",\"width\":1000,\"height\":1000,\"caption\":\"Solym\u00e1r Attila\"},{\"@type\":\"BreadcrumbList\",\"@id\":\"https:\/\/penzkultura.eletbiztositasicsucstalalkozo.hu\/termek\/lets-go-to-mdrt-solymar-attila-workshop-szponzoroknak\/#breadcrumb\",\"itemListElement\":[{\"@type\":\"ListItem\",\"position\":1,\"name\":\"Kezd\u0151lap\",\"item\":\"https:\/\/penzkultura.eletbiztositasicsucstalalkozo.hu\/\"},{\"@type\":\"ListItem\",\"position\":2,\"name\":\"\u00dczlet\",\"item\":\"https:\/\/penzkultura.eletbiztositasicsucstalalkozo.hu\/?page_id=759\"},{\"@type\":\"ListItem\",\"position\":3,\"name\":\"&#8222;Let\u2019s go to MDRT!&#8221; Solym\u00e1r Attila workshop szponzoroknak\"}]},{\"@type\":\"WebSite\",\"@id\":\"https:\/\/penzkultura.eletbiztositasicsucstalalkozo.hu\/#website\",\"url\":\"https:\/\/penzkultura.eletbiztositasicsucstalalkozo.hu\/\",\"name\":\"P\u00e9nzKult\u00fara Alap\u00edtv\u00e1ny Budapesti \u00c9letbiztos\u00edt\u00e1si Cs\u00facstal\u00e1lkoz\u00f3\",\"description\":\"VII. Budapesti \u00c9letbiztos\u00edt\u00e1si Cs\u00facstal\u00e1lkoz\u00f3 - Balatonf\u00fcred\",\"publisher\":{\"@id\":\"https:\/\/penzkultura.eletbiztositasicsucstalalkozo.hu\/#organization\"},\"potentialAction\":[{\"@type\":\"SearchAction\",\"target\":{\"@type\":\"EntryPoint\",\"urlTemplate\":\"https:\/\/penzkultura.eletbiztositasicsucstalalkozo.hu\/?s={search_term_string}\"},\"query-input\":{\"@type\":\"PropertyValueSpecification\",\"valueRequired\":true,\"valueName\":\"search_term_string\"}}],\"inLanguage\":\"en-GB\"},{\"@type\":\"Organization\",\"@id\":\"https:\/\/penzkultura.eletbiztositasicsucstalalkozo.hu\/#organization\",\"name\":\"P\u00e9nzKult\u00fara Alap\u00edtv\u00e1ny Budapesti \u00c9letbiztos\u00edt\u00e1si Cs\u00facstal\u00e1lkoz\u00f3\",\"url\":\"https:\/\/penzkultura.eletbiztositasicsucstalalkozo.hu\/\",\"logo\":{\"@type\":\"ImageObject\",\"inLanguage\":\"en-GB\",\"@id\":\"https:\/\/penzkultura.eletbiztositasicsucstalalkozo.hu\/#\/schema\/logo\/image\/\",\"url\":\"https:\/\/penzkultura.eletbiztositasicsucstalalkozo.hu\/wp-content\/uploads\/2025\/07\/BECs.png\",\"contentUrl\":\"https:\/\/penzkultura.eletbiztositasicsucstalalkozo.hu\/wp-content\/uploads\/2025\/07\/BECs.png\",\"width\":1406,\"height\":656,\"caption\":\"P\u00e9nzKult\u00fara Alap\u00edtv\u00e1ny Budapesti \u00c9letbiztos\u00edt\u00e1si Cs\u00facstal\u00e1lkoz\u00f3\"},\"image\":{\"@id\":\"https:\/\/penzkultura.eletbiztositasicsucstalalkozo.hu\/#\/schema\/logo\/image\/\"}}]}<\/script>\n<!-- \/ Yoast SEO plugin. -->","yoast_head_json":{"title":"\"Let\u2019s go to MDRT!\" Solym\u00e1r Attila workshop szponzoroknak - P\u00e9nzKult\u00fara Alap\u00edtv\u00e1ny Budapesti \u00c9letbiztos\u00edt\u00e1si Cs\u00facstal\u00e1lkoz\u00f3","description":"Nemzetk\u00f6zi el\u0151ad\u00f3k\u00e9nt Svetlana szakmai tapasztalatait konferenci\u00e1kon \u00e9s rendezv\u00e9nyeken osztja meg szerte a vil\u00e1gon. Szil\u00e1rdan hiszi, hogy a siker kulcsa az egyetemes alapelvekben rejlik - a pozit\u00edv gondolkod\u00e1sm\u00f3d, a k\u00f6vetkezetess\u00e9g \u00e9s a fegyelmezett cselekv\u00e9s fenntart\u00e1s\u00e1ban.MDRT el\u0151ad\u00f3, a Budapesti \u00c9letbiztos\u00edt\u00e1si Cs\u00facstal\u00e1lkoz\u00f3 (Budapest Life Insurance Summit) alap\u00edt\u00f3ja \u00e9s szakmai megalkot\u00f3ja, valamint az MDRT sz\u00e9les k\u00f6r\u0171 hazai megismertet\u00e9s\u00e9nek kezdem\u00e9nyez\u0151je, szervez\u0151je, \u00e9s rendez\u0151je. 24 MDRT, 18 COT \u00e9s 9 TOT min\u0151s\u00edt\u00e9ssel az MDRT \u00f6r\u00f6k\u00f6s tagja.","robots":{"index":"index","follow":"follow","max-snippet":"max-snippet:-1","max-image-preview":"max-image-preview:large","max-video-preview":"max-video-preview:-1"},"canonical":"https:\/\/penzkultura.eletbiztositasicsucstalalkozo.hu\/en\/product\/lets-go-to-mdrt-solymar-attila-workshop-szponzoroknak\/","og_locale":"en_GB","og_type":"article","og_title":"\"Let\u2019s go to MDRT!\" Solym\u00e1r Attila workshop szponzoroknak - P\u00e9nzKult\u00fara Alap\u00edtv\u00e1ny Budapesti \u00c9letbiztos\u00edt\u00e1si Cs\u00facstal\u00e1lkoz\u00f3","og_description":"Nemzetk\u00f6zi el\u0151ad\u00f3k\u00e9nt Svetlana szakmai tapasztalatait konferenci\u00e1kon \u00e9s rendezv\u00e9nyeken osztja meg szerte a vil\u00e1gon. Szil\u00e1rdan hiszi, hogy a siker kulcsa az egyetemes alapelvekben rejlik - a pozit\u00edv gondolkod\u00e1sm\u00f3d, a k\u00f6vetkezetess\u00e9g \u00e9s a fegyelmezett cselekv\u00e9s fenntart\u00e1s\u00e1ban.MDRT el\u0151ad\u00f3, a Budapesti \u00c9letbiztos\u00edt\u00e1si Cs\u00facstal\u00e1lkoz\u00f3 (Budapest Life Insurance Summit) alap\u00edt\u00f3ja \u00e9s szakmai megalkot\u00f3ja, valamint az MDRT sz\u00e9les k\u00f6r\u0171 hazai megismertet\u00e9s\u00e9nek kezdem\u00e9nyez\u0151je, szervez\u0151je, \u00e9s rendez\u0151je. 24 MDRT, 18 COT \u00e9s 9 TOT min\u0151s\u00edt\u00e9ssel az MDRT \u00f6r\u00f6k\u00f6s tagja.","og_url":"https:\/\/penzkultura.eletbiztositasicsucstalalkozo.hu\/en\/product\/lets-go-to-mdrt-solymar-attila-workshop-szponzoroknak\/","og_site_name":"P\u00e9nzKult\u00fara Alap\u00edtv\u00e1ny Budapesti \u00c9letbiztos\u00edt\u00e1si Cs\u00facstal\u00e1lkoz\u00f3","article_modified_time":"2025-09-09T18:38:56+00:00","og_image":[{"width":1000,"height":1000,"url":"https:\/\/penzkultura.eletbiztositasicsucstalalkozo.hu\/wp-content\/uploads\/2025\/08\/Solymar-Attila.png","type":"image\/png"}],"twitter_card":"summary_large_image","twitter_misc":{"Estimated reading time":"1 minute"},"schema":{"@context":"https:\/\/schema.org","@graph":[{"@type":"WebPage","@id":"https:\/\/penzkultura.eletbiztositasicsucstalalkozo.hu\/termek\/lets-go-to-mdrt-solymar-attila-workshop-szponzoroknak\/","url":"https:\/\/penzkultura.eletbiztositasicsucstalalkozo.hu\/termek\/lets-go-to-mdrt-solymar-attila-workshop-szponzoroknak\/","name":"\"Let\u2019s go to MDRT!\" Solym\u00e1r Attila workshop szponzoroknak - P\u00e9nzKult\u00fara Alap\u00edtv\u00e1ny Budapesti \u00c9letbiztos\u00edt\u00e1si Cs\u00facstal\u00e1lkoz\u00f3","isPartOf":{"@id":"https:\/\/penzkultura.eletbiztositasicsucstalalkozo.hu\/#website"},"primaryImageOfPage":{"@id":"https:\/\/penzkultura.eletbiztositasicsucstalalkozo.hu\/termek\/lets-go-to-mdrt-solymar-attila-workshop-szponzoroknak\/#primaryimage"},"image":{"@id":"https:\/\/penzkultura.eletbiztositasicsucstalalkozo.hu\/termek\/lets-go-to-mdrt-solymar-attila-workshop-szponzoroknak\/#primaryimage"},"thumbnailUrl":"https:\/\/penzkultura.eletbiztositasicsucstalalkozo.hu\/wp-content\/uploads\/2025\/08\/Solymar-Attila.png","datePublished":"2025-08-08T11:56:19+00:00","dateModified":"2025-09-09T18:38:56+00:00","description":"Nemzetk\u00f6zi el\u0151ad\u00f3k\u00e9nt Svetlana szakmai tapasztalatait konferenci\u00e1kon \u00e9s rendezv\u00e9nyeken osztja meg szerte a vil\u00e1gon. Szil\u00e1rdan hiszi, hogy a siker kulcsa az egyetemes alapelvekben rejlik - a pozit\u00edv gondolkod\u00e1sm\u00f3d, a k\u00f6vetkezetess\u00e9g \u00e9s a fegyelmezett cselekv\u00e9s fenntart\u00e1s\u00e1ban.MDRT el\u0151ad\u00f3, a Budapesti \u00c9letbiztos\u00edt\u00e1si Cs\u00facstal\u00e1lkoz\u00f3 (Budapest Life Insurance Summit) alap\u00edt\u00f3ja \u00e9s szakmai megalkot\u00f3ja, valamint az MDRT sz\u00e9les k\u00f6r\u0171 hazai megismertet\u00e9s\u00e9nek kezdem\u00e9nyez\u0151je, szervez\u0151je, \u00e9s rendez\u0151je. 24 MDRT, 18 COT \u00e9s 9 TOT min\u0151s\u00edt\u00e9ssel az MDRT \u00f6r\u00f6k\u00f6s tagja.","breadcrumb":{"@id":"https:\/\/penzkultura.eletbiztositasicsucstalalkozo.hu\/termek\/lets-go-to-mdrt-solymar-attila-workshop-szponzoroknak\/#breadcrumb"},"inLanguage":"en-GB","potentialAction":[{"@type":"ReadAction","target":["https:\/\/penzkultura.eletbiztositasicsucstalalkozo.hu\/termek\/lets-go-to-mdrt-solymar-attila-workshop-szponzoroknak\/"]}]},{"@type":"ImageObject","inLanguage":"en-GB","@id":"https:\/\/penzkultura.eletbiztositasicsucstalalkozo.hu\/termek\/lets-go-to-mdrt-solymar-attila-workshop-szponzoroknak\/#primaryimage","url":"https:\/\/penzkultura.eletbiztositasicsucstalalkozo.hu\/wp-content\/uploads\/2025\/08\/Solymar-Attila.png","contentUrl":"https:\/\/penzkultura.eletbiztositasicsucstalalkozo.hu\/wp-content\/uploads\/2025\/08\/Solymar-Attila.png","width":1000,"height":1000,"caption":"Solym\u00e1r Attila"},{"@type":"BreadcrumbList","@id":"https:\/\/penzkultura.eletbiztositasicsucstalalkozo.hu\/termek\/lets-go-to-mdrt-solymar-attila-workshop-szponzoroknak\/#breadcrumb","itemListElement":[{"@type":"ListItem","position":1,"name":"Kezd\u0151lap","item":"https:\/\/penzkultura.eletbiztositasicsucstalalkozo.hu\/"},{"@type":"ListItem","position":2,"name":"\u00dczlet","item":"https:\/\/penzkultura.eletbiztositasicsucstalalkozo.hu\/?page_id=759"},{"@type":"ListItem","position":3,"name":"&#8222;Let\u2019s go to MDRT!&#8221; Solym\u00e1r Attila workshop szponzoroknak"}]},{"@type":"WebSite","@id":"https:\/\/penzkultura.eletbiztositasicsucstalalkozo.hu\/#website","url":"https:\/\/penzkultura.eletbiztositasicsucstalalkozo.hu\/","name":"P\u00e9nzKult\u00fara Alap\u00edtv\u00e1ny Budapesti \u00c9letbiztos\u00edt\u00e1si Cs\u00facstal\u00e1lkoz\u00f3","description":"VII. Budapesti \u00c9letbiztos\u00edt\u00e1si Cs\u00facstal\u00e1lkoz\u00f3 - Balatonf\u00fcred","publisher":{"@id":"https:\/\/penzkultura.eletbiztositasicsucstalalkozo.hu\/#organization"},"potentialAction":[{"@type":"SearchAction","target":{"@type":"EntryPoint","urlTemplate":"https:\/\/penzkultura.eletbiztositasicsucstalalkozo.hu\/?s={search_term_string}"},"query-input":{"@type":"PropertyValueSpecification","valueRequired":true,"valueName":"search_term_string"}}],"inLanguage":"en-GB"},{"@type":"Organization","@id":"https:\/\/penzkultura.eletbiztositasicsucstalalkozo.hu\/#organization","name":"P\u00e9nzKult\u00fara Alap\u00edtv\u00e1ny Budapesti \u00c9letbiztos\u00edt\u00e1si Cs\u00facstal\u00e1lkoz\u00f3","url":"https:\/\/penzkultura.eletbiztositasicsucstalalkozo.hu\/","logo":{"@type":"ImageObject","inLanguage":"en-GB","@id":"https:\/\/penzkultura.eletbiztositasicsucstalalkozo.hu\/#\/schema\/logo\/image\/","url":"https:\/\/penzkultura.eletbiztositasicsucstalalkozo.hu\/wp-content\/uploads\/2025\/07\/BECs.png","contentUrl":"https:\/\/penzkultura.eletbiztositasicsucstalalkozo.hu\/wp-content\/uploads\/2025\/07\/BECs.png","width":1406,"height":656,"caption":"P\u00e9nzKult\u00fara Alap\u00edtv\u00e1ny Budapesti \u00c9letbiztos\u00edt\u00e1si Cs\u00facstal\u00e1lkoz\u00f3"},"image":{"@id":"https:\/\/penzkultura.eletbiztositasicsucstalalkozo.hu\/#\/schema\/logo\/image\/"}}]}},"_links":{"self":[{"href":"https:\/\/penzkultura.eletbiztositasicsucstalalkozo.hu\/en\/wp-json\/wp\/v2\/product\/3726","targetHints":{"allow":["GET"]}}],"collection":[{"href":"https:\/\/penzkultura.eletbiztositasicsucstalalkozo.hu\/en\/wp-json\/wp\/v2\/product"}],"about":[{"href":"https:\/\/penzkultura.eletbiztositasicsucstalalkozo.hu\/en\/wp-json\/wp\/v2\/types\/product"}],"version-history":[{"count":2,"href":"https:\/\/penzkultura.eletbiztositasicsucstalalkozo.hu\/en\/wp-json\/wp\/v2\/product\/3726\/revisions"}],"predecessor-version":[{"id":3733,"href":"https:\/\/penzkultura.eletbiztositasicsucstalalkozo.hu\/en\/wp-json\/wp\/v2\/product\/3726\/revisions\/3733"}],"wp:featuredmedia":[{"embeddable":true,"href":"https:\/\/penzkultura.eletbiztositasicsucstalalkozo.hu\/en\/wp-json\/wp\/v2\/media\/3465"}],"wp:attachment":[{"href":"https:\/\/penzkultura.eletbiztositasicsucstalalkozo.hu\/en\/wp-json\/wp\/v2\/media?parent=3726"}],"wp:term":[{"taxonomy":"product_brand","embeddable":true,"href":"https:\/\/penzkultura.eletbiztositasicsucstalalkozo.hu\/en\/wp-json\/wp\/v2\/product_brand?post=3726"},{"taxonomy":"product_cat","embeddable":true,"href":"https:\/\/penzkultura.eletbiztositasicsucstalalkozo.hu\/en\/wp-json\/wp\/v2\/product_cat?post=3726"},{"taxonomy":"product_tag","embeddable":true,"href":"https:\/\/penzkultura.eletbiztositasicsucstalalkozo.hu\/en\/wp-json\/wp\/v2\/product_tag?post=3726"}],"curies":[{"name":"wp","href":"https:\/\/api.w.org\/{rel}","templated":true}]}}